{"id":35507,"date":"2023-08-09T12:45:31","date_gmt":"2023-08-09T10:45:31","guid":{"rendered":"https:\/\/preprod.optimix-software.com\/fragen-und-herausforderungen-einer-gruenen-lieferkette-whitepaper\/"},"modified":"2025-02-20T14:56:52","modified_gmt":"2025-02-20T13:56:52","slug":"fragen-und-herausforderungen-einer-gruenen-lieferkette-whitepaper","status":"publish","type":"page","link":"https:\/\/preprod.optimix-software.com\/de\/fragen-und-herausforderungen-einer-gruenen-lieferkette-whitepaper\/","title":{"rendered":"Wei\u00dfbuch: Fragen und Herausforderungen einer gr\u00fcnen Lieferkette"},"content":{"rendered":"\t\t<div data-elementor-type=\"wp-page\" data-elementor-id=\"35507\" class=\"elementor elementor-35507 elementor-12864\" data-elementor-post-type=\"page\">\n\t\t\t\t<div class=\"elementor-element elementor-element-71ca8177 e-flex e-con-boxed e-con e-parent\" data-id=\"71ca8177\" data-element_type=\"container\">\n\t\t\t\t\t<div class=\"e-con-inner\">\n\t\t<div class=\"elementor-element elementor-element-4846d75a e-con-full e-flex e-con e-child\" data-id=\"4846d75a\" data-element_type=\"container\">\n\t\t<div class=\"elementor-element elementor-element-d34bfa5 e-flex e-con-boxed e-con e-child\" data-id=\"d34bfa5\" data-element_type=\"container\">\n\t\t\t\t\t<div class=\"e-con-inner\">\n\t\t\t\t<div class=\"elementor-element elementor-element-6537df2 elementor-widget elementor-widget-heading\" data-id=\"6537df2\" data-element_type=\"widget\" data-widget_type=\"heading.default\">\n\t\t\t\t<div class=\"elementor-widget-container\">\n\t\t\t\t\t<h2 class=\"elementor-heading-title elementor-size-default\">Wei\u00dfbuch: <br>Eine gr\u00fcnere und verantwortungsvollere Lieferkette !<\/h2>\t\t\t\t<\/div>\n\t\t\t\t<\/div>\n\t\t\t\t\t<\/div>\n\t\t\t\t<\/div>\n\t\t\t\t<div class=\"elementor-element elementor-element-b47d66f elementor-widget elementor-widget-heading\" data-id=\"b47d66f\" data-element_type=\"widget\" data-widget_type=\"heading.default\">\n\t\t\t\t<div class=\"elementor-widget-container\">\n\t\t\t\t\t<h2 class=\"elementor-heading-title elementor-size-default\">Herausforderungen &amp; Chancen<\/h2>\t\t\t\t<\/div>\n\t\t\t\t<\/div>\n\t\t\t\t<div class=\"elementor-element elementor-element-4834e77a elementor-widget elementor-widget-text-editor\" data-id=\"4834e77a\" data-element_type=\"widget\" data-widget_type=\"text-editor.default\">\n\t\t\t\t<div class=\"elementor-widget-container\">\n\t\t\t\t\t\t\t\t\t<p><span style=\"font-weight: 400;\">In einer Welt, in der die Bek\u00e4mpfung des Klimawandels zu einer globalen Priorit\u00e4t geworden ist, ist es f\u00fcr Unternehmen von entscheidender Bedeutung, die mit den Treibhausgasemissionen verbundenen Probleme zu verstehen und anzugehen.<\/span><\/p>\n<p><span style=\"font-weight: 400;\">Unser <strong>Whitepaper<\/strong> bietet eine eingehende Analyse der<strong> aktuellen \u00f6kologischen Herausforderungen<\/strong> und zeigt die wirtschaftlichen Chancen auf, die sich aus der Umsetzung einer nachhaltigeren Lieferkette ergeben.<\/span><\/p>\n<p>Durch einen nachhaltigen Entwicklungsansatz zielt die <strong>gr\u00fcne Logistik<\/strong> darauf ab, die Treibhausgasemissionen zu reduzieren.<\/p>\n\t\t\t\t\t\t\t\t<\/div>\n\t\t\t\t<\/div>\n\t\t\t\t<\/div>\n\t\t<div class=\"elementor-element elementor-element-c0c1650 e-flex e-con-boxed e-con e-child\" data-id=\"c0c1650\" data-element_type=\"container\" data-settings=\"{&quot;background_background&quot;:&quot;classic&quot;}\">\n\t\t\t\t\t<div class=\"e-con-inner\">\n\t\t\t\t<div class=\"elementor-element elementor-element-1a0262b elementor-widget elementor-widget-html\" data-id=\"1a0262b\" data-element_type=\"widget\" data-widget_type=\"html.default\">\n\t\t\t\t<div class=\"elementor-widget-container\">\n\t\t\t\t\t<script charset=\"utf-8\" type=\"text\/javascript\" src=\"\/\/js-eu1.hsforms.net\/forms\/embed\/v2.js\"><\/script>\n<script>\n  hbspt.forms.create({\n    region: \"eu1\",\n    portalId: \"144414462\",\n    formId: \"a5db95cc-6a3f-46e4-b10c-f1359312cf90\"\n  });\n<\/script>\n\t\t\t\t<\/div>\n\t\t\t\t<\/div>\n\t\t\t\t\t<\/div>\n\t\t\t\t<\/div>\n\t\t\t\t\t<\/div>\n\t\t\t\t<\/div>\n\t\t\t\t<\/div>\n\t\t","protected":false},"excerpt":{"rendered":"<p>Wei\u00dfbuch: Eine gr\u00fcnere und verantwortungsvollere Lieferkette ! Herausforderungen &amp; Chancen In einer Welt, in der die Bek\u00e4mpfung des Klimawandels zu einer globalen Priorit\u00e4t geworden ist, ist es f\u00fcr Unternehmen von entscheidender Bedeutung, die mit den Treibhausgasemissionen verbundenen Probleme zu verstehen und anzugehen. Unser Whitepaper bietet eine eingehende Analyse der aktuellen \u00f6kologischen Herausforderungen und zeigt die [&hellip;]<\/p>\n","protected":false},"author":3,"featured_media":0,"parent":0,"menu_order":0,"comment_status":"closed","ping_status":"closed","template":"","meta":{"inline_featured_image":false,"footnotes":""},"class_list":["post-35507","page","type-page","status-publish","hentry"],"yoast_head":"<!-- This site is optimized with the Yoast SEO Premium plugin v22.8 (Yoast SEO v25.1) - https:\/\/yoast.com\/wordpress\/plugins\/seo\/ -->\n<title>Wei\u00dfbuch: Fragen und Herausforderungen einer gr\u00fcnen Lieferkette<\/title>\n<meta name=\"description\" content=\"Laden Sie unser neues Whitepaper zu Fragen und Herausforderungen der gr\u00fcnen Lieferkette herunter. Erfahren Sie mehr \u00fcber diesen Bereich.\" \/>\n<meta name=\"robots\" content=\"noindex, follow, max-snippet:-1, max-image-preview:large, max-video-preview:-1\" \/>\n<meta property=\"og:locale\" content=\"de_DE\" \/>\n<meta property=\"og:type\" content=\"article\" \/>\n<meta property=\"og:title\" content=\"Wei\u00dfbuch: Fragen und Herausforderungen einer gr\u00fcnen Lieferkette\" \/>\n<meta property=\"og:description\" content=\"Laden Sie unser neues Whitepaper zu Fragen und Herausforderungen der gr\u00fcnen Lieferkette herunter. Erfahren Sie mehr \u00fcber diesen Bereich.\" \/>\n<meta property=\"og:url\" content=\"https:\/\/preprod.optimix-software.com\/de\/fragen-und-herausforderungen-einer-gruenen-lieferkette-whitepaper\/\" \/>\n<meta property=\"og:site_name\" content=\"Optimix Software\" \/>\n<meta property=\"article:modified_time\" content=\"2025-02-20T13:56:52+00:00\" \/>\n<meta property=\"og:image\" content=\"https:\/\/preprod.optimix-software.com\/wp-content\/uploads\/logo-optimix-yoast.png\" \/>\n\t<meta property=\"og:image:width\" content=\"1200\" \/>\n\t<meta property=\"og:image:height\" content=\"675\" \/>\n\t<meta property=\"og:image:type\" content=\"image\/png\" \/>\n<meta name=\"twitter:card\" content=\"summary_large_image\" \/>\n<meta name=\"twitter:label1\" content=\"Gesch\u00e4tzte Lesezeit\" \/>\n\t<meta name=\"twitter:data1\" content=\"1\u00a0Minute\" \/>\n<script type=\"application\/ld+json\" class=\"yoast-schema-graph\">{\"@context\":\"https:\/\/schema.org\",\"@graph\":[{\"@type\":\"WebPage\",\"@id\":\"https:\/\/preprod.optimix-software.com\/de\/fragen-und-herausforderungen-einer-gruenen-lieferkette-whitepaper\/\",\"url\":\"https:\/\/preprod.optimix-software.com\/de\/fragen-und-herausforderungen-einer-gruenen-lieferkette-whitepaper\/\",\"name\":\"Wei\u00dfbuch: Fragen und Herausforderungen einer gr\u00fcnen Lieferkette\",\"isPartOf\":{\"@id\":\"https:\/\/preprod.optimix-software.com\/de\/#website\"},\"datePublished\":\"2023-08-09T10:45:31+00:00\",\"dateModified\":\"2025-02-20T13:56:52+00:00\",\"description\":\"Laden Sie unser neues Whitepaper zu Fragen und Herausforderungen der gr\u00fcnen Lieferkette herunter. Erfahren Sie mehr \u00fcber diesen Bereich.\",\"breadcrumb\":{\"@id\":\"https:\/\/preprod.optimix-software.com\/de\/fragen-und-herausforderungen-einer-gruenen-lieferkette-whitepaper\/#breadcrumb\"},\"inLanguage\":\"de\",\"potentialAction\":[{\"@type\":\"ReadAction\",\"target\":[\"https:\/\/preprod.optimix-software.com\/de\/fragen-und-herausforderungen-einer-gruenen-lieferkette-whitepaper\/\"]}]},{\"@type\":\"BreadcrumbList\",\"@id\":\"https:\/\/preprod.optimix-software.com\/de\/fragen-und-herausforderungen-einer-gruenen-lieferkette-whitepaper\/#breadcrumb\",\"itemListElement\":[{\"@type\":\"ListItem\",\"position\":1,\"name\":\"Startseite\",\"item\":\"https:\/\/preprod.optimix-software.com\/de\/loesungen-fuer-preisgestaltung-und-lieferkette\/\"},{\"@type\":\"ListItem\",\"position\":2,\"name\":\"Wei\u00dfbuch: Fragen und Herausforderungen einer gr\u00fcnen Lieferkette\"}]},{\"@type\":\"WebSite\",\"@id\":\"https:\/\/preprod.optimix-software.com\/de\/#website\",\"url\":\"https:\/\/preprod.optimix-software.com\/de\/\",\"name\":\"Optimix Software\",\"description\":\"Solutions de Pricing et Supply chain d\u00e9di\u00e9es au retail\",\"publisher\":{\"@id\":\"https:\/\/preprod.optimix-software.com\/de\/#organization\"},\"potentialAction\":[{\"@type\":\"SearchAction\",\"target\":{\"@type\":\"EntryPoint\",\"urlTemplate\":\"https:\/\/preprod.optimix-software.com\/de\/?s={search_term_string}\"},\"query-input\":{\"@type\":\"PropertyValueSpecification\",\"valueRequired\":true,\"valueName\":\"search_term_string\"}}],\"inLanguage\":\"de\"},{\"@type\":\"Organization\",\"@id\":\"https:\/\/preprod.optimix-software.com\/de\/#organization\",\"name\":\"Optimix Software\",\"url\":\"https:\/\/preprod.optimix-software.com\/de\/\",\"logo\":{\"@type\":\"ImageObject\",\"inLanguage\":\"de\",\"@id\":\"https:\/\/preprod.optimix-software.com\/de\/#\/schema\/logo\/image\/\",\"url\":\"https:\/\/preprod.optimix-software.com\/wp-content\/uploads\/logo-carre-optimix-RETAIL-PERFORMANCE-SOFTWARE.jpg\",\"contentUrl\":\"https:\/\/preprod.optimix-software.com\/wp-content\/uploads\/logo-carre-optimix-RETAIL-PERFORMANCE-SOFTWARE.jpg\",\"width\":2001,\"height\":2001,\"caption\":\"Optimix Software\"},\"image\":{\"@id\":\"https:\/\/preprod.optimix-software.com\/de\/#\/schema\/logo\/image\/\"},\"sameAs\":[\"https:\/\/www.linkedin.com\/company\/optimix-ffr\/\"]}]}<\/script>\n<!-- \/ Yoast SEO Premium plugin. -->","yoast_head_json":{"title":"Wei\u00dfbuch: Fragen und Herausforderungen einer gr\u00fcnen Lieferkette","description":"Laden Sie unser neues Whitepaper zu Fragen und Herausforderungen der gr\u00fcnen Lieferkette herunter. Erfahren Sie mehr \u00fcber diesen Bereich.","robots":{"index":"noindex","follow":"follow","max-snippet":"max-snippet:-1","max-image-preview":"max-image-preview:large","max-video-preview":"max-video-preview:-1"},"og_locale":"de_DE","og_type":"article","og_title":"Wei\u00dfbuch: Fragen und Herausforderungen einer gr\u00fcnen Lieferkette","og_description":"Laden Sie unser neues Whitepaper zu Fragen und Herausforderungen der gr\u00fcnen Lieferkette herunter. Erfahren Sie mehr \u00fcber diesen Bereich.","og_url":"https:\/\/preprod.optimix-software.com\/de\/fragen-und-herausforderungen-einer-gruenen-lieferkette-whitepaper\/","og_site_name":"Optimix Software","article_modified_time":"2025-02-20T13:56:52+00:00","og_image":[{"width":1200,"height":675,"url":"https:\/\/preprod.optimix-software.com\/wp-content\/uploads\/logo-optimix-yoast.png","type":"image\/png"}],"twitter_card":"summary_large_image","twitter_misc":{"Gesch\u00e4tzte Lesezeit":"1\u00a0Minute"},"schema":{"@context":"https:\/\/schema.org","@graph":[{"@type":"WebPage","@id":"https:\/\/preprod.optimix-software.com\/de\/fragen-und-herausforderungen-einer-gruenen-lieferkette-whitepaper\/","url":"https:\/\/preprod.optimix-software.com\/de\/fragen-und-herausforderungen-einer-gruenen-lieferkette-whitepaper\/","name":"Wei\u00dfbuch: Fragen und Herausforderungen einer gr\u00fcnen Lieferkette","isPartOf":{"@id":"https:\/\/preprod.optimix-software.com\/de\/#website"},"datePublished":"2023-08-09T10:45:31+00:00","dateModified":"2025-02-20T13:56:52+00:00","description":"Laden Sie unser neues Whitepaper zu Fragen und Herausforderungen der gr\u00fcnen Lieferkette herunter. Erfahren Sie mehr \u00fcber diesen Bereich.","breadcrumb":{"@id":"https:\/\/preprod.optimix-software.com\/de\/fragen-und-herausforderungen-einer-gruenen-lieferkette-whitepaper\/#breadcrumb"},"inLanguage":"de","potentialAction":[{"@type":"ReadAction","target":["https:\/\/preprod.optimix-software.com\/de\/fragen-und-herausforderungen-einer-gruenen-lieferkette-whitepaper\/"]}]},{"@type":"BreadcrumbList","@id":"https:\/\/preprod.optimix-software.com\/de\/fragen-und-herausforderungen-einer-gruenen-lieferkette-whitepaper\/#breadcrumb","itemListElement":[{"@type":"ListItem","position":1,"name":"Startseite","item":"https:\/\/preprod.optimix-software.com\/de\/loesungen-fuer-preisgestaltung-und-lieferkette\/"},{"@type":"ListItem","position":2,"name":"Wei\u00dfbuch: Fragen und Herausforderungen einer gr\u00fcnen Lieferkette"}]},{"@type":"WebSite","@id":"https:\/\/preprod.optimix-software.com\/de\/#website","url":"https:\/\/preprod.optimix-software.com\/de\/","name":"Optimix Software","description":"Solutions de Pricing et Supply chain d\u00e9di\u00e9es au retail","publisher":{"@id":"https:\/\/preprod.optimix-software.com\/de\/#organization"},"potentialAction":[{"@type":"SearchAction","target":{"@type":"EntryPoint","urlTemplate":"https:\/\/preprod.optimix-software.com\/de\/?s={search_term_string}"},"query-input":{"@type":"PropertyValueSpecification","valueRequired":true,"valueName":"search_term_string"}}],"inLanguage":"de"},{"@type":"Organization","@id":"https:\/\/preprod.optimix-software.com\/de\/#organization","name":"Optimix Software","url":"https:\/\/preprod.optimix-software.com\/de\/","logo":{"@type":"ImageObject","inLanguage":"de","@id":"https:\/\/preprod.optimix-software.com\/de\/#\/schema\/logo\/image\/","url":"https:\/\/preprod.optimix-software.com\/wp-content\/uploads\/logo-carre-optimix-RETAIL-PERFORMANCE-SOFTWARE.jpg","contentUrl":"https:\/\/preprod.optimix-software.com\/wp-content\/uploads\/logo-carre-optimix-RETAIL-PERFORMANCE-SOFTWARE.jpg","width":2001,"height":2001,"caption":"Optimix Software"},"image":{"@id":"https:\/\/preprod.optimix-software.com\/de\/#\/schema\/logo\/image\/"},"sameAs":["https:\/\/www.linkedin.com\/company\/optimix-ffr\/"]}]}},"_links":{"self":[{"href":"https:\/\/preprod.optimix-software.com\/de\/wp-json\/wp\/v2\/pages\/35507","targetHints":{"allow":["GET"]}}],"collection":[{"href":"https:\/\/preprod.optimix-software.com\/de\/wp-json\/wp\/v2\/pages"}],"about":[{"href":"https:\/\/preprod.optimix-software.com\/de\/wp-json\/wp\/v2\/types\/page"}],"author":[{"embeddable":true,"href":"https:\/\/preprod.optimix-software.com\/de\/wp-json\/wp\/v2\/users\/3"}],"replies":[{"embeddable":true,"href":"https:\/\/preprod.optimix-software.com\/de\/wp-json\/wp\/v2\/comments?post=35507"}],"version-history":[{"count":15,"href":"https:\/\/preprod.optimix-software.com\/de\/wp-json\/wp\/v2\/pages\/35507\/revisions"}],"predecessor-version":[{"id":42592,"href":"https:\/\/preprod.optimix-software.com\/de\/wp-json\/wp\/v2\/pages\/35507\/revisions\/42592"}],"wp:attachment":[{"href":"https:\/\/preprod.optimix-software.com\/de\/wp-json\/wp\/v2\/media?parent=35507"}],"curies":[{"name":"wp","href":"https:\/\/api.w.org\/{rel}","templated":true}]}}