{"id":35516,"date":"2023-10-16T10:47:53","date_gmt":"2023-10-16T08:47:53","guid":{"rendered":"https:\/\/preprod.optimix-software.com\/wie-sie-ihre-preisgestaltung-waehlen-whitepaper\/"},"modified":"2025-04-02T13:11:23","modified_gmt":"2025-04-02T11:11:23","slug":"wie-sie-ihre-preisgestaltung-waehlen-whitepaper","status":"publish","type":"page","link":"https:\/\/preprod.optimix-software.com\/de\/wie-sie-ihre-preisgestaltung-waehlen-whitepaper\/","title":{"rendered":"Wei\u00dfbuch Wie Sie Ihre Pricing-L\u00f6sung w\u00e4hlen"},"content":{"rendered":"\t\t<div data-elementor-type=\"wp-page\" data-elementor-id=\"35516\" class=\"elementor elementor-35516 elementor-17733\" data-elementor-post-type=\"page\">\n\t\t\t\t<div class=\"elementor-element elementor-element-65937d9 e-flex e-con-boxed e-con e-parent\" data-id=\"65937d9\" data-element_type=\"container\" data-settings=\"{&quot;background_background&quot;:&quot;classic&quot;}\">\n\t\t\t\t\t<div class=\"e-con-inner\">\n\t\t<div class=\"elementor-element elementor-element-a1cff0c e-con-full e-flex e-con e-child\" data-id=\"a1cff0c\" data-element_type=\"container\">\n\t\t\t\t<div class=\"elementor-element elementor-element-b47d66f elementor-widget elementor-widget-heading\" data-id=\"b47d66f\" data-element_type=\"widget\" data-widget_type=\"heading.default\">\n\t\t\t\t<div class=\"elementor-widget-container\">\n\t\t\t\t\t<h2 class=\"elementor-heading-title elementor-size-default\">Wei\u00dfbuch: <\/br> Wie w\u00e4hlt man eine Pricing-L\u00f6sung?<\/h2>\t\t\t\t<\/div>\n\t\t\t\t<\/div>\n\t\t\t\t<div class=\"elementor-element elementor-element-4834e77a elementor-widget__width-initial elementor-widget elementor-widget-text-editor\" data-id=\"4834e77a\" data-element_type=\"widget\" data-widget_type=\"text-editor.default\">\n\t\t\t\t<div class=\"elementor-widget-container\">\n\t\t\t\t\t\t\t\t\t<p><span style=\"font-weight: 400;\">In einem sich \u00e4ndernden wirtschaftlichen Umfeld ist es wichtig, die Art und Weise, wie Preise verwaltet werden, zu modernisieren. <\/span><span style=\"font-weight: 400;\"><strong>Die Wahl einer Pricing-L\u00f6sung kann nicht improvisiert<\/strong> werden. <\/span><\/p><p><span style=\"font-weight: 400;\">Es ist das Ergebnis eines Projekts, eines Weges, der mit den am Pricing beteiligten Mitarbeitern und den anderen betroffenen Abteilungen aufgebaut werden muss. <\/span><\/p><p><span style=\"font-weight: 400;\">Dieser Leitfaden begleitet Sie durch Ihr Projekt, indem er jeden Schritt detailliert beschreibt und die wichtigsten Fragen hervorhebt, die Sie stellen m\u00fcssen, um die richtige Entscheidung zu treffen.<\/span><\/p><p>Inhalt :<\/p><ol><li>Warum eine Pricing-L\u00f6sung<\/li><li>Wie w\u00e4hle ich die f\u00fcr mein Gesch\u00e4ft am besten geeignete Pricing-L\u00f6sung aus?<\/li><li>Welche Schritte sind bei der Implementierung zu beachten<\/li><li>Ein wichtiger Schritt, der nicht vernachl\u00e4ssigt werden darf: Begleitung bei Ver\u00e4nderungen<br \/>a. Fallstudie: Baumarktkette<\/li><\/ol>\t\t\t\t\t\t\t\t<\/div>\n\t\t\t\t<\/div>\n\t\t\t\t<\/div>\n\t\t<div class=\"elementor-element elementor-element-5bae97b e-con-full e-flex e-con e-child\" data-id=\"5bae97b\" data-element_type=\"container\">\n\t\t\t\t<div class=\"elementor-element elementor-element-f8a9311 elementor-widget__width-initial elementor-hidden-desktop elementor-hidden-tablet elementor-hidden-mobile elementor-widget elementor-widget-html\" data-id=\"f8a9311\" data-element_type=\"widget\" data-widget_type=\"html.default\">\n\t\t\t\t<div class=\"elementor-widget-container\">\n\t\t\t\t\t<center><\/center><div class=\"pipedriveWebForms\" data-pd-webforms=\"https:\/\/webforms.pipedrive.com\/f\/6zdPIOS3hRCVTYpYnB1Tll5UhQqNcMZC2JaFGhHSK9pbceealFGUWnf0kQCUkIO9Q7\"><script src=\"https:\/\/webforms.pipedrive.com\/f\/loader\"><\/script><\/div><\/center>\t\t\t\t<\/div>\n\t\t\t\t<\/div>\n\t\t\t\t<div class=\"elementor-element elementor-element-8660413 elementor-widget__width-initial elementor-widget elementor-widget-html\" data-id=\"8660413\" data-element_type=\"widget\" data-widget_type=\"html.default\">\n\t\t\t\t<div class=\"elementor-widget-container\">\n\t\t\t\t\t<script charset=\"utf-8\" type=\"text\/javascript\" src=\"\/\/js-eu1.hsforms.net\/forms\/embed\/v2.js\"><\/script>\n<script>\n  hbspt.forms.create({\n    portalId: \"144414462\",\n    formId: \"92da4ed1-80b5-4549-bdc3-bbad16edb9e2\",\n    region: \"eu1\"\n  });\n<\/script>\n\t\t\t\t<\/div>\n\t\t\t\t<\/div>\n\t\t\t\t<\/div>\n\t\t\t\t\t<\/div>\n\t\t\t\t<\/div>\n\t\t\t\t<\/div>\n\t\t","protected":false},"excerpt":{"rendered":"<p>Wei\u00dfbuch: Wie w\u00e4hlt man eine Pricing-L\u00f6sung? In einem sich \u00e4ndernden wirtschaftlichen Umfeld ist es wichtig, die Art und Weise, wie Preise verwaltet werden, zu modernisieren. Die Wahl einer Pricing-L\u00f6sung kann nicht improvisiert werden. Es ist das Ergebnis eines Projekts, eines Weges, der mit den am Pricing beteiligten Mitarbeitern und den anderen betroffenen Abteilungen aufgebaut werden [&hellip;]<\/p>\n","protected":false},"author":3,"featured_media":35521,"parent":0,"menu_order":0,"comment_status":"closed","ping_status":"closed","template":"","meta":{"inline_featured_image":false,"footnotes":""},"class_list":["post-35516","page","type-page","status-publish","has-post-thumbnail","hentry"],"yoast_head":"<!-- This site is optimized with the Yoast SEO Premium plugin v22.8 (Yoast SEO v25.1) - https:\/\/yoast.com\/wordpress\/plugins\/seo\/ -->\n<title>Wei\u00dfbuch Wie Sie Ihre Pricing-L\u00f6sung w\u00e4hlen<\/title>\n<meta name=\"description\" content=\"Wie w\u00e4hlt man eine Pricing-L\u00f6sung? Die 7 Schritte und die Kriterien f\u00fcr die Auswahl. Entdecken Sie die Geheimnisse, um Ihre Einnahmen zu maximieren und auf dem Markt wettbewerbsf\u00e4hig zu bleiben. Jetzt herunterladen!\" \/>\n<meta name=\"robots\" content=\"noindex, follow, max-snippet:-1, max-image-preview:large, max-video-preview:-1\" \/>\n<meta property=\"og:locale\" content=\"de_DE\" \/>\n<meta property=\"og:type\" content=\"article\" \/>\n<meta property=\"og:title\" content=\"Wei\u00dfbuch Wie Sie Ihre Pricing-L\u00f6sung w\u00e4hlen\" \/>\n<meta property=\"og:description\" content=\"Wie w\u00e4hlt man eine Pricing-L\u00f6sung? Die 7 Schritte und die Kriterien f\u00fcr die Auswahl. Entdecken Sie die Geheimnisse, um Ihre Einnahmen zu maximieren und auf dem Markt wettbewerbsf\u00e4hig zu bleiben. Jetzt herunterladen!\" \/>\n<meta property=\"og:url\" content=\"https:\/\/preprod.optimix-software.com\/de\/wie-sie-ihre-preisgestaltung-waehlen-whitepaper\/\" \/>\n<meta property=\"og:site_name\" content=\"Optimix Software\" \/>\n<meta property=\"article:modified_time\" content=\"2025-04-02T11:11:23+00:00\" \/>\n<meta property=\"og:image\" content=\"https:\/\/optimix.fr\/wp-content\/uploads\/Livre-blanc-pricing-LinkedIn-Post-LinkedIn-Single-Image-Ad-600x314.png\" \/>\n<meta name=\"twitter:card\" content=\"summary_large_image\" \/>\n<meta name=\"twitter:label1\" content=\"Gesch\u00e4tzte Lesezeit\" \/>\n\t<meta name=\"twitter:data1\" content=\"1\u00a0Minute\" \/>\n<script type=\"application\/ld+json\" class=\"yoast-schema-graph\">{\"@context\":\"https:\/\/schema.org\",\"@graph\":[{\"@type\":\"WebPage\",\"@id\":\"https:\/\/preprod.optimix-software.com\/de\/wie-sie-ihre-preisgestaltung-waehlen-whitepaper\/\",\"url\":\"https:\/\/preprod.optimix-software.com\/de\/wie-sie-ihre-preisgestaltung-waehlen-whitepaper\/\",\"name\":\"Wei\u00dfbuch Wie Sie Ihre Pricing-L\u00f6sung w\u00e4hlen\",\"isPartOf\":{\"@id\":\"https:\/\/preprod.optimix-software.com\/de\/#website\"},\"primaryImageOfPage\":{\"@id\":\"https:\/\/preprod.optimix-software.com\/de\/wie-sie-ihre-preisgestaltung-waehlen-whitepaper\/#primaryimage\"},\"image\":{\"@id\":\"https:\/\/preprod.optimix-software.com\/de\/wie-sie-ihre-preisgestaltung-waehlen-whitepaper\/#primaryimage\"},\"thumbnailUrl\":\"https:\/\/preprod.optimix-software.com\/wp-content\/uploads\/Livre-blanc-pricing-LinkedIn-Post-LinkedIn-Single-Image-Ad.png\",\"datePublished\":\"2023-10-16T08:47:53+00:00\",\"dateModified\":\"2025-04-02T11:11:23+00:00\",\"description\":\"Wie w\u00e4hlt man eine Pricing-L\u00f6sung? Die 7 Schritte und die Kriterien f\u00fcr die Auswahl. Entdecken Sie die Geheimnisse, um Ihre Einnahmen zu maximieren und auf dem Markt wettbewerbsf\u00e4hig zu bleiben. Jetzt herunterladen!\",\"breadcrumb\":{\"@id\":\"https:\/\/preprod.optimix-software.com\/de\/wie-sie-ihre-preisgestaltung-waehlen-whitepaper\/#breadcrumb\"},\"inLanguage\":\"de\",\"potentialAction\":[{\"@type\":\"ReadAction\",\"target\":[\"https:\/\/preprod.optimix-software.com\/de\/wie-sie-ihre-preisgestaltung-waehlen-whitepaper\/\"]}]},{\"@type\":\"ImageObject\",\"inLanguage\":\"de\",\"@id\":\"https:\/\/preprod.optimix-software.com\/de\/wie-sie-ihre-preisgestaltung-waehlen-whitepaper\/#primaryimage\",\"url\":\"https:\/\/preprod.optimix-software.com\/wp-content\/uploads\/Livre-blanc-pricing-LinkedIn-Post-LinkedIn-Single-Image-Ad.png\",\"contentUrl\":\"https:\/\/preprod.optimix-software.com\/wp-content\/uploads\/Livre-blanc-pricing-LinkedIn-Post-LinkedIn-Single-Image-Ad.png\",\"width\":1200,\"height\":627,\"caption\":\"Livre blanc Comment choisir sa solution de Pricing\"},{\"@type\":\"BreadcrumbList\",\"@id\":\"https:\/\/preprod.optimix-software.com\/de\/wie-sie-ihre-preisgestaltung-waehlen-whitepaper\/#breadcrumb\",\"itemListElement\":[{\"@type\":\"ListItem\",\"position\":1,\"name\":\"Startseite\",\"item\":\"https:\/\/preprod.optimix-software.com\/de\/loesungen-fuer-preisgestaltung-und-lieferkette\/\"},{\"@type\":\"ListItem\",\"position\":2,\"name\":\"Wei\u00dfbuch Wie Sie Ihre Pricing-L\u00f6sung w\u00e4hlen\"}]},{\"@type\":\"WebSite\",\"@id\":\"https:\/\/preprod.optimix-software.com\/de\/#website\",\"url\":\"https:\/\/preprod.optimix-software.com\/de\/\",\"name\":\"Optimix Software\",\"description\":\"Solutions de Pricing et Supply chain d\u00e9di\u00e9es au retail\",\"publisher\":{\"@id\":\"https:\/\/preprod.optimix-software.com\/de\/#organization\"},\"potentialAction\":[{\"@type\":\"SearchAction\",\"target\":{\"@type\":\"EntryPoint\",\"urlTemplate\":\"https:\/\/preprod.optimix-software.com\/de\/?s={search_term_string}\"},\"query-input\":{\"@type\":\"PropertyValueSpecification\",\"valueRequired\":true,\"valueName\":\"search_term_string\"}}],\"inLanguage\":\"de\"},{\"@type\":\"Organization\",\"@id\":\"https:\/\/preprod.optimix-software.com\/de\/#organization\",\"name\":\"Optimix Software\",\"url\":\"https:\/\/preprod.optimix-software.com\/de\/\",\"logo\":{\"@type\":\"ImageObject\",\"inLanguage\":\"de\",\"@id\":\"https:\/\/preprod.optimix-software.com\/de\/#\/schema\/logo\/image\/\",\"url\":\"https:\/\/preprod.optimix-software.com\/wp-content\/uploads\/logo-carre-optimix-RETAIL-PERFORMANCE-SOFTWARE.jpg\",\"contentUrl\":\"https:\/\/preprod.optimix-software.com\/wp-content\/uploads\/logo-carre-optimix-RETAIL-PERFORMANCE-SOFTWARE.jpg\",\"width\":2001,\"height\":2001,\"caption\":\"Optimix Software\"},\"image\":{\"@id\":\"https:\/\/preprod.optimix-software.com\/de\/#\/schema\/logo\/image\/\"},\"sameAs\":[\"https:\/\/www.linkedin.com\/company\/optimix-ffr\/\"]}]}<\/script>\n<!-- \/ Yoast SEO Premium plugin. -->","yoast_head_json":{"title":"Wei\u00dfbuch Wie Sie Ihre Pricing-L\u00f6sung w\u00e4hlen","description":"Wie w\u00e4hlt man eine Pricing-L\u00f6sung? Die 7 Schritte und die Kriterien f\u00fcr die Auswahl. Entdecken Sie die Geheimnisse, um Ihre Einnahmen zu maximieren und auf dem Markt wettbewerbsf\u00e4hig zu bleiben. Jetzt herunterladen!","robots":{"index":"noindex","follow":"follow","max-snippet":"max-snippet:-1","max-image-preview":"max-image-preview:large","max-video-preview":"max-video-preview:-1"},"og_locale":"de_DE","og_type":"article","og_title":"Wei\u00dfbuch Wie Sie Ihre Pricing-L\u00f6sung w\u00e4hlen","og_description":"Wie w\u00e4hlt man eine Pricing-L\u00f6sung? Die 7 Schritte und die Kriterien f\u00fcr die Auswahl. Entdecken Sie die Geheimnisse, um Ihre Einnahmen zu maximieren und auf dem Markt wettbewerbsf\u00e4hig zu bleiben. Jetzt herunterladen!","og_url":"https:\/\/preprod.optimix-software.com\/de\/wie-sie-ihre-preisgestaltung-waehlen-whitepaper\/","og_site_name":"Optimix Software","article_modified_time":"2025-04-02T11:11:23+00:00","og_image":[{"url":"https:\/\/optimix.fr\/wp-content\/uploads\/Livre-blanc-pricing-LinkedIn-Post-LinkedIn-Single-Image-Ad-600x314.png","type":"","width":"","height":""}],"twitter_card":"summary_large_image","twitter_misc":{"Gesch\u00e4tzte Lesezeit":"1\u00a0Minute"},"schema":{"@context":"https:\/\/schema.org","@graph":[{"@type":"WebPage","@id":"https:\/\/preprod.optimix-software.com\/de\/wie-sie-ihre-preisgestaltung-waehlen-whitepaper\/","url":"https:\/\/preprod.optimix-software.com\/de\/wie-sie-ihre-preisgestaltung-waehlen-whitepaper\/","name":"Wei\u00dfbuch Wie Sie Ihre Pricing-L\u00f6sung w\u00e4hlen","isPartOf":{"@id":"https:\/\/preprod.optimix-software.com\/de\/#website"},"primaryImageOfPage":{"@id":"https:\/\/preprod.optimix-software.com\/de\/wie-sie-ihre-preisgestaltung-waehlen-whitepaper\/#primaryimage"},"image":{"@id":"https:\/\/preprod.optimix-software.com\/de\/wie-sie-ihre-preisgestaltung-waehlen-whitepaper\/#primaryimage"},"thumbnailUrl":"https:\/\/preprod.optimix-software.com\/wp-content\/uploads\/Livre-blanc-pricing-LinkedIn-Post-LinkedIn-Single-Image-Ad.png","datePublished":"2023-10-16T08:47:53+00:00","dateModified":"2025-04-02T11:11:23+00:00","description":"Wie w\u00e4hlt man eine Pricing-L\u00f6sung? Die 7 Schritte und die Kriterien f\u00fcr die Auswahl. Entdecken Sie die Geheimnisse, um Ihre Einnahmen zu maximieren und auf dem Markt wettbewerbsf\u00e4hig zu bleiben. Jetzt herunterladen!","breadcrumb":{"@id":"https:\/\/preprod.optimix-software.com\/de\/wie-sie-ihre-preisgestaltung-waehlen-whitepaper\/#breadcrumb"},"inLanguage":"de","potentialAction":[{"@type":"ReadAction","target":["https:\/\/preprod.optimix-software.com\/de\/wie-sie-ihre-preisgestaltung-waehlen-whitepaper\/"]}]},{"@type":"ImageObject","inLanguage":"de","@id":"https:\/\/preprod.optimix-software.com\/de\/wie-sie-ihre-preisgestaltung-waehlen-whitepaper\/#primaryimage","url":"https:\/\/preprod.optimix-software.com\/wp-content\/uploads\/Livre-blanc-pricing-LinkedIn-Post-LinkedIn-Single-Image-Ad.png","contentUrl":"https:\/\/preprod.optimix-software.com\/wp-content\/uploads\/Livre-blanc-pricing-LinkedIn-Post-LinkedIn-Single-Image-Ad.png","width":1200,"height":627,"caption":"Livre blanc Comment choisir sa solution de Pricing"},{"@type":"BreadcrumbList","@id":"https:\/\/preprod.optimix-software.com\/de\/wie-sie-ihre-preisgestaltung-waehlen-whitepaper\/#breadcrumb","itemListElement":[{"@type":"ListItem","position":1,"name":"Startseite","item":"https:\/\/preprod.optimix-software.com\/de\/loesungen-fuer-preisgestaltung-und-lieferkette\/"},{"@type":"ListItem","position":2,"name":"Wei\u00dfbuch Wie Sie Ihre Pricing-L\u00f6sung w\u00e4hlen"}]},{"@type":"WebSite","@id":"https:\/\/preprod.optimix-software.com\/de\/#website","url":"https:\/\/preprod.optimix-software.com\/de\/","name":"Optimix Software","description":"Solutions de Pricing et Supply chain d\u00e9di\u00e9es au retail","publisher":{"@id":"https:\/\/preprod.optimix-software.com\/de\/#organization"},"potentialAction":[{"@type":"SearchAction","target":{"@type":"EntryPoint","urlTemplate":"https:\/\/preprod.optimix-software.com\/de\/?s={search_term_string}"},"query-input":{"@type":"PropertyValueSpecification","valueRequired":true,"valueName":"search_term_string"}}],"inLanguage":"de"},{"@type":"Organization","@id":"https:\/\/preprod.optimix-software.com\/de\/#organization","name":"Optimix Software","url":"https:\/\/preprod.optimix-software.com\/de\/","logo":{"@type":"ImageObject","inLanguage":"de","@id":"https:\/\/preprod.optimix-software.com\/de\/#\/schema\/logo\/image\/","url":"https:\/\/preprod.optimix-software.com\/wp-content\/uploads\/logo-carre-optimix-RETAIL-PERFORMANCE-SOFTWARE.jpg","contentUrl":"https:\/\/preprod.optimix-software.com\/wp-content\/uploads\/logo-carre-optimix-RETAIL-PERFORMANCE-SOFTWARE.jpg","width":2001,"height":2001,"caption":"Optimix Software"},"image":{"@id":"https:\/\/preprod.optimix-software.com\/de\/#\/schema\/logo\/image\/"},"sameAs":["https:\/\/www.linkedin.com\/company\/optimix-ffr\/"]}]}},"_links":{"self":[{"href":"https:\/\/preprod.optimix-software.com\/de\/wp-json\/wp\/v2\/pages\/35516","targetHints":{"allow":["GET"]}}],"collection":[{"href":"https:\/\/preprod.optimix-software.com\/de\/wp-json\/wp\/v2\/pages"}],"about":[{"href":"https:\/\/preprod.optimix-software.com\/de\/wp-json\/wp\/v2\/types\/page"}],"author":[{"embeddable":true,"href":"https:\/\/preprod.optimix-software.com\/de\/wp-json\/wp\/v2\/users\/3"}],"replies":[{"embeddable":true,"href":"https:\/\/preprod.optimix-software.com\/de\/wp-json\/wp\/v2\/comments?post=35516"}],"version-history":[{"count":13,"href":"https:\/\/preprod.optimix-software.com\/de\/wp-json\/wp\/v2\/pages\/35516\/revisions"}],"predecessor-version":[{"id":45142,"href":"https:\/\/preprod.optimix-software.com\/de\/wp-json\/wp\/v2\/pages\/35516\/revisions\/45142"}],"wp:featuredmedia":[{"embeddable":true,"href":"https:\/\/preprod.optimix-software.com\/de\/wp-json\/wp\/v2\/media\/35521"}],"wp:attachment":[{"href":"https:\/\/preprod.optimix-software.com\/de\/wp-json\/wp\/v2\/media?parent=35516"}],"curies":[{"name":"wp","href":"https:\/\/api.w.org\/{rel}","templated":true}]}}