{"id":35535,"date":"2024-04-03T15:55:46","date_gmt":"2024-04-03T13:55:46","guid":{"rendered":"https:\/\/preprod.optimix-software.com\/optimix-newsletter\/"},"modified":"2024-12-03T10:00:44","modified_gmt":"2024-12-03T09:00:44","slug":"optimix-newsletter","status":"publish","type":"page","link":"https:\/\/preprod.optimix-software.com\/de\/optimix-newsletter\/","title":{"rendered":"Optimix Newsletter"},"content":{"rendered":"\t\t<div data-elementor-type=\"wp-page\" data-elementor-id=\"35535\" class=\"elementor elementor-35535 elementor-24525\" data-elementor-post-type=\"page\">\n\t\t\t\t<div class=\"elementor-element elementor-element-65937d9 e-flex e-con-boxed e-con e-parent\" data-id=\"65937d9\" data-element_type=\"container\" data-settings=\"{&quot;background_background&quot;:&quot;classic&quot;}\">\n\t\t\t\t\t<div class=\"e-con-inner\">\n\t\t<div class=\"elementor-element elementor-element-a1cff0c e-con-full e-flex e-con e-child\" data-id=\"a1cff0c\" data-element_type=\"container\">\n\t\t\t\t<div class=\"elementor-element elementor-element-b47d66f elementor-widget elementor-widget-heading\" data-id=\"b47d66f\" data-element_type=\"widget\" data-widget_type=\"heading.default\">\n\t\t\t\t<div class=\"elementor-widget-container\">\n\t\t\t\t\t<h2 class=\"elementor-heading-title elementor-size-default\">Preisgestaltung &amp; Supply Chain News: Monatlicher Newsletter<\/h2>\t\t\t\t<\/div>\n\t\t\t\t<\/div>\n\t\t\t\t<div class=\"elementor-element elementor-element-4834e77a elementor-widget__width-initial elementor-widget elementor-widget-text-editor\" data-id=\"4834e77a\" data-element_type=\"widget\" data-widget_type=\"text-editor.default\">\n\t\t\t\t<div class=\"elementor-widget-container\">\n\t\t\t\t\t\t\t\t\t<p>Ganz gleich, ob Sie ein erfahrener Profi sind, der nach neuen Ideen sucht, oder ein Anf\u00e4nger, der sein Wissen erweitern m\u00f6chte, unser Newsletter wird sicher Ihre Bed\u00fcrfnisse erf\u00fcllen.<\/p>\n<p>Tauchen Sie ein in die Wirtschaftsnachrichten und entdecken Sie Analysen, die Ihnen helfen werden, die wesentlichen Funktionsweisen der Preisgestaltung und der Lieferkette zu verstehen.<\/p>\n<p>Hier sind ein paar Beispiele:<\/p>\n<p><strong>Preisgestaltung :<\/strong><\/p>\n<ul>\n<li>Wie definieren Sie Ihre Konkurrenz in Ihrer Preisstrategie?<\/li>\n<li>Eigenmarken: der Schl\u00fcssel zur Anpassung an neue Herausforderungen im Einzelhandel?<\/li>\n<li>Umweltvertr\u00e4gliche Preisgestaltung<\/li>\n<\/ul>\n<p><strong>Lieferkette :<\/strong><\/p>\n<ul>\n<li>Welche KPIs k\u00f6nnen Sie verwenden, um die Leistung Ihrer Lieferkette zu messen?<\/li>\n<li>Wie l\u00e4sst sich das Betriebskapital durch eine bessere Bestandsverwaltung verbessern?<\/li>\n<li>Erholung von Lagerbestandsdefiziten: Von der Krise zur Chance<\/li>\n<\/ul>\n\t\t\t\t\t\t\t\t<\/div>\n\t\t\t\t<\/div>\n\t\t\t\t<\/div>\n\t\t<div class=\"elementor-element elementor-element-5bae97b e-con-full e-flex e-con e-child\" data-id=\"5bae97b\" data-element_type=\"container\">\n\t\t\t\t<div class=\"elementor-element elementor-element-f8a9311 elementor-widget__width-initial elementor-hidden-desktop elementor-hidden-tablet elementor-hidden-mobile elementor-widget elementor-widget-html\" data-id=\"f8a9311\" data-element_type=\"widget\" data-widget_type=\"html.default\">\n\t\t\t\t<div class=\"elementor-widget-container\">\n\t\t\t\t\t<div class=\"pipedriveWebForms\" data-pd-webforms=\"https:\/\/webforms.pipedrive.com\/f\/6Fz0vpyUrZSRa4lAo9iyZu6Ue403o3okQqYbETtz0qrGnMVGLtC9b8b8DKC06YtzfJ\"><script src=\"https:\/\/webforms.pipedrive.com\/f\/loader\"><\/script><\/div>\t\t\t\t<\/div>\n\t\t\t\t<\/div>\n\t\t\t\t<div class=\"elementor-element elementor-element-4f8cec6 elementor-widget__width-initial elementor-widget elementor-widget-html\" data-id=\"4f8cec6\" data-element_type=\"widget\" data-widget_type=\"html.default\">\n\t\t\t\t<div class=\"elementor-widget-container\">\n\t\t\t\t\t<script charset=\"utf-8\" type=\"text\/javascript\" src=\"\/\/js-eu1.hsforms.net\/forms\/embed\/v2.js\"><\/script><script>hbspt.forms.create({\n    region: \"eu1\",\n    portalId: \"144414462\",\n    formId: \"ba51cdac-e874-4d1b-a4cd-1d4902b1146a\"\n  });\n<\/script>\t\t\t\t<\/div>\n\t\t\t\t<\/div>\n\t\t\t\t<div class=\"elementor-element elementor-element-321d30a elementor-hidden-tablet elementor-hidden-mobile elementor-widget elementor-widget-image\" data-id=\"321d30a\" data-element_type=\"widget\" data-widget_type=\"image.default\">\n\t\t\t\t<div class=\"elementor-widget-container\">\n\t\t\t\t\t\t\t\t\t\t\t\t\t\t\t<img fetchpriority=\"high\" decoding=\"async\" width=\"300\" height=\"300\" src=\"https:\/\/preprod.optimix-software.com\/wp-content\/uploads\/news-1-copie.webp\" class=\"attachment-full size-full wp-image-35537\" alt=\"\" \/>\t\t\t\t\t\t\t\t\t\t\t\t\t\t\t<\/div>\n\t\t\t\t<\/div>\n\t\t\t\t<\/div>\n\t\t\t\t\t<\/div>\n\t\t\t\t<\/div>\n\t\t\t\t<\/div>\n\t\t","protected":false},"excerpt":{"rendered":"<p>Ganz gleich, ob Sie ein erfahrener Profi sind, der nach neuen Ideen sucht, oder ein Anf\u00e4nger, der sein Wissen erweitern m\u00f6chte, unser Newsletter wird sicher Ihre Bed\u00fcrfnisse erf\u00fcllen.<\/p>\n","protected":false},"author":3,"featured_media":35537,"parent":0,"menu_order":0,"comment_status":"closed","ping_status":"closed","template":"","meta":{"inline_featured_image":false,"footnotes":""},"class_list":["post-35535","page","type-page","status-publish","has-post-thumbnail","hentry"],"yoast_head":"<!-- This site is optimized with the Yoast SEO Premium plugin v22.8 (Yoast SEO v25.1) - https:\/\/yoast.com\/wordpress\/plugins\/seo\/ -->\n<title>Optimix Newsletter<\/title>\n<meta name=\"description\" content=\"Ganz gleich, ob Sie ein erfahrener Profi sind, der nach neuen Ideen sucht, oder ein Anf\u00e4nger, der sein Wissen erweitern m\u00f6chte, unser Newsletter wird sicher Ihre Bed\u00fcrfnisse erf\u00fcllen.\" \/>\n<meta name=\"robots\" content=\"noindex, follow, max-snippet:-1, max-image-preview:large, max-video-preview:-1\" \/>\n<meta property=\"og:locale\" content=\"de_DE\" \/>\n<meta property=\"og:type\" content=\"article\" \/>\n<meta property=\"og:title\" content=\"Optimix Newsletter\" \/>\n<meta property=\"og:description\" content=\"Ganz gleich, ob Sie ein erfahrener Profi sind, der nach neuen Ideen sucht, oder ein Anf\u00e4nger, der sein Wissen erweitern m\u00f6chte, unser Newsletter wird sicher Ihre Bed\u00fcrfnisse erf\u00fcllen.\" \/>\n<meta property=\"og:url\" content=\"https:\/\/preprod.optimix-software.com\/de\/optimix-newsletter\/\" \/>\n<meta property=\"og:site_name\" content=\"Optimix Software\" \/>\n<meta property=\"article:modified_time\" content=\"2024-12-03T09:00:44+00:00\" \/>\n<meta property=\"og:image\" content=\"https:\/\/optimix.fr\/wp-content\/uploads\/Livre-blanc-pricing-LinkedIn-Post-LinkedIn-Single-Image-Ad-600x314.png\" \/>\n<meta name=\"twitter:card\" content=\"summary_large_image\" \/>\n<meta name=\"twitter:label1\" content=\"Gesch\u00e4tzte Lesezeit\" \/>\n\t<meta name=\"twitter:data1\" content=\"1\u00a0Minute\" \/>\n<script type=\"application\/ld+json\" class=\"yoast-schema-graph\">{\"@context\":\"https:\/\/schema.org\",\"@graph\":[{\"@type\":\"WebPage\",\"@id\":\"https:\/\/preprod.optimix-software.com\/de\/optimix-newsletter\/\",\"url\":\"https:\/\/preprod.optimix-software.com\/de\/optimix-newsletter\/\",\"name\":\"Optimix Newsletter\",\"isPartOf\":{\"@id\":\"https:\/\/preprod.optimix-software.com\/de\/#website\"},\"primaryImageOfPage\":{\"@id\":\"https:\/\/preprod.optimix-software.com\/de\/optimix-newsletter\/#primaryimage\"},\"image\":{\"@id\":\"https:\/\/preprod.optimix-software.com\/de\/optimix-newsletter\/#primaryimage\"},\"thumbnailUrl\":\"https:\/\/preprod.optimix-software.com\/wp-content\/uploads\/news-1-copie.webp\",\"datePublished\":\"2024-04-03T13:55:46+00:00\",\"dateModified\":\"2024-12-03T09:00:44+00:00\",\"description\":\"Ganz gleich, ob Sie ein erfahrener Profi sind, der nach neuen Ideen sucht, oder ein Anf\u00e4nger, der sein Wissen erweitern m\u00f6chte, unser Newsletter wird sicher Ihre Bed\u00fcrfnisse erf\u00fcllen.\",\"breadcrumb\":{\"@id\":\"https:\/\/preprod.optimix-software.com\/de\/optimix-newsletter\/#breadcrumb\"},\"inLanguage\":\"de\",\"potentialAction\":[{\"@type\":\"ReadAction\",\"target\":[\"https:\/\/preprod.optimix-software.com\/de\/optimix-newsletter\/\"]}]},{\"@type\":\"ImageObject\",\"inLanguage\":\"de\",\"@id\":\"https:\/\/preprod.optimix-software.com\/de\/optimix-newsletter\/#primaryimage\",\"url\":\"https:\/\/preprod.optimix-software.com\/wp-content\/uploads\/news-1-copie.webp\",\"contentUrl\":\"https:\/\/preprod.optimix-software.com\/wp-content\/uploads\/news-1-copie.webp\",\"width\":300,\"height\":300},{\"@type\":\"BreadcrumbList\",\"@id\":\"https:\/\/preprod.optimix-software.com\/de\/optimix-newsletter\/#breadcrumb\",\"itemListElement\":[{\"@type\":\"ListItem\",\"position\":1,\"name\":\"Startseite\",\"item\":\"https:\/\/preprod.optimix-software.com\/de\/loesungen-fuer-preisgestaltung-und-lieferkette\/\"},{\"@type\":\"ListItem\",\"position\":2,\"name\":\"Optimix Newsletter\"}]},{\"@type\":\"WebSite\",\"@id\":\"https:\/\/preprod.optimix-software.com\/de\/#website\",\"url\":\"https:\/\/preprod.optimix-software.com\/de\/\",\"name\":\"Optimix Software\",\"description\":\"Solutions de Pricing et Supply chain d\u00e9di\u00e9es au retail\",\"publisher\":{\"@id\":\"https:\/\/preprod.optimix-software.com\/de\/#organization\"},\"potentialAction\":[{\"@type\":\"SearchAction\",\"target\":{\"@type\":\"EntryPoint\",\"urlTemplate\":\"https:\/\/preprod.optimix-software.com\/de\/?s={search_term_string}\"},\"query-input\":{\"@type\":\"PropertyValueSpecification\",\"valueRequired\":true,\"valueName\":\"search_term_string\"}}],\"inLanguage\":\"de\"},{\"@type\":\"Organization\",\"@id\":\"https:\/\/preprod.optimix-software.com\/de\/#organization\",\"name\":\"Optimix Software\",\"url\":\"https:\/\/preprod.optimix-software.com\/de\/\",\"logo\":{\"@type\":\"ImageObject\",\"inLanguage\":\"de\",\"@id\":\"https:\/\/preprod.optimix-software.com\/de\/#\/schema\/logo\/image\/\",\"url\":\"https:\/\/preprod.optimix-software.com\/wp-content\/uploads\/logo-carre-optimix-RETAIL-PERFORMANCE-SOFTWARE.jpg\",\"contentUrl\":\"https:\/\/preprod.optimix-software.com\/wp-content\/uploads\/logo-carre-optimix-RETAIL-PERFORMANCE-SOFTWARE.jpg\",\"width\":2001,\"height\":2001,\"caption\":\"Optimix Software\"},\"image\":{\"@id\":\"https:\/\/preprod.optimix-software.com\/de\/#\/schema\/logo\/image\/\"},\"sameAs\":[\"https:\/\/www.linkedin.com\/company\/optimix-ffr\/\"]}]}<\/script>\n<!-- \/ Yoast SEO Premium plugin. -->","yoast_head_json":{"title":"Optimix Newsletter","description":"Ganz gleich, ob Sie ein erfahrener Profi sind, der nach neuen Ideen sucht, oder ein Anf\u00e4nger, der sein Wissen erweitern m\u00f6chte, unser Newsletter wird sicher Ihre Bed\u00fcrfnisse erf\u00fcllen.","robots":{"index":"noindex","follow":"follow","max-snippet":"max-snippet:-1","max-image-preview":"max-image-preview:large","max-video-preview":"max-video-preview:-1"},"og_locale":"de_DE","og_type":"article","og_title":"Optimix Newsletter","og_description":"Ganz gleich, ob Sie ein erfahrener Profi sind, der nach neuen Ideen sucht, oder ein Anf\u00e4nger, der sein Wissen erweitern m\u00f6chte, unser Newsletter wird sicher Ihre Bed\u00fcrfnisse erf\u00fcllen.","og_url":"https:\/\/preprod.optimix-software.com\/de\/optimix-newsletter\/","og_site_name":"Optimix Software","article_modified_time":"2024-12-03T09:00:44+00:00","og_image":[{"url":"https:\/\/optimix.fr\/wp-content\/uploads\/Livre-blanc-pricing-LinkedIn-Post-LinkedIn-Single-Image-Ad-600x314.png","type":"","width":"","height":""}],"twitter_card":"summary_large_image","twitter_misc":{"Gesch\u00e4tzte Lesezeit":"1\u00a0Minute"},"schema":{"@context":"https:\/\/schema.org","@graph":[{"@type":"WebPage","@id":"https:\/\/preprod.optimix-software.com\/de\/optimix-newsletter\/","url":"https:\/\/preprod.optimix-software.com\/de\/optimix-newsletter\/","name":"Optimix Newsletter","isPartOf":{"@id":"https:\/\/preprod.optimix-software.com\/de\/#website"},"primaryImageOfPage":{"@id":"https:\/\/preprod.optimix-software.com\/de\/optimix-newsletter\/#primaryimage"},"image":{"@id":"https:\/\/preprod.optimix-software.com\/de\/optimix-newsletter\/#primaryimage"},"thumbnailUrl":"https:\/\/preprod.optimix-software.com\/wp-content\/uploads\/news-1-copie.webp","datePublished":"2024-04-03T13:55:46+00:00","dateModified":"2024-12-03T09:00:44+00:00","description":"Ganz gleich, ob Sie ein erfahrener Profi sind, der nach neuen Ideen sucht, oder ein Anf\u00e4nger, der sein Wissen erweitern m\u00f6chte, unser Newsletter wird sicher Ihre Bed\u00fcrfnisse erf\u00fcllen.","breadcrumb":{"@id":"https:\/\/preprod.optimix-software.com\/de\/optimix-newsletter\/#breadcrumb"},"inLanguage":"de","potentialAction":[{"@type":"ReadAction","target":["https:\/\/preprod.optimix-software.com\/de\/optimix-newsletter\/"]}]},{"@type":"ImageObject","inLanguage":"de","@id":"https:\/\/preprod.optimix-software.com\/de\/optimix-newsletter\/#primaryimage","url":"https:\/\/preprod.optimix-software.com\/wp-content\/uploads\/news-1-copie.webp","contentUrl":"https:\/\/preprod.optimix-software.com\/wp-content\/uploads\/news-1-copie.webp","width":300,"height":300},{"@type":"BreadcrumbList","@id":"https:\/\/preprod.optimix-software.com\/de\/optimix-newsletter\/#breadcrumb","itemListElement":[{"@type":"ListItem","position":1,"name":"Startseite","item":"https:\/\/preprod.optimix-software.com\/de\/loesungen-fuer-preisgestaltung-und-lieferkette\/"},{"@type":"ListItem","position":2,"name":"Optimix Newsletter"}]},{"@type":"WebSite","@id":"https:\/\/preprod.optimix-software.com\/de\/#website","url":"https:\/\/preprod.optimix-software.com\/de\/","name":"Optimix Software","description":"Solutions de Pricing et Supply chain d\u00e9di\u00e9es au retail","publisher":{"@id":"https:\/\/preprod.optimix-software.com\/de\/#organization"},"potentialAction":[{"@type":"SearchAction","target":{"@type":"EntryPoint","urlTemplate":"https:\/\/preprod.optimix-software.com\/de\/?s={search_term_string}"},"query-input":{"@type":"PropertyValueSpecification","valueRequired":true,"valueName":"search_term_string"}}],"inLanguage":"de"},{"@type":"Organization","@id":"https:\/\/preprod.optimix-software.com\/de\/#organization","name":"Optimix Software","url":"https:\/\/preprod.optimix-software.com\/de\/","logo":{"@type":"ImageObject","inLanguage":"de","@id":"https:\/\/preprod.optimix-software.com\/de\/#\/schema\/logo\/image\/","url":"https:\/\/preprod.optimix-software.com\/wp-content\/uploads\/logo-carre-optimix-RETAIL-PERFORMANCE-SOFTWARE.jpg","contentUrl":"https:\/\/preprod.optimix-software.com\/wp-content\/uploads\/logo-carre-optimix-RETAIL-PERFORMANCE-SOFTWARE.jpg","width":2001,"height":2001,"caption":"Optimix Software"},"image":{"@id":"https:\/\/preprod.optimix-software.com\/de\/#\/schema\/logo\/image\/"},"sameAs":["https:\/\/www.linkedin.com\/company\/optimix-ffr\/"]}]}},"_links":{"self":[{"href":"https:\/\/preprod.optimix-software.com\/de\/wp-json\/wp\/v2\/pages\/35535","targetHints":{"allow":["GET"]}}],"collection":[{"href":"https:\/\/preprod.optimix-software.com\/de\/wp-json\/wp\/v2\/pages"}],"about":[{"href":"https:\/\/preprod.optimix-software.com\/de\/wp-json\/wp\/v2\/types\/page"}],"author":[{"embeddable":true,"href":"https:\/\/preprod.optimix-software.com\/de\/wp-json\/wp\/v2\/users\/3"}],"replies":[{"embeddable":true,"href":"https:\/\/preprod.optimix-software.com\/de\/wp-json\/wp\/v2\/comments?post=35535"}],"version-history":[{"count":1,"href":"https:\/\/preprod.optimix-software.com\/de\/wp-json\/wp\/v2\/pages\/35535\/revisions"}],"predecessor-version":[{"id":35538,"href":"https:\/\/preprod.optimix-software.com\/de\/wp-json\/wp\/v2\/pages\/35535\/revisions\/35538"}],"wp:featuredmedia":[{"embeddable":true,"href":"https:\/\/preprod.optimix-software.com\/de\/wp-json\/wp\/v2\/media\/35537"}],"wp:attachment":[{"href":"https:\/\/preprod.optimix-software.com\/de\/wp-json\/wp\/v2\/media?parent=35535"}],"curies":[{"name":"wp","href":"https:\/\/api.w.org\/{rel}","templated":true}]}}