{"id":35776,"date":"2024-05-07T16:17:20","date_gmt":"2024-05-07T14:17:20","guid":{"rendered":"https:\/\/preprod.optimix-software.com\/white-paper-supply-chain-demand-planning\/"},"modified":"2025-04-02T13:08:39","modified_gmt":"2025-04-02T11:08:39","slug":"weissbuch-supply-chain-demand-planning","status":"publish","type":"page","link":"https:\/\/preprod.optimix-software.com\/de\/weissbuch-supply-chain-demand-planning\/","title":{"rendered":"Supply chain &#038; Demand Planning: Die Schl\u00fcssel zu einer erfolgreichen Planung"},"content":{"rendered":"\t\t<div data-elementor-type=\"wp-page\" data-elementor-id=\"35776\" class=\"elementor elementor-35776 elementor-26261\" data-elementor-post-type=\"page\">\n\t\t\t\t<div class=\"elementor-element elementor-element-7b6d080 e-flex e-con-boxed e-con e-parent\" data-id=\"7b6d080\" data-element_type=\"container\">\n\t\t\t\t\t<div class=\"e-con-inner\">\n\t\t<div class=\"elementor-element elementor-element-8883b93 e-con-full e-flex e-con e-child\" data-id=\"8883b93\" data-element_type=\"container\">\n\t\t\t\t<div class=\"elementor-element elementor-element-d2a355e elementor-widget elementor-widget-heading\" data-id=\"d2a355e\" data-element_type=\"widget\" data-widget_type=\"heading.default\">\n\t\t\t\t<div class=\"elementor-widget-container\">\n\t\t\t\t\t<h2 class=\"elementor-heading-title elementor-size-default\">Wei\u00dfbuch: <\/br>Supply chain &amp; Demand Planning: Die Schl\u00fcssel zu einer erfolgreichen Planung  <\/h2>\t\t\t\t<\/div>\n\t\t\t\t<\/div>\n\t\t\t\t<div class=\"elementor-element elementor-element-752b682 elementor-widget elementor-widget-text-editor\" data-id=\"752b682\" data-element_type=\"widget\" data-widget_type=\"text-editor.default\">\n\t\t\t\t<div class=\"elementor-widget-container\">\n\t\t\t\t\t\t\t\t\t<p><span style=\"font-weight: 400;\">In diesem neuen Leitfaden erfahren Sie mehr \u00fcber die Bedeutung der Nachfrageprognose und der Planung der Lieferkette.  <\/span><\/p>\n<p><span style=\"font-weight: 400;\">Erforschen Sie die wichtigsten Strategien, um<\/span><b> die Genauigkeit Ihrer Prognosen zu verbessern und Ihr Bestandsmanagement zu optimieren<\/b><span style=\"font-weight: 400;\">.<\/span><\/p>\n\t\t\t\t\t\t\t\t<\/div>\n\t\t\t\t<\/div>\n\t\t\t\t<div class=\"elementor-element elementor-element-fa05927 elementor-widget elementor-widget-text-editor\" data-id=\"fa05927\" data-element_type=\"widget\" data-widget_type=\"text-editor.default\">\n\t\t\t\t<div class=\"elementor-widget-container\">\n\t\t\t\t\t\t\t\t\t<ul>\n<li>Entdecken Sie die wichtigsten Strategien, um die Nachfrageprognose zu meistern,<\/li>\n<li>Stellen Sie sich den Herausforderungen der pr\u00e4zisen Vorhersage,<\/li>\n<li>Bewerten Sie die Qualit\u00e4t der Prognosen und<\/li>\n<li>Ergreifen Sie Ma\u00dfnahmen, um das Risiko von Fehlern zu verringern.<\/li>\n<\/ul>\n\t\t\t\t\t\t\t\t<\/div>\n\t\t\t\t<\/div>\n\t\t\t\t<\/div>\n\t\t<div class=\"elementor-element elementor-element-26064cd e-con-full e-flex e-con e-child\" data-id=\"26064cd\" data-element_type=\"container\">\n\t\t\t\t<div class=\"elementor-element elementor-element-50858c5 elementor-widget elementor-widget-html\" data-id=\"50858c5\" data-element_type=\"widget\" data-widget_type=\"html.default\">\n\t\t\t\t<div class=\"elementor-widget-container\">\n\t\t\t\t\t<script charset=\"utf-8\" type=\"text\/javascript\" src=\"\/\/js-eu1.hsforms.net\/forms\/embed\/v2.js\"><\/script>\n<script>\n  hbspt.forms.create({\n    region: \"eu1\",\n    portalId: \"144414462\",\n    formId: \"d3c74966-3e3f-4449-92b1-fac32448d347\"\n  });\n<\/script>\n\t\t\t\t<\/div>\n\t\t\t\t<\/div>\n\t\t\t\t<\/div>\n\t\t\t\t\t<\/div>\n\t\t\t\t<\/div>\n\t\t\t\t<\/div>\n\t\t","protected":false},"excerpt":{"rendered":"<p>Erfahren Sie in unserem Whitepaper \u00fcber Prognosemanagement, wie Sie die Kundennachfrage antizipieren und die Lieferkette optimieren k\u00f6nnen.<\/p>\n","protected":false},"author":3,"featured_media":35778,"parent":0,"menu_order":0,"comment_status":"closed","ping_status":"closed","template":"","meta":{"inline_featured_image":false,"footnotes":""},"class_list":["post-35776","page","type-page","status-publish","has-post-thumbnail","hentry"],"yoast_head":"<!-- This site is optimized with the Yoast SEO Premium plugin v22.8 (Yoast SEO v25.1) - https:\/\/yoast.com\/wordpress\/plugins\/seo\/ -->\n<title>Wei\u00dfbuch Demand Planning<\/title>\n<meta name=\"description\" content=\"Erfahren Sie in unserem Whitepaper \u00fcber Prognosemanagement, wie Sie die Kundennachfrage antizipieren und die Lieferkette optimieren k\u00f6nnen.\" \/>\n<meta name=\"robots\" content=\"noindex, follow, max-snippet:-1, max-image-preview:large, max-video-preview:-1\" \/>\n<meta property=\"og:locale\" content=\"de_DE\" \/>\n<meta property=\"og:type\" content=\"article\" \/>\n<meta property=\"og:title\" content=\"Supply chain &amp; Demand Planning: Die Schl\u00fcssel zu einer erfolgreichen Planung\" \/>\n<meta property=\"og:description\" content=\"Erfahren Sie in unserem Whitepaper \u00fcber Prognosemanagement, wie Sie die Kundennachfrage antizipieren und die Lieferkette optimieren k\u00f6nnen.\" \/>\n<meta property=\"og:url\" content=\"https:\/\/preprod.optimix-software.com\/de\/weissbuch-supply-chain-demand-planning\/\" \/>\n<meta property=\"og:site_name\" content=\"Optimix Software\" \/>\n<meta property=\"article:modified_time\" content=\"2025-04-02T11:08:39+00:00\" \/>\n<meta property=\"og:image\" content=\"https:\/\/preprod.optimix-software.com\/wp-content\/uploads\/banniere-livre-blanc-demand-planning.webp\" \/>\n\t<meta property=\"og:image:width\" content=\"1000\" \/>\n\t<meta property=\"og:image:height\" content=\"416\" \/>\n\t<meta property=\"og:image:type\" content=\"image\/webp\" \/>\n<meta name=\"twitter:card\" content=\"summary_large_image\" \/>\n<meta name=\"twitter:label1\" content=\"Gesch\u00e4tzte Lesezeit\" \/>\n\t<meta name=\"twitter:data1\" content=\"1\u00a0Minute\" \/>\n<script type=\"application\/ld+json\" class=\"yoast-schema-graph\">{\"@context\":\"https:\/\/schema.org\",\"@graph\":[{\"@type\":\"WebPage\",\"@id\":\"https:\/\/preprod.optimix-software.com\/de\/weissbuch-supply-chain-demand-planning\/\",\"url\":\"https:\/\/preprod.optimix-software.com\/de\/weissbuch-supply-chain-demand-planning\/\",\"name\":\"Wei\u00dfbuch Demand Planning\",\"isPartOf\":{\"@id\":\"https:\/\/preprod.optimix-software.com\/de\/#website\"},\"primaryImageOfPage\":{\"@id\":\"https:\/\/preprod.optimix-software.com\/de\/weissbuch-supply-chain-demand-planning\/#primaryimage\"},\"image\":{\"@id\":\"https:\/\/preprod.optimix-software.com\/de\/weissbuch-supply-chain-demand-planning\/#primaryimage\"},\"thumbnailUrl\":\"https:\/\/preprod.optimix-software.com\/wp-content\/uploads\/banniere-livre-blanc-demand-planning.webp\",\"datePublished\":\"2024-05-07T14:17:20+00:00\",\"dateModified\":\"2025-04-02T11:08:39+00:00\",\"description\":\"Erfahren Sie in unserem Whitepaper \u00fcber Prognosemanagement, wie Sie die Kundennachfrage antizipieren und die Lieferkette optimieren k\u00f6nnen.\",\"breadcrumb\":{\"@id\":\"https:\/\/preprod.optimix-software.com\/de\/weissbuch-supply-chain-demand-planning\/#breadcrumb\"},\"inLanguage\":\"de\",\"potentialAction\":[{\"@type\":\"ReadAction\",\"target\":[\"https:\/\/preprod.optimix-software.com\/de\/weissbuch-supply-chain-demand-planning\/\"]}]},{\"@type\":\"ImageObject\",\"inLanguage\":\"de\",\"@id\":\"https:\/\/preprod.optimix-software.com\/de\/weissbuch-supply-chain-demand-planning\/#primaryimage\",\"url\":\"https:\/\/preprod.optimix-software.com\/wp-content\/uploads\/banniere-livre-blanc-demand-planning.webp\",\"contentUrl\":\"https:\/\/preprod.optimix-software.com\/wp-content\/uploads\/banniere-livre-blanc-demand-planning.webp\",\"width\":1000,\"height\":416,\"caption\":\"Wei\u00dfbuch Supply Demand Planning Die Schl\u00fcssel zu einer erfolgreichen Planung\"},{\"@type\":\"BreadcrumbList\",\"@id\":\"https:\/\/preprod.optimix-software.com\/de\/weissbuch-supply-chain-demand-planning\/#breadcrumb\",\"itemListElement\":[{\"@type\":\"ListItem\",\"position\":1,\"name\":\"Startseite\",\"item\":\"https:\/\/preprod.optimix-software.com\/de\/loesungen-fuer-preisgestaltung-und-lieferkette\/\"},{\"@type\":\"ListItem\",\"position\":2,\"name\":\"Supply chain &#038; Demand Planning: Die Schl\u00fcssel zu einer erfolgreichen Planung\"}]},{\"@type\":\"WebSite\",\"@id\":\"https:\/\/preprod.optimix-software.com\/de\/#website\",\"url\":\"https:\/\/preprod.optimix-software.com\/de\/\",\"name\":\"Optimix Software\",\"description\":\"Solutions de Pricing et Supply chain d\u00e9di\u00e9es au retail\",\"publisher\":{\"@id\":\"https:\/\/preprod.optimix-software.com\/de\/#organization\"},\"potentialAction\":[{\"@type\":\"SearchAction\",\"target\":{\"@type\":\"EntryPoint\",\"urlTemplate\":\"https:\/\/preprod.optimix-software.com\/de\/?s={search_term_string}\"},\"query-input\":{\"@type\":\"PropertyValueSpecification\",\"valueRequired\":true,\"valueName\":\"search_term_string\"}}],\"inLanguage\":\"de\"},{\"@type\":\"Organization\",\"@id\":\"https:\/\/preprod.optimix-software.com\/de\/#organization\",\"name\":\"Optimix Software\",\"url\":\"https:\/\/preprod.optimix-software.com\/de\/\",\"logo\":{\"@type\":\"ImageObject\",\"inLanguage\":\"de\",\"@id\":\"https:\/\/preprod.optimix-software.com\/de\/#\/schema\/logo\/image\/\",\"url\":\"https:\/\/preprod.optimix-software.com\/wp-content\/uploads\/logo-carre-optimix-RETAIL-PERFORMANCE-SOFTWARE.jpg\",\"contentUrl\":\"https:\/\/preprod.optimix-software.com\/wp-content\/uploads\/logo-carre-optimix-RETAIL-PERFORMANCE-SOFTWARE.jpg\",\"width\":2001,\"height\":2001,\"caption\":\"Optimix Software\"},\"image\":{\"@id\":\"https:\/\/preprod.optimix-software.com\/de\/#\/schema\/logo\/image\/\"},\"sameAs\":[\"https:\/\/www.linkedin.com\/company\/optimix-ffr\/\"]}]}<\/script>\n<!-- \/ Yoast SEO Premium plugin. -->","yoast_head_json":{"title":"Wei\u00dfbuch Demand Planning","description":"Erfahren Sie in unserem Whitepaper \u00fcber Prognosemanagement, wie Sie die Kundennachfrage antizipieren und die Lieferkette optimieren k\u00f6nnen.","robots":{"index":"noindex","follow":"follow","max-snippet":"max-snippet:-1","max-image-preview":"max-image-preview:large","max-video-preview":"max-video-preview:-1"},"og_locale":"de_DE","og_type":"article","og_title":"Supply chain & Demand Planning: Die Schl\u00fcssel zu einer erfolgreichen Planung","og_description":"Erfahren Sie in unserem Whitepaper \u00fcber Prognosemanagement, wie Sie die Kundennachfrage antizipieren und die Lieferkette optimieren k\u00f6nnen.","og_url":"https:\/\/preprod.optimix-software.com\/de\/weissbuch-supply-chain-demand-planning\/","og_site_name":"Optimix Software","article_modified_time":"2025-04-02T11:08:39+00:00","og_image":[{"width":1000,"height":416,"url":"https:\/\/preprod.optimix-software.com\/wp-content\/uploads\/banniere-livre-blanc-demand-planning.webp","type":"image\/webp"}],"twitter_card":"summary_large_image","twitter_misc":{"Gesch\u00e4tzte Lesezeit":"1\u00a0Minute"},"schema":{"@context":"https:\/\/schema.org","@graph":[{"@type":"WebPage","@id":"https:\/\/preprod.optimix-software.com\/de\/weissbuch-supply-chain-demand-planning\/","url":"https:\/\/preprod.optimix-software.com\/de\/weissbuch-supply-chain-demand-planning\/","name":"Wei\u00dfbuch Demand Planning","isPartOf":{"@id":"https:\/\/preprod.optimix-software.com\/de\/#website"},"primaryImageOfPage":{"@id":"https:\/\/preprod.optimix-software.com\/de\/weissbuch-supply-chain-demand-planning\/#primaryimage"},"image":{"@id":"https:\/\/preprod.optimix-software.com\/de\/weissbuch-supply-chain-demand-planning\/#primaryimage"},"thumbnailUrl":"https:\/\/preprod.optimix-software.com\/wp-content\/uploads\/banniere-livre-blanc-demand-planning.webp","datePublished":"2024-05-07T14:17:20+00:00","dateModified":"2025-04-02T11:08:39+00:00","description":"Erfahren Sie in unserem Whitepaper \u00fcber Prognosemanagement, wie Sie die Kundennachfrage antizipieren und die Lieferkette optimieren k\u00f6nnen.","breadcrumb":{"@id":"https:\/\/preprod.optimix-software.com\/de\/weissbuch-supply-chain-demand-planning\/#breadcrumb"},"inLanguage":"de","potentialAction":[{"@type":"ReadAction","target":["https:\/\/preprod.optimix-software.com\/de\/weissbuch-supply-chain-demand-planning\/"]}]},{"@type":"ImageObject","inLanguage":"de","@id":"https:\/\/preprod.optimix-software.com\/de\/weissbuch-supply-chain-demand-planning\/#primaryimage","url":"https:\/\/preprod.optimix-software.com\/wp-content\/uploads\/banniere-livre-blanc-demand-planning.webp","contentUrl":"https:\/\/preprod.optimix-software.com\/wp-content\/uploads\/banniere-livre-blanc-demand-planning.webp","width":1000,"height":416,"caption":"Wei\u00dfbuch Supply Demand Planning Die Schl\u00fcssel zu einer erfolgreichen Planung"},{"@type":"BreadcrumbList","@id":"https:\/\/preprod.optimix-software.com\/de\/weissbuch-supply-chain-demand-planning\/#breadcrumb","itemListElement":[{"@type":"ListItem","position":1,"name":"Startseite","item":"https:\/\/preprod.optimix-software.com\/de\/loesungen-fuer-preisgestaltung-und-lieferkette\/"},{"@type":"ListItem","position":2,"name":"Supply chain &#038; Demand Planning: Die Schl\u00fcssel zu einer erfolgreichen Planung"}]},{"@type":"WebSite","@id":"https:\/\/preprod.optimix-software.com\/de\/#website","url":"https:\/\/preprod.optimix-software.com\/de\/","name":"Optimix Software","description":"Solutions de Pricing et Supply chain d\u00e9di\u00e9es au retail","publisher":{"@id":"https:\/\/preprod.optimix-software.com\/de\/#organization"},"potentialAction":[{"@type":"SearchAction","target":{"@type":"EntryPoint","urlTemplate":"https:\/\/preprod.optimix-software.com\/de\/?s={search_term_string}"},"query-input":{"@type":"PropertyValueSpecification","valueRequired":true,"valueName":"search_term_string"}}],"inLanguage":"de"},{"@type":"Organization","@id":"https:\/\/preprod.optimix-software.com\/de\/#organization","name":"Optimix Software","url":"https:\/\/preprod.optimix-software.com\/de\/","logo":{"@type":"ImageObject","inLanguage":"de","@id":"https:\/\/preprod.optimix-software.com\/de\/#\/schema\/logo\/image\/","url":"https:\/\/preprod.optimix-software.com\/wp-content\/uploads\/logo-carre-optimix-RETAIL-PERFORMANCE-SOFTWARE.jpg","contentUrl":"https:\/\/preprod.optimix-software.com\/wp-content\/uploads\/logo-carre-optimix-RETAIL-PERFORMANCE-SOFTWARE.jpg","width":2001,"height":2001,"caption":"Optimix Software"},"image":{"@id":"https:\/\/preprod.optimix-software.com\/de\/#\/schema\/logo\/image\/"},"sameAs":["https:\/\/www.linkedin.com\/company\/optimix-ffr\/"]}]}},"_links":{"self":[{"href":"https:\/\/preprod.optimix-software.com\/de\/wp-json\/wp\/v2\/pages\/35776","targetHints":{"allow":["GET"]}}],"collection":[{"href":"https:\/\/preprod.optimix-software.com\/de\/wp-json\/wp\/v2\/pages"}],"about":[{"href":"https:\/\/preprod.optimix-software.com\/de\/wp-json\/wp\/v2\/types\/page"}],"author":[{"embeddable":true,"href":"https:\/\/preprod.optimix-software.com\/de\/wp-json\/wp\/v2\/users\/3"}],"replies":[{"embeddable":true,"href":"https:\/\/preprod.optimix-software.com\/de\/wp-json\/wp\/v2\/comments?post=35776"}],"version-history":[{"count":7,"href":"https:\/\/preprod.optimix-software.com\/de\/wp-json\/wp\/v2\/pages\/35776\/revisions"}],"predecessor-version":[{"id":45135,"href":"https:\/\/preprod.optimix-software.com\/de\/wp-json\/wp\/v2\/pages\/35776\/revisions\/45135"}],"wp:featuredmedia":[{"embeddable":true,"href":"https:\/\/preprod.optimix-software.com\/de\/wp-json\/wp\/v2\/media\/35778"}],"wp:attachment":[{"href":"https:\/\/preprod.optimix-software.com\/de\/wp-json\/wp\/v2\/media?parent=35776"}],"curies":[{"name":"wp","href":"https:\/\/api.w.org\/{rel}","templated":true}]}}