{"id":35781,"date":"2023-07-28T14:07:44","date_gmt":"2023-07-28T12:07:44","guid":{"rendered":"https:\/\/preprod.optimix-software.com\/datenschutzerklaerung-persoenliche-daten-und-cookies\/"},"modified":"2024-12-03T10:02:03","modified_gmt":"2024-12-03T09:02:03","slug":"datenschutzerklaerung-persoenliche-daten-und-cookies","status":"publish","type":"page","link":"https:\/\/preprod.optimix-software.com\/de\/datenschutzerklaerung-persoenliche-daten-und-cookies\/","title":{"rendered":"Datenschutzerkl\u00e4rung &#8211; Pers\u00f6nliche Daten und Cookies"},"content":{"rendered":"\t\t<div data-elementor-type=\"wp-page\" data-elementor-id=\"35781\" class=\"elementor elementor-35781 elementor-13355\" data-elementor-post-type=\"page\">\n\t\t\t\t<div class=\"elementor-element elementor-element-441ea9f e-flex e-con-boxed e-con e-parent\" data-id=\"441ea9f\" data-element_type=\"container\">\n\t\t\t\t\t<div class=\"e-con-inner\">\n\t\t\t\t<div class=\"elementor-element elementor-element-9889957 elementor-widget elementor-widget-text-editor\" data-id=\"9889957\" data-element_type=\"widget\" data-widget_type=\"text-editor.default\">\n\t\t\t\t<div class=\"elementor-widget-container\">\n\t\t\t\t\t\t\t\t\t<h3>G\u00fcltig ab 1. April 2021<\/h3>\n<h4>Definitionen<\/h4>\n<p><strong>Der Herausgeber:<\/strong> die nat\u00fcrliche oder juristische Person, die die \u00f6ffentlichen Online-Kommunikationsdienste ver\u00f6ffentlicht.<\/p>\n<p><strong>Die Website:<\/strong> alle Websites, Internetseiten und Online-Dienste, die vom Verlag angeboten werden.<\/p>\n<p><strong>Der Nutzer<\/strong><strong>:<\/strong> die Person, die die Website und ihre Dienste nutzt.<\/p>\n<h4>1 &#8211; Art der erhobenen Daten<\/h4>\n<p><strong>Im Zuge der Nutzung der Websites kann der Herausgeber die<\/strong><strong>folgenden<\/strong><br \/><strong>Datenkategorien \u00fcber seine Nutzer<\/strong><strong>erfassen<\/strong><strong>:<\/strong><br \/>Daten zum Personenstand, zur Identit\u00e4t, zur Identifizierung&#8230;<br \/>Daten zum Berufsleben (Lebenslauf, Ausbildung, berufliche Weiterbildung, Auszeichnungen usw.)<br \/>Verbindungsdaten (IP-Adressen, Ereignisprotokolle&#8230;)<br \/>Standortdaten (Bewegungen, GPS-Daten, GSM&#8230;)<\/p>\n<h4>2 &#8211; Weitergabe von personenbezogenen Daten an Dritte<\/h4>\n<p><strong>Keine Weitergabe an Dritte: <\/strong><br \/>Ihre Daten werden nicht an Dritte weitergegeben. Sie werden jedoch dar\u00fcber informiert, dass Ihre Daten in Anwendung eines Gesetzes, einer Verordnung oder aufgrund einer Entscheidung einer zust\u00e4ndigen Aufsichts- oder Justizbeh\u00f6rde weitergegeben werden k\u00f6nnen. <\/p>\n<h4>3 &#8211; Vorabinformation f\u00fcr die Weitergabe von personenbezogenen Daten an Dritte im Falle einer Fusion\/Aufnahme<\/h4>\n<p><strong>Einholung der Zustimmung zur Daten\u00fcbertragung nach einer Fusion\/Akquisition:<\/strong><br \/>Falls wir an einer Fusion, einer Akquisition oder einer anderen Form der \u00dcbertragung von Verm\u00f6genswerten beteiligt sind, werden wir Ihre vorherige Zustimmung zur \u00dcbertragung Ihrer pers\u00f6nlichen Daten einholen und den Grad der Vertraulichkeit Ihrer pers\u00f6nlichen Daten, dem Sie zugestimmt haben, aufrechterhalten.<\/p>\n<h4>4 &#8211; Daten-Aggregation<\/h4>\n<p><strong>Zusammenf\u00fchrung mit nicht-personenbezogenen Daten:<\/strong><br \/>Wir k\u00f6nnen zusammengefasste Daten (Informationen \u00fcber alle unsere Nutzer oder bestimmte Gruppen oder Kategorien von Nutzern, die wir so kombinieren, dass ein einzelner Nutzer nicht mehr identifiziert werden kann) und nicht-personenbezogene Daten f\u00fcr Branchen- und Marktanalysen, demografische Profilerstellung, Werbezwecke und andere Gesch\u00e4ftszwecke ver\u00f6ffentlichen, offenlegen und verwenden.<\/p>\n<p><strong>Zusammenf\u00fchrung mit pers\u00f6nlichen Daten, die in den sozialen Konten des Nutzers verf\u00fcgbar sind:<\/strong><br \/>Wenn Sie Ihr Konto mit einem Konto bei einem anderen Dienst verbinden, um Cross-Posting zu betreiben, kann dieser Dienst Ihre Profil- und Anmeldedaten sowie alle anderen Daten, deren Weitergabe Sie uns gestattet haben, weitergeben. Wir k\u00f6nnen Informationen \u00fcber alle unsere anderen Benutzer, Gruppen und Konten mit den \u00fcber den Benutzer verf\u00fcgbaren pers\u00f6nlichen Daten zusammenfassen. <\/p>\n<h4>5 &#8211; Identit\u00e4tsdaten sammeln<\/h4>\n<p><strong>Kostenlose Konsultation:<\/strong><br \/>Die Konsultation der Website erfordert keine Registrierung oder vorherige Identifizierung. Sie kann durchgef\u00fchrt werden, ohne dass Sie pers\u00f6nliche Daten \u00fcber sich mitteilen (Name, Vorname, Adresse, usw.). F\u00fcr die einfache Konsultation der Website erfassen wir keine pers\u00f6nlichen Daten.  <\/p>\n<h4>6 &#8211; Identifikationsdaten sammeln<\/h4>\n<p><strong>Verwendung der Benutzer-ID nur f\u00fcr den Zugang zu den Diensten:<\/strong><br \/>Wir verwenden Ihre elektronischen Anmeldedaten nur f\u00fcr und w\u00e4hrend der Erf\u00fcllung des Vertrags.<\/p>\n<h4>7 &#8211; Erfassung von Terminaldaten<\/h4>\n<p><strong>Erhebung von Profiling und technischen Daten zum Zweck der Bereitstellung der<\/strong><br \/><strong>Service:<\/strong> <br \/>Einige der technischen Daten Ihres Ger\u00e4ts werden von der Website automatisch erfasst. Zu diesen Daten geh\u00f6ren insbesondere Ihre IP-Adresse, Ihr Internetzugangsanbieter, Ihre Hardwarekonfiguration, Ihre Softwarekonfiguration, Ihr Browsertyp und Ihre Sprache, usw. Die Erfassung dieser Daten ist f\u00fcr die Bereitstellung der Dienste erforderlich.    <\/p>\n<p><strong>Erfassung technischer Daten f\u00fcr Werbe-, Marketing- und statistische Zwecke:<\/strong><br \/>Technische Daten von Ihrem Ger\u00e4t werden von der Website automatisch f\u00fcr Werbe-, Marketing- und statistische Zwecke erfasst und aufgezeichnet. Diese Informationen helfen uns, Ihre Erfahrung auf unserer Website zu personalisieren und kontinuierlich zu verbessern. Wir sammeln und speichern keine pers\u00f6nlichen Daten (Name, Vorname, Adresse&#8230;), die mit den technischen Daten verbunden sein k\u00f6nnten. Die gesammelten Daten k\u00f6nnen an Dritte verkauft werden.   <\/p>\n<h4>8 &#8211; Kekse<\/h4>\n<p><strong>Dauer der Aufbewahrung von Cookies:<\/strong><br \/>Gem\u00e4\u00df den Empfehlungen der CNIL betr\u00e4gt die maximale Aufbewahrungsdauer f\u00fcr Cookies 13 Monate nach ihrer ersten Hinterlegung auf dem Endger\u00e4t des Benutzers, ebenso wie die Dauer der G\u00fcltigkeit der Zustimmung des Benutzers zur Verwendung dieser Cookies. Die Lebensdauer der Cookies wird nicht bei jedem Besuch verl\u00e4ngert. Die Zustimmung des Nutzers muss daher am Ende dieses Zeitraums erneuert werden.  <\/p>\n<p><strong>Zweck der Cookies:<\/strong><br \/>Cookies k\u00f6nnen zu statistischen Zwecken verwendet werden, insbesondere um die dem Benutzer angebotenen Dienste zu optimieren, und zwar auf der Grundlage der Verarbeitung von Informationen \u00fcber die H\u00e4ufigkeit der Zugriffe, die Personalisierung der Seiten sowie die durchgef\u00fchrten Vorg\u00e4nge und die abgerufenen Informationen.<br \/>Sie werden dar\u00fcber informiert, dass der Herausgeber Cookies auf Ihrem Endger\u00e4t platzieren kann. Das Cookie speichert Informationen \u00fcber die Navigation auf dem Dienst (die von Ihnen aufgerufenen Seiten, das Datum und die Uhrzeit des Aufrufs usw.), die wir bei Ihren sp\u00e4teren Besuchen lesen k\u00f6nnen. <\/p>\n<p><strong>Recht des Nutzers, Cookies abzulehnen:<\/strong><br \/>Sie best\u00e4tigen, dass Sie dar\u00fcber informiert wurden, dass der Herausgeber Cookies verwenden kann. Wenn Sie nicht m\u00f6chten, dass Cookies auf Ihrem Ger\u00e4t verwendet werden, k\u00f6nnen Sie in den meisten Browsern die Verwendung von Cookies \u00fcber die Einstellungsoptionen deaktivieren. <\/p>\n<h4>9 &#8211; Aufbewahrung der technischen Daten<\/h4>\n<p><strong>Dauer der Aufbewahrung der technischen Daten:<\/strong><strong> <br \/> Die technischen Daten werden so lange aufbewahrt, wie es unbedingt notwendig ist, um die oben genannten Zwecke zu erreichen.<\/strong><\/p>\n<h4>10 &#8211; Aufbewahrungsfrist f\u00fcr personenbezogene Daten und Anonymisierung<\/h4>\n<p><strong>Aufbewahrung der Daten f\u00fcr die Dauer des Vertragsverh\u00e4ltnisses:<\/strong><br \/>Gem\u00e4\u00df Artikel 6-5\u00b0 des Gesetzes n\u00b078-17 vom 6. Januar 1978 \u00fcber die Datenverarbeitung, die Dateien und die Freiheiten werden die personenbezogenen Daten, die Gegenstand einer Behandlung sind, nicht l\u00e4nger aufbewahrt, als es f\u00fcr die Erf\u00fcllung der zum Zeitpunkt des Vertragsabschlusses festgelegten Verpflichtungen oder f\u00fcr die vordefinierte Dauer des Vertragsverh\u00e4ltnisses erforderlich ist.<\/p>\n<p><strong>Aufbewahrung anonymisierter Daten \u00fcber das Vertragsverh\u00e4ltnis hinaus \/ nach Kontol\u00f6schung:<\/strong><br \/>Wir bewahren personenbezogene Daten so lange auf, wie es unbedingt notwendig ist, um die in dieser Datenschutzrichtlinie beschriebenen Zwecke zu erf\u00fcllen. Nach diesem Zeitraum werden die Daten anonymisiert und nur f\u00fcr statistische Zwecke aufbewahrt und in keiner Weise verwendet. <\/p>\n<p><strong>L\u00f6schung von Daten nach L\u00f6schung des Kontos:<\/strong><br \/>Es werden Mittel zur Datenl\u00f6schung eingerichtet, um eine effektive L\u00f6schung der Daten zu gew\u00e4hrleisten, sobald die Aufbewahrungs- oder Archivierungsfrist, die f\u00fcr die Erreichung der festgelegten oder auferlegten Zwecke erforderlich ist, erreicht ist. Gem\u00e4\u00df dem Gesetz Nr. 78-17 vom 6. Januar 1978 \u00fcber die Datenverarbeitung, die Dateien und die Freiheiten haben Sie dar\u00fcber hinaus ein Recht auf L\u00f6schung Ihrer Daten, das Sie st\u00e4ndig aus\u00fcben k\u00f6nnen, indem Sie sich an den Herausgeber wenden. <\/p>\n<p><strong>L\u00f6schung der Daten nach 3 Jahren Inaktivit\u00e4t:<\/strong><br \/>Wenn Sie sich drei Jahre lang nicht auf der Website angemeldet haben, erhalten Sie aus Sicherheitsgr\u00fcnden eine E-Mail, in der Sie aufgefordert werden, sich so bald wie m\u00f6glich anzumelden, andernfalls werden Ihre Daten aus unseren Datenbanken gel\u00f6scht.<\/p>\n<h4>11 &#8211; Konto-L\u00f6schung<\/h4>\n<p><strong>L\u00f6schung des Kontos auf Anfrage:<\/strong><br \/>Der Benutzer hat die M\u00f6glichkeit, sein Konto jederzeit zu l\u00f6schen, indem er eine einfache Anfrage an den Herausgeber stellt ODER \u00fcber das Men\u00fc zum L\u00f6schen des Kontos in den Kontoeinstellungen, falls zutreffend.<\/p>\n<p><strong>Kontol\u00f6schung bei Verst\u00f6\u00dfen gegen die Datenschutzrichtlinien:<\/strong><br \/>Im Falle eines Versto\u00dfes gegen eine oder mehrere Bestimmungen der Datenschutzrichtlinien oder eines anderen Dokuments, auf das hierin verwiesen wird, beh\u00e4lt sich der Herausgeber das Recht vor, ohne vorherige Ank\u00fcndigung und nach eigenem Ermessen Ihre Nutzung und Ihren Zugang zu den Diensten, Ihrem Konto und allen Seiten zu beenden oder einzuschr\u00e4nken.<\/p>\n<h4>12 &#8211; Hinweise im Falle eines vom Verlag festgestellten Sicherheitsversto\u00dfes<\/h4>\n<p><strong>Information des Benutzers im Falle einer Sicherheitsverletzung:<\/strong><br \/>Wir verpflichten uns, alle angemessenen technischen und organisatorischen Ma\u00dfnahmen zu ergreifen, um ein Sicherheitsniveau zu gew\u00e4hrleisten, das den Risiken eines versehentlichen, unbefugten oder illegalen Zugriffs, einer Offenlegung, Ver\u00e4nderung, eines Verlusts oder einer Zerst\u00f6rung der Sie betreffenden personenbezogenen Daten angemessen ist. F\u00fcr den Fall, dass wir von einem unrechtm\u00e4\u00dfigen Zugriff auf Ihre personenbezogenen Daten, die auf unseren Servern oder denen unserer Dienstleister gespeichert sind, oder von einem unbefugten Zugriff, der zu den oben genannten Risiken f\u00fchrt, Kenntnis erlangen, verpflichten wir uns: <br \/>&#8211; Sie so schnell wie m\u00f6glich \u00fcber den Vorfall zu informieren;<br \/>&#8211; Die Ursachen des Vorfalls zu untersuchen und Sie dar\u00fcber zu informieren;<br \/>&#8211; Angemessene Schritte zu unternehmen, um nachteilige Auswirkungen und Sch\u00e4den, die sich aus dem Vorfall ergeben k\u00f6nnen, zu mindern. <\/p>\n<p><strong>Haftungsbeschr\u00e4nkung<\/strong><br \/>Die im obigen Punkt genannten Verpflichtungen zur Benachrichtigung im Falle eines Sicherheitsversto\u00dfes sind keinesfalls als Eingest\u00e4ndnis eines Verschuldens oder einer Haftung f\u00fcr das Auftreten des betreffenden Vorfalls auszulegen.<\/p>\n<h4>13 &#8211; \u00dcbermittlung von personenbezogenen Daten ins Ausland<\/h4>\n<p><strong>Keine \u00dcbertragung au\u00dferhalb der Europ\u00e4ischen Union:<\/strong><br \/>Der Verlag verpflichtet sich, die pers\u00f6nlichen Daten seiner Nutzer nicht au\u00dferhalb der Europ\u00e4ischen Union zu \u00fcbertragen.<\/p>\n<h4>14 &#8211; \u00c4nderung der Datenschutzbestimmungen<\/h4>\n<p><strong>Sollte sich diese Datenschutzrichtlinie \u00e4ndern, werden wir das Niveau des Datenschutzes nicht wesentlich senken, ohne Sie vorher zu informieren.<\/strong><br \/>Wir verpflichten uns, Sie im Falle einer wesentlichen \u00c4nderung dieser Datenschutzrichtlinie zu informieren und das Niveau der Vertraulichkeit Ihrer Daten nicht wesentlich zu senken, ohne Sie zu informieren und Ihre Zustimmung einzuholen.<\/p>\n<h4>15 &#8211; Anwendbares Recht und Rechtsmittel<\/h4>\n<p><strong>Schiedsklausel:<\/strong><br \/>Sie erkl\u00e4ren sich ausdr\u00fccklich damit einverstanden, dass alle Streitigkeiten, die sich aus dieser Datenschutzrichtlinie ergeben, einschlie\u00dflich ihrer Auslegung oder Durchsetzung, einem Schiedsverfahren nach den Regeln einer einvernehmlich vereinbarten Schiedsplattform unterworfen werden, an die Sie sich vorbehaltlos halten werden.<\/p>\n<h4>16 &#8211; Daten\u00fcbertragbarkeit<\/h4>\n<p><strong>Daten\u00fcbertragbarkeit:<\/strong><br \/>Der Herausgeber verpflichtet sich, Ihnen die M\u00f6glichkeit zu bieten, alle Ihre Daten auf Anfrage zur\u00fcckzuerhalten. Der Nutzer erh\u00e4lt so eine bessere Kontrolle \u00fcber seine Daten und beh\u00e4lt die M\u00f6glichkeit, sie wiederzuverwenden. Diese Daten m\u00fcssen in einem offenen und leicht wiederverwendbaren Format bereitgestellt werden.  <\/p>\n\t\t\t\t\t\t\t\t<\/div>\n\t\t\t\t<\/div>\n\t\t\t\t\t<\/div>\n\t\t\t\t<\/div>\n\t\t\t\t<\/div>\n\t\t","protected":false},"excerpt":{"rendered":"<p>G\u00fcltig ab 1. April 2021 Definitionen Der Herausgeber: die nat\u00fcrliche oder juristische Person, die die \u00f6ffentlichen Online-Kommunikationsdienste ver\u00f6ffentlicht. Die Website: alle Websites, Internetseiten und Online-Dienste, die vom Verlag angeboten werden. Der Nutzer: die Person, die die Website und ihre Dienste nutzt. 1 &#8211; Art der erhobenen Daten Im Zuge der Nutzung der Websites kann der [&hellip;]<\/p>\n","protected":false},"author":3,"featured_media":0,"parent":0,"menu_order":0,"comment_status":"closed","ping_status":"closed","template":"","meta":{"inline_featured_image":false,"footnotes":""},"class_list":["post-35781","page","type-page","status-publish","hentry"],"yoast_head":"<!-- This site is optimized with the Yoast SEO Premium plugin v22.8 (Yoast SEO v25.1) - https:\/\/yoast.com\/wordpress\/plugins\/seo\/ -->\n<title>Datenschutzerkl\u00e4rung - Pers\u00f6nliche Daten und Cookies<\/title>\n<meta name=\"description\" content=\"Hier finden Sie unsere Datenschutzbestimmungen und alle Informationen zu pers\u00f6nlichen Daten und Cookies.\" \/>\n<meta name=\"robots\" content=\"noindex, follow, max-snippet:-1, max-image-preview:large, max-video-preview:-1\" \/>\n<meta property=\"og:locale\" content=\"de_DE\" \/>\n<meta property=\"og:type\" content=\"article\" \/>\n<meta property=\"og:title\" content=\"Datenschutzerkl\u00e4rung - Pers\u00f6nliche Daten und Cookies\" \/>\n<meta property=\"og:description\" content=\"Hier finden Sie unsere Datenschutzbestimmungen und alle Informationen zu pers\u00f6nlichen Daten und Cookies.\" \/>\n<meta property=\"og:url\" content=\"https:\/\/preprod.optimix-software.com\/de\/datenschutzerklaerung-persoenliche-daten-und-cookies\/\" \/>\n<meta property=\"og:site_name\" content=\"Optimix Software\" \/>\n<meta property=\"article:modified_time\" content=\"2024-12-03T09:02:03+00:00\" \/>\n<meta property=\"og:image\" content=\"https:\/\/preprod.optimix-software.com\/wp-content\/uploads\/logo-optimix-yoast.png\" \/>\n\t<meta property=\"og:image:width\" content=\"1200\" \/>\n\t<meta property=\"og:image:height\" content=\"675\" \/>\n\t<meta property=\"og:image:type\" content=\"image\/png\" \/>\n<meta name=\"twitter:card\" content=\"summary_large_image\" \/>\n<meta name=\"twitter:label1\" content=\"Gesch\u00e4tzte Lesezeit\" \/>\n\t<meta name=\"twitter:data1\" content=\"8\u00a0Minuten\" \/>\n<script type=\"application\/ld+json\" class=\"yoast-schema-graph\">{\"@context\":\"https:\/\/schema.org\",\"@graph\":[{\"@type\":\"WebPage\",\"@id\":\"https:\/\/preprod.optimix-software.com\/de\/datenschutzerklaerung-persoenliche-daten-und-cookies\/\",\"url\":\"https:\/\/preprod.optimix-software.com\/de\/datenschutzerklaerung-persoenliche-daten-und-cookies\/\",\"name\":\"Datenschutzerkl\u00e4rung - Pers\u00f6nliche Daten und Cookies\",\"isPartOf\":{\"@id\":\"https:\/\/preprod.optimix-software.com\/de\/#website\"},\"datePublished\":\"2023-07-28T12:07:44+00:00\",\"dateModified\":\"2024-12-03T09:02:03+00:00\",\"description\":\"Hier finden Sie unsere Datenschutzbestimmungen und alle Informationen zu pers\u00f6nlichen Daten und Cookies.\",\"breadcrumb\":{\"@id\":\"https:\/\/preprod.optimix-software.com\/de\/datenschutzerklaerung-persoenliche-daten-und-cookies\/#breadcrumb\"},\"inLanguage\":\"de\",\"potentialAction\":[{\"@type\":\"ReadAction\",\"target\":[\"https:\/\/preprod.optimix-software.com\/de\/datenschutzerklaerung-persoenliche-daten-und-cookies\/\"]}]},{\"@type\":\"BreadcrumbList\",\"@id\":\"https:\/\/preprod.optimix-software.com\/de\/datenschutzerklaerung-persoenliche-daten-und-cookies\/#breadcrumb\",\"itemListElement\":[{\"@type\":\"ListItem\",\"position\":1,\"name\":\"Startseite\",\"item\":\"https:\/\/preprod.optimix-software.com\/de\/loesungen-fuer-preisgestaltung-und-lieferkette\/\"},{\"@type\":\"ListItem\",\"position\":2,\"name\":\"Datenschutzerkl\u00e4rung &#8211; Pers\u00f6nliche Daten und Cookies\"}]},{\"@type\":\"WebSite\",\"@id\":\"https:\/\/preprod.optimix-software.com\/de\/#website\",\"url\":\"https:\/\/preprod.optimix-software.com\/de\/\",\"name\":\"Optimix Software\",\"description\":\"Solutions de Pricing et Supply chain d\u00e9di\u00e9es au retail\",\"publisher\":{\"@id\":\"https:\/\/preprod.optimix-software.com\/de\/#organization\"},\"potentialAction\":[{\"@type\":\"SearchAction\",\"target\":{\"@type\":\"EntryPoint\",\"urlTemplate\":\"https:\/\/preprod.optimix-software.com\/de\/?s={search_term_string}\"},\"query-input\":{\"@type\":\"PropertyValueSpecification\",\"valueRequired\":true,\"valueName\":\"search_term_string\"}}],\"inLanguage\":\"de\"},{\"@type\":\"Organization\",\"@id\":\"https:\/\/preprod.optimix-software.com\/de\/#organization\",\"name\":\"Optimix Software\",\"url\":\"https:\/\/preprod.optimix-software.com\/de\/\",\"logo\":{\"@type\":\"ImageObject\",\"inLanguage\":\"de\",\"@id\":\"https:\/\/preprod.optimix-software.com\/de\/#\/schema\/logo\/image\/\",\"url\":\"https:\/\/preprod.optimix-software.com\/wp-content\/uploads\/logo-carre-optimix-RETAIL-PERFORMANCE-SOFTWARE.jpg\",\"contentUrl\":\"https:\/\/preprod.optimix-software.com\/wp-content\/uploads\/logo-carre-optimix-RETAIL-PERFORMANCE-SOFTWARE.jpg\",\"width\":2001,\"height\":2001,\"caption\":\"Optimix Software\"},\"image\":{\"@id\":\"https:\/\/preprod.optimix-software.com\/de\/#\/schema\/logo\/image\/\"},\"sameAs\":[\"https:\/\/www.linkedin.com\/company\/optimix-ffr\/\"]}]}<\/script>\n<!-- \/ Yoast SEO Premium plugin. -->","yoast_head_json":{"title":"Datenschutzerkl\u00e4rung - Pers\u00f6nliche Daten und Cookies","description":"Hier finden Sie unsere Datenschutzbestimmungen und alle Informationen zu pers\u00f6nlichen Daten und Cookies.","robots":{"index":"noindex","follow":"follow","max-snippet":"max-snippet:-1","max-image-preview":"max-image-preview:large","max-video-preview":"max-video-preview:-1"},"og_locale":"de_DE","og_type":"article","og_title":"Datenschutzerkl\u00e4rung - Pers\u00f6nliche Daten und Cookies","og_description":"Hier finden Sie unsere Datenschutzbestimmungen und alle Informationen zu pers\u00f6nlichen Daten und Cookies.","og_url":"https:\/\/preprod.optimix-software.com\/de\/datenschutzerklaerung-persoenliche-daten-und-cookies\/","og_site_name":"Optimix Software","article_modified_time":"2024-12-03T09:02:03+00:00","og_image":[{"width":1200,"height":675,"url":"https:\/\/preprod.optimix-software.com\/wp-content\/uploads\/logo-optimix-yoast.png","type":"image\/png"}],"twitter_card":"summary_large_image","twitter_misc":{"Gesch\u00e4tzte Lesezeit":"8\u00a0Minuten"},"schema":{"@context":"https:\/\/schema.org","@graph":[{"@type":"WebPage","@id":"https:\/\/preprod.optimix-software.com\/de\/datenschutzerklaerung-persoenliche-daten-und-cookies\/","url":"https:\/\/preprod.optimix-software.com\/de\/datenschutzerklaerung-persoenliche-daten-und-cookies\/","name":"Datenschutzerkl\u00e4rung - Pers\u00f6nliche Daten und Cookies","isPartOf":{"@id":"https:\/\/preprod.optimix-software.com\/de\/#website"},"datePublished":"2023-07-28T12:07:44+00:00","dateModified":"2024-12-03T09:02:03+00:00","description":"Hier finden Sie unsere Datenschutzbestimmungen und alle Informationen zu pers\u00f6nlichen Daten und Cookies.","breadcrumb":{"@id":"https:\/\/preprod.optimix-software.com\/de\/datenschutzerklaerung-persoenliche-daten-und-cookies\/#breadcrumb"},"inLanguage":"de","potentialAction":[{"@type":"ReadAction","target":["https:\/\/preprod.optimix-software.com\/de\/datenschutzerklaerung-persoenliche-daten-und-cookies\/"]}]},{"@type":"BreadcrumbList","@id":"https:\/\/preprod.optimix-software.com\/de\/datenschutzerklaerung-persoenliche-daten-und-cookies\/#breadcrumb","itemListElement":[{"@type":"ListItem","position":1,"name":"Startseite","item":"https:\/\/preprod.optimix-software.com\/de\/loesungen-fuer-preisgestaltung-und-lieferkette\/"},{"@type":"ListItem","position":2,"name":"Datenschutzerkl\u00e4rung &#8211; Pers\u00f6nliche Daten und Cookies"}]},{"@type":"WebSite","@id":"https:\/\/preprod.optimix-software.com\/de\/#website","url":"https:\/\/preprod.optimix-software.com\/de\/","name":"Optimix Software","description":"Solutions de Pricing et Supply chain d\u00e9di\u00e9es au retail","publisher":{"@id":"https:\/\/preprod.optimix-software.com\/de\/#organization"},"potentialAction":[{"@type":"SearchAction","target":{"@type":"EntryPoint","urlTemplate":"https:\/\/preprod.optimix-software.com\/de\/?s={search_term_string}"},"query-input":{"@type":"PropertyValueSpecification","valueRequired":true,"valueName":"search_term_string"}}],"inLanguage":"de"},{"@type":"Organization","@id":"https:\/\/preprod.optimix-software.com\/de\/#organization","name":"Optimix Software","url":"https:\/\/preprod.optimix-software.com\/de\/","logo":{"@type":"ImageObject","inLanguage":"de","@id":"https:\/\/preprod.optimix-software.com\/de\/#\/schema\/logo\/image\/","url":"https:\/\/preprod.optimix-software.com\/wp-content\/uploads\/logo-carre-optimix-RETAIL-PERFORMANCE-SOFTWARE.jpg","contentUrl":"https:\/\/preprod.optimix-software.com\/wp-content\/uploads\/logo-carre-optimix-RETAIL-PERFORMANCE-SOFTWARE.jpg","width":2001,"height":2001,"caption":"Optimix Software"},"image":{"@id":"https:\/\/preprod.optimix-software.com\/de\/#\/schema\/logo\/image\/"},"sameAs":["https:\/\/www.linkedin.com\/company\/optimix-ffr\/"]}]}},"_links":{"self":[{"href":"https:\/\/preprod.optimix-software.com\/de\/wp-json\/wp\/v2\/pages\/35781","targetHints":{"allow":["GET"]}}],"collection":[{"href":"https:\/\/preprod.optimix-software.com\/de\/wp-json\/wp\/v2\/pages"}],"about":[{"href":"https:\/\/preprod.optimix-software.com\/de\/wp-json\/wp\/v2\/types\/page"}],"author":[{"embeddable":true,"href":"https:\/\/preprod.optimix-software.com\/de\/wp-json\/wp\/v2\/users\/3"}],"replies":[{"embeddable":true,"href":"https:\/\/preprod.optimix-software.com\/de\/wp-json\/wp\/v2\/comments?post=35781"}],"version-history":[{"count":1,"href":"https:\/\/preprod.optimix-software.com\/de\/wp-json\/wp\/v2\/pages\/35781\/revisions"}],"predecessor-version":[{"id":35783,"href":"https:\/\/preprod.optimix-software.com\/de\/wp-json\/wp\/v2\/pages\/35781\/revisions\/35783"}],"wp:attachment":[{"href":"https:\/\/preprod.optimix-software.com\/de\/wp-json\/wp\/v2\/media?parent=35781"}],"curies":[{"name":"wp","href":"https:\/\/api.w.org\/{rel}","templated":true}]}}