{"id":36202,"date":"2023-08-04T19:03:19","date_gmt":"2023-08-04T17:03:19","guid":{"rendered":"https:\/\/preprod.optimix-software.com\/demo-zur-lieferkette\/"},"modified":"2025-04-07T10:38:43","modified_gmt":"2025-04-07T08:38:43","slug":"demo-zur-lieferkette","status":"publish","type":"page","link":"https:\/\/preprod.optimix-software.com\/de\/demo-zur-lieferkette\/","title":{"rendered":"Demo APS Supply Chain L\u00f6sung"},"content":{"rendered":"\t\t<div data-elementor-type=\"wp-page\" data-elementor-id=\"36202\" class=\"elementor elementor-36202 elementor-11858\" data-elementor-post-type=\"page\">\n\t\t\t\t<div class=\"elementor-element elementor-element-71ca8177 e-flex e-con-boxed e-con e-parent\" data-id=\"71ca8177\" data-element_type=\"container\">\n\t\t\t\t\t<div class=\"e-con-inner\">\n\t\t<div class=\"elementor-element elementor-element-4846d75a e-con-full e-flex e-con e-child\" data-id=\"4846d75a\" data-element_type=\"container\">\n\t\t\t\t<div class=\"elementor-element elementor-element-caa1305 elementor-widget elementor-widget-heading\" data-id=\"caa1305\" data-element_type=\"widget\" data-widget_type=\"heading.default\">\n\t\t\t\t<div class=\"elementor-widget-container\">\n\t\t\t\t\t<p class=\"elementor-heading-title elementor-size-default\">Haben Sie ein Supply Chain-Projekt?<\/p>\t\t\t\t<\/div>\n\t\t\t\t<\/div>\n\t\t\t\t<div class=\"elementor-element elementor-element-3244182 elementor-widget elementor-widget-text-editor\" data-id=\"3244182\" data-element_type=\"widget\" data-widget_type=\"text-editor.default\">\n\t\t\t\t<div class=\"elementor-widget-container\">\n\t\t\t\t\t\t\t\t\t<p>Unsere Projektmanager und Fachberater stehen Ihnen zur Verf\u00fcgung, um Ihre Fragen zu beantworten und die besten L\u00f6sungen f\u00fcr Ihre Herausforderungen zu finden.  <\/p>\n<p>Nach der \u00dcbermittlung des Formulars bieten wir Ihnen einen 30- bis 45-min\u00fctigen Austausch an, um Ihre Herausforderungen und Schwierigkeiten zu identifizieren, mit denen Sie konfrontiert sind.  <\/p>\n<p>Dieses erste Treffen wird es uns erm\u00f6glichen, unsere Empfehlungen besser auszurichten und den Wert unseres zuk\u00fcnftigen Handels zu maximieren.<\/p>\n\t\t\t\t\t\t\t\t<\/div>\n\t\t\t\t<\/div>\n\t\t\t\t<div class=\"elementor-element elementor-element-99f6edd elementor-widget elementor-widget-image\" data-id=\"99f6edd\" data-element_type=\"widget\" data-widget_type=\"image.default\">\n\t\t\t\t<div class=\"elementor-widget-container\">\n\t\t\t\t\t\t\t\t\t\t\t\t\t\t\t<img fetchpriority=\"high\" decoding=\"async\" width=\"800\" height=\"451\" src=\"https:\/\/preprod.optimix-software.com\/wp-content\/uploads\/Workflow-XFR-new-copie-2000x1127.jpg\" class=\"attachment-large size-large wp-image-17066\" alt=\"\" srcset=\"https:\/\/preprod.optimix-software.com\/wp-content\/uploads\/Workflow-XFR-new-copie-2000x1127.jpg 2000w, https:\/\/preprod.optimix-software.com\/wp-content\/uploads\/Workflow-XFR-new-copie-600x338.jpg 600w, https:\/\/preprod.optimix-software.com\/wp-content\/uploads\/Workflow-XFR-new-copie-768x433.jpg 768w, https:\/\/preprod.optimix-software.com\/wp-content\/uploads\/Workflow-XFR-new-copie-1536x865.jpg 1536w, https:\/\/preprod.optimix-software.com\/wp-content\/uploads\/Workflow-XFR-new-copie-2048x1154.jpg 2048w\" sizes=\"(max-width: 800px) 100vw, 800px\" \/>\t\t\t\t\t\t\t\t\t\t\t\t\t\t\t<\/div>\n\t\t\t\t<\/div>\n\t\t\t\t<\/div>\n\t\t<div class=\"elementor-element elementor-element-478ff3eb e-con-full e-flex e-con e-child\" data-id=\"478ff3eb\" data-element_type=\"container\">\n\t\t\t\t<div class=\"elementor-element elementor-element-ea8f820 elementor-widget elementor-widget-html\" data-id=\"ea8f820\" data-element_type=\"widget\" data-widget_type=\"html.default\">\n\t\t\t\t<div class=\"elementor-widget-container\">\n\t\t\t\t\t<script charset=\"utf-8\" type=\"text\/javascript\" src=\"\/\/js-eu1.hsforms.net\/forms\/embed\/v2.js\"><\/script>\n<script>\n  hbspt.forms.create({\n    portalId: \"144414462\",\n    formId: \"054a0fd4-3ebf-4f23-99ca-b87c45c69405\",\n    region: \"eu1\"\n  });\n<\/script>\t\t\t\t<\/div>\n\t\t\t\t<\/div>\n\t\t\t\t<\/div>\n\t\t\t\t\t<\/div>\n\t\t\t\t<\/div>\n\t\t\t\t<\/div>\n\t\t","protected":false},"excerpt":{"rendered":"<p>Haben Sie ein Supply Chain-Projekt? Unsere Projektmanager und Fachberater stehen Ihnen zur Verf\u00fcgung, um Ihre Fragen zu beantworten und die besten L\u00f6sungen f\u00fcr Ihre Herausforderungen zu finden. Nach der \u00dcbermittlung des Formulars bieten wir Ihnen einen 30- bis 45-min\u00fctigen Austausch an, um Ihre Herausforderungen und Schwierigkeiten zu identifizieren, mit denen Sie konfrontiert sind. Dieses erste [&hellip;]<\/p>\n","protected":false},"author":3,"featured_media":0,"parent":0,"menu_order":0,"comment_status":"closed","ping_status":"closed","template":"","meta":{"inline_featured_image":false,"footnotes":""},"class_list":["post-36202","page","type-page","status-publish","hentry"],"yoast_head":"<!-- This site is optimized with the Yoast SEO Premium plugin v22.8 (Yoast SEO v25.1) - https:\/\/yoast.com\/wordpress\/plugins\/seo\/ -->\n<title>Demo Supply Chain L\u00f6sung APS - Optimix XFR<\/title>\n<meta name=\"description\" content=\"Demo APS Supply Chain L\u00f6sung. Unsere Branchenexperten und spezialisierten Berater stehen Ihnen zur Verf\u00fcgung, um Ihre Fragen zu beantworten und die L\u00f6sungen zu finden, die am besten zu Ihren Herausforderungen passen.\" \/>\n<meta name=\"robots\" content=\"noindex, follow, max-snippet:-1, max-image-preview:large, max-video-preview:-1\" \/>\n<meta property=\"og:locale\" content=\"de_DE\" \/>\n<meta property=\"og:type\" content=\"article\" \/>\n<meta property=\"og:title\" content=\"Demo APS Supply Chain L\u00f6sung\" \/>\n<meta property=\"og:description\" content=\"Demo APS Supply Chain L\u00f6sung. Unsere Branchenexperten und spezialisierten Berater stehen Ihnen zur Verf\u00fcgung, um Ihre Fragen zu beantworten und die L\u00f6sungen zu finden, die am besten zu Ihren Herausforderungen passen.\" \/>\n<meta property=\"og:url\" content=\"https:\/\/preprod.optimix-software.com\/de\/demo-zur-lieferkette\/\" \/>\n<meta property=\"og:site_name\" content=\"Optimix Software\" \/>\n<meta property=\"article:modified_time\" content=\"2025-04-07T08:38:43+00:00\" \/>\n<meta property=\"og:image\" content=\"https:\/\/preprod.optimix-software.com\/wp-content\/uploads\/Workflow-XFR-new-copie-scaled.jpg\" \/>\n\t<meta property=\"og:image:width\" content=\"2560\" \/>\n\t<meta property=\"og:image:height\" content=\"1442\" \/>\n\t<meta property=\"og:image:type\" content=\"image\/jpeg\" \/>\n<meta name=\"twitter:card\" content=\"summary_large_image\" \/>\n<meta name=\"twitter:label1\" content=\"Gesch\u00e4tzte Lesezeit\" \/>\n\t<meta name=\"twitter:data1\" content=\"1\u00a0Minute\" \/>\n<script type=\"application\/ld+json\" class=\"yoast-schema-graph\">{\"@context\":\"https:\/\/schema.org\",\"@graph\":[{\"@type\":\"WebPage\",\"@id\":\"https:\/\/preprod.optimix-software.com\/de\/demo-zur-lieferkette\/\",\"url\":\"https:\/\/preprod.optimix-software.com\/de\/demo-zur-lieferkette\/\",\"name\":\"Demo Supply Chain L\u00f6sung APS - Optimix XFR\",\"isPartOf\":{\"@id\":\"https:\/\/preprod.optimix-software.com\/de\/#website\"},\"primaryImageOfPage\":{\"@id\":\"https:\/\/preprod.optimix-software.com\/de\/demo-zur-lieferkette\/#primaryimage\"},\"image\":{\"@id\":\"https:\/\/preprod.optimix-software.com\/de\/demo-zur-lieferkette\/#primaryimage\"},\"thumbnailUrl\":\"https:\/\/preprod.optimix-software.com\/wp-content\/uploads\/Workflow-XFR-new-copie-2000x1127.jpg\",\"datePublished\":\"2023-08-04T17:03:19+00:00\",\"dateModified\":\"2025-04-07T08:38:43+00:00\",\"description\":\"Demo APS Supply Chain L\u00f6sung. Unsere Branchenexperten und spezialisierten Berater stehen Ihnen zur Verf\u00fcgung, um Ihre Fragen zu beantworten und die L\u00f6sungen zu finden, die am besten zu Ihren Herausforderungen passen.\",\"breadcrumb\":{\"@id\":\"https:\/\/preprod.optimix-software.com\/de\/demo-zur-lieferkette\/#breadcrumb\"},\"inLanguage\":\"de\",\"potentialAction\":[{\"@type\":\"ReadAction\",\"target\":[\"https:\/\/preprod.optimix-software.com\/de\/demo-zur-lieferkette\/\"]}]},{\"@type\":\"ImageObject\",\"inLanguage\":\"de\",\"@id\":\"https:\/\/preprod.optimix-software.com\/de\/demo-zur-lieferkette\/#primaryimage\",\"url\":\"https:\/\/preprod.optimix-software.com\/wp-content\/uploads\/Workflow-XFR-new-copie-2000x1127.jpg\",\"contentUrl\":\"https:\/\/preprod.optimix-software.com\/wp-content\/uploads\/Workflow-XFR-new-copie-2000x1127.jpg\"},{\"@type\":\"BreadcrumbList\",\"@id\":\"https:\/\/preprod.optimix-software.com\/de\/demo-zur-lieferkette\/#breadcrumb\",\"itemListElement\":[{\"@type\":\"ListItem\",\"position\":1,\"name\":\"Startseite\",\"item\":\"https:\/\/preprod.optimix-software.com\/de\/loesungen-fuer-preisgestaltung-und-lieferkette\/\"},{\"@type\":\"ListItem\",\"position\":2,\"name\":\"Demo APS Supply Chain L\u00f6sung\"}]},{\"@type\":\"WebSite\",\"@id\":\"https:\/\/preprod.optimix-software.com\/de\/#website\",\"url\":\"https:\/\/preprod.optimix-software.com\/de\/\",\"name\":\"Optimix Software\",\"description\":\"Solutions de Pricing et Supply chain d\u00e9di\u00e9es au retail\",\"publisher\":{\"@id\":\"https:\/\/preprod.optimix-software.com\/de\/#organization\"},\"potentialAction\":[{\"@type\":\"SearchAction\",\"target\":{\"@type\":\"EntryPoint\",\"urlTemplate\":\"https:\/\/preprod.optimix-software.com\/de\/?s={search_term_string}\"},\"query-input\":{\"@type\":\"PropertyValueSpecification\",\"valueRequired\":true,\"valueName\":\"search_term_string\"}}],\"inLanguage\":\"de\"},{\"@type\":\"Organization\",\"@id\":\"https:\/\/preprod.optimix-software.com\/de\/#organization\",\"name\":\"Optimix Software\",\"url\":\"https:\/\/preprod.optimix-software.com\/de\/\",\"logo\":{\"@type\":\"ImageObject\",\"inLanguage\":\"de\",\"@id\":\"https:\/\/preprod.optimix-software.com\/de\/#\/schema\/logo\/image\/\",\"url\":\"https:\/\/preprod.optimix-software.com\/wp-content\/uploads\/logo-carre-optimix-RETAIL-PERFORMANCE-SOFTWARE.jpg\",\"contentUrl\":\"https:\/\/preprod.optimix-software.com\/wp-content\/uploads\/logo-carre-optimix-RETAIL-PERFORMANCE-SOFTWARE.jpg\",\"width\":2001,\"height\":2001,\"caption\":\"Optimix Software\"},\"image\":{\"@id\":\"https:\/\/preprod.optimix-software.com\/de\/#\/schema\/logo\/image\/\"},\"sameAs\":[\"https:\/\/www.linkedin.com\/company\/optimix-ffr\/\"]}]}<\/script>\n<!-- \/ Yoast SEO Premium plugin. -->","yoast_head_json":{"title":"Demo Supply Chain L\u00f6sung APS - Optimix XFR","description":"Demo APS Supply Chain L\u00f6sung. Unsere Branchenexperten und spezialisierten Berater stehen Ihnen zur Verf\u00fcgung, um Ihre Fragen zu beantworten und die L\u00f6sungen zu finden, die am besten zu Ihren Herausforderungen passen.","robots":{"index":"noindex","follow":"follow","max-snippet":"max-snippet:-1","max-image-preview":"max-image-preview:large","max-video-preview":"max-video-preview:-1"},"og_locale":"de_DE","og_type":"article","og_title":"Demo APS Supply Chain L\u00f6sung","og_description":"Demo APS Supply Chain L\u00f6sung. Unsere Branchenexperten und spezialisierten Berater stehen Ihnen zur Verf\u00fcgung, um Ihre Fragen zu beantworten und die L\u00f6sungen zu finden, die am besten zu Ihren Herausforderungen passen.","og_url":"https:\/\/preprod.optimix-software.com\/de\/demo-zur-lieferkette\/","og_site_name":"Optimix Software","article_modified_time":"2025-04-07T08:38:43+00:00","og_image":[{"width":2560,"height":1442,"url":"https:\/\/preprod.optimix-software.com\/wp-content\/uploads\/Workflow-XFR-new-copie-scaled.jpg","type":"image\/jpeg"}],"twitter_card":"summary_large_image","twitter_misc":{"Gesch\u00e4tzte Lesezeit":"1\u00a0Minute"},"schema":{"@context":"https:\/\/schema.org","@graph":[{"@type":"WebPage","@id":"https:\/\/preprod.optimix-software.com\/de\/demo-zur-lieferkette\/","url":"https:\/\/preprod.optimix-software.com\/de\/demo-zur-lieferkette\/","name":"Demo Supply Chain L\u00f6sung APS - Optimix XFR","isPartOf":{"@id":"https:\/\/preprod.optimix-software.com\/de\/#website"},"primaryImageOfPage":{"@id":"https:\/\/preprod.optimix-software.com\/de\/demo-zur-lieferkette\/#primaryimage"},"image":{"@id":"https:\/\/preprod.optimix-software.com\/de\/demo-zur-lieferkette\/#primaryimage"},"thumbnailUrl":"https:\/\/preprod.optimix-software.com\/wp-content\/uploads\/Workflow-XFR-new-copie-2000x1127.jpg","datePublished":"2023-08-04T17:03:19+00:00","dateModified":"2025-04-07T08:38:43+00:00","description":"Demo APS Supply Chain L\u00f6sung. Unsere Branchenexperten und spezialisierten Berater stehen Ihnen zur Verf\u00fcgung, um Ihre Fragen zu beantworten und die L\u00f6sungen zu finden, die am besten zu Ihren Herausforderungen passen.","breadcrumb":{"@id":"https:\/\/preprod.optimix-software.com\/de\/demo-zur-lieferkette\/#breadcrumb"},"inLanguage":"de","potentialAction":[{"@type":"ReadAction","target":["https:\/\/preprod.optimix-software.com\/de\/demo-zur-lieferkette\/"]}]},{"@type":"ImageObject","inLanguage":"de","@id":"https:\/\/preprod.optimix-software.com\/de\/demo-zur-lieferkette\/#primaryimage","url":"https:\/\/preprod.optimix-software.com\/wp-content\/uploads\/Workflow-XFR-new-copie-2000x1127.jpg","contentUrl":"https:\/\/preprod.optimix-software.com\/wp-content\/uploads\/Workflow-XFR-new-copie-2000x1127.jpg"},{"@type":"BreadcrumbList","@id":"https:\/\/preprod.optimix-software.com\/de\/demo-zur-lieferkette\/#breadcrumb","itemListElement":[{"@type":"ListItem","position":1,"name":"Startseite","item":"https:\/\/preprod.optimix-software.com\/de\/loesungen-fuer-preisgestaltung-und-lieferkette\/"},{"@type":"ListItem","position":2,"name":"Demo APS Supply Chain L\u00f6sung"}]},{"@type":"WebSite","@id":"https:\/\/preprod.optimix-software.com\/de\/#website","url":"https:\/\/preprod.optimix-software.com\/de\/","name":"Optimix Software","description":"Solutions de Pricing et Supply chain d\u00e9di\u00e9es au retail","publisher":{"@id":"https:\/\/preprod.optimix-software.com\/de\/#organization"},"potentialAction":[{"@type":"SearchAction","target":{"@type":"EntryPoint","urlTemplate":"https:\/\/preprod.optimix-software.com\/de\/?s={search_term_string}"},"query-input":{"@type":"PropertyValueSpecification","valueRequired":true,"valueName":"search_term_string"}}],"inLanguage":"de"},{"@type":"Organization","@id":"https:\/\/preprod.optimix-software.com\/de\/#organization","name":"Optimix Software","url":"https:\/\/preprod.optimix-software.com\/de\/","logo":{"@type":"ImageObject","inLanguage":"de","@id":"https:\/\/preprod.optimix-software.com\/de\/#\/schema\/logo\/image\/","url":"https:\/\/preprod.optimix-software.com\/wp-content\/uploads\/logo-carre-optimix-RETAIL-PERFORMANCE-SOFTWARE.jpg","contentUrl":"https:\/\/preprod.optimix-software.com\/wp-content\/uploads\/logo-carre-optimix-RETAIL-PERFORMANCE-SOFTWARE.jpg","width":2001,"height":2001,"caption":"Optimix Software"},"image":{"@id":"https:\/\/preprod.optimix-software.com\/de\/#\/schema\/logo\/image\/"},"sameAs":["https:\/\/www.linkedin.com\/company\/optimix-ffr\/"]}]}},"_links":{"self":[{"href":"https:\/\/preprod.optimix-software.com\/de\/wp-json\/wp\/v2\/pages\/36202","targetHints":{"allow":["GET"]}}],"collection":[{"href":"https:\/\/preprod.optimix-software.com\/de\/wp-json\/wp\/v2\/pages"}],"about":[{"href":"https:\/\/preprod.optimix-software.com\/de\/wp-json\/wp\/v2\/types\/page"}],"author":[{"embeddable":true,"href":"https:\/\/preprod.optimix-software.com\/de\/wp-json\/wp\/v2\/users\/3"}],"replies":[{"embeddable":true,"href":"https:\/\/preprod.optimix-software.com\/de\/wp-json\/wp\/v2\/comments?post=36202"}],"version-history":[{"count":12,"href":"https:\/\/preprod.optimix-software.com\/de\/wp-json\/wp\/v2\/pages\/36202\/revisions"}],"predecessor-version":[{"id":45276,"href":"https:\/\/preprod.optimix-software.com\/de\/wp-json\/wp\/v2\/pages\/36202\/revisions\/45276"}],"wp:attachment":[{"href":"https:\/\/preprod.optimix-software.com\/de\/wp-json\/wp\/v2\/media?parent=36202"}],"curies":[{"name":"wp","href":"https:\/\/api.w.org\/{rel}","templated":true}]}}