{"id":36220,"date":"2024-06-28T12:44:51","date_gmt":"2024-06-28T10:44:51","guid":{"rendered":"https:\/\/preprod.optimix-software.com\/unaufgeforderte-bewerbung\/"},"modified":"2024-12-03T10:04:30","modified_gmt":"2024-12-03T09:04:30","slug":"unaufgeforderte-bewerbung","status":"publish","type":"page","link":"https:\/\/preprod.optimix-software.com\/de\/unaufgeforderte-bewerbung\/","title":{"rendered":"Unaufgeforderte Bewerbung"},"content":{"rendered":"\t\t<div data-elementor-type=\"wp-page\" data-elementor-id=\"36220\" class=\"elementor elementor-36220 elementor-28205\" data-elementor-post-type=\"page\">\n\t\t\t\t<div class=\"elementor-element elementor-element-05a42b5 e-flex e-con-boxed e-con e-parent\" data-id=\"05a42b5\" data-element_type=\"container\">\n\t\t\t\t\t<div class=\"e-con-inner\">\n\t\t<div class=\"elementor-element elementor-element-73ffb24 e-con-full e-flex e-con e-child\" data-id=\"73ffb24\" data-element_type=\"container\">\n\t\t<div class=\"elementor-element elementor-element-9f2a8ca e-con-full e-flex e-con e-child\" data-id=\"9f2a8ca\" data-element_type=\"container\">\n\t\t\t\t<div class=\"elementor-element elementor-element-93d56ee elementor-widget elementor-widget-heading\" data-id=\"93d56ee\" data-element_type=\"widget\" data-widget_type=\"heading.default\">\n\t\t\t\t<div class=\"elementor-widget-container\">\n\t\t\t\t\t<h1 class=\"elementor-heading-title elementor-size-default\">Optimix beitreten<\/h1>\t\t\t\t<\/div>\n\t\t\t\t<\/div>\n\t\t\t\t<div class=\"elementor-element elementor-element-de1b70e elementor-widget__width-initial elementor-widget elementor-widget-text-editor\" data-id=\"de1b70e\" data-element_type=\"widget\" data-widget_type=\"text-editor.default\">\n\t\t\t\t<div class=\"elementor-widget-container\">\n\t\t\t\t\t\t\t\t\t<p>Haben Sie eine Leidenschaft f\u00fcr Technologie, Optimierung und das Finden neuer L\u00f6sungen f\u00fcr komplexe Herausforderungen?<\/p>\n<p>M\u00f6chten Sie Teil eines dynamischen, vision\u00e4ren Teams sein, das Innovation und Zusammenarbeit sch\u00e4tzt?<\/p>\n<p><strong>Warten Sie nicht l\u00e4nger!<\/strong><\/p>\n<p>Senden Sie uns Ihren Lebenslauf und lassen Sie uns entdecken, was Sie in unser Abenteuer einbringen k\u00f6nnen.<\/p>\n<p>Wir bei Optimix glauben an Ihr Potenzial und freuen uns darauf, Sie kennenzulernen!<\/p>\t\t\t\t\t\t\t\t<\/div>\n\t\t\t\t<\/div>\n\t\t\t\t<\/div>\n\t\t\t\t<div class=\"elementor-element elementor-element-419363e elementor-widget elementor-widget-image\" data-id=\"419363e\" data-element_type=\"widget\" data-widget_type=\"image.default\">\n\t\t\t\t<div class=\"elementor-widget-container\">\n\t\t\t\t\t\t\t\t\t\t\t\t\t\t\t<img fetchpriority=\"high\" decoding=\"async\" width=\"800\" height=\"533\" src=\"https:\/\/preprod.optimix-software.com\/wp-content\/uploads\/photo-collaborateurs-Optimix-1200x800.webp\" class=\"attachment-large size-large wp-image-35272\" alt=\"\" srcset=\"https:\/\/preprod.optimix-software.com\/wp-content\/uploads\/photo-collaborateurs-Optimix-1200x800.webp 1200w, https:\/\/preprod.optimix-software.com\/wp-content\/uploads\/photo-collaborateurs-Optimix-900x600.webp 900w, https:\/\/preprod.optimix-software.com\/wp-content\/uploads\/photo-collaborateurs-Optimix-768x512.webp 768w, https:\/\/preprod.optimix-software.com\/wp-content\/uploads\/photo-collaborateurs-Optimix.webp 1500w\" sizes=\"(max-width: 800px) 100vw, 800px\" \/>\t\t\t\t\t\t\t\t\t\t\t\t\t\t\t<\/div>\n\t\t\t\t<\/div>\n\t\t\t\t<\/div>\n\t\t<div class=\"elementor-element elementor-element-cda925c e-con-full e-flex e-con e-child\" data-id=\"cda925c\" data-element_type=\"container\">\n\t\t\t\t<div class=\"elementor-element elementor-element-78cd70d elementor-widget elementor-widget-html\" data-id=\"78cd70d\" data-element_type=\"widget\" data-widget_type=\"html.default\">\n\t\t\t\t<div class=\"elementor-widget-container\">\n\t\t\t\t\t<div class=\"pipedriveWebForms\" data-pd-webforms=\"https:\/\/webforms.pipedrive.com\/f\/cs5bHeA6iM7SJ5qtEAKuPaBMA1wKyUTXhYHN5l206sNa9hJNacJxM2atCEkSvPhUlR\"><script src=\"https:\/\/webforms.pipedrive.com\/f\/loader\"><\/script><\/div>\t\t\t\t<\/div>\n\t\t\t\t<\/div>\n\t\t\t\t<\/div>\n\t\t\t\t\t<\/div>\n\t\t\t\t<\/div>\n\t\t\t\t<\/div>\n\t\t","protected":false},"excerpt":{"rendered":"<p>Werden Sie Mitglied bei Optimix, dem Anbieter innovativer Software f\u00fcr Preisgestaltung und Lieferketten. Schicken Sie uns Ihren Lebenslauf und gestalten Sie die Zukunft mit uns! <\/p>\n","protected":false},"author":3,"featured_media":0,"parent":0,"menu_order":0,"comment_status":"closed","ping_status":"closed","template":"","meta":{"inline_featured_image":false,"footnotes":""},"class_list":["post-36220","page","type-page","status-publish","hentry"],"yoast_head":"<!-- This site is optimized with the Yoast SEO Premium plugin v22.8 (Yoast SEO v25.1) - https:\/\/yoast.com\/wordpress\/plugins\/seo\/ -->\n<title>Unaufgeforderte Bewerbung - Optimix Software<\/title>\n<meta name=\"description\" content=\"Werden Sie Mitglied bei Optimix, dem Hersteller innovativer Software f\u00fcr Preisgestaltung und Lieferketten. Bewerben Sie sich spontan und schicken Sie uns Ihren Lebenslauf f\u00fcr spannende M\u00f6glichkeiten!\" \/>\n<meta name=\"robots\" content=\"noindex, follow, max-snippet:-1, max-image-preview:large, max-video-preview:-1\" \/>\n<meta property=\"og:locale\" content=\"de_DE\" \/>\n<meta property=\"og:type\" content=\"article\" \/>\n<meta property=\"og:title\" content=\"Unaufgeforderte Bewerbung\" \/>\n<meta property=\"og:description\" content=\"Werden Sie Mitglied bei Optimix, dem Hersteller innovativer Software f\u00fcr Preisgestaltung und Lieferketten. Bewerben Sie sich spontan und schicken Sie uns Ihren Lebenslauf f\u00fcr spannende M\u00f6glichkeiten!\" \/>\n<meta property=\"og:url\" content=\"https:\/\/preprod.optimix-software.com\/de\/unaufgeforderte-bewerbung\/\" \/>\n<meta property=\"og:site_name\" content=\"Optimix Software\" \/>\n<meta property=\"article:modified_time\" content=\"2024-12-03T09:04:30+00:00\" \/>\n<meta property=\"og:image\" content=\"https:\/\/optimix.fr\/wp-content\/uploads\/clubpricing3-copie.webp\" \/>\n<meta name=\"twitter:card\" content=\"summary_large_image\" \/>\n<script type=\"application\/ld+json\" class=\"yoast-schema-graph\">{\"@context\":\"https:\/\/schema.org\",\"@graph\":[{\"@type\":\"WebPage\",\"@id\":\"https:\/\/preprod.optimix-software.com\/de\/unaufgeforderte-bewerbung\/\",\"url\":\"https:\/\/preprod.optimix-software.com\/de\/unaufgeforderte-bewerbung\/\",\"name\":\"Unaufgeforderte Bewerbung - Optimix Software\",\"isPartOf\":{\"@id\":\"https:\/\/preprod.optimix-software.com\/de\/#website\"},\"primaryImageOfPage\":{\"@id\":\"https:\/\/preprod.optimix-software.com\/de\/unaufgeforderte-bewerbung\/#primaryimage\"},\"image\":{\"@id\":\"https:\/\/preprod.optimix-software.com\/de\/unaufgeforderte-bewerbung\/#primaryimage\"},\"thumbnailUrl\":\"https:\/\/preprod.optimix-software.com\/wp-content\/uploads\/photo-collaborateurs-Optimix-1200x800.webp\",\"datePublished\":\"2024-06-28T10:44:51+00:00\",\"dateModified\":\"2024-12-03T09:04:30+00:00\",\"description\":\"Werden Sie Mitglied bei Optimix, dem Hersteller innovativer Software f\u00fcr Preisgestaltung und Lieferketten. Bewerben Sie sich spontan und schicken Sie uns Ihren Lebenslauf f\u00fcr spannende M\u00f6glichkeiten!\",\"breadcrumb\":{\"@id\":\"https:\/\/preprod.optimix-software.com\/de\/unaufgeforderte-bewerbung\/#breadcrumb\"},\"inLanguage\":\"de\",\"potentialAction\":[{\"@type\":\"ReadAction\",\"target\":[\"https:\/\/preprod.optimix-software.com\/de\/unaufgeforderte-bewerbung\/\"]}]},{\"@type\":\"ImageObject\",\"inLanguage\":\"de\",\"@id\":\"https:\/\/preprod.optimix-software.com\/de\/unaufgeforderte-bewerbung\/#primaryimage\",\"url\":\"https:\/\/preprod.optimix-software.com\/wp-content\/uploads\/photo-collaborateurs-Optimix-1200x800.webp\",\"contentUrl\":\"https:\/\/preprod.optimix-software.com\/wp-content\/uploads\/photo-collaborateurs-Optimix-1200x800.webp\"},{\"@type\":\"BreadcrumbList\",\"@id\":\"https:\/\/preprod.optimix-software.com\/de\/unaufgeforderte-bewerbung\/#breadcrumb\",\"itemListElement\":[{\"@type\":\"ListItem\",\"position\":1,\"name\":\"Startseite\",\"item\":\"https:\/\/preprod.optimix-software.com\/de\/loesungen-fuer-preisgestaltung-und-lieferkette\/\"},{\"@type\":\"ListItem\",\"position\":2,\"name\":\"Unaufgeforderte Bewerbung\"}]},{\"@type\":\"WebSite\",\"@id\":\"https:\/\/preprod.optimix-software.com\/de\/#website\",\"url\":\"https:\/\/preprod.optimix-software.com\/de\/\",\"name\":\"Optimix Software\",\"description\":\"Solutions de Pricing et Supply chain d\u00e9di\u00e9es au retail\",\"publisher\":{\"@id\":\"https:\/\/preprod.optimix-software.com\/de\/#organization\"},\"potentialAction\":[{\"@type\":\"SearchAction\",\"target\":{\"@type\":\"EntryPoint\",\"urlTemplate\":\"https:\/\/preprod.optimix-software.com\/de\/?s={search_term_string}\"},\"query-input\":{\"@type\":\"PropertyValueSpecification\",\"valueRequired\":true,\"valueName\":\"search_term_string\"}}],\"inLanguage\":\"de\"},{\"@type\":\"Organization\",\"@id\":\"https:\/\/preprod.optimix-software.com\/de\/#organization\",\"name\":\"Optimix Software\",\"url\":\"https:\/\/preprod.optimix-software.com\/de\/\",\"logo\":{\"@type\":\"ImageObject\",\"inLanguage\":\"de\",\"@id\":\"https:\/\/preprod.optimix-software.com\/de\/#\/schema\/logo\/image\/\",\"url\":\"https:\/\/preprod.optimix-software.com\/wp-content\/uploads\/logo-carre-optimix-RETAIL-PERFORMANCE-SOFTWARE.jpg\",\"contentUrl\":\"https:\/\/preprod.optimix-software.com\/wp-content\/uploads\/logo-carre-optimix-RETAIL-PERFORMANCE-SOFTWARE.jpg\",\"width\":2001,\"height\":2001,\"caption\":\"Optimix Software\"},\"image\":{\"@id\":\"https:\/\/preprod.optimix-software.com\/de\/#\/schema\/logo\/image\/\"},\"sameAs\":[\"https:\/\/www.linkedin.com\/company\/optimix-ffr\/\"]}]}<\/script>\n<!-- \/ Yoast SEO Premium plugin. -->","yoast_head_json":{"title":"Unaufgeforderte Bewerbung - Optimix Software","description":"Werden Sie Mitglied bei Optimix, dem Hersteller innovativer Software f\u00fcr Preisgestaltung und Lieferketten. Bewerben Sie sich spontan und schicken Sie uns Ihren Lebenslauf f\u00fcr spannende M\u00f6glichkeiten!","robots":{"index":"noindex","follow":"follow","max-snippet":"max-snippet:-1","max-image-preview":"max-image-preview:large","max-video-preview":"max-video-preview:-1"},"og_locale":"de_DE","og_type":"article","og_title":"Unaufgeforderte Bewerbung","og_description":"Werden Sie Mitglied bei Optimix, dem Hersteller innovativer Software f\u00fcr Preisgestaltung und Lieferketten. Bewerben Sie sich spontan und schicken Sie uns Ihren Lebenslauf f\u00fcr spannende M\u00f6glichkeiten!","og_url":"https:\/\/preprod.optimix-software.com\/de\/unaufgeforderte-bewerbung\/","og_site_name":"Optimix Software","article_modified_time":"2024-12-03T09:04:30+00:00","og_image":[{"url":"https:\/\/optimix.fr\/wp-content\/uploads\/clubpricing3-copie.webp","type":"","width":"","height":""}],"twitter_card":"summary_large_image","schema":{"@context":"https:\/\/schema.org","@graph":[{"@type":"WebPage","@id":"https:\/\/preprod.optimix-software.com\/de\/unaufgeforderte-bewerbung\/","url":"https:\/\/preprod.optimix-software.com\/de\/unaufgeforderte-bewerbung\/","name":"Unaufgeforderte Bewerbung - Optimix Software","isPartOf":{"@id":"https:\/\/preprod.optimix-software.com\/de\/#website"},"primaryImageOfPage":{"@id":"https:\/\/preprod.optimix-software.com\/de\/unaufgeforderte-bewerbung\/#primaryimage"},"image":{"@id":"https:\/\/preprod.optimix-software.com\/de\/unaufgeforderte-bewerbung\/#primaryimage"},"thumbnailUrl":"https:\/\/preprod.optimix-software.com\/wp-content\/uploads\/photo-collaborateurs-Optimix-1200x800.webp","datePublished":"2024-06-28T10:44:51+00:00","dateModified":"2024-12-03T09:04:30+00:00","description":"Werden Sie Mitglied bei Optimix, dem Hersteller innovativer Software f\u00fcr Preisgestaltung und Lieferketten. Bewerben Sie sich spontan und schicken Sie uns Ihren Lebenslauf f\u00fcr spannende M\u00f6glichkeiten!","breadcrumb":{"@id":"https:\/\/preprod.optimix-software.com\/de\/unaufgeforderte-bewerbung\/#breadcrumb"},"inLanguage":"de","potentialAction":[{"@type":"ReadAction","target":["https:\/\/preprod.optimix-software.com\/de\/unaufgeforderte-bewerbung\/"]}]},{"@type":"ImageObject","inLanguage":"de","@id":"https:\/\/preprod.optimix-software.com\/de\/unaufgeforderte-bewerbung\/#primaryimage","url":"https:\/\/preprod.optimix-software.com\/wp-content\/uploads\/photo-collaborateurs-Optimix-1200x800.webp","contentUrl":"https:\/\/preprod.optimix-software.com\/wp-content\/uploads\/photo-collaborateurs-Optimix-1200x800.webp"},{"@type":"BreadcrumbList","@id":"https:\/\/preprod.optimix-software.com\/de\/unaufgeforderte-bewerbung\/#breadcrumb","itemListElement":[{"@type":"ListItem","position":1,"name":"Startseite","item":"https:\/\/preprod.optimix-software.com\/de\/loesungen-fuer-preisgestaltung-und-lieferkette\/"},{"@type":"ListItem","position":2,"name":"Unaufgeforderte Bewerbung"}]},{"@type":"WebSite","@id":"https:\/\/preprod.optimix-software.com\/de\/#website","url":"https:\/\/preprod.optimix-software.com\/de\/","name":"Optimix Software","description":"Solutions de Pricing et Supply chain d\u00e9di\u00e9es au retail","publisher":{"@id":"https:\/\/preprod.optimix-software.com\/de\/#organization"},"potentialAction":[{"@type":"SearchAction","target":{"@type":"EntryPoint","urlTemplate":"https:\/\/preprod.optimix-software.com\/de\/?s={search_term_string}"},"query-input":{"@type":"PropertyValueSpecification","valueRequired":true,"valueName":"search_term_string"}}],"inLanguage":"de"},{"@type":"Organization","@id":"https:\/\/preprod.optimix-software.com\/de\/#organization","name":"Optimix Software","url":"https:\/\/preprod.optimix-software.com\/de\/","logo":{"@type":"ImageObject","inLanguage":"de","@id":"https:\/\/preprod.optimix-software.com\/de\/#\/schema\/logo\/image\/","url":"https:\/\/preprod.optimix-software.com\/wp-content\/uploads\/logo-carre-optimix-RETAIL-PERFORMANCE-SOFTWARE.jpg","contentUrl":"https:\/\/preprod.optimix-software.com\/wp-content\/uploads\/logo-carre-optimix-RETAIL-PERFORMANCE-SOFTWARE.jpg","width":2001,"height":2001,"caption":"Optimix Software"},"image":{"@id":"https:\/\/preprod.optimix-software.com\/de\/#\/schema\/logo\/image\/"},"sameAs":["https:\/\/www.linkedin.com\/company\/optimix-ffr\/"]}]}},"_links":{"self":[{"href":"https:\/\/preprod.optimix-software.com\/de\/wp-json\/wp\/v2\/pages\/36220","targetHints":{"allow":["GET"]}}],"collection":[{"href":"https:\/\/preprod.optimix-software.com\/de\/wp-json\/wp\/v2\/pages"}],"about":[{"href":"https:\/\/preprod.optimix-software.com\/de\/wp-json\/wp\/v2\/types\/page"}],"author":[{"embeddable":true,"href":"https:\/\/preprod.optimix-software.com\/de\/wp-json\/wp\/v2\/users\/3"}],"replies":[{"embeddable":true,"href":"https:\/\/preprod.optimix-software.com\/de\/wp-json\/wp\/v2\/comments?post=36220"}],"version-history":[{"count":1,"href":"https:\/\/preprod.optimix-software.com\/de\/wp-json\/wp\/v2\/pages\/36220\/revisions"}],"predecessor-version":[{"id":36221,"href":"https:\/\/preprod.optimix-software.com\/de\/wp-json\/wp\/v2\/pages\/36220\/revisions\/36221"}],"wp:attachment":[{"href":"https:\/\/preprod.optimix-software.com\/de\/wp-json\/wp\/v2\/media?parent=36220"}],"curies":[{"name":"wp","href":"https:\/\/api.w.org\/{rel}","templated":true}]}}