{"id":36229,"date":"2024-09-03T10:53:09","date_gmt":"2024-09-03T08:53:09","guid":{"rendered":"https:\/\/preprod.optimix-software.com\/weissbuch-wie-waehlen-sie-ihre-supply-chain-software-loesung-aus\/"},"modified":"2025-04-02T13:09:51","modified_gmt":"2025-04-02T11:09:51","slug":"weissbuch-wie-waehlen-sie-ihre-supply-chain-software-loesung-aus","status":"publish","type":"page","link":"https:\/\/preprod.optimix-software.com\/de\/weissbuch-wie-waehlen-sie-ihre-supply-chain-software-loesung-aus\/","title":{"rendered":"Wei\u00dfbuch: Wie w\u00e4hlen Sie Ihre Supply Chain Software-L\u00f6sung aus?"},"content":{"rendered":"\t\t<div data-elementor-type=\"wp-page\" data-elementor-id=\"36229\" class=\"elementor elementor-36229 elementor-31411\" data-elementor-post-type=\"page\">\n\t\t\t\t<div class=\"elementor-element elementor-element-65937d9 e-flex e-con-boxed e-con e-parent\" data-id=\"65937d9\" data-element_type=\"container\" data-settings=\"{&quot;background_background&quot;:&quot;classic&quot;}\">\n\t\t\t\t\t<div class=\"e-con-inner\">\n\t\t<div class=\"elementor-element elementor-element-a1cff0c e-con-full e-flex e-con e-child\" data-id=\"a1cff0c\" data-element_type=\"container\">\n\t\t\t\t<div class=\"elementor-element elementor-element-b47d66f elementor-widget elementor-widget-heading\" data-id=\"b47d66f\" data-element_type=\"widget\" data-widget_type=\"heading.default\">\n\t\t\t\t<div class=\"elementor-widget-container\">\n\t\t\t\t\t<h2 class=\"elementor-heading-title elementor-size-default\">Wei\u00dfbuch: Wie w\u00e4hlen Sie Ihre Supply Chain Software aus?<\/h2>\t\t\t\t<\/div>\n\t\t\t\t<\/div>\n\t\t\t\t<div class=\"elementor-element elementor-element-bbfa17e elementor-widget elementor-widget-text-editor\" data-id=\"bbfa17e\" data-element_type=\"widget\" data-widget_type=\"text-editor.default\">\n\t\t\t\t<div class=\"elementor-widget-container\">\n\t\t\t\t\t\t\t\t\t<p>In einem Kontext, in dem die Komplexit\u00e4t und die Herausforderungen der Lieferkette st\u00e4ndig zunehmen, suchen H\u00e4ndler nach L\u00f6sungen, um ihre Abl\u00e4ufe zu optimieren und wettbewerbsf\u00e4hig zu bleiben. Um diese neuen Herausforderungen zu bew\u00e4ltigen, stellt sich eine Frage: <\/p>\n<p>Welche Supply-Chain-L\u00f6sung ist f\u00fcr Ihr Unternehmen am besten geeignet?<\/p>\n<p>Dieser praktische Leitfaden bietet wertvolle Einblicke und eine bew\u00e4hrte Methodik, die Ihnen hilft, die richtige Wahl zu treffen. Entdecken Sie Strategien und Best Practices, um Ihre Lieferkette in ein strategisches Asset zu verwandeln <\/p>\n\t\t\t\t\t\t\t\t<\/div>\n\t\t\t\t<\/div>\n\t\t\t\t<div class=\"elementor-element elementor-element-d63a304 elementor-widget elementor-widget-heading\" data-id=\"d63a304\" data-element_type=\"widget\" data-widget_type=\"heading.default\">\n\t\t\t\t<div class=\"elementor-widget-container\">\n\t\t\t\t\t<h2 class=\"elementor-heading-title elementor-size-default\">Die wichtigsten Fakten zum Whitepaper:<\/h2>\t\t\t\t<\/div>\n\t\t\t\t<\/div>\n\t\t\t\t<div class=\"elementor-element elementor-element-65d1b25 elementor-widget elementor-widget-text-editor\" data-id=\"65d1b25\" data-element_type=\"widget\" data-widget_type=\"text-editor.default\">\n\t\t\t\t<div class=\"elementor-widget-container\">\n\t\t\t\t\t\t\t\t\t<ul>\n<li>Ein praktischer Leitfaden in f\u00fcnf Schritten f\u00fcr die Auswahl der am besten geeigneten Lieferkettenl\u00f6sung.<\/li>\n<li>Verstehen Sie die modernen Herausforderungen der Lieferkette, wie globale St\u00f6rungen, neue Verbrauchererwartungen und Nachhaltigkeitszw\u00e4nge.<\/li>\n<li>Ein \u00dcberblick \u00fcber die wichtigsten Funktionen einer effektiven L\u00f6sung, die Transparenz in Echtzeit und Prozessoptimierung erm\u00f6glicht.<\/li>\n<\/ul>\n\t\t\t\t\t\t\t\t<\/div>\n\t\t\t\t<\/div>\n\t\t\t\t<\/div>\n\t\t<div class=\"elementor-element elementor-element-5bae97b e-con-full e-flex e-con e-child\" data-id=\"5bae97b\" data-element_type=\"container\">\n\t\t\t\t<div class=\"elementor-element elementor-element-bf0849f elementor-widget__width-initial elementor-widget elementor-widget-html\" data-id=\"bf0849f\" data-element_type=\"widget\" data-widget_type=\"html.default\">\n\t\t\t\t<div class=\"elementor-widget-container\">\n\t\t\t\t\t<script charset=\"utf-8\" type=\"text\/javascript\" src=\"\/\/js-eu1.hsforms.net\/forms\/embed\/v2.js\"><\/script>\n<script>\n  hbspt.forms.create({\n    portalId: \"144414462\",\n    formId: \"7b5dacca-27ec-4c06-963c-dc2515b952d6\",\n    region: \"eu1\"\n  });\n<\/script>\n\t\t\t\t<\/div>\n\t\t\t\t<\/div>\n\t\t\t\t<\/div>\n\t\t\t\t\t<\/div>\n\t\t\t\t<\/div>\n\t\t\t\t<\/div>\n\t\t","protected":false},"excerpt":{"rendered":"<p>Entdecken Sie den ultimativen Leitfaden zur Auswahl der richtigen Supply-Chain-Software f\u00fcr Ihr Unternehmen. In diesem Whitepaper werden die wichtigsten Funktionen, Branchentrends und Expertentipps vorgestellt, damit Sie eine fundierte Entscheidung treffen k\u00f6nnen, die Ihre Effizienz steigert und Ihr Wachstum f\u00f6rdert. <\/p>\n","protected":false},"author":3,"featured_media":36231,"parent":0,"menu_order":0,"comment_status":"closed","ping_status":"closed","template":"","meta":{"inline_featured_image":false,"footnotes":""},"class_list":["post-36229","page","type-page","status-publish","has-post-thumbnail","hentry"],"yoast_head":"<!-- This site is optimized with the Yoast SEO Premium plugin v22.8 (Yoast SEO v25.1) - https:\/\/yoast.com\/wordpress\/plugins\/seo\/ -->\n<title>Wei\u00dfbuch: Wie Sie Ihre Supply Chain Software ausw\u00e4hlen<\/title>\n<meta name=\"description\" content=\"Entdecken Sie den ultimativen Leitfaden zur Auswahl der richtigen Supply-Chain-Software f\u00fcr Ihr Unternehmen. In diesem Whitepaper werden die wichtigsten Funktionen, Branchentrends und Expertentipps vorgestellt, damit Sie eine fundierte Entscheidung treffen k\u00f6nnen, die Ihre Effizienz steigert und Ihr Wachstum f\u00f6rdert.\" \/>\n<meta name=\"robots\" content=\"noindex, follow, max-snippet:-1, max-image-preview:large, max-video-preview:-1\" \/>\n<meta property=\"og:locale\" content=\"de_DE\" \/>\n<meta property=\"og:type\" content=\"article\" \/>\n<meta property=\"og:title\" content=\"Wei\u00dfbuch: Wie w\u00e4hlen Sie Ihre Supply Chain Software-L\u00f6sung aus?\" \/>\n<meta property=\"og:description\" content=\"Entdecken Sie den ultimativen Leitfaden zur Auswahl der richtigen Supply-Chain-Software f\u00fcr Ihr Unternehmen. In diesem Whitepaper werden die wichtigsten Funktionen, Branchentrends und Expertentipps vorgestellt, damit Sie eine fundierte Entscheidung treffen k\u00f6nnen, die Ihre Effizienz steigert und Ihr Wachstum f\u00f6rdert.\" \/>\n<meta property=\"og:url\" content=\"https:\/\/preprod.optimix-software.com\/de\/weissbuch-wie-waehlen-sie-ihre-supply-chain-software-loesung-aus\/\" \/>\n<meta property=\"og:site_name\" content=\"Optimix Software\" \/>\n<meta property=\"article:modified_time\" content=\"2025-04-02T11:09:51+00:00\" \/>\n<meta property=\"og:image\" content=\"https:\/\/optimix.fr\/wp-content\/uploads\/Livre-blanc-pricing-LinkedIn-Post-LinkedIn-Single-Image-Ad-600x314.png\" \/>\n<meta name=\"twitter:card\" content=\"summary_large_image\" \/>\n<meta name=\"twitter:label1\" content=\"Gesch\u00e4tzte Lesezeit\" \/>\n\t<meta name=\"twitter:data1\" content=\"1\u00a0Minute\" \/>\n<script type=\"application\/ld+json\" class=\"yoast-schema-graph\">{\"@context\":\"https:\/\/schema.org\",\"@graph\":[{\"@type\":\"WebPage\",\"@id\":\"https:\/\/preprod.optimix-software.com\/de\/weissbuch-wie-waehlen-sie-ihre-supply-chain-software-loesung-aus\/\",\"url\":\"https:\/\/preprod.optimix-software.com\/de\/weissbuch-wie-waehlen-sie-ihre-supply-chain-software-loesung-aus\/\",\"name\":\"Wei\u00dfbuch: Wie Sie Ihre Supply Chain Software ausw\u00e4hlen\",\"isPartOf\":{\"@id\":\"https:\/\/preprod.optimix-software.com\/de\/#website\"},\"primaryImageOfPage\":{\"@id\":\"https:\/\/preprod.optimix-software.com\/de\/weissbuch-wie-waehlen-sie-ihre-supply-chain-software-loesung-aus\/#primaryimage\"},\"image\":{\"@id\":\"https:\/\/preprod.optimix-software.com\/de\/weissbuch-wie-waehlen-sie-ihre-supply-chain-software-loesung-aus\/#primaryimage\"},\"thumbnailUrl\":\"https:\/\/preprod.optimix-software.com\/wp-content\/uploads\/livre-blanc-comment-choisir-sa-solution-de-supply-chain.webp\",\"datePublished\":\"2024-09-03T08:53:09+00:00\",\"dateModified\":\"2025-04-02T11:09:51+00:00\",\"description\":\"Entdecken Sie den ultimativen Leitfaden zur Auswahl der richtigen Supply-Chain-Software f\u00fcr Ihr Unternehmen. In diesem Whitepaper werden die wichtigsten Funktionen, Branchentrends und Expertentipps vorgestellt, damit Sie eine fundierte Entscheidung treffen k\u00f6nnen, die Ihre Effizienz steigert und Ihr Wachstum f\u00f6rdert.\",\"breadcrumb\":{\"@id\":\"https:\/\/preprod.optimix-software.com\/de\/weissbuch-wie-waehlen-sie-ihre-supply-chain-software-loesung-aus\/#breadcrumb\"},\"inLanguage\":\"de\",\"potentialAction\":[{\"@type\":\"ReadAction\",\"target\":[\"https:\/\/preprod.optimix-software.com\/de\/weissbuch-wie-waehlen-sie-ihre-supply-chain-software-loesung-aus\/\"]}]},{\"@type\":\"ImageObject\",\"inLanguage\":\"de\",\"@id\":\"https:\/\/preprod.optimix-software.com\/de\/weissbuch-wie-waehlen-sie-ihre-supply-chain-software-loesung-aus\/#primaryimage\",\"url\":\"https:\/\/preprod.optimix-software.com\/wp-content\/uploads\/livre-blanc-comment-choisir-sa-solution-de-supply-chain.webp\",\"contentUrl\":\"https:\/\/preprod.optimix-software.com\/wp-content\/uploads\/livre-blanc-comment-choisir-sa-solution-de-supply-chain.webp\",\"width\":1200,\"height\":627,\"caption\":\"Wie w\u00e4hle ich eine L\u00f6sung f\u00fcr die Lieferkette aus?\"},{\"@type\":\"BreadcrumbList\",\"@id\":\"https:\/\/preprod.optimix-software.com\/de\/weissbuch-wie-waehlen-sie-ihre-supply-chain-software-loesung-aus\/#breadcrumb\",\"itemListElement\":[{\"@type\":\"ListItem\",\"position\":1,\"name\":\"Startseite\",\"item\":\"https:\/\/preprod.optimix-software.com\/de\/loesungen-fuer-preisgestaltung-und-lieferkette\/\"},{\"@type\":\"ListItem\",\"position\":2,\"name\":\"Wei\u00dfbuch: Wie w\u00e4hlen Sie Ihre Supply Chain Software-L\u00f6sung aus?\"}]},{\"@type\":\"WebSite\",\"@id\":\"https:\/\/preprod.optimix-software.com\/de\/#website\",\"url\":\"https:\/\/preprod.optimix-software.com\/de\/\",\"name\":\"Optimix Software\",\"description\":\"Solutions de Pricing et Supply chain d\u00e9di\u00e9es au retail\",\"publisher\":{\"@id\":\"https:\/\/preprod.optimix-software.com\/de\/#organization\"},\"potentialAction\":[{\"@type\":\"SearchAction\",\"target\":{\"@type\":\"EntryPoint\",\"urlTemplate\":\"https:\/\/preprod.optimix-software.com\/de\/?s={search_term_string}\"},\"query-input\":{\"@type\":\"PropertyValueSpecification\",\"valueRequired\":true,\"valueName\":\"search_term_string\"}}],\"inLanguage\":\"de\"},{\"@type\":\"Organization\",\"@id\":\"https:\/\/preprod.optimix-software.com\/de\/#organization\",\"name\":\"Optimix Software\",\"url\":\"https:\/\/preprod.optimix-software.com\/de\/\",\"logo\":{\"@type\":\"ImageObject\",\"inLanguage\":\"de\",\"@id\":\"https:\/\/preprod.optimix-software.com\/de\/#\/schema\/logo\/image\/\",\"url\":\"https:\/\/preprod.optimix-software.com\/wp-content\/uploads\/logo-carre-optimix-RETAIL-PERFORMANCE-SOFTWARE.jpg\",\"contentUrl\":\"https:\/\/preprod.optimix-software.com\/wp-content\/uploads\/logo-carre-optimix-RETAIL-PERFORMANCE-SOFTWARE.jpg\",\"width\":2001,\"height\":2001,\"caption\":\"Optimix Software\"},\"image\":{\"@id\":\"https:\/\/preprod.optimix-software.com\/de\/#\/schema\/logo\/image\/\"},\"sameAs\":[\"https:\/\/www.linkedin.com\/company\/optimix-ffr\/\"]}]}<\/script>\n<!-- \/ Yoast SEO Premium plugin. -->","yoast_head_json":{"title":"Wei\u00dfbuch: Wie Sie Ihre Supply Chain Software ausw\u00e4hlen","description":"Entdecken Sie den ultimativen Leitfaden zur Auswahl der richtigen Supply-Chain-Software f\u00fcr Ihr Unternehmen. In diesem Whitepaper werden die wichtigsten Funktionen, Branchentrends und Expertentipps vorgestellt, damit Sie eine fundierte Entscheidung treffen k\u00f6nnen, die Ihre Effizienz steigert und Ihr Wachstum f\u00f6rdert.","robots":{"index":"noindex","follow":"follow","max-snippet":"max-snippet:-1","max-image-preview":"max-image-preview:large","max-video-preview":"max-video-preview:-1"},"og_locale":"de_DE","og_type":"article","og_title":"Wei\u00dfbuch: Wie w\u00e4hlen Sie Ihre Supply Chain Software-L\u00f6sung aus?","og_description":"Entdecken Sie den ultimativen Leitfaden zur Auswahl der richtigen Supply-Chain-Software f\u00fcr Ihr Unternehmen. In diesem Whitepaper werden die wichtigsten Funktionen, Branchentrends und Expertentipps vorgestellt, damit Sie eine fundierte Entscheidung treffen k\u00f6nnen, die Ihre Effizienz steigert und Ihr Wachstum f\u00f6rdert.","og_url":"https:\/\/preprod.optimix-software.com\/de\/weissbuch-wie-waehlen-sie-ihre-supply-chain-software-loesung-aus\/","og_site_name":"Optimix Software","article_modified_time":"2025-04-02T11:09:51+00:00","og_image":[{"url":"https:\/\/optimix.fr\/wp-content\/uploads\/Livre-blanc-pricing-LinkedIn-Post-LinkedIn-Single-Image-Ad-600x314.png","type":"","width":"","height":""}],"twitter_card":"summary_large_image","twitter_misc":{"Gesch\u00e4tzte Lesezeit":"1\u00a0Minute"},"schema":{"@context":"https:\/\/schema.org","@graph":[{"@type":"WebPage","@id":"https:\/\/preprod.optimix-software.com\/de\/weissbuch-wie-waehlen-sie-ihre-supply-chain-software-loesung-aus\/","url":"https:\/\/preprod.optimix-software.com\/de\/weissbuch-wie-waehlen-sie-ihre-supply-chain-software-loesung-aus\/","name":"Wei\u00dfbuch: Wie Sie Ihre Supply Chain Software ausw\u00e4hlen","isPartOf":{"@id":"https:\/\/preprod.optimix-software.com\/de\/#website"},"primaryImageOfPage":{"@id":"https:\/\/preprod.optimix-software.com\/de\/weissbuch-wie-waehlen-sie-ihre-supply-chain-software-loesung-aus\/#primaryimage"},"image":{"@id":"https:\/\/preprod.optimix-software.com\/de\/weissbuch-wie-waehlen-sie-ihre-supply-chain-software-loesung-aus\/#primaryimage"},"thumbnailUrl":"https:\/\/preprod.optimix-software.com\/wp-content\/uploads\/livre-blanc-comment-choisir-sa-solution-de-supply-chain.webp","datePublished":"2024-09-03T08:53:09+00:00","dateModified":"2025-04-02T11:09:51+00:00","description":"Entdecken Sie den ultimativen Leitfaden zur Auswahl der richtigen Supply-Chain-Software f\u00fcr Ihr Unternehmen. In diesem Whitepaper werden die wichtigsten Funktionen, Branchentrends und Expertentipps vorgestellt, damit Sie eine fundierte Entscheidung treffen k\u00f6nnen, die Ihre Effizienz steigert und Ihr Wachstum f\u00f6rdert.","breadcrumb":{"@id":"https:\/\/preprod.optimix-software.com\/de\/weissbuch-wie-waehlen-sie-ihre-supply-chain-software-loesung-aus\/#breadcrumb"},"inLanguage":"de","potentialAction":[{"@type":"ReadAction","target":["https:\/\/preprod.optimix-software.com\/de\/weissbuch-wie-waehlen-sie-ihre-supply-chain-software-loesung-aus\/"]}]},{"@type":"ImageObject","inLanguage":"de","@id":"https:\/\/preprod.optimix-software.com\/de\/weissbuch-wie-waehlen-sie-ihre-supply-chain-software-loesung-aus\/#primaryimage","url":"https:\/\/preprod.optimix-software.com\/wp-content\/uploads\/livre-blanc-comment-choisir-sa-solution-de-supply-chain.webp","contentUrl":"https:\/\/preprod.optimix-software.com\/wp-content\/uploads\/livre-blanc-comment-choisir-sa-solution-de-supply-chain.webp","width":1200,"height":627,"caption":"Wie w\u00e4hle ich eine L\u00f6sung f\u00fcr die Lieferkette aus?"},{"@type":"BreadcrumbList","@id":"https:\/\/preprod.optimix-software.com\/de\/weissbuch-wie-waehlen-sie-ihre-supply-chain-software-loesung-aus\/#breadcrumb","itemListElement":[{"@type":"ListItem","position":1,"name":"Startseite","item":"https:\/\/preprod.optimix-software.com\/de\/loesungen-fuer-preisgestaltung-und-lieferkette\/"},{"@type":"ListItem","position":2,"name":"Wei\u00dfbuch: Wie w\u00e4hlen Sie Ihre Supply Chain Software-L\u00f6sung aus?"}]},{"@type":"WebSite","@id":"https:\/\/preprod.optimix-software.com\/de\/#website","url":"https:\/\/preprod.optimix-software.com\/de\/","name":"Optimix Software","description":"Solutions de Pricing et Supply chain d\u00e9di\u00e9es au retail","publisher":{"@id":"https:\/\/preprod.optimix-software.com\/de\/#organization"},"potentialAction":[{"@type":"SearchAction","target":{"@type":"EntryPoint","urlTemplate":"https:\/\/preprod.optimix-software.com\/de\/?s={search_term_string}"},"query-input":{"@type":"PropertyValueSpecification","valueRequired":true,"valueName":"search_term_string"}}],"inLanguage":"de"},{"@type":"Organization","@id":"https:\/\/preprod.optimix-software.com\/de\/#organization","name":"Optimix Software","url":"https:\/\/preprod.optimix-software.com\/de\/","logo":{"@type":"ImageObject","inLanguage":"de","@id":"https:\/\/preprod.optimix-software.com\/de\/#\/schema\/logo\/image\/","url":"https:\/\/preprod.optimix-software.com\/wp-content\/uploads\/logo-carre-optimix-RETAIL-PERFORMANCE-SOFTWARE.jpg","contentUrl":"https:\/\/preprod.optimix-software.com\/wp-content\/uploads\/logo-carre-optimix-RETAIL-PERFORMANCE-SOFTWARE.jpg","width":2001,"height":2001,"caption":"Optimix Software"},"image":{"@id":"https:\/\/preprod.optimix-software.com\/de\/#\/schema\/logo\/image\/"},"sameAs":["https:\/\/www.linkedin.com\/company\/optimix-ffr\/"]}]}},"_links":{"self":[{"href":"https:\/\/preprod.optimix-software.com\/de\/wp-json\/wp\/v2\/pages\/36229","targetHints":{"allow":["GET"]}}],"collection":[{"href":"https:\/\/preprod.optimix-software.com\/de\/wp-json\/wp\/v2\/pages"}],"about":[{"href":"https:\/\/preprod.optimix-software.com\/de\/wp-json\/wp\/v2\/types\/page"}],"author":[{"embeddable":true,"href":"https:\/\/preprod.optimix-software.com\/de\/wp-json\/wp\/v2\/users\/3"}],"replies":[{"embeddable":true,"href":"https:\/\/preprod.optimix-software.com\/de\/wp-json\/wp\/v2\/comments?post=36229"}],"version-history":[{"count":7,"href":"https:\/\/preprod.optimix-software.com\/de\/wp-json\/wp\/v2\/pages\/36229\/revisions"}],"predecessor-version":[{"id":45138,"href":"https:\/\/preprod.optimix-software.com\/de\/wp-json\/wp\/v2\/pages\/36229\/revisions\/45138"}],"wp:featuredmedia":[{"embeddable":true,"href":"https:\/\/preprod.optimix-software.com\/de\/wp-json\/wp\/v2\/media\/36231"}],"wp:attachment":[{"href":"https:\/\/preprod.optimix-software.com\/de\/wp-json\/wp\/v2\/media?parent=36229"}],"curies":[{"name":"wp","href":"https:\/\/api.w.org\/{rel}","templated":true}]}}