{"id":36246,"date":"2024-06-04T10:58:23","date_gmt":"2024-06-04T08:58:23","guid":{"rendered":"https:\/\/preprod.optimix-software.com\/weissbuch-lieferkette-und-ki-6-wichtige-trends-bis-2030\/"},"modified":"2025-02-20T15:07:08","modified_gmt":"2025-02-20T14:07:08","slug":"weissbuch-lieferkette-und-ki-6-wichtige-trends-bis-2030","status":"publish","type":"page","link":"https:\/\/preprod.optimix-software.com\/de\/weissbuch-lieferkette-und-ki-6-wichtige-trends-bis-2030\/","title":{"rendered":"Wei\u00dfbuch: Supply Chain und KI &#8211; 6 Haupttrends bis 2030"},"content":{"rendered":"\t\t<div data-elementor-type=\"wp-page\" data-elementor-id=\"36246\" class=\"elementor elementor-36246 elementor-26822\" data-elementor-post-type=\"page\">\n\t\t\t\t<div class=\"elementor-element elementor-element-65937d9 e-flex e-con-boxed e-con e-parent\" data-id=\"65937d9\" data-element_type=\"container\" data-settings=\"{&quot;background_background&quot;:&quot;classic&quot;}\">\n\t\t\t\t\t<div class=\"e-con-inner\">\n\t\t<div class=\"elementor-element elementor-element-a1cff0c e-con-full e-flex e-con e-child\" data-id=\"a1cff0c\" data-element_type=\"container\">\n\t\t\t\t<div class=\"elementor-element elementor-element-b47d66f elementor-widget elementor-widget-heading\" data-id=\"b47d66f\" data-element_type=\"widget\" data-widget_type=\"heading.default\">\n\t\t\t\t<div class=\"elementor-widget-container\">\n\t\t\t\t\t<h2 class=\"elementor-heading-title elementor-size-default\">Wei\u00dfbuch: <\/br> Supply Chain und KI: 6 Haupttrends bis 2030.<\/h2>\t\t\t\t<\/div>\n\t\t\t\t<\/div>\n\t\t\t\t<div class=\"elementor-element elementor-element-4834e77a elementor-widget__width-initial elementor-widget elementor-widget-text-editor\" data-id=\"4834e77a\" data-element_type=\"widget\" data-widget_type=\"text-editor.default\">\n\t\t\t\t<div class=\"elementor-widget-container\">\n\t\t\t\t\t\t\t\t\t<p>Die Integration von KI in das Supply Chain Management ist eine wichtige Entwicklung seit den 2000er Jahren.<\/p>\n<p>Bis 2030 bereiten sich Unternehmen weltweit auf eine Gesch\u00e4ftslandschaft vor, die von revolution\u00e4ren Fortschritten in der KI gepr\u00e4gt sein wird.<\/p>\n<p>Dieses Wei\u00dfbuch untersucht die wichtigsten Trends, die sich aus dieser Konvergenz ergeben.<\/p>\n<p>Laden Sie jetzt unser E-Book herunter!<\/p>\n\t\t\t\t\t\t\t\t<\/div>\n\t\t\t\t<\/div>\n\t\t\t\t<div class=\"elementor-element elementor-element-a51ea3d elementor-widget elementor-widget-heading\" data-id=\"a51ea3d\" data-element_type=\"widget\" data-widget_type=\"heading.default\">\n\t\t\t\t<div class=\"elementor-widget-container\">\n\t\t\t\t\t<h3 class=\"elementor-heading-title elementor-size-default\">Schl\u00fcsselpunkte des Wei\u00dfbuchs<\/h3>\t\t\t\t<\/div>\n\t\t\t\t<\/div>\n\t\t\t\t<div class=\"elementor-element elementor-element-7f1fb02 elementor-widget elementor-widget-text-editor\" data-id=\"7f1fb02\" data-element_type=\"widget\" data-widget_type=\"text-editor.default\">\n\t\t\t\t<div class=\"elementor-widget-container\">\n\t\t\t\t\t\t\t\t\t<p class=\"p1\">In unserem Wei\u00dfbuch erfahren Sie, wie Sie :<\/p>\n<ul class=\"ul1\">\n<li class=\"li1\">Eine <strong>automatisierte Zusammenarbeit<\/strong> kann Ihre Prozesse revolutionieren,<\/li>\n<li class=\"li1\">wie fortschrittliche Technologien die <strong>Produktionsplanung<\/strong> optimieren und,<\/li>\n<li class=\"li1\">wie Transparenz durch eine <strong>verbesserte R\u00fcckverfolgbarkeit<\/strong> gew\u00e4hrleistet werden kann.<\/li>\n<li class=\"li1\">Durch die Anwendung <strong>umweltfreundlicher Logistikpraktiken<\/strong> und die Integration von sozialer und \u00f6kologischer Verantwortung werden Sie auf die zuk\u00fcnftigen Herausforderungen der Lieferkette vorbereitet sein.<\/li>\n<\/ul>\n\t\t\t\t\t\t\t\t<\/div>\n\t\t\t\t<\/div>\n\t\t\t\t<\/div>\n\t\t<div class=\"elementor-element elementor-element-5bae97b e-con-full e-flex e-con e-child\" data-id=\"5bae97b\" data-element_type=\"container\">\n\t\t\t\t<div class=\"elementor-element elementor-element-f8a9311 elementor-widget__width-initial elementor-hidden-desktop elementor-hidden-tablet elementor-hidden-mobile elementor-widget elementor-widget-html\" data-id=\"f8a9311\" data-element_type=\"widget\" data-widget_type=\"html.default\">\n\t\t\t\t<div class=\"elementor-widget-container\">\n\t\t\t\t\t<div class=\"pipedriveWebForms\" data-pd-webforms=\"https:\/\/webforms.pipedrive.com\/f\/6ckA12V7tT6HxoZ7WjKjNHslcA5A811wxqcmZRL6vBe25gBH7pmOl9uKx9TejbL5v5\"><script src=\"https:\/\/webforms.pipedrive.com\/f\/loader\"><\/script><\/div>\t\t\t\t<\/div>\n\t\t\t\t<\/div>\n\t\t\t\t<div class=\"elementor-element elementor-element-bf0849f elementor-widget__width-initial elementor-widget elementor-widget-html\" data-id=\"bf0849f\" data-element_type=\"widget\" data-widget_type=\"html.default\">\n\t\t\t\t<div class=\"elementor-widget-container\">\n\t\t\t\t\t<script charset=\"utf-8\" type=\"text\/javascript\" src=\"\/\/js-eu1.hsforms.net\/forms\/embed\/v2.js\"><\/script>\n<script>\n  hbspt.forms.create({\n    region: \"eu1\",\n    portalId: \"144414462\",\n    formId: \"e7eca100-9896-4f11-9c6a-edb39a9524b4\"\n  });\n<\/script>\n\t\t\t\t<\/div>\n\t\t\t\t<\/div>\n\t\t\t\t<\/div>\n\t\t\t\t\t<\/div>\n\t\t\t\t<\/div>\n\t\t\t\t<\/div>\n\t\t","protected":false},"excerpt":{"rendered":"<p>Laden Sie unser White Paper &#8222;Supply Chain &amp; KI: 6 Haupttrends bis 2030!&#8220; herunter und erfahren Sie, wie Sie die technologischen Ver\u00e4nderungen in der Supply Chain antizipieren k\u00f6nnen.<\/p>\n","protected":false},"author":3,"featured_media":36247,"parent":0,"menu_order":0,"comment_status":"closed","ping_status":"closed","template":"","meta":{"inline_featured_image":false,"footnotes":""},"class_list":["post-36246","page","type-page","status-publish","has-post-thumbnail","hentry"],"yoast_head":"<!-- This site is optimized with the Yoast SEO Premium plugin v22.8 (Yoast SEO v25.1) - https:\/\/yoast.com\/wordpress\/plugins\/seo\/ -->\n<title>White Paper: Supply Chain und KI - 6 Haupttrends bis 2030<\/title>\n<meta name=\"description\" content=\"Laden Sie unser White Paper &quot;Supply Chain &amp; KI: 6 Haupttrends bis 2030!&quot; herunter und erfahren Sie, wie Sie die technologischen Ver\u00e4nderungen in der Supply Chain antizipieren k\u00f6nnen.\" \/>\n<meta name=\"robots\" content=\"noindex, follow, max-snippet:-1, max-image-preview:large, max-video-preview:-1\" \/>\n<meta property=\"og:locale\" content=\"de_DE\" \/>\n<meta property=\"og:type\" content=\"article\" \/>\n<meta property=\"og:title\" content=\"Wei\u00dfbuch: Supply Chain und KI - 6 Haupttrends bis 2030\" \/>\n<meta property=\"og:description\" content=\"Laden Sie unser White Paper &quot;Supply Chain &amp; KI: 6 Haupttrends bis 2030!&quot; herunter und erfahren Sie, wie Sie die technologischen Ver\u00e4nderungen in der Supply Chain antizipieren k\u00f6nnen.\" \/>\n<meta property=\"og:url\" content=\"https:\/\/preprod.optimix-software.com\/de\/weissbuch-lieferkette-und-ki-6-wichtige-trends-bis-2030\/\" \/>\n<meta property=\"og:site_name\" content=\"Optimix Software\" \/>\n<meta property=\"article:modified_time\" content=\"2025-02-20T14:07:08+00:00\" \/>\n<meta property=\"og:image\" content=\"https:\/\/optimix.fr\/wp-content\/uploads\/Livre-blanc-pricing-LinkedIn-Post-LinkedIn-Single-Image-Ad-600x314.png\" \/>\n<meta name=\"twitter:card\" content=\"summary_large_image\" \/>\n<meta name=\"twitter:label1\" content=\"Gesch\u00e4tzte Lesezeit\" \/>\n\t<meta name=\"twitter:data1\" content=\"1\u00a0Minute\" \/>\n<script type=\"application\/ld+json\" class=\"yoast-schema-graph\">{\"@context\":\"https:\/\/schema.org\",\"@graph\":[{\"@type\":\"WebPage\",\"@id\":\"https:\/\/preprod.optimix-software.com\/de\/weissbuch-lieferkette-und-ki-6-wichtige-trends-bis-2030\/\",\"url\":\"https:\/\/preprod.optimix-software.com\/de\/weissbuch-lieferkette-und-ki-6-wichtige-trends-bis-2030\/\",\"name\":\"White Paper: Supply Chain und KI - 6 Haupttrends bis 2030\",\"isPartOf\":{\"@id\":\"https:\/\/preprod.optimix-software.com\/de\/#website\"},\"primaryImageOfPage\":{\"@id\":\"https:\/\/preprod.optimix-software.com\/de\/weissbuch-lieferkette-und-ki-6-wichtige-trends-bis-2030\/#primaryimage\"},\"image\":{\"@id\":\"https:\/\/preprod.optimix-software.com\/de\/weissbuch-lieferkette-und-ki-6-wichtige-trends-bis-2030\/#primaryimage\"},\"thumbnailUrl\":\"https:\/\/preprod.optimix-software.com\/wp-content\/uploads\/Supply-Chain-et-IA-6-tendances-majeures-2030.webp\",\"datePublished\":\"2024-06-04T08:58:23+00:00\",\"dateModified\":\"2025-02-20T14:07:08+00:00\",\"description\":\"Laden Sie unser White Paper \\\"Supply Chain & KI: 6 Haupttrends bis 2030!\\\" herunter und erfahren Sie, wie Sie die technologischen Ver\u00e4nderungen in der Supply Chain antizipieren k\u00f6nnen.\",\"breadcrumb\":{\"@id\":\"https:\/\/preprod.optimix-software.com\/de\/weissbuch-lieferkette-und-ki-6-wichtige-trends-bis-2030\/#breadcrumb\"},\"inLanguage\":\"de\",\"potentialAction\":[{\"@type\":\"ReadAction\",\"target\":[\"https:\/\/preprod.optimix-software.com\/de\/weissbuch-lieferkette-und-ki-6-wichtige-trends-bis-2030\/\"]}]},{\"@type\":\"ImageObject\",\"inLanguage\":\"de\",\"@id\":\"https:\/\/preprod.optimix-software.com\/de\/weissbuch-lieferkette-und-ki-6-wichtige-trends-bis-2030\/#primaryimage\",\"url\":\"https:\/\/preprod.optimix-software.com\/wp-content\/uploads\/Supply-Chain-et-IA-6-tendances-majeures-2030.webp\",\"contentUrl\":\"https:\/\/preprod.optimix-software.com\/wp-content\/uploads\/Supply-Chain-et-IA-6-tendances-majeures-2030.webp\",\"width\":1200,\"height\":627,\"caption\":\"White Paper: Supply Chain und KI - 6 Haupttrends bis 2030\"},{\"@type\":\"BreadcrumbList\",\"@id\":\"https:\/\/preprod.optimix-software.com\/de\/weissbuch-lieferkette-und-ki-6-wichtige-trends-bis-2030\/#breadcrumb\",\"itemListElement\":[{\"@type\":\"ListItem\",\"position\":1,\"name\":\"Startseite\",\"item\":\"https:\/\/preprod.optimix-software.com\/de\/loesungen-fuer-preisgestaltung-und-lieferkette\/\"},{\"@type\":\"ListItem\",\"position\":2,\"name\":\"Wei\u00dfbuch: Supply Chain und KI &#8211; 6 Haupttrends bis 2030\"}]},{\"@type\":\"WebSite\",\"@id\":\"https:\/\/preprod.optimix-software.com\/de\/#website\",\"url\":\"https:\/\/preprod.optimix-software.com\/de\/\",\"name\":\"Optimix Software\",\"description\":\"Solutions de Pricing et Supply chain d\u00e9di\u00e9es au retail\",\"publisher\":{\"@id\":\"https:\/\/preprod.optimix-software.com\/de\/#organization\"},\"potentialAction\":[{\"@type\":\"SearchAction\",\"target\":{\"@type\":\"EntryPoint\",\"urlTemplate\":\"https:\/\/preprod.optimix-software.com\/de\/?s={search_term_string}\"},\"query-input\":{\"@type\":\"PropertyValueSpecification\",\"valueRequired\":true,\"valueName\":\"search_term_string\"}}],\"inLanguage\":\"de\"},{\"@type\":\"Organization\",\"@id\":\"https:\/\/preprod.optimix-software.com\/de\/#organization\",\"name\":\"Optimix Software\",\"url\":\"https:\/\/preprod.optimix-software.com\/de\/\",\"logo\":{\"@type\":\"ImageObject\",\"inLanguage\":\"de\",\"@id\":\"https:\/\/preprod.optimix-software.com\/de\/#\/schema\/logo\/image\/\",\"url\":\"https:\/\/preprod.optimix-software.com\/wp-content\/uploads\/logo-carre-optimix-RETAIL-PERFORMANCE-SOFTWARE.jpg\",\"contentUrl\":\"https:\/\/preprod.optimix-software.com\/wp-content\/uploads\/logo-carre-optimix-RETAIL-PERFORMANCE-SOFTWARE.jpg\",\"width\":2001,\"height\":2001,\"caption\":\"Optimix Software\"},\"image\":{\"@id\":\"https:\/\/preprod.optimix-software.com\/de\/#\/schema\/logo\/image\/\"},\"sameAs\":[\"https:\/\/www.linkedin.com\/company\/optimix-ffr\/\"]}]}<\/script>\n<!-- \/ Yoast SEO Premium plugin. -->","yoast_head_json":{"title":"White Paper: Supply Chain und KI - 6 Haupttrends bis 2030","description":"Laden Sie unser White Paper \"Supply Chain & KI: 6 Haupttrends bis 2030!\" herunter und erfahren Sie, wie Sie die technologischen Ver\u00e4nderungen in der Supply Chain antizipieren k\u00f6nnen.","robots":{"index":"noindex","follow":"follow","max-snippet":"max-snippet:-1","max-image-preview":"max-image-preview:large","max-video-preview":"max-video-preview:-1"},"og_locale":"de_DE","og_type":"article","og_title":"Wei\u00dfbuch: Supply Chain und KI - 6 Haupttrends bis 2030","og_description":"Laden Sie unser White Paper \"Supply Chain & KI: 6 Haupttrends bis 2030!\" herunter und erfahren Sie, wie Sie die technologischen Ver\u00e4nderungen in der Supply Chain antizipieren k\u00f6nnen.","og_url":"https:\/\/preprod.optimix-software.com\/de\/weissbuch-lieferkette-und-ki-6-wichtige-trends-bis-2030\/","og_site_name":"Optimix Software","article_modified_time":"2025-02-20T14:07:08+00:00","og_image":[{"url":"https:\/\/optimix.fr\/wp-content\/uploads\/Livre-blanc-pricing-LinkedIn-Post-LinkedIn-Single-Image-Ad-600x314.png","type":"","width":"","height":""}],"twitter_card":"summary_large_image","twitter_misc":{"Gesch\u00e4tzte Lesezeit":"1\u00a0Minute"},"schema":{"@context":"https:\/\/schema.org","@graph":[{"@type":"WebPage","@id":"https:\/\/preprod.optimix-software.com\/de\/weissbuch-lieferkette-und-ki-6-wichtige-trends-bis-2030\/","url":"https:\/\/preprod.optimix-software.com\/de\/weissbuch-lieferkette-und-ki-6-wichtige-trends-bis-2030\/","name":"White Paper: Supply Chain und KI - 6 Haupttrends bis 2030","isPartOf":{"@id":"https:\/\/preprod.optimix-software.com\/de\/#website"},"primaryImageOfPage":{"@id":"https:\/\/preprod.optimix-software.com\/de\/weissbuch-lieferkette-und-ki-6-wichtige-trends-bis-2030\/#primaryimage"},"image":{"@id":"https:\/\/preprod.optimix-software.com\/de\/weissbuch-lieferkette-und-ki-6-wichtige-trends-bis-2030\/#primaryimage"},"thumbnailUrl":"https:\/\/preprod.optimix-software.com\/wp-content\/uploads\/Supply-Chain-et-IA-6-tendances-majeures-2030.webp","datePublished":"2024-06-04T08:58:23+00:00","dateModified":"2025-02-20T14:07:08+00:00","description":"Laden Sie unser White Paper \"Supply Chain & KI: 6 Haupttrends bis 2030!\" herunter und erfahren Sie, wie Sie die technologischen Ver\u00e4nderungen in der Supply Chain antizipieren k\u00f6nnen.","breadcrumb":{"@id":"https:\/\/preprod.optimix-software.com\/de\/weissbuch-lieferkette-und-ki-6-wichtige-trends-bis-2030\/#breadcrumb"},"inLanguage":"de","potentialAction":[{"@type":"ReadAction","target":["https:\/\/preprod.optimix-software.com\/de\/weissbuch-lieferkette-und-ki-6-wichtige-trends-bis-2030\/"]}]},{"@type":"ImageObject","inLanguage":"de","@id":"https:\/\/preprod.optimix-software.com\/de\/weissbuch-lieferkette-und-ki-6-wichtige-trends-bis-2030\/#primaryimage","url":"https:\/\/preprod.optimix-software.com\/wp-content\/uploads\/Supply-Chain-et-IA-6-tendances-majeures-2030.webp","contentUrl":"https:\/\/preprod.optimix-software.com\/wp-content\/uploads\/Supply-Chain-et-IA-6-tendances-majeures-2030.webp","width":1200,"height":627,"caption":"White Paper: Supply Chain und KI - 6 Haupttrends bis 2030"},{"@type":"BreadcrumbList","@id":"https:\/\/preprod.optimix-software.com\/de\/weissbuch-lieferkette-und-ki-6-wichtige-trends-bis-2030\/#breadcrumb","itemListElement":[{"@type":"ListItem","position":1,"name":"Startseite","item":"https:\/\/preprod.optimix-software.com\/de\/loesungen-fuer-preisgestaltung-und-lieferkette\/"},{"@type":"ListItem","position":2,"name":"Wei\u00dfbuch: Supply Chain und KI &#8211; 6 Haupttrends bis 2030"}]},{"@type":"WebSite","@id":"https:\/\/preprod.optimix-software.com\/de\/#website","url":"https:\/\/preprod.optimix-software.com\/de\/","name":"Optimix Software","description":"Solutions de Pricing et Supply chain d\u00e9di\u00e9es au retail","publisher":{"@id":"https:\/\/preprod.optimix-software.com\/de\/#organization"},"potentialAction":[{"@type":"SearchAction","target":{"@type":"EntryPoint","urlTemplate":"https:\/\/preprod.optimix-software.com\/de\/?s={search_term_string}"},"query-input":{"@type":"PropertyValueSpecification","valueRequired":true,"valueName":"search_term_string"}}],"inLanguage":"de"},{"@type":"Organization","@id":"https:\/\/preprod.optimix-software.com\/de\/#organization","name":"Optimix Software","url":"https:\/\/preprod.optimix-software.com\/de\/","logo":{"@type":"ImageObject","inLanguage":"de","@id":"https:\/\/preprod.optimix-software.com\/de\/#\/schema\/logo\/image\/","url":"https:\/\/preprod.optimix-software.com\/wp-content\/uploads\/logo-carre-optimix-RETAIL-PERFORMANCE-SOFTWARE.jpg","contentUrl":"https:\/\/preprod.optimix-software.com\/wp-content\/uploads\/logo-carre-optimix-RETAIL-PERFORMANCE-SOFTWARE.jpg","width":2001,"height":2001,"caption":"Optimix Software"},"image":{"@id":"https:\/\/preprod.optimix-software.com\/de\/#\/schema\/logo\/image\/"},"sameAs":["https:\/\/www.linkedin.com\/company\/optimix-ffr\/"]}]}},"_links":{"self":[{"href":"https:\/\/preprod.optimix-software.com\/de\/wp-json\/wp\/v2\/pages\/36246","targetHints":{"allow":["GET"]}}],"collection":[{"href":"https:\/\/preprod.optimix-software.com\/de\/wp-json\/wp\/v2\/pages"}],"about":[{"href":"https:\/\/preprod.optimix-software.com\/de\/wp-json\/wp\/v2\/types\/page"}],"author":[{"embeddable":true,"href":"https:\/\/preprod.optimix-software.com\/de\/wp-json\/wp\/v2\/users\/3"}],"replies":[{"embeddable":true,"href":"https:\/\/preprod.optimix-software.com\/de\/wp-json\/wp\/v2\/comments?post=36246"}],"version-history":[{"count":10,"href":"https:\/\/preprod.optimix-software.com\/de\/wp-json\/wp\/v2\/pages\/36246\/revisions"}],"predecessor-version":[{"id":42613,"href":"https:\/\/preprod.optimix-software.com\/de\/wp-json\/wp\/v2\/pages\/36246\/revisions\/42613"}],"wp:featuredmedia":[{"embeddable":true,"href":"https:\/\/preprod.optimix-software.com\/de\/wp-json\/wp\/v2\/media\/36247"}],"wp:attachment":[{"href":"https:\/\/preprod.optimix-software.com\/de\/wp-json\/wp\/v2\/media?parent=36246"}],"curies":[{"name":"wp","href":"https:\/\/api.w.org\/{rel}","templated":true}]}}