{"id":36250,"date":"2024-04-24T14:47:33","date_gmt":"2024-04-24T12:47:33","guid":{"rendered":"https:\/\/preprod.optimix-software.com\/weissbuch-wie-sie-waehrend-der-inflation-eine-preisstrategie-festlegen\/"},"modified":"2025-02-20T15:09:12","modified_gmt":"2025-02-20T14:09:12","slug":"weissbuch-wie-sie-waehrend-der-inflation-eine-preisstrategie-festlegen","status":"publish","type":"page","link":"https:\/\/preprod.optimix-software.com\/de\/weissbuch-wie-sie-waehrend-der-inflation-eine-preisstrategie-festlegen\/","title":{"rendered":"Wei\u00dfbuch: Wie man eine Preisstrategie in inflation\u00e4ren Zeiten definiert"},"content":{"rendered":"\t\t<div data-elementor-type=\"wp-page\" data-elementor-id=\"36250\" class=\"elementor elementor-36250 elementor-25832\" data-elementor-post-type=\"page\">\n\t\t\t\t<div class=\"elementor-element elementor-element-65937d9 e-flex e-con-boxed e-con e-parent\" data-id=\"65937d9\" data-element_type=\"container\" data-settings=\"{&quot;background_background&quot;:&quot;classic&quot;}\">\n\t\t\t\t\t<div class=\"e-con-inner\">\n\t\t<div class=\"elementor-element elementor-element-a1cff0c e-con-full e-flex e-con e-child\" data-id=\"a1cff0c\" data-element_type=\"container\">\n\t\t\t\t<div class=\"elementor-element elementor-element-b47d66f elementor-widget elementor-widget-heading\" data-id=\"b47d66f\" data-element_type=\"widget\" data-widget_type=\"heading.default\">\n\t\t\t\t<div class=\"elementor-widget-container\">\n\t\t\t\t\t<h2 class=\"elementor-heading-title elementor-size-default\">Wei\u00dfbuch : <\/br>Welche Preisstrategien in inflation\u00e4ren Zeiten?<\/h2>\t\t\t\t<\/div>\n\t\t\t\t<\/div>\n\t\t\t\t<div class=\"elementor-element elementor-element-4834e77a elementor-widget__width-initial elementor-widget elementor-widget-text-editor\" data-id=\"4834e77a\" data-element_type=\"widget\" data-widget_type=\"text-editor.default\">\n\t\t\t\t<div class=\"elementor-widget-container\">\n\t\t\t\t\t\t\t\t\t<p><span style=\"font-weight: 400;\">W\u00e4hrend Europa eine anhaltende Phase der Inflation durchl\u00e4uft, steht der Einzelhandelssektor vor beispiellosen wirtschaftlichen Herausforderungen. <\/span><span style=\"font-weight: 400;\">Angesichts dieser Tatsache stellt sich eine entscheidende Frage:<\/span><\/p><p><b>Wie kann man seine Preisstrategie in inflation\u00e4ren Zeiten anpassen?<\/b><\/p><p><span style=\"font-weight: 400;\">Anhand eingehender Analysen untersucht dieses Whitepaper, wie Einzelhandelsunternehmen <\/span><b>sich anpassen und gedeihen k\u00f6nnen.<\/b><span style=\"font-weight: 400;\"> trotz der aktuellen wirtschaftlichen Herausforderungen.<\/span><\/p>\t\t\t\t\t\t\t\t<\/div>\n\t\t\t\t<\/div>\n\t\t\t\t<div class=\"elementor-element elementor-element-a51ea3d elementor-widget elementor-widget-heading\" data-id=\"a51ea3d\" data-element_type=\"widget\" data-widget_type=\"heading.default\">\n\t\t\t\t<div class=\"elementor-widget-container\">\n\t\t\t\t\t<span class=\"elementor-heading-title elementor-size-default\">Schl\u00fcsselpunkte des Wei\u00dfbuchs<\/span>\t\t\t\t<\/div>\n\t\t\t\t<\/div>\n\t\t\t\t<div class=\"elementor-element elementor-element-7f1fb02 elementor-widget elementor-widget-text-editor\" data-id=\"7f1fb02\" data-element_type=\"widget\" data-widget_type=\"text-editor.default\">\n\t\t\t\t<div class=\"elementor-widget-container\">\n\t\t\t\t\t\t\t\t\t<ul>\n<li style=\"font-weight: 400;\" aria-level=\"1\"><span style=\"font-weight: 400;\">Fundierte Analysen \u00fcber<\/span><b> Strategien zur Preisgestaltung<\/b><span style=\"font-weight: 400;\"> die in inflation\u00e4ren Zeiten am effektivsten sind.<\/span><\/li>\n<li style=\"font-weight: 400;\" aria-level=\"1\"><b>Der Einfluss neuer Technologien und der KI auf die Preisgestaltung.<\/b><span style=\"font-weight: 400;\"> auf die Preisgestaltung, was Ihnen einen entscheidenden Wettbewerbsvorteil verschafft.<\/span><\/li>\n<li style=\"font-weight: 400;\" aria-level=\"1\"><b>5 praktische Ratschl\u00e4ge <\/b><span>um Ihre Marktposition zu optimieren und in diesen unsicheren Zeiten sicher zu navigieren.<\/span><\/li>\n<\/ul>\n\t\t\t\t\t\t\t\t<\/div>\n\t\t\t\t<\/div>\n\t\t\t\t<\/div>\n\t\t<div class=\"elementor-element elementor-element-5bae97b e-con-full e-flex e-con e-child\" data-id=\"5bae97b\" data-element_type=\"container\">\n\t\t\t\t<div class=\"elementor-element elementor-element-f8a9311 elementor-widget__width-initial elementor-hidden-desktop elementor-hidden-tablet elementor-hidden-mobile elementor-widget elementor-widget-html\" data-id=\"f8a9311\" data-element_type=\"widget\" data-widget_type=\"html.default\">\n\t\t\t\t<div class=\"elementor-widget-container\">\n\t\t\t\t\t<div class=\"pipedriveWebForms\" data-pd-webforms=\"https:\/\/webforms.pipedrive.com\/f\/6ckA12V7tT6HxoZ7WjKjNHslcA5A811wxqcmZRL6vBe25gBH7pmOl9uKx9TejbL5v5\"><script src=\"https:\/\/webforms.pipedrive.com\/f\/loader\"><\/script><\/div>\t\t\t\t<\/div>\n\t\t\t\t<\/div>\n\t\t\t\t<div class=\"elementor-element elementor-element-bf0849f elementor-widget__width-initial elementor-widget elementor-widget-html\" data-id=\"bf0849f\" data-element_type=\"widget\" data-widget_type=\"html.default\">\n\t\t\t\t<div class=\"elementor-widget-container\">\n\t\t\t\t\t<script charset=\"utf-8\" type=\"text\/javascript\" src=\"\/\/js-eu1.hsforms.net\/forms\/embed\/v2.js\"><\/script>\n<script>\n  hbspt.forms.create({\n    portalId: \"144414462\",\n    formId: \"48dfdd3a-78b5-4b98-8cd0-6fc0226d5ef9\",\n    region: \"eu1\"\n  });\n<\/script>\n\t\t\t\t<\/div>\n\t\t\t\t<\/div>\n\t\t\t\t<\/div>\n\t\t\t\t\t<\/div>\n\t\t\t\t<\/div>\n\t\t\t\t<\/div>\n\t\t","protected":false},"excerpt":{"rendered":"<p>Entdecken Sie mit diesem Whitepaper effektive Preisstrategien f\u00fcr den Einzelhandel in Zeiten der Inflation. Passen Sie sich an und gedeihen Sie trotz der wirtschaftlichen Herausforderungen. <\/p>\n","protected":false},"author":3,"featured_media":36255,"parent":0,"menu_order":0,"comment_status":"closed","ping_status":"closed","template":"","meta":{"inline_featured_image":false,"footnotes":""},"class_list":["post-36250","page","type-page","status-publish","has-post-thumbnail","hentry"],"yoast_head":"<!-- This site is optimized with the Yoast SEO Premium plugin v22.8 (Yoast SEO v25.1) - https:\/\/yoast.com\/wordpress\/plugins\/seo\/ -->\n<title>Preisstrategie und Inflation - optimix XPA<\/title>\n<meta name=\"description\" content=\"Erfahren Sie in unserem Whitepaper \u00fcber Preisstrategien und Preisgestaltung, wie Sie trotz Inflation im Einzelhandel erfolgreich sein k\u00f6nnen.\" \/>\n<meta name=\"robots\" content=\"noindex, follow, max-snippet:-1, max-image-preview:large, max-video-preview:-1\" \/>\n<meta property=\"og:locale\" content=\"de_DE\" \/>\n<meta property=\"og:type\" content=\"article\" \/>\n<meta property=\"og:title\" content=\"Wei\u00dfbuch: Wie man eine Preisstrategie in inflation\u00e4ren Zeiten definiert\" \/>\n<meta property=\"og:description\" content=\"Erfahren Sie in unserem Whitepaper \u00fcber Preisstrategien und Preisgestaltung, wie Sie trotz Inflation im Einzelhandel erfolgreich sein k\u00f6nnen.\" \/>\n<meta property=\"og:url\" content=\"https:\/\/preprod.optimix-software.com\/de\/weissbuch-wie-sie-waehrend-der-inflation-eine-preisstrategie-festlegen\/\" \/>\n<meta property=\"og:site_name\" content=\"Optimix Software\" \/>\n<meta property=\"article:modified_time\" content=\"2025-02-20T14:09:12+00:00\" \/>\n<meta property=\"og:image\" content=\"https:\/\/preprod.optimix-software.com\/wp-content\/uploads\/White-Paper-XPA-Pricing-strategies-for-inflation-1-600x300.webp\" \/>\n<meta name=\"twitter:card\" content=\"summary_large_image\" \/>\n<meta name=\"twitter:label1\" content=\"Gesch\u00e4tzte Lesezeit\" \/>\n\t<meta name=\"twitter:data1\" content=\"1\u00a0Minute\" \/>\n<script type=\"application\/ld+json\" class=\"yoast-schema-graph\">{\"@context\":\"https:\/\/schema.org\",\"@graph\":[{\"@type\":\"WebPage\",\"@id\":\"https:\/\/preprod.optimix-software.com\/de\/weissbuch-wie-sie-waehrend-der-inflation-eine-preisstrategie-festlegen\/\",\"url\":\"https:\/\/preprod.optimix-software.com\/de\/weissbuch-wie-sie-waehrend-der-inflation-eine-preisstrategie-festlegen\/\",\"name\":\"Preisstrategie und Inflation - optimix XPA\",\"isPartOf\":{\"@id\":\"https:\/\/preprod.optimix-software.com\/de\/#website\"},\"primaryImageOfPage\":{\"@id\":\"https:\/\/preprod.optimix-software.com\/de\/weissbuch-wie-sie-waehrend-der-inflation-eine-preisstrategie-festlegen\/#primaryimage\"},\"image\":{\"@id\":\"https:\/\/preprod.optimix-software.com\/de\/weissbuch-wie-sie-waehrend-der-inflation-eine-preisstrategie-festlegen\/#primaryimage\"},\"thumbnailUrl\":\"https:\/\/preprod.optimix-software.com\/wp-content\/uploads\/Quelles-strategies-de-tarification-en-periode-inflationniste.webp\",\"datePublished\":\"2024-04-24T12:47:33+00:00\",\"dateModified\":\"2025-02-20T14:09:12+00:00\",\"description\":\"Erfahren Sie in unserem Whitepaper \u00fcber Preisstrategien und Preisgestaltung, wie Sie trotz Inflation im Einzelhandel erfolgreich sein k\u00f6nnen.\",\"breadcrumb\":{\"@id\":\"https:\/\/preprod.optimix-software.com\/de\/weissbuch-wie-sie-waehrend-der-inflation-eine-preisstrategie-festlegen\/#breadcrumb\"},\"inLanguage\":\"de\",\"potentialAction\":[{\"@type\":\"ReadAction\",\"target\":[\"https:\/\/preprod.optimix-software.com\/de\/weissbuch-wie-sie-waehrend-der-inflation-eine-preisstrategie-festlegen\/\"]}]},{\"@type\":\"ImageObject\",\"inLanguage\":\"de\",\"@id\":\"https:\/\/preprod.optimix-software.com\/de\/weissbuch-wie-sie-waehrend-der-inflation-eine-preisstrategie-festlegen\/#primaryimage\",\"url\":\"https:\/\/preprod.optimix-software.com\/wp-content\/uploads\/Quelles-strategies-de-tarification-en-periode-inflationniste.webp\",\"contentUrl\":\"https:\/\/preprod.optimix-software.com\/wp-content\/uploads\/Quelles-strategies-de-tarification-en-periode-inflationniste.webp\",\"width\":1200,\"height\":627,\"caption\":\"Welche-Tarifierungsstrategien-in-inflation\u00e4ren-Perioden\"},{\"@type\":\"BreadcrumbList\",\"@id\":\"https:\/\/preprod.optimix-software.com\/de\/weissbuch-wie-sie-waehrend-der-inflation-eine-preisstrategie-festlegen\/#breadcrumb\",\"itemListElement\":[{\"@type\":\"ListItem\",\"position\":1,\"name\":\"Startseite\",\"item\":\"https:\/\/preprod.optimix-software.com\/de\/loesungen-fuer-preisgestaltung-und-lieferkette\/\"},{\"@type\":\"ListItem\",\"position\":2,\"name\":\"Wei\u00dfbuch: Wie man eine Preisstrategie in inflation\u00e4ren Zeiten definiert\"}]},{\"@type\":\"WebSite\",\"@id\":\"https:\/\/preprod.optimix-software.com\/de\/#website\",\"url\":\"https:\/\/preprod.optimix-software.com\/de\/\",\"name\":\"Optimix Software\",\"description\":\"Solutions de Pricing et Supply chain d\u00e9di\u00e9es au retail\",\"publisher\":{\"@id\":\"https:\/\/preprod.optimix-software.com\/de\/#organization\"},\"potentialAction\":[{\"@type\":\"SearchAction\",\"target\":{\"@type\":\"EntryPoint\",\"urlTemplate\":\"https:\/\/preprod.optimix-software.com\/de\/?s={search_term_string}\"},\"query-input\":{\"@type\":\"PropertyValueSpecification\",\"valueRequired\":true,\"valueName\":\"search_term_string\"}}],\"inLanguage\":\"de\"},{\"@type\":\"Organization\",\"@id\":\"https:\/\/preprod.optimix-software.com\/de\/#organization\",\"name\":\"Optimix Software\",\"url\":\"https:\/\/preprod.optimix-software.com\/de\/\",\"logo\":{\"@type\":\"ImageObject\",\"inLanguage\":\"de\",\"@id\":\"https:\/\/preprod.optimix-software.com\/de\/#\/schema\/logo\/image\/\",\"url\":\"https:\/\/preprod.optimix-software.com\/wp-content\/uploads\/logo-carre-optimix-RETAIL-PERFORMANCE-SOFTWARE.jpg\",\"contentUrl\":\"https:\/\/preprod.optimix-software.com\/wp-content\/uploads\/logo-carre-optimix-RETAIL-PERFORMANCE-SOFTWARE.jpg\",\"width\":2001,\"height\":2001,\"caption\":\"Optimix Software\"},\"image\":{\"@id\":\"https:\/\/preprod.optimix-software.com\/de\/#\/schema\/logo\/image\/\"},\"sameAs\":[\"https:\/\/www.linkedin.com\/company\/optimix-ffr\/\"]}]}<\/script>\n<!-- \/ Yoast SEO Premium plugin. -->","yoast_head_json":{"title":"Preisstrategie und Inflation - optimix XPA","description":"Erfahren Sie in unserem Whitepaper \u00fcber Preisstrategien und Preisgestaltung, wie Sie trotz Inflation im Einzelhandel erfolgreich sein k\u00f6nnen.","robots":{"index":"noindex","follow":"follow","max-snippet":"max-snippet:-1","max-image-preview":"max-image-preview:large","max-video-preview":"max-video-preview:-1"},"og_locale":"de_DE","og_type":"article","og_title":"Wei\u00dfbuch: Wie man eine Preisstrategie in inflation\u00e4ren Zeiten definiert","og_description":"Erfahren Sie in unserem Whitepaper \u00fcber Preisstrategien und Preisgestaltung, wie Sie trotz Inflation im Einzelhandel erfolgreich sein k\u00f6nnen.","og_url":"https:\/\/preprod.optimix-software.com\/de\/weissbuch-wie-sie-waehrend-der-inflation-eine-preisstrategie-festlegen\/","og_site_name":"Optimix Software","article_modified_time":"2025-02-20T14:09:12+00:00","og_image":[{"url":"https:\/\/preprod.optimix-software.com\/wp-content\/uploads\/White-Paper-XPA-Pricing-strategies-for-inflation-1-600x300.webp","type":"","width":"","height":""}],"twitter_card":"summary_large_image","twitter_misc":{"Gesch\u00e4tzte Lesezeit":"1\u00a0Minute"},"schema":{"@context":"https:\/\/schema.org","@graph":[{"@type":"WebPage","@id":"https:\/\/preprod.optimix-software.com\/de\/weissbuch-wie-sie-waehrend-der-inflation-eine-preisstrategie-festlegen\/","url":"https:\/\/preprod.optimix-software.com\/de\/weissbuch-wie-sie-waehrend-der-inflation-eine-preisstrategie-festlegen\/","name":"Preisstrategie und Inflation - optimix XPA","isPartOf":{"@id":"https:\/\/preprod.optimix-software.com\/de\/#website"},"primaryImageOfPage":{"@id":"https:\/\/preprod.optimix-software.com\/de\/weissbuch-wie-sie-waehrend-der-inflation-eine-preisstrategie-festlegen\/#primaryimage"},"image":{"@id":"https:\/\/preprod.optimix-software.com\/de\/weissbuch-wie-sie-waehrend-der-inflation-eine-preisstrategie-festlegen\/#primaryimage"},"thumbnailUrl":"https:\/\/preprod.optimix-software.com\/wp-content\/uploads\/Quelles-strategies-de-tarification-en-periode-inflationniste.webp","datePublished":"2024-04-24T12:47:33+00:00","dateModified":"2025-02-20T14:09:12+00:00","description":"Erfahren Sie in unserem Whitepaper \u00fcber Preisstrategien und Preisgestaltung, wie Sie trotz Inflation im Einzelhandel erfolgreich sein k\u00f6nnen.","breadcrumb":{"@id":"https:\/\/preprod.optimix-software.com\/de\/weissbuch-wie-sie-waehrend-der-inflation-eine-preisstrategie-festlegen\/#breadcrumb"},"inLanguage":"de","potentialAction":[{"@type":"ReadAction","target":["https:\/\/preprod.optimix-software.com\/de\/weissbuch-wie-sie-waehrend-der-inflation-eine-preisstrategie-festlegen\/"]}]},{"@type":"ImageObject","inLanguage":"de","@id":"https:\/\/preprod.optimix-software.com\/de\/weissbuch-wie-sie-waehrend-der-inflation-eine-preisstrategie-festlegen\/#primaryimage","url":"https:\/\/preprod.optimix-software.com\/wp-content\/uploads\/Quelles-strategies-de-tarification-en-periode-inflationniste.webp","contentUrl":"https:\/\/preprod.optimix-software.com\/wp-content\/uploads\/Quelles-strategies-de-tarification-en-periode-inflationniste.webp","width":1200,"height":627,"caption":"Welche-Tarifierungsstrategien-in-inflation\u00e4ren-Perioden"},{"@type":"BreadcrumbList","@id":"https:\/\/preprod.optimix-software.com\/de\/weissbuch-wie-sie-waehrend-der-inflation-eine-preisstrategie-festlegen\/#breadcrumb","itemListElement":[{"@type":"ListItem","position":1,"name":"Startseite","item":"https:\/\/preprod.optimix-software.com\/de\/loesungen-fuer-preisgestaltung-und-lieferkette\/"},{"@type":"ListItem","position":2,"name":"Wei\u00dfbuch: Wie man eine Preisstrategie in inflation\u00e4ren Zeiten definiert"}]},{"@type":"WebSite","@id":"https:\/\/preprod.optimix-software.com\/de\/#website","url":"https:\/\/preprod.optimix-software.com\/de\/","name":"Optimix Software","description":"Solutions de Pricing et Supply chain d\u00e9di\u00e9es au retail","publisher":{"@id":"https:\/\/preprod.optimix-software.com\/de\/#organization"},"potentialAction":[{"@type":"SearchAction","target":{"@type":"EntryPoint","urlTemplate":"https:\/\/preprod.optimix-software.com\/de\/?s={search_term_string}"},"query-input":{"@type":"PropertyValueSpecification","valueRequired":true,"valueName":"search_term_string"}}],"inLanguage":"de"},{"@type":"Organization","@id":"https:\/\/preprod.optimix-software.com\/de\/#organization","name":"Optimix Software","url":"https:\/\/preprod.optimix-software.com\/de\/","logo":{"@type":"ImageObject","inLanguage":"de","@id":"https:\/\/preprod.optimix-software.com\/de\/#\/schema\/logo\/image\/","url":"https:\/\/preprod.optimix-software.com\/wp-content\/uploads\/logo-carre-optimix-RETAIL-PERFORMANCE-SOFTWARE.jpg","contentUrl":"https:\/\/preprod.optimix-software.com\/wp-content\/uploads\/logo-carre-optimix-RETAIL-PERFORMANCE-SOFTWARE.jpg","width":2001,"height":2001,"caption":"Optimix Software"},"image":{"@id":"https:\/\/preprod.optimix-software.com\/de\/#\/schema\/logo\/image\/"},"sameAs":["https:\/\/www.linkedin.com\/company\/optimix-ffr\/"]}]}},"_links":{"self":[{"href":"https:\/\/preprod.optimix-software.com\/de\/wp-json\/wp\/v2\/pages\/36250","targetHints":{"allow":["GET"]}}],"collection":[{"href":"https:\/\/preprod.optimix-software.com\/de\/wp-json\/wp\/v2\/pages"}],"about":[{"href":"https:\/\/preprod.optimix-software.com\/de\/wp-json\/wp\/v2\/types\/page"}],"author":[{"embeddable":true,"href":"https:\/\/preprod.optimix-software.com\/de\/wp-json\/wp\/v2\/users\/3"}],"replies":[{"embeddable":true,"href":"https:\/\/preprod.optimix-software.com\/de\/wp-json\/wp\/v2\/comments?post=36250"}],"version-history":[{"count":12,"href":"https:\/\/preprod.optimix-software.com\/de\/wp-json\/wp\/v2\/pages\/36250\/revisions"}],"predecessor-version":[{"id":42619,"href":"https:\/\/preprod.optimix-software.com\/de\/wp-json\/wp\/v2\/pages\/36250\/revisions\/42619"}],"wp:featuredmedia":[{"embeddable":true,"href":"https:\/\/preprod.optimix-software.com\/de\/wp-json\/wp\/v2\/media\/36255"}],"wp:attachment":[{"href":"https:\/\/preprod.optimix-software.com\/de\/wp-json\/wp\/v2\/media?parent=36250"}],"curies":[{"name":"wp","href":"https:\/\/api.w.org\/{rel}","templated":true}]}}