{"id":36259,"date":"2024-06-04T10:59:47","date_gmt":"2024-06-04T08:59:47","guid":{"rendered":"https:\/\/preprod.optimix-software.com\/weissbuch-die-herausforderungen-der-oekologischen-preisgestaltung\/"},"modified":"2025-02-20T15:08:14","modified_gmt":"2025-02-20T14:08:14","slug":"weissbuch-die-herausforderungen-der-oekologischen-preisgestaltung","status":"publish","type":"page","link":"https:\/\/preprod.optimix-software.com\/de\/weissbuch-die-herausforderungen-der-oekologischen-preisgestaltung\/","title":{"rendered":"Wei\u00dfbuch: Die Herausforderungen des Pricing im Bio-Sektor"},"content":{"rendered":"\t\t<div data-elementor-type=\"wp-page\" data-elementor-id=\"36259\" class=\"elementor elementor-36259 elementor-26811\" data-elementor-post-type=\"page\">\n\t\t\t\t<div class=\"elementor-element elementor-element-65937d9 e-flex e-con-boxed e-con e-parent\" data-id=\"65937d9\" data-element_type=\"container\" data-settings=\"{&quot;background_background&quot;:&quot;classic&quot;}\">\n\t\t\t\t\t<div class=\"e-con-inner\">\n\t\t<div class=\"elementor-element elementor-element-a1cff0c e-con-full e-flex e-con e-child\" data-id=\"a1cff0c\" data-element_type=\"container\">\n\t\t\t\t<div class=\"elementor-element elementor-element-b47d66f elementor-widget elementor-widget-heading\" data-id=\"b47d66f\" data-element_type=\"widget\" data-widget_type=\"heading.default\">\n\t\t\t\t<div class=\"elementor-widget-container\">\n\t\t\t\t\t<h2 class=\"elementor-heading-title elementor-size-default\">Wei\u00dfbuch : <\/br>Die Herausforderungen des Pricing im Bio-Sektor<\/h2>\t\t\t\t<\/div>\n\t\t\t\t<\/div>\n\t\t\t\t<div class=\"elementor-element elementor-element-4834e77a elementor-widget__width-initial elementor-widget elementor-widget-text-editor\" data-id=\"4834e77a\" data-element_type=\"widget\" data-widget_type=\"text-editor.default\">\n\t\t\t\t<div class=\"elementor-widget-container\">\n\t\t\t\t\t\t\t\t\t<p>Die Umstellung auf Bio, obwohl sie Versprechungen in Bezug auf Nachhaltigkeit, Gesundheit und Umweltfreundlichkeit mit sich bringt, stellt auch bedeutende wirtschaftliche Herausforderungen dar.<\/p><p>Die Produktionskosten k\u00f6nnen aufgrund der spezifischen landwirtschaftlichen Methoden, der Zertifizierungsanforderungen und der Verwaltung der \u00f6kologischen Betriebsmittel h\u00f6her sein.<\/p><p>Laden Sie jetzt unser Ebook herunter.<\/p>\t\t\t\t\t\t\t\t<\/div>\n\t\t\t\t<\/div>\n\t\t\t\t<div class=\"elementor-element elementor-element-a51ea3d elementor-widget elementor-widget-heading\" data-id=\"a51ea3d\" data-element_type=\"widget\" data-widget_type=\"heading.default\">\n\t\t\t\t<div class=\"elementor-widget-container\">\n\t\t\t\t\t<p class=\"elementor-heading-title elementor-size-default\">Schl\u00fcsselpunkte des Wei\u00dfbuchs<\/p>\t\t\t\t<\/div>\n\t\t\t\t<\/div>\n\t\t\t\t<div class=\"elementor-element elementor-element-7f1fb02 elementor-widget elementor-widget-text-editor\" data-id=\"7f1fb02\" data-element_type=\"widget\" data-widget_type=\"text-editor.default\">\n\t\t\t\t<div class=\"elementor-widget-container\">\n\t\t\t\t\t\t\t\t\t<ul><li>Die Bedeutung einer guten Marktsegmentierung<\/li><li>Starker Wettbewerb und Nischenpositionierung<\/li><li>Produktionskosten in der Bioproduktion<\/li><li>Preisempfindlichkeit<\/li><li>Nachfrageelastizit\u00e4t<\/li><\/ul>\t\t\t\t\t\t\t\t<\/div>\n\t\t\t\t<\/div>\n\t\t\t\t<\/div>\n\t\t<div class=\"elementor-element elementor-element-5bae97b e-con-full e-flex e-con e-child\" data-id=\"5bae97b\" data-element_type=\"container\">\n\t\t\t\t<div class=\"elementor-element elementor-element-f8a9311 elementor-widget__width-initial elementor-hidden-desktop elementor-hidden-tablet elementor-hidden-mobile elementor-widget elementor-widget-html\" data-id=\"f8a9311\" data-element_type=\"widget\" data-widget_type=\"html.default\">\n\t\t\t\t<div class=\"elementor-widget-container\">\n\t\t\t\t\t<div class=\"pipedriveWebForms\" data-pd-webforms=\"https:\/\/webforms.pipedrive.com\/f\/6ckA12V7tT6HxoZ7WjKjNHslcA5A811wxqcmZRL6vBe25gBH7pmOl9uKx9TejbL5v5\"><script src=\"https:\/\/webforms.pipedrive.com\/f\/loader\"><\/script><\/div>\t\t\t\t<\/div>\n\t\t\t\t<\/div>\n\t\t\t\t<div class=\"elementor-element elementor-element-bf0849f elementor-widget__width-initial elementor-widget elementor-widget-html\" data-id=\"bf0849f\" data-element_type=\"widget\" data-widget_type=\"html.default\">\n\t\t\t\t<div class=\"elementor-widget-container\">\n\t\t\t\t\t<script charset=\"utf-8\" type=\"text\/javascript\" src=\"\/\/js-eu1.hsforms.net\/forms\/embed\/v2.js\"><\/script>\n<script>\n  hbspt.forms.create({\n    region: \"eu1\",\n    portalId: \"144414462\",\n    formId: \"a08a0027-5179-4c7c-9fed-eab7ea548db8\"\n  });\n<\/script>\n\t\t\t\t<\/div>\n\t\t\t\t<\/div>\n\t\t\t\t<\/div>\n\t\t\t\t\t<\/div>\n\t\t\t\t<\/div>\n\t\t\t\t<\/div>\n\t\t","protected":false},"excerpt":{"rendered":"<p>Lesen Sie unser White Paper &#8222;Die Herausforderungen der Preisgestaltung im Bio-Sektor&#8220; und optimieren Sie Ihre Preisstrategie mit Erkenntnissen \u00fcber Kosten, Nachfrage, Segmentierung und Wettbewerb.<\/p>\n","protected":false},"author":3,"featured_media":36260,"parent":0,"menu_order":0,"comment_status":"closed","ping_status":"closed","template":"","meta":{"inline_featured_image":false,"footnotes":""},"class_list":["post-36259","page","type-page","status-publish","has-post-thumbnail","hentry"],"yoast_head":"<!-- This site is optimized with the Yoast SEO Premium plugin v22.8 (Yoast SEO v25.1) - https:\/\/yoast.com\/wordpress\/plugins\/seo\/ -->\n<title>Wei\u00dfbuch: Die Herausforderungen des Pricing im Bio-Sektor<\/title>\n<meta name=\"description\" content=\"Lesen Sie unser White Paper &quot;Die Herausforderungen der Preisgestaltung im Bio-Sektor&quot; und optimieren Sie Ihre Preisstrategie mit Erkenntnissen \u00fcber Kosten, Nachfrage, Segmentierung und Wettbewerb.\" \/>\n<meta name=\"robots\" content=\"noindex, follow, max-snippet:-1, max-image-preview:large, max-video-preview:-1\" \/>\n<meta property=\"og:locale\" content=\"de_DE\" \/>\n<meta property=\"og:type\" content=\"article\" \/>\n<meta property=\"og:title\" content=\"Wei\u00dfbuch: Die Herausforderungen des Pricing im Bio-Sektor\" \/>\n<meta property=\"og:description\" content=\"Lesen Sie unser White Paper &quot;Die Herausforderungen der Preisgestaltung im Bio-Sektor&quot; und optimieren Sie Ihre Preisstrategie mit Erkenntnissen \u00fcber Kosten, Nachfrage, Segmentierung und Wettbewerb.\" \/>\n<meta property=\"og:url\" content=\"https:\/\/preprod.optimix-software.com\/de\/weissbuch-die-herausforderungen-der-oekologischen-preisgestaltung\/\" \/>\n<meta property=\"og:site_name\" content=\"Optimix Software\" \/>\n<meta property=\"article:modified_time\" content=\"2025-02-20T14:08:14+00:00\" \/>\n<meta property=\"og:image\" content=\"https:\/\/optimix.fr\/wp-content\/uploads\/Livre-blanc-pricing-LinkedIn-Post-LinkedIn-Single-Image-Ad-600x314.png\" \/>\n<meta name=\"twitter:card\" content=\"summary_large_image\" \/>\n<meta name=\"twitter:label1\" content=\"Gesch\u00e4tzte Lesezeit\" \/>\n\t<meta name=\"twitter:data1\" content=\"1\u00a0Minute\" \/>\n<script type=\"application\/ld+json\" class=\"yoast-schema-graph\">{\"@context\":\"https:\/\/schema.org\",\"@graph\":[{\"@type\":\"WebPage\",\"@id\":\"https:\/\/preprod.optimix-software.com\/de\/weissbuch-die-herausforderungen-der-oekologischen-preisgestaltung\/\",\"url\":\"https:\/\/preprod.optimix-software.com\/de\/weissbuch-die-herausforderungen-der-oekologischen-preisgestaltung\/\",\"name\":\"Wei\u00dfbuch: Die Herausforderungen des Pricing im Bio-Sektor\",\"isPartOf\":{\"@id\":\"https:\/\/preprod.optimix-software.com\/de\/#website\"},\"primaryImageOfPage\":{\"@id\":\"https:\/\/preprod.optimix-software.com\/de\/weissbuch-die-herausforderungen-der-oekologischen-preisgestaltung\/#primaryimage\"},\"image\":{\"@id\":\"https:\/\/preprod.optimix-software.com\/de\/weissbuch-die-herausforderungen-der-oekologischen-preisgestaltung\/#primaryimage\"},\"thumbnailUrl\":\"https:\/\/preprod.optimix-software.com\/wp-content\/uploads\/les-defis-du-pricing-bio.webp\",\"datePublished\":\"2024-06-04T08:59:47+00:00\",\"dateModified\":\"2025-02-20T14:08:14+00:00\",\"description\":\"Lesen Sie unser White Paper \\\"Die Herausforderungen der Preisgestaltung im Bio-Sektor\\\" und optimieren Sie Ihre Preisstrategie mit Erkenntnissen \u00fcber Kosten, Nachfrage, Segmentierung und Wettbewerb.\",\"breadcrumb\":{\"@id\":\"https:\/\/preprod.optimix-software.com\/de\/weissbuch-die-herausforderungen-der-oekologischen-preisgestaltung\/#breadcrumb\"},\"inLanguage\":\"de\",\"potentialAction\":[{\"@type\":\"ReadAction\",\"target\":[\"https:\/\/preprod.optimix-software.com\/de\/weissbuch-die-herausforderungen-der-oekologischen-preisgestaltung\/\"]}]},{\"@type\":\"ImageObject\",\"inLanguage\":\"de\",\"@id\":\"https:\/\/preprod.optimix-software.com\/de\/weissbuch-die-herausforderungen-der-oekologischen-preisgestaltung\/#primaryimage\",\"url\":\"https:\/\/preprod.optimix-software.com\/wp-content\/uploads\/les-defis-du-pricing-bio.webp\",\"contentUrl\":\"https:\/\/preprod.optimix-software.com\/wp-content\/uploads\/les-defis-du-pricing-bio.webp\",\"width\":1200,\"height\":627,\"caption\":\"Die Probleme der Preisgestaltung im Biobereich\"},{\"@type\":\"BreadcrumbList\",\"@id\":\"https:\/\/preprod.optimix-software.com\/de\/weissbuch-die-herausforderungen-der-oekologischen-preisgestaltung\/#breadcrumb\",\"itemListElement\":[{\"@type\":\"ListItem\",\"position\":1,\"name\":\"Startseite\",\"item\":\"https:\/\/preprod.optimix-software.com\/de\/loesungen-fuer-preisgestaltung-und-lieferkette\/\"},{\"@type\":\"ListItem\",\"position\":2,\"name\":\"Wei\u00dfbuch: Die Herausforderungen des Pricing im Bio-Sektor\"}]},{\"@type\":\"WebSite\",\"@id\":\"https:\/\/preprod.optimix-software.com\/de\/#website\",\"url\":\"https:\/\/preprod.optimix-software.com\/de\/\",\"name\":\"Optimix Software\",\"description\":\"Solutions de Pricing et Supply chain d\u00e9di\u00e9es au retail\",\"publisher\":{\"@id\":\"https:\/\/preprod.optimix-software.com\/de\/#organization\"},\"potentialAction\":[{\"@type\":\"SearchAction\",\"target\":{\"@type\":\"EntryPoint\",\"urlTemplate\":\"https:\/\/preprod.optimix-software.com\/de\/?s={search_term_string}\"},\"query-input\":{\"@type\":\"PropertyValueSpecification\",\"valueRequired\":true,\"valueName\":\"search_term_string\"}}],\"inLanguage\":\"de\"},{\"@type\":\"Organization\",\"@id\":\"https:\/\/preprod.optimix-software.com\/de\/#organization\",\"name\":\"Optimix Software\",\"url\":\"https:\/\/preprod.optimix-software.com\/de\/\",\"logo\":{\"@type\":\"ImageObject\",\"inLanguage\":\"de\",\"@id\":\"https:\/\/preprod.optimix-software.com\/de\/#\/schema\/logo\/image\/\",\"url\":\"https:\/\/preprod.optimix-software.com\/wp-content\/uploads\/logo-carre-optimix-RETAIL-PERFORMANCE-SOFTWARE.jpg\",\"contentUrl\":\"https:\/\/preprod.optimix-software.com\/wp-content\/uploads\/logo-carre-optimix-RETAIL-PERFORMANCE-SOFTWARE.jpg\",\"width\":2001,\"height\":2001,\"caption\":\"Optimix Software\"},\"image\":{\"@id\":\"https:\/\/preprod.optimix-software.com\/de\/#\/schema\/logo\/image\/\"},\"sameAs\":[\"https:\/\/www.linkedin.com\/company\/optimix-ffr\/\"]}]}<\/script>\n<!-- \/ Yoast SEO Premium plugin. -->","yoast_head_json":{"title":"Wei\u00dfbuch: Die Herausforderungen des Pricing im Bio-Sektor","description":"Lesen Sie unser White Paper \"Die Herausforderungen der Preisgestaltung im Bio-Sektor\" und optimieren Sie Ihre Preisstrategie mit Erkenntnissen \u00fcber Kosten, Nachfrage, Segmentierung und Wettbewerb.","robots":{"index":"noindex","follow":"follow","max-snippet":"max-snippet:-1","max-image-preview":"max-image-preview:large","max-video-preview":"max-video-preview:-1"},"og_locale":"de_DE","og_type":"article","og_title":"Wei\u00dfbuch: Die Herausforderungen des Pricing im Bio-Sektor","og_description":"Lesen Sie unser White Paper \"Die Herausforderungen der Preisgestaltung im Bio-Sektor\" und optimieren Sie Ihre Preisstrategie mit Erkenntnissen \u00fcber Kosten, Nachfrage, Segmentierung und Wettbewerb.","og_url":"https:\/\/preprod.optimix-software.com\/de\/weissbuch-die-herausforderungen-der-oekologischen-preisgestaltung\/","og_site_name":"Optimix Software","article_modified_time":"2025-02-20T14:08:14+00:00","og_image":[{"url":"https:\/\/optimix.fr\/wp-content\/uploads\/Livre-blanc-pricing-LinkedIn-Post-LinkedIn-Single-Image-Ad-600x314.png","type":"","width":"","height":""}],"twitter_card":"summary_large_image","twitter_misc":{"Gesch\u00e4tzte Lesezeit":"1\u00a0Minute"},"schema":{"@context":"https:\/\/schema.org","@graph":[{"@type":"WebPage","@id":"https:\/\/preprod.optimix-software.com\/de\/weissbuch-die-herausforderungen-der-oekologischen-preisgestaltung\/","url":"https:\/\/preprod.optimix-software.com\/de\/weissbuch-die-herausforderungen-der-oekologischen-preisgestaltung\/","name":"Wei\u00dfbuch: Die Herausforderungen des Pricing im Bio-Sektor","isPartOf":{"@id":"https:\/\/preprod.optimix-software.com\/de\/#website"},"primaryImageOfPage":{"@id":"https:\/\/preprod.optimix-software.com\/de\/weissbuch-die-herausforderungen-der-oekologischen-preisgestaltung\/#primaryimage"},"image":{"@id":"https:\/\/preprod.optimix-software.com\/de\/weissbuch-die-herausforderungen-der-oekologischen-preisgestaltung\/#primaryimage"},"thumbnailUrl":"https:\/\/preprod.optimix-software.com\/wp-content\/uploads\/les-defis-du-pricing-bio.webp","datePublished":"2024-06-04T08:59:47+00:00","dateModified":"2025-02-20T14:08:14+00:00","description":"Lesen Sie unser White Paper \"Die Herausforderungen der Preisgestaltung im Bio-Sektor\" und optimieren Sie Ihre Preisstrategie mit Erkenntnissen \u00fcber Kosten, Nachfrage, Segmentierung und Wettbewerb.","breadcrumb":{"@id":"https:\/\/preprod.optimix-software.com\/de\/weissbuch-die-herausforderungen-der-oekologischen-preisgestaltung\/#breadcrumb"},"inLanguage":"de","potentialAction":[{"@type":"ReadAction","target":["https:\/\/preprod.optimix-software.com\/de\/weissbuch-die-herausforderungen-der-oekologischen-preisgestaltung\/"]}]},{"@type":"ImageObject","inLanguage":"de","@id":"https:\/\/preprod.optimix-software.com\/de\/weissbuch-die-herausforderungen-der-oekologischen-preisgestaltung\/#primaryimage","url":"https:\/\/preprod.optimix-software.com\/wp-content\/uploads\/les-defis-du-pricing-bio.webp","contentUrl":"https:\/\/preprod.optimix-software.com\/wp-content\/uploads\/les-defis-du-pricing-bio.webp","width":1200,"height":627,"caption":"Die Probleme der Preisgestaltung im Biobereich"},{"@type":"BreadcrumbList","@id":"https:\/\/preprod.optimix-software.com\/de\/weissbuch-die-herausforderungen-der-oekologischen-preisgestaltung\/#breadcrumb","itemListElement":[{"@type":"ListItem","position":1,"name":"Startseite","item":"https:\/\/preprod.optimix-software.com\/de\/loesungen-fuer-preisgestaltung-und-lieferkette\/"},{"@type":"ListItem","position":2,"name":"Wei\u00dfbuch: Die Herausforderungen des Pricing im Bio-Sektor"}]},{"@type":"WebSite","@id":"https:\/\/preprod.optimix-software.com\/de\/#website","url":"https:\/\/preprod.optimix-software.com\/de\/","name":"Optimix Software","description":"Solutions de Pricing et Supply chain d\u00e9di\u00e9es au retail","publisher":{"@id":"https:\/\/preprod.optimix-software.com\/de\/#organization"},"potentialAction":[{"@type":"SearchAction","target":{"@type":"EntryPoint","urlTemplate":"https:\/\/preprod.optimix-software.com\/de\/?s={search_term_string}"},"query-input":{"@type":"PropertyValueSpecification","valueRequired":true,"valueName":"search_term_string"}}],"inLanguage":"de"},{"@type":"Organization","@id":"https:\/\/preprod.optimix-software.com\/de\/#organization","name":"Optimix Software","url":"https:\/\/preprod.optimix-software.com\/de\/","logo":{"@type":"ImageObject","inLanguage":"de","@id":"https:\/\/preprod.optimix-software.com\/de\/#\/schema\/logo\/image\/","url":"https:\/\/preprod.optimix-software.com\/wp-content\/uploads\/logo-carre-optimix-RETAIL-PERFORMANCE-SOFTWARE.jpg","contentUrl":"https:\/\/preprod.optimix-software.com\/wp-content\/uploads\/logo-carre-optimix-RETAIL-PERFORMANCE-SOFTWARE.jpg","width":2001,"height":2001,"caption":"Optimix Software"},"image":{"@id":"https:\/\/preprod.optimix-software.com\/de\/#\/schema\/logo\/image\/"},"sameAs":["https:\/\/www.linkedin.com\/company\/optimix-ffr\/"]}]}},"_links":{"self":[{"href":"https:\/\/preprod.optimix-software.com\/de\/wp-json\/wp\/v2\/pages\/36259","targetHints":{"allow":["GET"]}}],"collection":[{"href":"https:\/\/preprod.optimix-software.com\/de\/wp-json\/wp\/v2\/pages"}],"about":[{"href":"https:\/\/preprod.optimix-software.com\/de\/wp-json\/wp\/v2\/types\/page"}],"author":[{"embeddable":true,"href":"https:\/\/preprod.optimix-software.com\/de\/wp-json\/wp\/v2\/users\/3"}],"replies":[{"embeddable":true,"href":"https:\/\/preprod.optimix-software.com\/de\/wp-json\/wp\/v2\/comments?post=36259"}],"version-history":[{"count":9,"href":"https:\/\/preprod.optimix-software.com\/de\/wp-json\/wp\/v2\/pages\/36259\/revisions"}],"predecessor-version":[{"id":42616,"href":"https:\/\/preprod.optimix-software.com\/de\/wp-json\/wp\/v2\/pages\/36259\/revisions\/42616"}],"wp:featuredmedia":[{"embeddable":true,"href":"https:\/\/preprod.optimix-software.com\/de\/wp-json\/wp\/v2\/media\/36260"}],"wp:attachment":[{"href":"https:\/\/preprod.optimix-software.com\/de\/wp-json\/wp\/v2\/media?parent=36259"}],"curies":[{"name":"wp","href":"https:\/\/api.w.org\/{rel}","templated":true}]}}