{"id":36263,"date":"2023-07-31T17:12:46","date_gmt":"2023-07-31T15:12:46","guid":{"rendered":"https:\/\/preprod.optimix-software.com\/warum-sollten-sie-sich-fuer-optimix-entscheiden\/"},"modified":"2025-02-27T08:14:53","modified_gmt":"2025-02-27T07:14:53","slug":"warum-sollten-sie-sich-fuer-optimix-entscheiden","status":"publish","type":"page","link":"https:\/\/preprod.optimix-software.com\/de\/warum-sollten-sie-sich-fuer-optimix-entscheiden\/","title":{"rendered":"Warum sollten Sie sich f\u00fcr optimiX Solutions entscheiden?"},"content":{"rendered":"\t\t<div data-elementor-type=\"wp-page\" data-elementor-id=\"36263\" class=\"elementor elementor-36263 elementor-198\" data-elementor-post-type=\"page\">\n\t\t\t\t<div class=\"elementor-element elementor-element-68aa6808 e-con-full elementor-hidden-mobile elementor-hidden-tablet e-flex e-con e-parent\" data-id=\"68aa6808\" data-element_type=\"container\" data-settings=\"{&quot;background_background&quot;:&quot;classic&quot;}\">\n\t\t<div class=\"elementor-element elementor-element-540af1e1 e-con-full e-flex e-con e-child\" data-id=\"540af1e1\" data-element_type=\"container\" data-settings=\"{&quot;background_background&quot;:&quot;classic&quot;}\">\n\t\t<div class=\"elementor-element elementor-element-7f501ce e-flex e-con-boxed e-con e-child\" data-id=\"7f501ce\" data-element_type=\"container\">\n\t\t\t\t\t<div class=\"e-con-inner\">\n\t\t\t\t<div class=\"elementor-element elementor-element-8b17eee elementor-widget elementor-widget-heading\" data-id=\"8b17eee\" data-element_type=\"widget\" data-widget_type=\"heading.default\">\n\t\t\t\t<div class=\"elementor-widget-container\">\n\t\t\t\t\t<h1 class=\"elementor-heading-title elementor-size-default\">Warum sollten Sie sich f\u00fcr Optimix entscheiden?<\/h1>\t\t\t\t<\/div>\n\t\t\t\t<\/div>\n\t\t\t\t\t<\/div>\n\t\t\t\t<\/div>\n\t\t\t\t<\/div>\n\t\t\t\t<\/div>\n\t\t<div class=\"elementor-element elementor-element-7b9be142 e-flex e-con-boxed e-con e-parent\" data-id=\"7b9be142\" data-element_type=\"container\">\n\t\t\t\t\t<div class=\"e-con-inner\">\n\t\t\t\t<div class=\"elementor-element elementor-element-78fc5e69 elementor-widget elementor-widget-text-editor\" data-id=\"78fc5e69\" data-element_type=\"widget\" data-widget_type=\"text-editor.default\">\n\t\t\t\t<div class=\"elementor-widget-container\">\n\t\t\t\t\t\t\t\t\t<p>Robustheit, Benutzerfreundlichkeit und Anpassungsf\u00e4higkeit sind die Eckpfeiler, auf denen unsere L\u00f6sungen entwickelt wurden. Erfahren Sie im Folgenden mehr dar\u00fcber, wie wir langfristige Kundenbeziehungen aufbauen konnten und warum auch Sie sich uns anschlie\u00dfen sollten. <\/p>\n\t\t\t\t\t\t\t\t<\/div>\n\t\t\t\t<\/div>\n\t\t\t\t\t<\/div>\n\t\t\t\t<\/div>\n\t\t<div class=\"elementor-element elementor-element-03141ac e-flex e-con-boxed e-con e-parent\" data-id=\"03141ac\" data-element_type=\"container\" data-settings=\"{&quot;background_background&quot;:&quot;classic&quot;}\">\n\t\t\t\t\t<div class=\"e-con-inner\">\n\t\t<div class=\"elementor-element elementor-element-fcf2444 e-con-full e-flex e-con e-child\" data-id=\"fcf2444\" data-element_type=\"container\">\n\t\t<div class=\"elementor-element elementor-element-d1afb13 e-con-full e-flex e-con e-child\" data-id=\"d1afb13\" data-element_type=\"container\" data-settings=\"{&quot;background_background&quot;:&quot;classic&quot;}\">\n\t\t\t\t<div class=\"elementor-element elementor-element-131de77 elementor-widget elementor-widget-image\" data-id=\"131de77\" data-element_type=\"widget\" data-widget_type=\"image.default\">\n\t\t\t\t<div class=\"elementor-widget-container\">\n\t\t\t\t\t\t\t\t\t\t\t\t\t\t\t<img fetchpriority=\"high\" decoding=\"async\" width=\"800\" height=\"769\" src=\"https:\/\/preprod.optimix-software.com\/wp-content\/uploads\/picto-panier.svg\" class=\"attachment-large size-large wp-image-36266\" alt=\"Picto Korb\" \/>\t\t\t\t\t\t\t\t\t\t\t\t\t\t\t<\/div>\n\t\t\t\t<\/div>\n\t\t\t\t<\/div>\n\t\t<div class=\"elementor-element elementor-element-d1813e8 e-con-full e-flex e-con e-child\" data-id=\"d1813e8\" data-element_type=\"container\">\n\t\t\t\t<div class=\"elementor-element elementor-element-e353e8e elementor-widget elementor-widget-heading\" data-id=\"e353e8e\" data-element_type=\"widget\" data-widget_type=\"heading.default\">\n\t\t\t\t<div class=\"elementor-widget-container\">\n\t\t\t\t\t<h2 class=\"elementor-heading-title elementor-size-default\">Hyper-Spezialisierung: 100% Einzelhandel<\/h2>\t\t\t\t<\/div>\n\t\t\t\t<\/div>\n\t\t\t\t<div class=\"elementor-element elementor-element-8a5835a elementor-widget elementor-widget-text-editor\" data-id=\"8a5835a\" data-element_type=\"widget\" data-widget_type=\"text-editor.default\">\n\t\t\t\t<div class=\"elementor-widget-container\">\n\t\t\t\t\t\t\t\t\t<ul>\n<li>Starke interne Legitimit\u00e4t im Einzelhandel, die Mehrheit unserer Mitarbeiter hat ihre gesamte Karriere im Einzelhandel verbracht. Wir sind mit allen Mechanismen und Problemen des Sektors vertraut. <\/li>\n<li>Mehr als 10 Jahre Erfahrung im Bereich Pricing: Unser Unternehmen hat eine klare und ehrgeizige Vision f\u00fcr die n\u00e4chsten f\u00fcnf Jahre. Wir streben danach, ein f\u00fchrender Anbieter von Pricing-L\u00f6sungen f\u00fcr Einzelh\u00e4ndler in Europa zu werden, indem wir innovative Produkte und Dienstleistungen anbieten, die den Bed\u00fcrfnissen unserer Kunden entsprechen. <\/li>\n<li>Sofortige Hebelwirkung auf wichtige KPIs (Umsatz, Marge, Index, PDM, etc.).<\/li>\n<li>Integriertes Multi-Format-Management: Ladenformate, integriert, Franchise&#8230;<\/li>\n<\/ul>\n\t\t\t\t\t\t\t\t<\/div>\n\t\t\t\t<\/div>\n\t\t\t\t<\/div>\n\t\t\t\t<\/div>\n\t\t<div class=\"elementor-element elementor-element-e148693 e-con-full e-flex e-con e-child\" data-id=\"e148693\" data-element_type=\"container\">\n\t\t<div class=\"elementor-element elementor-element-12947d8 e-con-full e-flex e-con e-child\" data-id=\"12947d8\" data-element_type=\"container\">\n\t\t\t\t<div class=\"elementor-element elementor-element-ab647c6 elementor-widget elementor-widget-heading\" data-id=\"ab647c6\" data-element_type=\"widget\" data-widget_type=\"heading.default\">\n\t\t\t\t<div class=\"elementor-widget-container\">\n\t\t\t\t\t<h2 class=\"elementor-heading-title elementor-size-default\">Innovation<\/h2>\t\t\t\t<\/div>\n\t\t\t\t<\/div>\n\t\t\t\t<div class=\"elementor-element elementor-element-8113143 elementor-widget elementor-widget-text-editor\" data-id=\"8113143\" data-element_type=\"widget\" data-widget_type=\"text-editor.default\">\n\t\t\t\t<div class=\"elementor-widget-container\">\n\t\t\t\t\t\t\t\t\t<ul>\n<li>Nutzung der neuesten Technologien und Fortschritte im Bereich des maschinellen Lernens. Unsere L\u00f6sungen sind standardisiert und beinhalten Best-Practice-Modelle. Alle Prozesse sind adaptiv, anpassbar und skalierbar.  <\/li>\n<li>Wir planen, unser Produkt- und Dienstleistungsportfolio durch Investitionen in Forschung und Entwicklung sowie durch strategische Partnerschaften mit f\u00fchrenden Unternehmen zu erweitern.<\/li>\n<li>Wir sind auch entschlossen, die fortschrittlichsten Technologien in unseren Betrieb zu integrieren, um die Effizienz unseres Unternehmens zu verbessern und den Bed\u00fcrfnissen unserer Kunden besser gerecht zu werden.<\/li>\n<\/ul>\n\t\t\t\t\t\t\t\t<\/div>\n\t\t\t\t<\/div>\n\t\t\t\t<\/div>\n\t\t<div class=\"elementor-element elementor-element-f041439 e-con-full e-flex e-con e-child\" data-id=\"f041439\" data-element_type=\"container\" data-settings=\"{&quot;background_background&quot;:&quot;classic&quot;}\">\n\t\t\t\t<div class=\"elementor-element elementor-element-3055346 elementor-widget elementor-widget-image\" data-id=\"3055346\" data-element_type=\"widget\" data-widget_type=\"image.default\">\n\t\t\t\t<div class=\"elementor-widget-container\">\n\t\t\t\t\t\t\t\t\t\t\t\t\t\t\t<img decoding=\"async\" width=\"800\" height=\"800\" src=\"https:\/\/preprod.optimix-software.com\/wp-content\/uploads\/picto-ia.svg\" class=\"attachment-large size-large wp-image-36267\" alt=\"Picto KI\" \/>\t\t\t\t\t\t\t\t\t\t\t\t\t\t\t<\/div>\n\t\t\t\t<\/div>\n\t\t\t\t<\/div>\n\t\t\t\t<\/div>\n\t\t<div class=\"elementor-element elementor-element-8e5334e e-con-full e-flex e-con e-child\" data-id=\"8e5334e\" data-element_type=\"container\">\n\t\t<div class=\"elementor-element elementor-element-b366644 e-con-full e-flex e-con e-child\" data-id=\"b366644\" data-element_type=\"container\" data-settings=\"{&quot;background_background&quot;:&quot;classic&quot;}\">\n\t\t\t\t<div class=\"elementor-element elementor-element-b17c6ae elementor-widget elementor-widget-image\" data-id=\"b17c6ae\" data-element_type=\"widget\" data-widget_type=\"image.default\">\n\t\t\t\t<div class=\"elementor-widget-container\">\n\t\t\t\t\t\t\t\t\t\t\t\t\t\t\t<img decoding=\"async\" width=\"800\" height=\"952\" src=\"https:\/\/preprod.optimix-software.com\/wp-content\/uploads\/picto-checklist.svg\" class=\"attachment-large size-large wp-image-36268\" alt=\"Picto-Checkliste\" \/>\t\t\t\t\t\t\t\t\t\t\t\t\t\t\t<\/div>\n\t\t\t\t<\/div>\n\t\t\t\t<\/div>\n\t\t<div class=\"elementor-element elementor-element-3cb6db9 e-con-full e-flex e-con e-child\" data-id=\"3cb6db9\" data-element_type=\"container\">\n\t\t\t\t<div class=\"elementor-element elementor-element-027d21e elementor-widget elementor-widget-heading\" data-id=\"027d21e\" data-element_type=\"widget\" data-widget_type=\"heading.default\">\n\t\t\t\t<div class=\"elementor-widget-container\">\n\t\t\t\t\t<h2 class=\"elementor-heading-title elementor-size-default\">Die Qualit\u00e4tsverpflichtung<\/h2>\t\t\t\t<\/div>\n\t\t\t\t<\/div>\n\t\t\t\t<div class=\"elementor-element elementor-element-f9f89b5 elementor-widget elementor-widget-text-editor\" data-id=\"f9f89b5\" data-element_type=\"widget\" data-widget_type=\"text-editor.default\">\n\t\t\t\t<div class=\"elementor-widget-container\">\n\t\t\t\t\t\t\t\t\t<ul>\n<li>Unsere Software ist zuverl\u00e4ssig, leistungsstark und sicher. Unsere DNA ist es, die Flexibilit\u00e4t unserer L\u00f6sungen zu gew\u00e4hrleisten, um eine Antwort auf komplexe Prozesse zu garantieren. <\/li>\n<li>Wir verpflichten uns, unseren Kunden eine au\u00dfergew\u00f6hnliche Servicequalit\u00e4t zu bieten und starke und dauerhafte Beziehungen mit ihnen aufzubauen.<\/li>\n<li>Wir haben uns der Zufriedenheit unserer Kunden durch einen guten Kundenservice und schnelle Reaktionen verschrieben.<\/li>\n<\/ul>\n\t\t\t\t\t\t\t\t<\/div>\n\t\t\t\t<\/div>\n\t\t\t\t<\/div>\n\t\t\t\t<\/div>\n\t\t<div class=\"elementor-element elementor-element-7ddd336 e-con-full e-flex e-con e-child\" data-id=\"7ddd336\" data-element_type=\"container\">\n\t\t<div class=\"elementor-element elementor-element-90758d3 e-con-full e-flex e-con e-child\" data-id=\"90758d3\" data-element_type=\"container\">\n\t\t\t\t<div class=\"elementor-element elementor-element-3f9b3a5 elementor-widget elementor-widget-heading\" data-id=\"3f9b3a5\" data-element_type=\"widget\" data-widget_type=\"heading.default\">\n\t\t\t\t<div class=\"elementor-widget-container\">\n\t\t\t\t\t<h2 class=\"elementor-heading-title elementor-size-default\">Soziale und \u00f6kologische Verantwortung<\/h2>\t\t\t\t<\/div>\n\t\t\t\t<\/div>\n\t\t\t\t<div class=\"elementor-element elementor-element-1732459 elementor-widget elementor-widget-text-editor\" data-id=\"1732459\" data-element_type=\"widget\" data-widget_type=\"text-editor.default\">\n\t\t\t\t<div class=\"elementor-widget-container\">\n\t\t\t\t\t\t\t\t\t<ul>\n<li>Durch unsere Tools, insbesondere die Supply Chain, helfen wir bei der Reduzierung des \u00f6kologischen Fu\u00dfabdrucks.<\/li>\n<li>Wir sind \u00fcberzeugt, dass wir durch unser Engagement f\u00fcr nachhaltige Entwicklung und soziale Verantwortung der Unternehmen unsere Position auf dem Markt st\u00e4rken und das Vertrauen unserer Kunden gewinnen k\u00f6nnen.<\/li>\n<\/ul>\n\t\t\t\t\t\t\t\t<\/div>\n\t\t\t\t<\/div>\n\t\t\t\t<\/div>\n\t\t<div class=\"elementor-element elementor-element-fbeb83b e-con-full e-flex e-con e-child\" data-id=\"fbeb83b\" data-element_type=\"container\" data-settings=\"{&quot;background_background&quot;:&quot;classic&quot;}\">\n\t\t\t\t<div class=\"elementor-element elementor-element-1fed603 elementor-widget elementor-widget-image\" data-id=\"1fed603\" data-element_type=\"widget\" data-widget_type=\"image.default\">\n\t\t\t\t<div class=\"elementor-widget-container\">\n\t\t\t\t\t\t\t\t\t\t\t\t\t\t\t<img loading=\"lazy\" decoding=\"async\" width=\"800\" height=\"840\" src=\"https:\/\/preprod.optimix-software.com\/wp-content\/uploads\/picto-leaf.svg\" class=\"attachment-large size-large wp-image-36269\" alt=\"Picto Laub\" \/>\t\t\t\t\t\t\t\t\t\t\t\t\t\t\t<\/div>\n\t\t\t\t<\/div>\n\t\t\t\t<\/div>\n\t\t\t\t<\/div>\n\t\t\t\t\t<\/div>\n\t\t\t\t<\/div>\n\t\t\t\t<\/div>\n\t\t","protected":false},"excerpt":{"rendered":"<p>Warum sollten Sie sich f\u00fcr Optimix entscheiden? Robustheit, Benutzerfreundlichkeit und Anpassungsf\u00e4higkeit sind die Eckpfeiler, auf denen unsere L\u00f6sungen entwickelt wurden. Erfahren Sie im Folgenden mehr dar\u00fcber, wie wir langfristige Kundenbeziehungen aufbauen konnten und warum auch Sie sich uns anschlie\u00dfen sollten. Hyper-Spezialisierung: 100% Einzelhandel Starke interne Legitimit\u00e4t im Einzelhandel, die Mehrheit unserer Mitarbeiter hat ihre gesamte [&hellip;]<\/p>\n","protected":false},"author":3,"featured_media":0,"parent":0,"menu_order":0,"comment_status":"closed","ping_status":"closed","template":"","meta":{"inline_featured_image":false,"footnotes":""},"class_list":["post-36263","page","type-page","status-publish","hentry"],"yoast_head":"<!-- This site is optimized with the Yoast SEO Premium plugin v22.8 (Yoast SEO v25.1) - https:\/\/yoast.com\/wordpress\/plugins\/seo\/ -->\n<title>Warum sollten Sie sich f\u00fcr optimiX Solutions entscheiden?<\/title>\n<meta name=\"description\" content=\"Erfahren Sie, warum optimiX Solutions der ideale Partner ist, um Sie bei der Umsetzung Ihrer Pricing- und Supply Chain-Strategie zu unterst\u00fctzen.\" \/>\n<meta name=\"robots\" content=\"noindex, follow, max-snippet:-1, max-image-preview:large, max-video-preview:-1\" \/>\n<meta property=\"og:locale\" content=\"de_DE\" \/>\n<meta property=\"og:type\" content=\"article\" \/>\n<meta property=\"og:title\" content=\"Warum sollten Sie sich f\u00fcr optimiX Solutions entscheiden?\" \/>\n<meta property=\"og:description\" content=\"Erfahren Sie, warum optimiX Solutions der ideale Partner ist, um Sie bei der Umsetzung Ihrer Pricing- und Supply Chain-Strategie zu unterst\u00fctzen.\" \/>\n<meta property=\"og:url\" content=\"https:\/\/preprod.optimix-software.com\/de\/warum-sollten-sie-sich-fuer-optimix-entscheiden\/\" \/>\n<meta property=\"og:site_name\" content=\"Optimix Software\" \/>\n<meta property=\"article:modified_time\" content=\"2025-02-27T07:14:53+00:00\" \/>\n<meta property=\"og:image\" content=\"https:\/\/preprod.optimix-software.com\/wp-content\/uploads\/logo-optimix-yoast.png\" \/>\n\t<meta property=\"og:image:width\" content=\"1200\" \/>\n\t<meta property=\"og:image:height\" content=\"675\" \/>\n\t<meta property=\"og:image:type\" content=\"image\/png\" \/>\n<meta name=\"twitter:card\" content=\"summary_large_image\" \/>\n<meta name=\"twitter:label1\" content=\"Gesch\u00e4tzte Lesezeit\" \/>\n\t<meta name=\"twitter:data1\" content=\"3\u00a0Minuten\" \/>\n<script type=\"application\/ld+json\" class=\"yoast-schema-graph\">{\"@context\":\"https:\/\/schema.org\",\"@graph\":[{\"@type\":\"WebPage\",\"@id\":\"https:\/\/preprod.optimix-software.com\/de\/warum-sollten-sie-sich-fuer-optimix-entscheiden\/\",\"url\":\"https:\/\/preprod.optimix-software.com\/de\/warum-sollten-sie-sich-fuer-optimix-entscheiden\/\",\"name\":\"Warum sollten Sie sich f\u00fcr optimiX Solutions entscheiden?\",\"isPartOf\":{\"@id\":\"https:\/\/preprod.optimix-software.com\/de\/#website\"},\"primaryImageOfPage\":{\"@id\":\"https:\/\/preprod.optimix-software.com\/de\/warum-sollten-sie-sich-fuer-optimix-entscheiden\/#primaryimage\"},\"image\":{\"@id\":\"https:\/\/preprod.optimix-software.com\/de\/warum-sollten-sie-sich-fuer-optimix-entscheiden\/#primaryimage\"},\"thumbnailUrl\":\"https:\/\/preprod.optimix-software.com\/wp-content\/uploads\/picto-panier.svg\",\"datePublished\":\"2023-07-31T15:12:46+00:00\",\"dateModified\":\"2025-02-27T07:14:53+00:00\",\"description\":\"Erfahren Sie, warum optimiX Solutions der ideale Partner ist, um Sie bei der Umsetzung Ihrer Pricing- und Supply Chain-Strategie zu unterst\u00fctzen.\",\"breadcrumb\":{\"@id\":\"https:\/\/preprod.optimix-software.com\/de\/warum-sollten-sie-sich-fuer-optimix-entscheiden\/#breadcrumb\"},\"inLanguage\":\"de\",\"potentialAction\":[{\"@type\":\"ReadAction\",\"target\":[\"https:\/\/preprod.optimix-software.com\/de\/warum-sollten-sie-sich-fuer-optimix-entscheiden\/\"]}]},{\"@type\":\"ImageObject\",\"inLanguage\":\"de\",\"@id\":\"https:\/\/preprod.optimix-software.com\/de\/warum-sollten-sie-sich-fuer-optimix-entscheiden\/#primaryimage\",\"url\":\"https:\/\/preprod.optimix-software.com\/wp-content\/uploads\/picto-panier.svg\",\"contentUrl\":\"https:\/\/preprod.optimix-software.com\/wp-content\/uploads\/picto-panier.svg\"},{\"@type\":\"BreadcrumbList\",\"@id\":\"https:\/\/preprod.optimix-software.com\/de\/warum-sollten-sie-sich-fuer-optimix-entscheiden\/#breadcrumb\",\"itemListElement\":[{\"@type\":\"ListItem\",\"position\":1,\"name\":\"Startseite\",\"item\":\"https:\/\/preprod.optimix-software.com\/de\/loesungen-fuer-preisgestaltung-und-lieferkette\/\"},{\"@type\":\"ListItem\",\"position\":2,\"name\":\"Warum sollten Sie sich f\u00fcr optimiX Solutions entscheiden?\"}]},{\"@type\":\"WebSite\",\"@id\":\"https:\/\/preprod.optimix-software.com\/de\/#website\",\"url\":\"https:\/\/preprod.optimix-software.com\/de\/\",\"name\":\"Optimix Software\",\"description\":\"Solutions de Pricing et Supply chain d\u00e9di\u00e9es au retail\",\"publisher\":{\"@id\":\"https:\/\/preprod.optimix-software.com\/de\/#organization\"},\"potentialAction\":[{\"@type\":\"SearchAction\",\"target\":{\"@type\":\"EntryPoint\",\"urlTemplate\":\"https:\/\/preprod.optimix-software.com\/de\/?s={search_term_string}\"},\"query-input\":{\"@type\":\"PropertyValueSpecification\",\"valueRequired\":true,\"valueName\":\"search_term_string\"}}],\"inLanguage\":\"de\"},{\"@type\":\"Organization\",\"@id\":\"https:\/\/preprod.optimix-software.com\/de\/#organization\",\"name\":\"Optimix Software\",\"url\":\"https:\/\/preprod.optimix-software.com\/de\/\",\"logo\":{\"@type\":\"ImageObject\",\"inLanguage\":\"de\",\"@id\":\"https:\/\/preprod.optimix-software.com\/de\/#\/schema\/logo\/image\/\",\"url\":\"https:\/\/preprod.optimix-software.com\/wp-content\/uploads\/logo-carre-optimix-RETAIL-PERFORMANCE-SOFTWARE.jpg\",\"contentUrl\":\"https:\/\/preprod.optimix-software.com\/wp-content\/uploads\/logo-carre-optimix-RETAIL-PERFORMANCE-SOFTWARE.jpg\",\"width\":2001,\"height\":2001,\"caption\":\"Optimix Software\"},\"image\":{\"@id\":\"https:\/\/preprod.optimix-software.com\/de\/#\/schema\/logo\/image\/\"},\"sameAs\":[\"https:\/\/www.linkedin.com\/company\/optimix-ffr\/\"]}]}<\/script>\n<!-- \/ Yoast SEO Premium plugin. -->","yoast_head_json":{"title":"Warum sollten Sie sich f\u00fcr optimiX Solutions entscheiden?","description":"Erfahren Sie, warum optimiX Solutions der ideale Partner ist, um Sie bei der Umsetzung Ihrer Pricing- und Supply Chain-Strategie zu unterst\u00fctzen.","robots":{"index":"noindex","follow":"follow","max-snippet":"max-snippet:-1","max-image-preview":"max-image-preview:large","max-video-preview":"max-video-preview:-1"},"og_locale":"de_DE","og_type":"article","og_title":"Warum sollten Sie sich f\u00fcr optimiX Solutions entscheiden?","og_description":"Erfahren Sie, warum optimiX Solutions der ideale Partner ist, um Sie bei der Umsetzung Ihrer Pricing- und Supply Chain-Strategie zu unterst\u00fctzen.","og_url":"https:\/\/preprod.optimix-software.com\/de\/warum-sollten-sie-sich-fuer-optimix-entscheiden\/","og_site_name":"Optimix Software","article_modified_time":"2025-02-27T07:14:53+00:00","og_image":[{"width":1200,"height":675,"url":"https:\/\/preprod.optimix-software.com\/wp-content\/uploads\/logo-optimix-yoast.png","type":"image\/png"}],"twitter_card":"summary_large_image","twitter_misc":{"Gesch\u00e4tzte Lesezeit":"3\u00a0Minuten"},"schema":{"@context":"https:\/\/schema.org","@graph":[{"@type":"WebPage","@id":"https:\/\/preprod.optimix-software.com\/de\/warum-sollten-sie-sich-fuer-optimix-entscheiden\/","url":"https:\/\/preprod.optimix-software.com\/de\/warum-sollten-sie-sich-fuer-optimix-entscheiden\/","name":"Warum sollten Sie sich f\u00fcr optimiX Solutions entscheiden?","isPartOf":{"@id":"https:\/\/preprod.optimix-software.com\/de\/#website"},"primaryImageOfPage":{"@id":"https:\/\/preprod.optimix-software.com\/de\/warum-sollten-sie-sich-fuer-optimix-entscheiden\/#primaryimage"},"image":{"@id":"https:\/\/preprod.optimix-software.com\/de\/warum-sollten-sie-sich-fuer-optimix-entscheiden\/#primaryimage"},"thumbnailUrl":"https:\/\/preprod.optimix-software.com\/wp-content\/uploads\/picto-panier.svg","datePublished":"2023-07-31T15:12:46+00:00","dateModified":"2025-02-27T07:14:53+00:00","description":"Erfahren Sie, warum optimiX Solutions der ideale Partner ist, um Sie bei der Umsetzung Ihrer Pricing- und Supply Chain-Strategie zu unterst\u00fctzen.","breadcrumb":{"@id":"https:\/\/preprod.optimix-software.com\/de\/warum-sollten-sie-sich-fuer-optimix-entscheiden\/#breadcrumb"},"inLanguage":"de","potentialAction":[{"@type":"ReadAction","target":["https:\/\/preprod.optimix-software.com\/de\/warum-sollten-sie-sich-fuer-optimix-entscheiden\/"]}]},{"@type":"ImageObject","inLanguage":"de","@id":"https:\/\/preprod.optimix-software.com\/de\/warum-sollten-sie-sich-fuer-optimix-entscheiden\/#primaryimage","url":"https:\/\/preprod.optimix-software.com\/wp-content\/uploads\/picto-panier.svg","contentUrl":"https:\/\/preprod.optimix-software.com\/wp-content\/uploads\/picto-panier.svg"},{"@type":"BreadcrumbList","@id":"https:\/\/preprod.optimix-software.com\/de\/warum-sollten-sie-sich-fuer-optimix-entscheiden\/#breadcrumb","itemListElement":[{"@type":"ListItem","position":1,"name":"Startseite","item":"https:\/\/preprod.optimix-software.com\/de\/loesungen-fuer-preisgestaltung-und-lieferkette\/"},{"@type":"ListItem","position":2,"name":"Warum sollten Sie sich f\u00fcr optimiX Solutions entscheiden?"}]},{"@type":"WebSite","@id":"https:\/\/preprod.optimix-software.com\/de\/#website","url":"https:\/\/preprod.optimix-software.com\/de\/","name":"Optimix Software","description":"Solutions de Pricing et Supply chain d\u00e9di\u00e9es au retail","publisher":{"@id":"https:\/\/preprod.optimix-software.com\/de\/#organization"},"potentialAction":[{"@type":"SearchAction","target":{"@type":"EntryPoint","urlTemplate":"https:\/\/preprod.optimix-software.com\/de\/?s={search_term_string}"},"query-input":{"@type":"PropertyValueSpecification","valueRequired":true,"valueName":"search_term_string"}}],"inLanguage":"de"},{"@type":"Organization","@id":"https:\/\/preprod.optimix-software.com\/de\/#organization","name":"Optimix Software","url":"https:\/\/preprod.optimix-software.com\/de\/","logo":{"@type":"ImageObject","inLanguage":"de","@id":"https:\/\/preprod.optimix-software.com\/de\/#\/schema\/logo\/image\/","url":"https:\/\/preprod.optimix-software.com\/wp-content\/uploads\/logo-carre-optimix-RETAIL-PERFORMANCE-SOFTWARE.jpg","contentUrl":"https:\/\/preprod.optimix-software.com\/wp-content\/uploads\/logo-carre-optimix-RETAIL-PERFORMANCE-SOFTWARE.jpg","width":2001,"height":2001,"caption":"Optimix Software"},"image":{"@id":"https:\/\/preprod.optimix-software.com\/de\/#\/schema\/logo\/image\/"},"sameAs":["https:\/\/www.linkedin.com\/company\/optimix-ffr\/"]}]}},"_links":{"self":[{"href":"https:\/\/preprod.optimix-software.com\/de\/wp-json\/wp\/v2\/pages\/36263","targetHints":{"allow":["GET"]}}],"collection":[{"href":"https:\/\/preprod.optimix-software.com\/de\/wp-json\/wp\/v2\/pages"}],"about":[{"href":"https:\/\/preprod.optimix-software.com\/de\/wp-json\/wp\/v2\/types\/page"}],"author":[{"embeddable":true,"href":"https:\/\/preprod.optimix-software.com\/de\/wp-json\/wp\/v2\/users\/3"}],"replies":[{"embeddable":true,"href":"https:\/\/preprod.optimix-software.com\/de\/wp-json\/wp\/v2\/comments?post=36263"}],"version-history":[{"count":6,"href":"https:\/\/preprod.optimix-software.com\/de\/wp-json\/wp\/v2\/pages\/36263\/revisions"}],"predecessor-version":[{"id":44500,"href":"https:\/\/preprod.optimix-software.com\/de\/wp-json\/wp\/v2\/pages\/36263\/revisions\/44500"}],"wp:attachment":[{"href":"https:\/\/preprod.optimix-software.com\/de\/wp-json\/wp\/v2\/media?parent=36263"}],"curies":[{"name":"wp","href":"https:\/\/api.w.org\/{rel}","templated":true}]}}