{"id":37945,"date":"2024-01-04T16:20:50","date_gmt":"2024-01-04T15:20:50","guid":{"rendered":"https:\/\/preprod.optimix-software.com\/eurocis-2024-anmeldung\/"},"modified":"2024-12-06T17:51:31","modified_gmt":"2024-12-06T16:51:31","slug":"eurocis-2024-anmeldung","status":"publish","type":"page","link":"https:\/\/preprod.optimix-software.com\/de\/eurocis-2024-anmeldung\/","title":{"rendered":"Eurocis 2024 Anmeldung"},"content":{"rendered":"\t\t<div data-elementor-type=\"wp-page\" data-elementor-id=\"37945\" class=\"elementor elementor-37945 elementor-20629\" data-elementor-post-type=\"page\">\n\t\t\t\t<div class=\"elementor-element elementor-element-71ca8177 e-flex e-con-boxed e-con e-parent\" data-id=\"71ca8177\" data-element_type=\"container\">\n\t\t\t\t\t<div class=\"e-con-inner\">\n\t\t<div class=\"elementor-element elementor-element-4846d75a e-con-full e-flex e-con e-child\" data-id=\"4846d75a\" data-element_type=\"container\">\n\t\t<div class=\"elementor-element elementor-element-d34bfa5 e-flex e-con-boxed e-con e-child\" data-id=\"d34bfa5\" data-element_type=\"container\">\n\t\t\t\t\t<div class=\"e-con-inner\">\n\t\t\t\t<div class=\"elementor-element elementor-element-6537df2 elementor-widget elementor-widget-heading\" data-id=\"6537df2\" data-element_type=\"widget\" data-widget_type=\"heading.default\">\n\t\t\t\t<div class=\"elementor-widget-container\">\n\t\t\t\t\t<h1 class=\"elementor-heading-title elementor-size-default\">EUROCIS 2024 in D\u00fcsseldorf<\/h1>\t\t\t\t<\/div>\n\t\t\t\t<\/div>\n\t\t\t\t\t<\/div>\n\t\t\t\t<\/div>\n\t\t\t\t<div class=\"elementor-element elementor-element-4834e77a elementor-widget elementor-widget-text-editor\" data-id=\"4834e77a\" data-element_type=\"widget\" data-widget_type=\"text-editor.default\">\n\t\t\t\t<div class=\"elementor-widget-container\">\n\t\t\t\t\t\t\t\t\t<p><span style=\"font-size: 19.3528px;\">Wir freuen uns, Ihnen mitteilen zu k\u00f6nnen, dass wir auf der EUROCIS, Europas gr\u00f6\u00dfter Messe f\u00fcr Einzelhandelstechnik, ausstellen werden! Diese Veranstaltung findet alle 3 Jahre statt und bringt die wichtigsten Akteure in diesem Bereich zusammen. <\/span><\/p>\n<p><span style=\"font-size: 19.3528px;\"><b>Die EUROCIS findet vom 27. bis 29. Februar auf der Messe in D\u00fcsseldorf statt.<\/b><\/span><\/p>\n<p><span style=\"font-size: 19.3528px;\">Sie finden uns an <b>Stand A52 &#8211; Halle 10<\/b>, wo wir Ihnen gerne unsere neuesten Innovationen in den Bereichen Preisgestaltung und Lieferkette vorstellen.  <\/span><\/p>\n<p>\ud83d\uddd3 Von Dienstag 27 bis Donnerstag 29 Februar<\/p>\n<p><span role=\"image\" aria-label=\"\ud83d\udccd\">\ud83d\udccd Messe &#8211; D\u00fcsseldorf<\/span><\/p>\n<p>\u23f0 <strong>Stand A52 &#8211; Halle 10<\/strong><\/p>\n<p style=\"margin-bottom: 1em;\">Wir freuen uns darauf, Sie dort zu sehen!<\/p>\n\t\t\t\t\t\t\t\t<\/div>\n\t\t\t\t<\/div>\n\t\t\t\t<\/div>\n\t\t<div class=\"elementor-element elementor-element-c0c1650 e-flex e-con-boxed e-con e-child\" data-id=\"c0c1650\" data-element_type=\"container\" data-settings=\"{&quot;background_background&quot;:&quot;classic&quot;}\">\n\t\t\t\t\t<div class=\"e-con-inner\">\n\t\t\t\t<div class=\"elementor-element elementor-element-ea8f820 elementor-widget elementor-widget-html\" data-id=\"ea8f820\" data-element_type=\"widget\" data-widget_type=\"html.default\">\n\t\t\t\t<div class=\"elementor-widget-container\">\n\t\t\t\t\t<div class=\"pipedriveWebForms\" data-pd-webforms=\"https:\/\/webforms.pipedrive.com\/f\/6FvENTzYUaM0g7OQLBtqb6Y7nmMmqu6XoJXPqIJRUOnW8vx6ETt5pQFcDmjlv8iSbx\"><script src=\"https:\/\/webforms.pipedrive.com\/f\/loader\"><\/script><\/div>\t\t\t\t<\/div>\n\t\t\t\t<\/div>\n\t\t\t\t\t<\/div>\n\t\t\t\t<\/div>\n\t\t\t\t\t<\/div>\n\t\t\t\t<\/div>\n\t\t<div class=\"elementor-element elementor-element-108722a e-flex e-con-boxed e-con e-parent\" data-id=\"108722a\" data-element_type=\"container\">\n\t\t\t\t\t<div class=\"e-con-inner\">\n\t\t\t\t<div class=\"elementor-element elementor-element-db95798 elementor-widget elementor-widget-template\" data-id=\"db95798\" data-element_type=\"widget\" data-widget_type=\"template.default\">\n\t\t\t\t<div class=\"elementor-widget-container\">\n\t\t\t\t\t\t\t<div class=\"elementor-template\">\n\t\t\t\t\t<div data-elementor-type=\"container\" data-elementor-id=\"20838\" class=\"elementor elementor-20838\" data-elementor-post-type=\"elementor_library\">\n\t\t\t\t<div class=\"elementor-element elementor-element-1dd914e5 e-flex e-con-boxed e-con e-parent\" data-id=\"1dd914e5\" data-element_type=\"container\">\n\t\t\t\t\t<div class=\"e-con-inner\">\n\t\t<div class=\"elementor-element elementor-element-2e7771e2 e-con-full e-flex e-con e-child\" data-id=\"2e7771e2\" data-element_type=\"container\">\n\t\t\t\t<div class=\"elementor-element elementor-element-2efedbbb elementor-widget elementor-widget-text-editor\" data-id=\"2efedbbb\" data-element_type=\"widget\" data-widget_type=\"text-editor.default\">\n\t\t\t\t<div class=\"elementor-widget-container\">\n\t\t\t\t\t\t\t\t\t<p>Quelques th\u00e9matiques de conf\u00e9rences de cette \u00e9dition :<br \/><br \/><\/p><ul><li>l\u2019int\u00e9gration de l\u2019IA et du Machine Learning dans le E-commerce,<\/li><li>l\u2019adoption des solutions sans contact,<\/li><li>l\u2019utilisation croissante de la robotique en magasin,<\/li><li>l\u2019exploitation de la r\u00e9alit\u00e9 virtuelle et augment\u00e9e,<\/li><li>l\u2019essor des paiements mobiles,<\/li><li>l\u2019utilisation de l\u2019analytique avanc\u00e9e notamment dans le pricing,<\/li><li>l\u2019accent sur la durabilit\u00e9 et la tra\u00e7abilit\u00e9,<\/li><li>l\u2019exploration de la livraison autonome,<\/li><li>l\u2019int\u00e9gration de l\u2019assistance virtuelle via des chatbots pour une exp\u00e9rience client optimis\u00e9e.<\/li><\/ul>\t\t\t\t\t\t\t\t<\/div>\n\t\t\t\t<\/div>\n\t\t\t\t<\/div>\n\t\t<div class=\"elementor-element elementor-element-44bba73f e-con-full e-flex e-con e-child\" data-id=\"44bba73f\" data-element_type=\"container\">\n\t\t\t\t<div class=\"elementor-element elementor-element-65f487ee elementor-widget elementor-widget-image\" data-id=\"65f487ee\" data-element_type=\"widget\" data-widget_type=\"image.default\">\n\t\t\t\t<div class=\"elementor-widget-container\">\n\t\t\t\t\t\t\t\t\t\t\t\t\t\t\t<img decoding=\"async\" src=\"https:\/\/preprod.optimix-software.com\/wp-content\/uploads\/elementor\/thumbs\/logo-eurocis-2024-qhtjq31ywv9pd09mghu0a2w3s8xm5frkxll0edkuz4.webp\" title=\"logo-eurocis-2024\" alt=\"Logo Eurocis 2024\" loading=\"lazy\" \/>\t\t\t\t\t\t\t\t\t\t\t\t\t\t\t<\/div>\n\t\t\t\t<\/div>\n\t\t\t\t<\/div>\n\t\t\t\t\t<\/div>\n\t\t\t\t<\/div>\n\t\t\t\t<\/div>\n\t\t\t\t<\/div>\n\t\t\t\t\t\t<\/div>\n\t\t\t\t<\/div>\n\t\t\t\t\t<\/div>\n\t\t\t\t<\/div>\n\t\t\t\t<\/div>\n\t\t","protected":false},"excerpt":{"rendered":"<p>Besuchen Sie uns vom 27. bis 29. Februar in D\u00fcsseldorf auf Europas gr\u00f6\u00dfter Retail Tech-Messe: EuroCIS! Stand A52 Halle 10. <\/p>\n","protected":false},"author":3,"featured_media":0,"parent":0,"menu_order":0,"comment_status":"closed","ping_status":"closed","template":"","meta":{"inline_featured_image":false,"footnotes":""},"class_list":["post-37945","page","type-page","status-publish","hentry"],"yoast_head":"<!-- This site is optimized with the Yoast SEO Premium plugin v22.8 (Yoast SEO v25.1) - https:\/\/yoast.com\/wordpress\/plugins\/seo\/ -->\n<title>EuroCIS 2024 Anmeldung<\/title>\n<meta name=\"description\" content=\"Registrieren Sie sich f\u00fcr die EUROCIS 2024: 27. bis 29. Februar in D\u00fcsseldorf f\u00fcr Europas gr\u00f6\u00dfte Retail-Tech-Messe: EuroCIS! Stand A52 Halle 10.\" \/>\n<meta name=\"robots\" content=\"noindex, follow, max-snippet:-1, max-image-preview:large, max-video-preview:-1\" \/>\n<meta property=\"og:locale\" content=\"de_DE\" \/>\n<meta property=\"og:type\" content=\"article\" \/>\n<meta property=\"og:title\" content=\"Eurocis 2024 Anmeldung\" \/>\n<meta property=\"og:description\" content=\"Registrieren Sie sich f\u00fcr die EUROCIS 2024: 27. bis 29. Februar in D\u00fcsseldorf f\u00fcr Europas gr\u00f6\u00dfte Retail-Tech-Messe: EuroCIS! Stand A52 Halle 10.\" \/>\n<meta property=\"og:url\" content=\"https:\/\/preprod.optimix-software.com\/de\/eurocis-2024-anmeldung\/\" \/>\n<meta property=\"og:site_name\" content=\"Optimix Software\" \/>\n<meta property=\"article:modified_time\" content=\"2024-12-06T16:51:31+00:00\" \/>\n<meta property=\"og:image\" content=\"https:\/\/preprod.optimix-software.com\/wp-content\/uploads\/logo-optimix-yoast.png\" \/>\n\t<meta property=\"og:image:width\" content=\"1200\" \/>\n\t<meta property=\"og:image:height\" content=\"675\" \/>\n\t<meta property=\"og:image:type\" content=\"image\/png\" \/>\n<meta name=\"twitter:card\" content=\"summary_large_image\" \/>\n<script type=\"application\/ld+json\" class=\"yoast-schema-graph\">{\"@context\":\"https:\/\/schema.org\",\"@graph\":[{\"@type\":\"WebPage\",\"@id\":\"https:\/\/preprod.optimix-software.com\/de\/eurocis-2024-anmeldung\/\",\"url\":\"https:\/\/preprod.optimix-software.com\/de\/eurocis-2024-anmeldung\/\",\"name\":\"EuroCIS 2024 Anmeldung\",\"isPartOf\":{\"@id\":\"https:\/\/preprod.optimix-software.com\/de\/#website\"},\"datePublished\":\"2024-01-04T15:20:50+00:00\",\"dateModified\":\"2024-12-06T16:51:31+00:00\",\"description\":\"Registrieren Sie sich f\u00fcr die EUROCIS 2024: 27. bis 29. Februar in D\u00fcsseldorf f\u00fcr Europas gr\u00f6\u00dfte Retail-Tech-Messe: EuroCIS! Stand A52 Halle 10.\",\"breadcrumb\":{\"@id\":\"https:\/\/preprod.optimix-software.com\/de\/eurocis-2024-anmeldung\/#breadcrumb\"},\"inLanguage\":\"de\",\"potentialAction\":[{\"@type\":\"ReadAction\",\"target\":[\"https:\/\/preprod.optimix-software.com\/de\/eurocis-2024-anmeldung\/\"]}]},{\"@type\":\"BreadcrumbList\",\"@id\":\"https:\/\/preprod.optimix-software.com\/de\/eurocis-2024-anmeldung\/#breadcrumb\",\"itemListElement\":[{\"@type\":\"ListItem\",\"position\":1,\"name\":\"Startseite\",\"item\":\"https:\/\/preprod.optimix-software.com\/de\/loesungen-fuer-preisgestaltung-und-lieferkette\/\"},{\"@type\":\"ListItem\",\"position\":2,\"name\":\"Eurocis 2024 Anmeldung\"}]},{\"@type\":\"WebSite\",\"@id\":\"https:\/\/preprod.optimix-software.com\/de\/#website\",\"url\":\"https:\/\/preprod.optimix-software.com\/de\/\",\"name\":\"Optimix Software\",\"description\":\"Solutions de Pricing et Supply chain d\u00e9di\u00e9es au retail\",\"publisher\":{\"@id\":\"https:\/\/preprod.optimix-software.com\/de\/#organization\"},\"potentialAction\":[{\"@type\":\"SearchAction\",\"target\":{\"@type\":\"EntryPoint\",\"urlTemplate\":\"https:\/\/preprod.optimix-software.com\/de\/?s={search_term_string}\"},\"query-input\":{\"@type\":\"PropertyValueSpecification\",\"valueRequired\":true,\"valueName\":\"search_term_string\"}}],\"inLanguage\":\"de\"},{\"@type\":\"Organization\",\"@id\":\"https:\/\/preprod.optimix-software.com\/de\/#organization\",\"name\":\"Optimix Software\",\"url\":\"https:\/\/preprod.optimix-software.com\/de\/\",\"logo\":{\"@type\":\"ImageObject\",\"inLanguage\":\"de\",\"@id\":\"https:\/\/preprod.optimix-software.com\/de\/#\/schema\/logo\/image\/\",\"url\":\"https:\/\/preprod.optimix-software.com\/wp-content\/uploads\/logo-carre-optimix-RETAIL-PERFORMANCE-SOFTWARE.jpg\",\"contentUrl\":\"https:\/\/preprod.optimix-software.com\/wp-content\/uploads\/logo-carre-optimix-RETAIL-PERFORMANCE-SOFTWARE.jpg\",\"width\":2001,\"height\":2001,\"caption\":\"Optimix Software\"},\"image\":{\"@id\":\"https:\/\/preprod.optimix-software.com\/de\/#\/schema\/logo\/image\/\"},\"sameAs\":[\"https:\/\/www.linkedin.com\/company\/optimix-ffr\/\"]}]}<\/script>\n<!-- \/ Yoast SEO Premium plugin. -->","yoast_head_json":{"title":"EuroCIS 2024 Anmeldung","description":"Registrieren Sie sich f\u00fcr die EUROCIS 2024: 27. bis 29. Februar in D\u00fcsseldorf f\u00fcr Europas gr\u00f6\u00dfte Retail-Tech-Messe: EuroCIS! Stand A52 Halle 10.","robots":{"index":"noindex","follow":"follow","max-snippet":"max-snippet:-1","max-image-preview":"max-image-preview:large","max-video-preview":"max-video-preview:-1"},"og_locale":"de_DE","og_type":"article","og_title":"Eurocis 2024 Anmeldung","og_description":"Registrieren Sie sich f\u00fcr die EUROCIS 2024: 27. bis 29. Februar in D\u00fcsseldorf f\u00fcr Europas gr\u00f6\u00dfte Retail-Tech-Messe: EuroCIS! Stand A52 Halle 10.","og_url":"https:\/\/preprod.optimix-software.com\/de\/eurocis-2024-anmeldung\/","og_site_name":"Optimix Software","article_modified_time":"2024-12-06T16:51:31+00:00","og_image":[{"width":1200,"height":675,"url":"https:\/\/preprod.optimix-software.com\/wp-content\/uploads\/logo-optimix-yoast.png","type":"image\/png"}],"twitter_card":"summary_large_image","schema":{"@context":"https:\/\/schema.org","@graph":[{"@type":"WebPage","@id":"https:\/\/preprod.optimix-software.com\/de\/eurocis-2024-anmeldung\/","url":"https:\/\/preprod.optimix-software.com\/de\/eurocis-2024-anmeldung\/","name":"EuroCIS 2024 Anmeldung","isPartOf":{"@id":"https:\/\/preprod.optimix-software.com\/de\/#website"},"datePublished":"2024-01-04T15:20:50+00:00","dateModified":"2024-12-06T16:51:31+00:00","description":"Registrieren Sie sich f\u00fcr die EUROCIS 2024: 27. bis 29. Februar in D\u00fcsseldorf f\u00fcr Europas gr\u00f6\u00dfte Retail-Tech-Messe: EuroCIS! Stand A52 Halle 10.","breadcrumb":{"@id":"https:\/\/preprod.optimix-software.com\/de\/eurocis-2024-anmeldung\/#breadcrumb"},"inLanguage":"de","potentialAction":[{"@type":"ReadAction","target":["https:\/\/preprod.optimix-software.com\/de\/eurocis-2024-anmeldung\/"]}]},{"@type":"BreadcrumbList","@id":"https:\/\/preprod.optimix-software.com\/de\/eurocis-2024-anmeldung\/#breadcrumb","itemListElement":[{"@type":"ListItem","position":1,"name":"Startseite","item":"https:\/\/preprod.optimix-software.com\/de\/loesungen-fuer-preisgestaltung-und-lieferkette\/"},{"@type":"ListItem","position":2,"name":"Eurocis 2024 Anmeldung"}]},{"@type":"WebSite","@id":"https:\/\/preprod.optimix-software.com\/de\/#website","url":"https:\/\/preprod.optimix-software.com\/de\/","name":"Optimix Software","description":"Solutions de Pricing et Supply chain d\u00e9di\u00e9es au retail","publisher":{"@id":"https:\/\/preprod.optimix-software.com\/de\/#organization"},"potentialAction":[{"@type":"SearchAction","target":{"@type":"EntryPoint","urlTemplate":"https:\/\/preprod.optimix-software.com\/de\/?s={search_term_string}"},"query-input":{"@type":"PropertyValueSpecification","valueRequired":true,"valueName":"search_term_string"}}],"inLanguage":"de"},{"@type":"Organization","@id":"https:\/\/preprod.optimix-software.com\/de\/#organization","name":"Optimix Software","url":"https:\/\/preprod.optimix-software.com\/de\/","logo":{"@type":"ImageObject","inLanguage":"de","@id":"https:\/\/preprod.optimix-software.com\/de\/#\/schema\/logo\/image\/","url":"https:\/\/preprod.optimix-software.com\/wp-content\/uploads\/logo-carre-optimix-RETAIL-PERFORMANCE-SOFTWARE.jpg","contentUrl":"https:\/\/preprod.optimix-software.com\/wp-content\/uploads\/logo-carre-optimix-RETAIL-PERFORMANCE-SOFTWARE.jpg","width":2001,"height":2001,"caption":"Optimix Software"},"image":{"@id":"https:\/\/preprod.optimix-software.com\/de\/#\/schema\/logo\/image\/"},"sameAs":["https:\/\/www.linkedin.com\/company\/optimix-ffr\/"]}]}},"_links":{"self":[{"href":"https:\/\/preprod.optimix-software.com\/de\/wp-json\/wp\/v2\/pages\/37945","targetHints":{"allow":["GET"]}}],"collection":[{"href":"https:\/\/preprod.optimix-software.com\/de\/wp-json\/wp\/v2\/pages"}],"about":[{"href":"https:\/\/preprod.optimix-software.com\/de\/wp-json\/wp\/v2\/types\/page"}],"author":[{"embeddable":true,"href":"https:\/\/preprod.optimix-software.com\/de\/wp-json\/wp\/v2\/users\/3"}],"replies":[{"embeddable":true,"href":"https:\/\/preprod.optimix-software.com\/de\/wp-json\/wp\/v2\/comments?post=37945"}],"version-history":[{"count":1,"href":"https:\/\/preprod.optimix-software.com\/de\/wp-json\/wp\/v2\/pages\/37945\/revisions"}],"predecessor-version":[{"id":37949,"href":"https:\/\/preprod.optimix-software.com\/de\/wp-json\/wp\/v2\/pages\/37945\/revisions\/37949"}],"wp:attachment":[{"href":"https:\/\/preprod.optimix-software.com\/de\/wp-json\/wp\/v2\/media?parent=37945"}],"curies":[{"name":"wp","href":"https:\/\/api.w.org\/{rel}","templated":true}]}}