{"id":40570,"date":"2025-01-13T09:39:31","date_gmt":"2025-01-13T08:39:31","guid":{"rendered":"https:\/\/preprod.optimix-software.com\/?page_id=40570"},"modified":"2025-04-28T13:56:59","modified_gmt":"2025-04-28T11:56:59","slug":"unaufgeforderte-bewerbung-2","status":"publish","type":"page","link":"https:\/\/preprod.optimix-software.com\/de\/unaufgeforderte-bewerbung-2\/","title":{"rendered":"CRM-Praktikum"},"content":{"rendered":"\t\t<div data-elementor-type=\"wp-page\" data-elementor-id=\"40570\" class=\"elementor elementor-40570 elementor-40569\" data-elementor-post-type=\"page\">\n\t\t\t\t<div class=\"elementor-element elementor-element-05a42b5 e-flex e-con-boxed e-con e-parent\" data-id=\"05a42b5\" data-element_type=\"container\">\n\t\t\t\t\t<div class=\"e-con-inner\">\n\t\t<div class=\"elementor-element elementor-element-73ffb24 e-con-full e-flex e-con e-child\" data-id=\"73ffb24\" data-element_type=\"container\">\n\t\t<div class=\"elementor-element elementor-element-9f2a8ca e-con-full e-flex e-con e-child\" data-id=\"9f2a8ca\" data-element_type=\"container\">\n\t\t\t\t<div class=\"elementor-element elementor-element-93d56ee elementor-widget elementor-widget-heading\" data-id=\"93d56ee\" data-element_type=\"widget\" data-widget_type=\"heading.default\">\n\t\t\t\t<div class=\"elementor-widget-container\">\n\t\t\t\t\t<h1 class=\"elementor-heading-title elementor-size-default\">CRM-Praktikum<\/h1>\t\t\t\t<\/div>\n\t\t\t\t<\/div>\n\t\t\t\t<div class=\"elementor-element elementor-element-de1b70e elementor-widget__width-initial elementor-widget elementor-widget-text-editor\" data-id=\"de1b70e\" data-element_type=\"widget\" data-widget_type=\"text-editor.default\">\n\t\t\t\t<div class=\"elementor-widget-container\">\n\t\t\t\t\t\t\t\t\t<p><strong>\u00dcber Optimix Solutions:<\/strong> Optimix Solutions ist ein SaaS-Anbieter, der sich auf die Optimierung der Preisgestaltung und der Lieferkette f\u00fcr den Einzelhandel (Lebensmittel, Heimwerker, Sch\u00f6nheitspflege, Apotheken, &#8230;) spezialisiert hat. Unsere L\u00f6sungen erm\u00f6glichen es unseren Kunden, ihre Preise und Best\u00e4nde auf intelligente und datengesteuerte Weise zu steuern. <\/p>\n<p><strong>Ihre Aufgabe:<\/strong> Unter der Verantwortung des Marketingdirektors und in enger Zusammenarbeit mit den beiden Business Developern tragen Sie direkt zu unserer internationalen Entwicklung bei:<\/p>\n<ul>\n<li>Aufbau und Erweiterung unserer Datenbank. Suche und Qualifizierung von Unternehmen UND qualifizierten Kontakten in unseren Zielgruppen. <\/li>\n<li>Teilnahme an Gesch\u00e4ftsterminen, Austausch mit dem Verkaufsteam und Erlernen von Best Practices.<\/li>\n<li>Unterst\u00fctzung bei der Erstellung von Inhalten in Englisch\/Deutsch (E-Mails, LinkedIn-Posts, Mini-Kampagnen).<\/li>\n<\/ul>\n<p><strong>Gesuchtes Profil :<\/strong><\/p>\n<ul>\n<li>Bac+2 bis Bac+3 f\u00fcr 6 Monate<\/li>\n<li>Praktikum UND NEIN Abwechslung oder Sonstiges<\/li>\n<li>Idealerweise Student\/in im Bereich Handel, Marketing oder in einem \u00e4hnlichen Bereich, auf der Suche nach Berufserfahrung in einem innovativen Umfeld.<\/li>\n<li>Neugier, Selbstst\u00e4ndigkeit, Genauigkeit und analytische F\u00e4higkeiten.<\/li>\n<li>Die Beherrschung der deutschen Sprache ist von Vorteil, aber f\u00fcr den Sourcing-Auftrag nicht unbedingt erforderlich (sie ist jedoch f\u00fcr die Unterst\u00fctzung des Marketings notwendig).<\/li>\n<\/ul>\n<p><strong>Was wir bieten :<\/strong><\/p>\n<ul>\n<li><strong>Hauptaufgaben:<\/strong> Beschaffung und Qualifizierung von Kontakten und Schl\u00fcsselkonten auf dem DACH-Markt.<\/li>\n<li><strong>Eintauchen in den Gesch\u00e4ftsprozess:<\/strong> Teilnahme an Telefongespr\u00e4chen, Erlernen von Gesch\u00e4ftsstrategien und bew\u00e4hrten Praktiken.<\/li>\n<li><strong>\u00d6ffnung in Richtung Marketing:<\/strong> Verfassen von Inhalten in Englisch\/Deutsch,<\/li>\n<li><strong>Enge Betreuung:<\/strong> regelm\u00e4\u00dfiges Feedback und Mentoring durch das BizDev-Team.<\/li>\n<\/ul>\n<p><strong>&nbsp;<\/strong><strong>Warum sollten Sie sich uns anschlie\u00dfen?<\/strong><\/p>\n<ul>\n<li>Eine immersive Erfahrung im Herzen eines schnell wachsenden Tech-Unternehmens.<\/li>\n<li>Ein abwechslungsreiches und verantwortungsvolles Praktikum mit einem hohen Lernpotenzial.<\/li>\n<li>Die M\u00f6glichkeit, direkt mit Experten in den Bereichen SaaS, Supply Chain und Pricing zusammenzuarbeiten.<\/li>\n<\/ul>\t\t\t\t\t\t\t\t<\/div>\n\t\t\t\t<\/div>\n\t\t\t\t<\/div>\n\t\t\t\t<\/div>\n\t\t<div class=\"elementor-element elementor-element-7eb5624 e-con-full e-flex e-con e-child\" data-id=\"7eb5624\" data-element_type=\"container\">\n\t\t\t\t<div class=\"elementor-element elementor-element-90e2110 elementor-widget elementor-widget-html\" data-id=\"90e2110\" data-element_type=\"widget\" data-widget_type=\"html.default\">\n\t\t\t\t<div class=\"elementor-widget-container\">\n\t\t\t\t\t<div class=\"pipedriveWebForms\" data-pd-webforms=\"https:\/\/webforms.pipedrive.com\/f\/6UN8BUdqmR6mBPvi8NbNvsdQOAR7QxYjGpgp5RimuR5fNJuoERJPwJfYVo8powkZAD\"><script src=\"https:\/\/webforms.pipedrive.com\/f\/loader\"><\/script><\/div>\t\t\t\t<\/div>\n\t\t\t\t<\/div>\n\t\t\t\t<\/div>\n\t\t\t\t\t<\/div>\n\t\t\t\t<\/div>\n\t\t<div class=\"elementor-element elementor-element-862e1ab e-flex e-con-boxed e-con e-parent\" data-id=\"862e1ab\" data-element_type=\"container\">\n\t\t\t\t\t<div class=\"e-con-inner\">\n\t\t\t\t<div class=\"elementor-element elementor-element-419363e elementor-widget elementor-widget-image\" data-id=\"419363e\" data-element_type=\"widget\" data-widget_type=\"image.default\">\n\t\t\t\t<div class=\"elementor-widget-container\">\n\t\t\t\t\t\t\t\t\t\t\t\t\t\t\t<img fetchpriority=\"high\" decoding=\"async\" width=\"800\" height=\"533\" src=\"https:\/\/preprod.optimix-software.com\/wp-content\/uploads\/photo-collaborateurs-Optimix-1200x800.webp\" class=\"attachment-large size-large wp-image-35272\" alt=\"\" srcset=\"https:\/\/preprod.optimix-software.com\/wp-content\/uploads\/photo-collaborateurs-Optimix-1200x800.webp 1200w, https:\/\/preprod.optimix-software.com\/wp-content\/uploads\/photo-collaborateurs-Optimix-900x600.webp 900w, https:\/\/preprod.optimix-software.com\/wp-content\/uploads\/photo-collaborateurs-Optimix-768x512.webp 768w, https:\/\/preprod.optimix-software.com\/wp-content\/uploads\/photo-collaborateurs-Optimix.webp 1500w\" sizes=\"(max-width: 800px) 100vw, 800px\" \/>\t\t\t\t\t\t\t\t\t\t\t\t\t\t\t<\/div>\n\t\t\t\t<\/div>\n\t\t\t\t\t<\/div>\n\t\t\t\t<\/div>\n\t\t\t\t<\/div>\n\t\t","protected":false},"excerpt":{"rendered":"<p>Kommen Sie zu Optimix, einem innovativen Softwareentwickler f\u00fcr Pricing und Supply Chain. Senden Sie Ihren Lebenslauf f\u00fcr spannende M\u00f6glichkeiten und gestalten Sie die Zukunft mit uns! <\/p>\n","protected":false},"author":3,"featured_media":0,"parent":0,"menu_order":0,"comment_status":"closed","ping_status":"closed","template":"","meta":{"inline_featured_image":false,"footnotes":""},"class_list":["post-40570","page","type-page","status-publish","hentry"],"yoast_head":"<!-- This site is optimized with the Yoast SEO Premium plugin v22.8 (Yoast SEO v25.1) - https:\/\/yoast.com\/wordpress\/plugins\/seo\/ -->\n<title>CRM-Praktikum - Optimix Solutions<\/title>\n<meta name=\"description\" content=\"Kommen Sie zu Optimix, dem Herausgeber von innovativer Software f\u00fcr Pricing und Supply Chain. Bewerben Sie sich initiativ und senden Sie Ihren Lebenslauf f\u00fcr spannende M\u00f6glichkeiten!\" \/>\n<meta name=\"robots\" content=\"noindex, follow, max-snippet:-1, max-image-preview:large, max-video-preview:-1\" \/>\n<meta property=\"og:locale\" content=\"de_DE\" \/>\n<meta property=\"og:type\" content=\"article\" \/>\n<meta property=\"og:title\" content=\"CRM-Praktikum\" \/>\n<meta property=\"og:description\" content=\"Kommen Sie zu Optimix, dem Herausgeber von innovativer Software f\u00fcr Pricing und Supply Chain. Bewerben Sie sich initiativ und senden Sie Ihren Lebenslauf f\u00fcr spannende M\u00f6glichkeiten!\" \/>\n<meta property=\"og:url\" content=\"https:\/\/preprod.optimix-software.com\/de\/unaufgeforderte-bewerbung-2\/\" \/>\n<meta property=\"og:site_name\" content=\"Optimix Software\" \/>\n<meta property=\"article:modified_time\" content=\"2025-04-28T11:56:59+00:00\" \/>\n<meta property=\"og:image\" content=\"https:\/\/optimix.fr\/wp-content\/uploads\/clubpricing3-copie.webp\" \/>\n<meta name=\"twitter:card\" content=\"summary_large_image\" \/>\n<meta name=\"twitter:label1\" content=\"Gesch\u00e4tzte Lesezeit\" \/>\n\t<meta name=\"twitter:data1\" content=\"1\u00a0Minute\" \/>\n<script type=\"application\/ld+json\" class=\"yoast-schema-graph\">{\"@context\":\"https:\/\/schema.org\",\"@graph\":[{\"@type\":\"WebPage\",\"@id\":\"https:\/\/preprod.optimix-software.com\/de\/unaufgeforderte-bewerbung-2\/\",\"url\":\"https:\/\/preprod.optimix-software.com\/de\/unaufgeforderte-bewerbung-2\/\",\"name\":\"CRM-Praktikum - Optimix Solutions\",\"isPartOf\":{\"@id\":\"https:\/\/preprod.optimix-software.com\/de\/#website\"},\"primaryImageOfPage\":{\"@id\":\"https:\/\/preprod.optimix-software.com\/de\/unaufgeforderte-bewerbung-2\/#primaryimage\"},\"image\":{\"@id\":\"https:\/\/preprod.optimix-software.com\/de\/unaufgeforderte-bewerbung-2\/#primaryimage\"},\"thumbnailUrl\":\"https:\/\/preprod.optimix-software.com\/wp-content\/uploads\/photo-collaborateurs-Optimix-1200x800.webp\",\"datePublished\":\"2025-01-13T08:39:31+00:00\",\"dateModified\":\"2025-04-28T11:56:59+00:00\",\"description\":\"Kommen Sie zu Optimix, dem Herausgeber von innovativer Software f\u00fcr Pricing und Supply Chain. Bewerben Sie sich initiativ und senden Sie Ihren Lebenslauf f\u00fcr spannende M\u00f6glichkeiten!\",\"breadcrumb\":{\"@id\":\"https:\/\/preprod.optimix-software.com\/de\/unaufgeforderte-bewerbung-2\/#breadcrumb\"},\"inLanguage\":\"de\",\"potentialAction\":[{\"@type\":\"ReadAction\",\"target\":[\"https:\/\/preprod.optimix-software.com\/de\/unaufgeforderte-bewerbung-2\/\"]}]},{\"@type\":\"ImageObject\",\"inLanguage\":\"de\",\"@id\":\"https:\/\/preprod.optimix-software.com\/de\/unaufgeforderte-bewerbung-2\/#primaryimage\",\"url\":\"https:\/\/preprod.optimix-software.com\/wp-content\/uploads\/photo-collaborateurs-Optimix-1200x800.webp\",\"contentUrl\":\"https:\/\/preprod.optimix-software.com\/wp-content\/uploads\/photo-collaborateurs-Optimix-1200x800.webp\"},{\"@type\":\"BreadcrumbList\",\"@id\":\"https:\/\/preprod.optimix-software.com\/de\/unaufgeforderte-bewerbung-2\/#breadcrumb\",\"itemListElement\":[{\"@type\":\"ListItem\",\"position\":1,\"name\":\"Startseite\",\"item\":\"https:\/\/preprod.optimix-software.com\/de\/loesungen-fuer-preisgestaltung-und-lieferkette\/\"},{\"@type\":\"ListItem\",\"position\":2,\"name\":\"CRM-Praktikum\"}]},{\"@type\":\"WebSite\",\"@id\":\"https:\/\/preprod.optimix-software.com\/de\/#website\",\"url\":\"https:\/\/preprod.optimix-software.com\/de\/\",\"name\":\"Optimix Software\",\"description\":\"Solutions de Pricing et Supply chain d\u00e9di\u00e9es au retail\",\"publisher\":{\"@id\":\"https:\/\/preprod.optimix-software.com\/de\/#organization\"},\"potentialAction\":[{\"@type\":\"SearchAction\",\"target\":{\"@type\":\"EntryPoint\",\"urlTemplate\":\"https:\/\/preprod.optimix-software.com\/de\/?s={search_term_string}\"},\"query-input\":{\"@type\":\"PropertyValueSpecification\",\"valueRequired\":true,\"valueName\":\"search_term_string\"}}],\"inLanguage\":\"de\"},{\"@type\":\"Organization\",\"@id\":\"https:\/\/preprod.optimix-software.com\/de\/#organization\",\"name\":\"Optimix Software\",\"url\":\"https:\/\/preprod.optimix-software.com\/de\/\",\"logo\":{\"@type\":\"ImageObject\",\"inLanguage\":\"de\",\"@id\":\"https:\/\/preprod.optimix-software.com\/de\/#\/schema\/logo\/image\/\",\"url\":\"https:\/\/preprod.optimix-software.com\/wp-content\/uploads\/logo-carre-optimix-RETAIL-PERFORMANCE-SOFTWARE.jpg\",\"contentUrl\":\"https:\/\/preprod.optimix-software.com\/wp-content\/uploads\/logo-carre-optimix-RETAIL-PERFORMANCE-SOFTWARE.jpg\",\"width\":2001,\"height\":2001,\"caption\":\"Optimix Software\"},\"image\":{\"@id\":\"https:\/\/preprod.optimix-software.com\/de\/#\/schema\/logo\/image\/\"},\"sameAs\":[\"https:\/\/www.linkedin.com\/company\/optimix-ffr\/\"]}]}<\/script>\n<!-- \/ Yoast SEO Premium plugin. -->","yoast_head_json":{"title":"CRM-Praktikum - Optimix Solutions","description":"Kommen Sie zu Optimix, dem Herausgeber von innovativer Software f\u00fcr Pricing und Supply Chain. Bewerben Sie sich initiativ und senden Sie Ihren Lebenslauf f\u00fcr spannende M\u00f6glichkeiten!","robots":{"index":"noindex","follow":"follow","max-snippet":"max-snippet:-1","max-image-preview":"max-image-preview:large","max-video-preview":"max-video-preview:-1"},"og_locale":"de_DE","og_type":"article","og_title":"CRM-Praktikum","og_description":"Kommen Sie zu Optimix, dem Herausgeber von innovativer Software f\u00fcr Pricing und Supply Chain. Bewerben Sie sich initiativ und senden Sie Ihren Lebenslauf f\u00fcr spannende M\u00f6glichkeiten!","og_url":"https:\/\/preprod.optimix-software.com\/de\/unaufgeforderte-bewerbung-2\/","og_site_name":"Optimix Software","article_modified_time":"2025-04-28T11:56:59+00:00","og_image":[{"url":"https:\/\/optimix.fr\/wp-content\/uploads\/clubpricing3-copie.webp","type":"","width":"","height":""}],"twitter_card":"summary_large_image","twitter_misc":{"Gesch\u00e4tzte Lesezeit":"1\u00a0Minute"},"schema":{"@context":"https:\/\/schema.org","@graph":[{"@type":"WebPage","@id":"https:\/\/preprod.optimix-software.com\/de\/unaufgeforderte-bewerbung-2\/","url":"https:\/\/preprod.optimix-software.com\/de\/unaufgeforderte-bewerbung-2\/","name":"CRM-Praktikum - Optimix Solutions","isPartOf":{"@id":"https:\/\/preprod.optimix-software.com\/de\/#website"},"primaryImageOfPage":{"@id":"https:\/\/preprod.optimix-software.com\/de\/unaufgeforderte-bewerbung-2\/#primaryimage"},"image":{"@id":"https:\/\/preprod.optimix-software.com\/de\/unaufgeforderte-bewerbung-2\/#primaryimage"},"thumbnailUrl":"https:\/\/preprod.optimix-software.com\/wp-content\/uploads\/photo-collaborateurs-Optimix-1200x800.webp","datePublished":"2025-01-13T08:39:31+00:00","dateModified":"2025-04-28T11:56:59+00:00","description":"Kommen Sie zu Optimix, dem Herausgeber von innovativer Software f\u00fcr Pricing und Supply Chain. Bewerben Sie sich initiativ und senden Sie Ihren Lebenslauf f\u00fcr spannende M\u00f6glichkeiten!","breadcrumb":{"@id":"https:\/\/preprod.optimix-software.com\/de\/unaufgeforderte-bewerbung-2\/#breadcrumb"},"inLanguage":"de","potentialAction":[{"@type":"ReadAction","target":["https:\/\/preprod.optimix-software.com\/de\/unaufgeforderte-bewerbung-2\/"]}]},{"@type":"ImageObject","inLanguage":"de","@id":"https:\/\/preprod.optimix-software.com\/de\/unaufgeforderte-bewerbung-2\/#primaryimage","url":"https:\/\/preprod.optimix-software.com\/wp-content\/uploads\/photo-collaborateurs-Optimix-1200x800.webp","contentUrl":"https:\/\/preprod.optimix-software.com\/wp-content\/uploads\/photo-collaborateurs-Optimix-1200x800.webp"},{"@type":"BreadcrumbList","@id":"https:\/\/preprod.optimix-software.com\/de\/unaufgeforderte-bewerbung-2\/#breadcrumb","itemListElement":[{"@type":"ListItem","position":1,"name":"Startseite","item":"https:\/\/preprod.optimix-software.com\/de\/loesungen-fuer-preisgestaltung-und-lieferkette\/"},{"@type":"ListItem","position":2,"name":"CRM-Praktikum"}]},{"@type":"WebSite","@id":"https:\/\/preprod.optimix-software.com\/de\/#website","url":"https:\/\/preprod.optimix-software.com\/de\/","name":"Optimix Software","description":"Solutions de Pricing et Supply chain d\u00e9di\u00e9es au retail","publisher":{"@id":"https:\/\/preprod.optimix-software.com\/de\/#organization"},"potentialAction":[{"@type":"SearchAction","target":{"@type":"EntryPoint","urlTemplate":"https:\/\/preprod.optimix-software.com\/de\/?s={search_term_string}"},"query-input":{"@type":"PropertyValueSpecification","valueRequired":true,"valueName":"search_term_string"}}],"inLanguage":"de"},{"@type":"Organization","@id":"https:\/\/preprod.optimix-software.com\/de\/#organization","name":"Optimix Software","url":"https:\/\/preprod.optimix-software.com\/de\/","logo":{"@type":"ImageObject","inLanguage":"de","@id":"https:\/\/preprod.optimix-software.com\/de\/#\/schema\/logo\/image\/","url":"https:\/\/preprod.optimix-software.com\/wp-content\/uploads\/logo-carre-optimix-RETAIL-PERFORMANCE-SOFTWARE.jpg","contentUrl":"https:\/\/preprod.optimix-software.com\/wp-content\/uploads\/logo-carre-optimix-RETAIL-PERFORMANCE-SOFTWARE.jpg","width":2001,"height":2001,"caption":"Optimix Software"},"image":{"@id":"https:\/\/preprod.optimix-software.com\/de\/#\/schema\/logo\/image\/"},"sameAs":["https:\/\/www.linkedin.com\/company\/optimix-ffr\/"]}]}},"_links":{"self":[{"href":"https:\/\/preprod.optimix-software.com\/de\/wp-json\/wp\/v2\/pages\/40570","targetHints":{"allow":["GET"]}}],"collection":[{"href":"https:\/\/preprod.optimix-software.com\/de\/wp-json\/wp\/v2\/pages"}],"about":[{"href":"https:\/\/preprod.optimix-software.com\/de\/wp-json\/wp\/v2\/types\/page"}],"author":[{"embeddable":true,"href":"https:\/\/preprod.optimix-software.com\/de\/wp-json\/wp\/v2\/users\/3"}],"replies":[{"embeddable":true,"href":"https:\/\/preprod.optimix-software.com\/de\/wp-json\/wp\/v2\/comments?post=40570"}],"version-history":[{"count":4,"href":"https:\/\/preprod.optimix-software.com\/de\/wp-json\/wp\/v2\/pages\/40570\/revisions"}],"predecessor-version":[{"id":45501,"href":"https:\/\/preprod.optimix-software.com\/de\/wp-json\/wp\/v2\/pages\/40570\/revisions\/45501"}],"wp:attachment":[{"href":"https:\/\/preprod.optimix-software.com\/de\/wp-json\/wp\/v2\/media?parent=40570"}],"curies":[{"name":"wp","href":"https:\/\/api.w.org\/{rel}","templated":true}]}}