{"id":40592,"date":"2025-03-03T09:48:33","date_gmt":"2025-03-03T08:48:33","guid":{"rendered":"https:\/\/preprod.optimix-software.com\/?page_id=40592"},"modified":"2025-03-05T10:12:24","modified_gmt":"2025-03-05T09:12:24","slug":"digitaler-vermarkter","status":"publish","type":"page","link":"https:\/\/preprod.optimix-software.com\/de\/digitaler-vermarkter\/","title":{"rendered":"Digitaler Vermarkter"},"content":{"rendered":"\t\t<div data-elementor-type=\"wp-page\" data-elementor-id=\"40592\" class=\"elementor elementor-40592 elementor-40591\" data-elementor-post-type=\"page\">\n\t\t\t\t<div class=\"elementor-element elementor-element-05a42b5 e-flex e-con-boxed e-con e-parent\" data-id=\"05a42b5\" data-element_type=\"container\">\n\t\t\t\t\t<div class=\"e-con-inner\">\n\t\t<div class=\"elementor-element elementor-element-73ffb24 e-con-full e-flex e-con e-child\" data-id=\"73ffb24\" data-element_type=\"container\">\n\t\t<div class=\"elementor-element elementor-element-9f2a8ca e-con-full e-flex e-con e-child\" data-id=\"9f2a8ca\" data-element_type=\"container\">\n\t\t\t\t<div class=\"elementor-element elementor-element-93d56ee elementor-widget elementor-widget-heading\" data-id=\"93d56ee\" data-element_type=\"widget\" data-widget_type=\"heading.default\">\n\t\t\t\t<div class=\"elementor-widget-container\">\n\t\t\t\t\t<h1 class=\"elementor-heading-title elementor-size-default\">Digital Marketing Manager (M\/F)<\/h1>\t\t\t\t<\/div>\n\t\t\t\t<\/div>\n\t\t\t\t<div class=\"elementor-element elementor-element-de1b70e elementor-widget__width-initial elementor-widget elementor-widget-text-editor\" data-id=\"de1b70e\" data-element_type=\"widget\" data-widget_type=\"text-editor.default\">\n\t\t\t\t<div class=\"elementor-widget-container\">\n\t\t\t\t\t\t\t\t\t<p>Als Mitglied von OptimiX Solutions k\u00f6nnen Sie sicher sein, dass Sie mit den neuesten Technologien arbeiten und mit den gr\u00f6\u00dften Einzelhandelsunternehmen in Frankreich und der ganzen Welt zusammenarbeiten.<\/p>\n<p>OptimiX Solutions stellt eine\/n Digital Marketing Manager\/in ein, der\/die dem Direktor f\u00fcr Marketing und Kommunikation unterstellt ist, um das Wachstum zu unterst\u00fctzen und zu beschleunigen.<\/p>\n<p>Sie haben die Aufgabe, ihn bei der Steigerung des Bekanntheitsgrades und der Leadgenerierung zu unterst\u00fctzen:<\/p>\n<h3><strong>1. Digital Marketing Strategy &amp; Lead Generation<\/strong><\/h3>\n<ul>\n<li data-start=\"203\" data-end=\"415\"><strong data-start=\"203\" data-end=\"264\">Definition und Umsetzung der B2B-Marketingstrategie<\/strong>: Umsetzung der Marketingstrategie in Zusammenarbeit mit der Marketing- und Vertriebsleitung, um die Ausrichtung der Ziele und Ma\u00dfnahmen zu gew\u00e4hrleisten.<\/li>\n<li><strong>Garant f\u00fcr den Inhalt<\/strong><strong> unserer Website in FR \/ DE \/ UK<\/strong><\/li>\n<li data-start=\"421\" data-end=\"724\"><strong data-start=\"421\" data-end=\"488\">Entwicklung von Multichannel-Strategien zur Lead-Akquisition<\/strong>: Optimierung der Web-Akquisitionshebel (SEO, LinkedIn, YouTube, Inbound Marketing usw.), um ein Maximum an qualifizierten eingehenden Anfragen (MQL) zu generieren. Entwicklung von Inbound- und Outbound-Strategien, die auf die verschiedenen Zielgruppen zugeschnitten sind. <\/li>\n<li data-start=\"728\" data-end=\"904\"><strong data-start=\"728\" data-end=\"764\">Steuerung des Conversion Funnels<\/strong>: Optimierung des gesamten Conversion Tunnels (SEO, SEA, Nurturing, LinkedIn Ads Kampagnen) zur Maximierung der Akquisitionsm\u00f6glichkeiten.<\/li>\n<li data-start=\"908\" data-end=\"1217\"><strong data-start=\"908\" data-end=\"949\">Organische Inhaltsstrategie und SEO<\/strong>: Entwicklung von Inhaltsstrategien, um die Sichtbarkeit des Unternehmens in Suchmaschinen zu verbessern (Identifizierung von Schl\u00fcsselwortgruppen, Verfassen von Inhalten, interne Vernetzung). Teilen von Inhalten in sozialen Netzwerken, um die Gemeinschaften zu engagieren. <\/li>\n<li data-start=\"3132\" data-end=\"3331\"><strong data-start=\"3132\" data-end=\"3181\">Verbesserung der Nutzererfahrung (UX)<\/strong>: Entwicklung und Durchf\u00fchrung von Korrekturma\u00dfnahmen zur Optimierung der Kundenerfahrung und der Kundenreise von der Entdeckung bis zur Kaufentscheidung.<\/li>\n<li data-start=\"3335\" data-end=\"3552\"><strong data-start=\"3335\" data-end=\"3364\">Innovation und KI-Tools<\/strong>: Vorschlag innovativer L\u00f6sungen f\u00fcr die Industrialisierung von Marketingaktionen unter Verwendung von KI-Tools wie ChatGPT, Generative SEO, Mid-Journey, etc.<\/li>\n<\/ul>\n<h3 data-start=\"1224\" data-end=\"1270\"><strong data-start=\"1228\" data-end=\"1270\">2. Akquisition, Sichtbarkeit und Bekanntheit<\/strong><\/h3>\n<ul>\n<li data-start=\"1274\" data-end=\"1515\"><strong data-start=\"1274\" data-end=\"1331\">St\u00e4rkung der Sichtbarkeit in sozialen Netzwerken<\/strong>: Entwicklung der Pr\u00e4senz des Unternehmens auf LinkedIn, YouTube und Google My Business (Erstellung von Beitr\u00e4gen, Kommentaren, Teilnahme an Zielgruppen, Produktion von Videos usw.).<\/li>\n<li data-start=\"1519\" data-end=\"1700\"><strong data-start=\"1519\" data-end=\"1565\">Entwicklung der Markenbekanntheit<\/strong>: Steuerung der Social Media- und Influence-Strategie (LinkedIn, Blog, YouTube, etc.), um die Sichtbarkeit von OptimiX auf dem Markt zu erh\u00f6hen.<\/li>\n<li data-start=\"1704\" data-end=\"1968\"><strong data-start=\"1704\" data-end=\"1751\">Erstellung von Inhalten mit hohem Mehrwert<\/strong>: Erstellung von Inhalten, um den Markt aufzukl\u00e4ren und Engagement zu erzeugen: White Papers, Fallstudien, Webinare, Videos, praktische Leitf\u00e4den. Sicherstellung der redaktionellen Konsistenz \u00fcber alle Kommunikationskan\u00e4le hinweg. <\/li>\n<li data-start=\"1972\" data-end=\"2175\"><strong data-start=\"1972\" data-end=\"2008\">Physische und digitale Veranstaltungen<\/strong>: Organisation und Moderation von Veranstaltungen mit hohem Mehrwert (Webinare, Konferenzen, Workshops), um qualifizierte Leads zu gewinnen und den Bekanntheitsgrad der Marke zu steigern.<\/li>\n<\/ul>\n<h3 data-start=\"2182\" data-end=\"2219\"><strong data-start=\"2186\" data-end=\"2219\">3. \u00dcberwachung, Analyse und Berichterstattung<\/strong><\/h3>\n<ul>\n<li data-start=\"2223\" data-end=\"2436\"><strong data-start=\"2223\" data-end=\"2260\">Definition und \u00dcberwachung der wichtigsten KPIs<\/strong>: Identifizierung und \u00dcberwachung der wichtigsten KPIs, um die Effektivit\u00e4t der Marketingaktionen \u00fcber die verschiedenen L\u00e4nder hinweg zu messen und die monatlichen und j\u00e4hrlichen Investitionen zu optimieren.<\/li>\n<li data-start=\"2440\" data-end=\"2640\"><strong data-start=\"2440\" data-end=\"2485\">Leistungsanalyse und ROI-Berechnung<\/strong>: Analyse der Kampagnenleistung und Bewertung des Return on Investment (ROI), um die Aktionen anzupassen und die zugewiesenen Ressourcen zu optimieren.<\/li>\n<li data-start=\"2644\" data-end=\"2852\"><strong data-start=\"2644\" data-end=\"2680\">Berichterstattung \u00fcber eingehende Leads<\/strong>: Verfolgen Sie genau die eingehenden Leads, die \u00fcber jeden Akquisitionskanal generiert werden, um ihre Qualit\u00e4t und die Ausrichtung auf die Gesch\u00e4ftsziele zu gew\u00e4hrleisten.<\/li>\n<\/ul>\n<h3 data-start=\"3559\" data-end=\"3618\"><span style=\"color: #ff6600;\"><strong data-start=\"3563\" data-end=\"3618\">\u00dcberwachungsindikatoren &amp; KPIs f\u00fcr den Erfolg :<\/strong><\/span><\/h3>\n<ul>\n<li style=\"list-style-type: none;\">\n<ul>\n<li data-start=\"4169\" data-end=\"4215\">Anzahl der erzeugten qualifizierten Marketing-Leads.<\/li>\n<li data-start=\"4218\" data-end=\"4270\">Konversionsrate der Kampagnen.<\/li>\n<li data-start=\"4273\" data-end=\"4327\">Engagement und Wachstum des Publikums auf LinkedIn.<\/li>\n<li data-start=\"4330\" data-end=\"4389\">Downloads und Interaktionen mit Premium-Inhalten.<\/li>\n<li data-start=\"4392\" data-end=\"4457\">ROI von Marketingaktionen und Auswirkungen auf die kommerzielle Pipeline.<\/li>\n<\/ul>\n<\/li>\n<\/ul>\n<h2>Ihr Profil :<\/h2>\n<ul>\n<li>Mindestens 3-5 Jahre Erfahrung im digitalen Marketing, idealerweise im BtoB-Bereich<\/li>\n<li>Beherrschung der Werkzeuge: CRM, Pack Office, Canva, WordPress, E-Mailing &amp; Marketing Automation.<\/li>\n<li>Beherrschung von html<\/li>\n<li>Expertise in SEO, SEA und erfolgreichen digitalen Strategien.<\/li>\n<li>Sensibilit\u00e4t f\u00fcr die Herausforderungen des Einzelhandels und der Distribution<\/li>\n<li>Starke analytische F\u00e4higkeiten, Projektmanagement und F\u00fchrungsqualit\u00e4ten.<\/li>\n<li>Sehr gute Englischkenntnisse in Wort und Schrift, Deutsch ist ein Pluspunkt<\/li>\n<\/ul>\n\t\t\t\t\t\t\t\t<\/div>\n\t\t\t\t<\/div>\n\t\t\t\t<\/div>\n\t\t\t\t<\/div>\n\t\t<div class=\"elementor-element elementor-element-7eb5624 e-con-full e-flex e-con e-child\" data-id=\"7eb5624\" data-element_type=\"container\">\n\t\t\t\t<div class=\"elementor-element elementor-element-90e2110 elementor-widget elementor-widget-html\" data-id=\"90e2110\" data-element_type=\"widget\" data-widget_type=\"html.default\">\n\t\t\t\t<div class=\"elementor-widget-container\">\n\t\t\t\t\t<div class=\"pipedriveWebForms\" data-pd-webforms=\"https:\/\/webforms.pipedrive.com\/f\/6k1eQh0R3Z085ra1uWR04AALfNKDrFmhhX7BDrwO12aDMj1ApZB0weSo3VlnoSahN1\"><script src=\"https:\/\/webforms.pipedrive.com\/f\/loader\"><\/script><\/div>\t\t\t\t<\/div>\n\t\t\t\t<\/div>\n\t\t\t\t<\/div>\n\t\t\t\t\t<\/div>\n\t\t\t\t<\/div>\n\t\t<div class=\"elementor-element elementor-element-862e1ab e-flex e-con-boxed e-con e-parent\" data-id=\"862e1ab\" data-element_type=\"container\">\n\t\t\t\t\t<div class=\"e-con-inner\">\n\t\t\t\t<div class=\"elementor-element elementor-element-419363e elementor-widget elementor-widget-image\" data-id=\"419363e\" data-element_type=\"widget\" data-widget_type=\"image.default\">\n\t\t\t\t<div class=\"elementor-widget-container\">\n\t\t\t\t\t\t\t\t\t\t\t\t\t\t\t<img fetchpriority=\"high\" decoding=\"async\" width=\"800\" height=\"533\" src=\"https:\/\/preprod.optimix-software.com\/wp-content\/uploads\/photo-collaborateurs-Optimix-1200x800.webp\" class=\"attachment-large size-large wp-image-35272\" alt=\"\" srcset=\"https:\/\/preprod.optimix-software.com\/wp-content\/uploads\/photo-collaborateurs-Optimix-1200x800.webp 1200w, https:\/\/preprod.optimix-software.com\/wp-content\/uploads\/photo-collaborateurs-Optimix-900x600.webp 900w, https:\/\/preprod.optimix-software.com\/wp-content\/uploads\/photo-collaborateurs-Optimix-768x512.webp 768w, https:\/\/preprod.optimix-software.com\/wp-content\/uploads\/photo-collaborateurs-Optimix.webp 1500w\" sizes=\"(max-width: 800px) 100vw, 800px\" \/>\t\t\t\t\t\t\t\t\t\t\t\t\t\t\t<\/div>\n\t\t\t\t<\/div>\n\t\t\t\t\t<\/div>\n\t\t\t\t<\/div>\n\t\t\t\t<\/div>\n\t\t","protected":false},"excerpt":{"rendered":"<p>Kommen Sie zu Optimix, einem innovativen Softwareentwickler f\u00fcr Pricing und Supply Chain. Senden Sie Ihren Lebenslauf f\u00fcr spannende M\u00f6glichkeiten und gestalten Sie die Zukunft mit uns! <\/p>\n","protected":false},"author":3,"featured_media":0,"parent":0,"menu_order":0,"comment_status":"closed","ping_status":"closed","template":"","meta":{"inline_featured_image":false,"footnotes":""},"class_list":["post-40592","page","type-page","status-publish","hentry"],"yoast_head":"<!-- This site is optimized with the Yoast SEO Premium plugin v22.8 (Yoast SEO v25.1) - https:\/\/yoast.com\/wordpress\/plugins\/seo\/ -->\n<title>Digital Marketing Manager - Optimix Solutions<\/title>\n<meta name=\"description\" content=\"Kommen Sie zu Optimix, einem innovativen Softwareentwickler f\u00fcr Pricing und Supply Chain. Bewerben Sie sich als Digital Marketing Manager und senden Sie Ihren Lebenslauf f\u00fcr spannende M\u00f6glichkeiten!\" \/>\n<meta name=\"robots\" content=\"noindex, follow, max-snippet:-1, max-image-preview:large, max-video-preview:-1\" \/>\n<meta property=\"og:locale\" content=\"de_DE\" \/>\n<meta property=\"og:type\" content=\"article\" \/>\n<meta property=\"og:title\" content=\"Digitaler Vermarkter\" \/>\n<meta property=\"og:description\" content=\"Kommen Sie zu Optimix, einem innovativen Softwareentwickler f\u00fcr Pricing und Supply Chain. Bewerben Sie sich als Digital Marketing Manager und senden Sie Ihren Lebenslauf f\u00fcr spannende M\u00f6glichkeiten!\" \/>\n<meta property=\"og:url\" content=\"https:\/\/preprod.optimix-software.com\/de\/digitaler-vermarkter\/\" \/>\n<meta property=\"og:site_name\" content=\"Optimix Software\" \/>\n<meta property=\"article:modified_time\" content=\"2025-03-05T09:12:24+00:00\" \/>\n<meta property=\"og:image\" content=\"https:\/\/optimix.fr\/wp-content\/uploads\/clubpricing3-copie.webp\" \/>\n<meta name=\"twitter:card\" content=\"summary_large_image\" \/>\n<meta name=\"twitter:label1\" content=\"Gesch\u00e4tzte Lesezeit\" \/>\n\t<meta name=\"twitter:data1\" content=\"3\u00a0Minuten\" \/>\n<script type=\"application\/ld+json\" class=\"yoast-schema-graph\">{\"@context\":\"https:\/\/schema.org\",\"@graph\":[{\"@type\":\"WebPage\",\"@id\":\"https:\/\/preprod.optimix-software.com\/de\/digitaler-vermarkter\/\",\"url\":\"https:\/\/preprod.optimix-software.com\/de\/digitaler-vermarkter\/\",\"name\":\"Digital Marketing Manager - Optimix Solutions\",\"isPartOf\":{\"@id\":\"https:\/\/preprod.optimix-software.com\/de\/#website\"},\"primaryImageOfPage\":{\"@id\":\"https:\/\/preprod.optimix-software.com\/de\/digitaler-vermarkter\/#primaryimage\"},\"image\":{\"@id\":\"https:\/\/preprod.optimix-software.com\/de\/digitaler-vermarkter\/#primaryimage\"},\"thumbnailUrl\":\"https:\/\/preprod.optimix-software.com\/wp-content\/uploads\/photo-collaborateurs-Optimix-1200x800.webp\",\"datePublished\":\"2025-03-03T08:48:33+00:00\",\"dateModified\":\"2025-03-05T09:12:24+00:00\",\"description\":\"Kommen Sie zu Optimix, einem innovativen Softwareentwickler f\u00fcr Pricing und Supply Chain. Bewerben Sie sich als Digital Marketing Manager und senden Sie Ihren Lebenslauf f\u00fcr spannende M\u00f6glichkeiten!\",\"breadcrumb\":{\"@id\":\"https:\/\/preprod.optimix-software.com\/de\/digitaler-vermarkter\/#breadcrumb\"},\"inLanguage\":\"de\",\"potentialAction\":[{\"@type\":\"ReadAction\",\"target\":[\"https:\/\/preprod.optimix-software.com\/de\/digitaler-vermarkter\/\"]}]},{\"@type\":\"ImageObject\",\"inLanguage\":\"de\",\"@id\":\"https:\/\/preprod.optimix-software.com\/de\/digitaler-vermarkter\/#primaryimage\",\"url\":\"https:\/\/preprod.optimix-software.com\/wp-content\/uploads\/photo-collaborateurs-Optimix-1200x800.webp\",\"contentUrl\":\"https:\/\/preprod.optimix-software.com\/wp-content\/uploads\/photo-collaborateurs-Optimix-1200x800.webp\"},{\"@type\":\"BreadcrumbList\",\"@id\":\"https:\/\/preprod.optimix-software.com\/de\/digitaler-vermarkter\/#breadcrumb\",\"itemListElement\":[{\"@type\":\"ListItem\",\"position\":1,\"name\":\"Startseite\",\"item\":\"https:\/\/preprod.optimix-software.com\/de\/loesungen-fuer-preisgestaltung-und-lieferkette\/\"},{\"@type\":\"ListItem\",\"position\":2,\"name\":\"Digitaler Vermarkter\"}]},{\"@type\":\"WebSite\",\"@id\":\"https:\/\/preprod.optimix-software.com\/de\/#website\",\"url\":\"https:\/\/preprod.optimix-software.com\/de\/\",\"name\":\"Optimix Software\",\"description\":\"Solutions de Pricing et Supply chain d\u00e9di\u00e9es au retail\",\"publisher\":{\"@id\":\"https:\/\/preprod.optimix-software.com\/de\/#organization\"},\"potentialAction\":[{\"@type\":\"SearchAction\",\"target\":{\"@type\":\"EntryPoint\",\"urlTemplate\":\"https:\/\/preprod.optimix-software.com\/de\/?s={search_term_string}\"},\"query-input\":{\"@type\":\"PropertyValueSpecification\",\"valueRequired\":true,\"valueName\":\"search_term_string\"}}],\"inLanguage\":\"de\"},{\"@type\":\"Organization\",\"@id\":\"https:\/\/preprod.optimix-software.com\/de\/#organization\",\"name\":\"Optimix Software\",\"url\":\"https:\/\/preprod.optimix-software.com\/de\/\",\"logo\":{\"@type\":\"ImageObject\",\"inLanguage\":\"de\",\"@id\":\"https:\/\/preprod.optimix-software.com\/de\/#\/schema\/logo\/image\/\",\"url\":\"https:\/\/preprod.optimix-software.com\/wp-content\/uploads\/logo-carre-optimix-RETAIL-PERFORMANCE-SOFTWARE.jpg\",\"contentUrl\":\"https:\/\/preprod.optimix-software.com\/wp-content\/uploads\/logo-carre-optimix-RETAIL-PERFORMANCE-SOFTWARE.jpg\",\"width\":2001,\"height\":2001,\"caption\":\"Optimix Software\"},\"image\":{\"@id\":\"https:\/\/preprod.optimix-software.com\/de\/#\/schema\/logo\/image\/\"},\"sameAs\":[\"https:\/\/www.linkedin.com\/company\/optimix-ffr\/\"]}]}<\/script>\n<!-- \/ Yoast SEO Premium plugin. -->","yoast_head_json":{"title":"Digital Marketing Manager - Optimix Solutions","description":"Kommen Sie zu Optimix, einem innovativen Softwareentwickler f\u00fcr Pricing und Supply Chain. Bewerben Sie sich als Digital Marketing Manager und senden Sie Ihren Lebenslauf f\u00fcr spannende M\u00f6glichkeiten!","robots":{"index":"noindex","follow":"follow","max-snippet":"max-snippet:-1","max-image-preview":"max-image-preview:large","max-video-preview":"max-video-preview:-1"},"og_locale":"de_DE","og_type":"article","og_title":"Digitaler Vermarkter","og_description":"Kommen Sie zu Optimix, einem innovativen Softwareentwickler f\u00fcr Pricing und Supply Chain. Bewerben Sie sich als Digital Marketing Manager und senden Sie Ihren Lebenslauf f\u00fcr spannende M\u00f6glichkeiten!","og_url":"https:\/\/preprod.optimix-software.com\/de\/digitaler-vermarkter\/","og_site_name":"Optimix Software","article_modified_time":"2025-03-05T09:12:24+00:00","og_image":[{"url":"https:\/\/optimix.fr\/wp-content\/uploads\/clubpricing3-copie.webp","type":"","width":"","height":""}],"twitter_card":"summary_large_image","twitter_misc":{"Gesch\u00e4tzte Lesezeit":"3\u00a0Minuten"},"schema":{"@context":"https:\/\/schema.org","@graph":[{"@type":"WebPage","@id":"https:\/\/preprod.optimix-software.com\/de\/digitaler-vermarkter\/","url":"https:\/\/preprod.optimix-software.com\/de\/digitaler-vermarkter\/","name":"Digital Marketing Manager - Optimix Solutions","isPartOf":{"@id":"https:\/\/preprod.optimix-software.com\/de\/#website"},"primaryImageOfPage":{"@id":"https:\/\/preprod.optimix-software.com\/de\/digitaler-vermarkter\/#primaryimage"},"image":{"@id":"https:\/\/preprod.optimix-software.com\/de\/digitaler-vermarkter\/#primaryimage"},"thumbnailUrl":"https:\/\/preprod.optimix-software.com\/wp-content\/uploads\/photo-collaborateurs-Optimix-1200x800.webp","datePublished":"2025-03-03T08:48:33+00:00","dateModified":"2025-03-05T09:12:24+00:00","description":"Kommen Sie zu Optimix, einem innovativen Softwareentwickler f\u00fcr Pricing und Supply Chain. Bewerben Sie sich als Digital Marketing Manager und senden Sie Ihren Lebenslauf f\u00fcr spannende M\u00f6glichkeiten!","breadcrumb":{"@id":"https:\/\/preprod.optimix-software.com\/de\/digitaler-vermarkter\/#breadcrumb"},"inLanguage":"de","potentialAction":[{"@type":"ReadAction","target":["https:\/\/preprod.optimix-software.com\/de\/digitaler-vermarkter\/"]}]},{"@type":"ImageObject","inLanguage":"de","@id":"https:\/\/preprod.optimix-software.com\/de\/digitaler-vermarkter\/#primaryimage","url":"https:\/\/preprod.optimix-software.com\/wp-content\/uploads\/photo-collaborateurs-Optimix-1200x800.webp","contentUrl":"https:\/\/preprod.optimix-software.com\/wp-content\/uploads\/photo-collaborateurs-Optimix-1200x800.webp"},{"@type":"BreadcrumbList","@id":"https:\/\/preprod.optimix-software.com\/de\/digitaler-vermarkter\/#breadcrumb","itemListElement":[{"@type":"ListItem","position":1,"name":"Startseite","item":"https:\/\/preprod.optimix-software.com\/de\/loesungen-fuer-preisgestaltung-und-lieferkette\/"},{"@type":"ListItem","position":2,"name":"Digitaler Vermarkter"}]},{"@type":"WebSite","@id":"https:\/\/preprod.optimix-software.com\/de\/#website","url":"https:\/\/preprod.optimix-software.com\/de\/","name":"Optimix Software","description":"Solutions de Pricing et Supply chain d\u00e9di\u00e9es au retail","publisher":{"@id":"https:\/\/preprod.optimix-software.com\/de\/#organization"},"potentialAction":[{"@type":"SearchAction","target":{"@type":"EntryPoint","urlTemplate":"https:\/\/preprod.optimix-software.com\/de\/?s={search_term_string}"},"query-input":{"@type":"PropertyValueSpecification","valueRequired":true,"valueName":"search_term_string"}}],"inLanguage":"de"},{"@type":"Organization","@id":"https:\/\/preprod.optimix-software.com\/de\/#organization","name":"Optimix Software","url":"https:\/\/preprod.optimix-software.com\/de\/","logo":{"@type":"ImageObject","inLanguage":"de","@id":"https:\/\/preprod.optimix-software.com\/de\/#\/schema\/logo\/image\/","url":"https:\/\/preprod.optimix-software.com\/wp-content\/uploads\/logo-carre-optimix-RETAIL-PERFORMANCE-SOFTWARE.jpg","contentUrl":"https:\/\/preprod.optimix-software.com\/wp-content\/uploads\/logo-carre-optimix-RETAIL-PERFORMANCE-SOFTWARE.jpg","width":2001,"height":2001,"caption":"Optimix Software"},"image":{"@id":"https:\/\/preprod.optimix-software.com\/de\/#\/schema\/logo\/image\/"},"sameAs":["https:\/\/www.linkedin.com\/company\/optimix-ffr\/"]}]}},"_links":{"self":[{"href":"https:\/\/preprod.optimix-software.com\/de\/wp-json\/wp\/v2\/pages\/40592","targetHints":{"allow":["GET"]}}],"collection":[{"href":"https:\/\/preprod.optimix-software.com\/de\/wp-json\/wp\/v2\/pages"}],"about":[{"href":"https:\/\/preprod.optimix-software.com\/de\/wp-json\/wp\/v2\/types\/page"}],"author":[{"embeddable":true,"href":"https:\/\/preprod.optimix-software.com\/de\/wp-json\/wp\/v2\/users\/3"}],"replies":[{"embeddable":true,"href":"https:\/\/preprod.optimix-software.com\/de\/wp-json\/wp\/v2\/comments?post=40592"}],"version-history":[{"count":8,"href":"https:\/\/preprod.optimix-software.com\/de\/wp-json\/wp\/v2\/pages\/40592\/revisions"}],"predecessor-version":[{"id":44711,"href":"https:\/\/preprod.optimix-software.com\/de\/wp-json\/wp\/v2\/pages\/40592\/revisions\/44711"}],"wp:attachment":[{"href":"https:\/\/preprod.optimix-software.com\/de\/wp-json\/wp\/v2\/media?parent=40592"}],"curies":[{"name":"wp","href":"https:\/\/api.w.org\/{rel}","templated":true}]}}