{"id":12247,"date":"2023-08-07T14:18:31","date_gmt":"2023-08-07T12:18:31","guid":{"rendered":"https:\/\/optimix.fr\/?page_id=12247"},"modified":"2025-02-03T12:25:37","modified_gmt":"2025-02-03T11:25:37","slug":"mentions-legales","status":"publish","type":"page","link":"https:\/\/preprod.optimix-software.com\/fr\/mentions-legales\/","title":{"rendered":"Mentions l\u00e9gales optimiX"},"content":{"rendered":"\t\t<div data-elementor-type=\"wp-page\" data-elementor-id=\"12247\" class=\"elementor elementor-12247\" data-elementor-post-type=\"page\">\n\t\t\t\t<div class=\"elementor-element elementor-element-747516e2 e-flex e-con-boxed e-con e-parent\" data-id=\"747516e2\" data-element_type=\"container\">\n\t\t\t\t\t<div class=\"e-con-inner\">\n\t\t\t\t<div class=\"elementor-element elementor-element-1739abfe elementor-widget__width-initial elementor-widget elementor-widget-text-editor\" data-id=\"1739abfe\" data-element_type=\"widget\" data-widget_type=\"text-editor.default\">\n\t\t\t\t<div class=\"elementor-widget-container\">\n\t\t\t\t\t\t\t\t\t\n<h2 class=\"wp-block-heading\">Editeur du Site<\/h2>\n\n\n\n<p>OPTIMIX,&nbsp;SAS au capital de 900&nbsp;000 \u20ac<br>RCS Lille Metropole B 531&nbsp;878&nbsp;585<br>Code APE 5829C<br>N\u00b0 TVA : FR 26&nbsp;531&nbsp;878 585<\/p>\n\n\n\n<p><strong>Si\u00e8ge social&nbsp;: <\/strong>Parc Europe, 340 avenue de la Marne, 59700 Marcq-en-Baroeul<\/p>\n\n\n\n<p><strong>Directeur de la publication&nbsp;: <\/strong>Philippe VANHACK<\/p>\n\n\n\n<p><strong>Pr\u00e9sident&nbsp;: <\/strong>Bernard DELHAYE<\/p>\n\n\n\n<p><strong>Directeur g\u00e9n\u00e9ral\u00a0: <\/strong>Philippe VANHACK<\/p>\n\n\n\n<h2 class=\"wp-block-heading\">H\u00e9bergement<\/h2>\n\n\n\n<p><strong>H\u00e9bergeur : <\/strong>OVH<br>Situ\u00e9 2 rue Kellermann \u2013 59100 Roubaix \u2013 France<br>Site Web : <a href=\"https:\/\/www.ovh.com\/fr\/\" target=\"_blank\" rel=\"noreferrer noopener\">https:\/\/www.ovh.com\/fr\/<\/a><\/p>\n\t\t\t\t\t\t\t\t<\/div>\n\t\t\t\t<\/div>\n\t\t\t\t\t<\/div>\n\t\t\t\t<\/div>\n\t\t\t\t<\/div>\n\t\t","protected":false},"excerpt":{"rendered":"<p>Editeur du Site OPTIMIX,&nbsp;SAS au capital de 900&nbsp;000 \u20acRCS Lille Metropole B 531&nbsp;878&nbsp;585Code APE 5829CN\u00b0 TVA : FR 26&nbsp;531&nbsp;878 585 Si\u00e8ge social&nbsp;: Parc Europe, 340 avenue de la Marne, 59700 Marcq-en-Baroeul Directeur de la publication&nbsp;: Philippe VANHACK Pr\u00e9sident&nbsp;: Bernard DELHAYE Directeur g\u00e9n\u00e9ral\u00a0: Philippe VANHACK H\u00e9bergement H\u00e9bergeur : OVHSitu\u00e9 2 rue Kellermann \u2013 59100 Roubaix \u2013 [&hellip;]<\/p>\n","protected":false},"author":3,"featured_media":0,"parent":0,"menu_order":0,"comment_status":"closed","ping_status":"closed","template":"","meta":{"inline_featured_image":false,"footnotes":""},"class_list":["post-12247","page","type-page","status-publish","hentry"],"yoast_head":"<!-- This site is optimized with the Yoast SEO Premium plugin v22.8 (Yoast SEO v25.1) - https:\/\/yoast.com\/wordpress\/plugins\/seo\/ -->\n<title>Mentions l\u00e9gales optimiX<\/title>\n<meta name=\"description\" content=\"D\u00e9couvrez nos mentions l\u00e9gales et coordonn\u00e9es d&#039;entreprise. Num\u00e9ro de t\u00e9l\u00e9phone, SIRET, statut etc...\" \/>\n<meta name=\"robots\" content=\"noindex, follow, max-snippet:-1, max-image-preview:large, max-video-preview:-1\" \/>\n<meta property=\"og:locale\" content=\"fr_FR\" \/>\n<meta property=\"og:type\" content=\"article\" \/>\n<meta property=\"og:title\" content=\"Mentions l\u00e9gales optimiX\" \/>\n<meta property=\"og:description\" content=\"D\u00e9couvrez nos mentions l\u00e9gales et coordonn\u00e9es d&#039;entreprise. Num\u00e9ro de t\u00e9l\u00e9phone, SIRET, statut etc...\" \/>\n<meta property=\"og:url\" content=\"https:\/\/preprod.optimix-software.com\/fr\/mentions-legales\/\" \/>\n<meta property=\"og:site_name\" content=\"Optimix Software\" \/>\n<meta property=\"article:modified_time\" content=\"2025-02-03T11:25:37+00:00\" \/>\n<meta property=\"og:image\" content=\"https:\/\/preprod.optimix-software.com\/wp-content\/uploads\/logo-optimix-yoast.png\" \/>\n\t<meta property=\"og:image:width\" content=\"1200\" \/>\n\t<meta property=\"og:image:height\" content=\"675\" \/>\n\t<meta property=\"og:image:type\" content=\"image\/png\" \/>\n<meta name=\"twitter:card\" content=\"summary_large_image\" \/>\n<meta name=\"twitter:label1\" content=\"Dur\u00e9e de lecture estim\u00e9e\" \/>\n\t<meta name=\"twitter:data1\" content=\"1 minute\" \/>\n<script type=\"application\/ld+json\" class=\"yoast-schema-graph\">{\"@context\":\"https:\/\/schema.org\",\"@graph\":[{\"@type\":\"WebPage\",\"@id\":\"https:\/\/preprod.optimix-software.com\/fr\/mentions-legales\/\",\"url\":\"https:\/\/preprod.optimix-software.com\/fr\/mentions-legales\/\",\"name\":\"Mentions l\u00e9gales optimiX\",\"isPartOf\":{\"@id\":\"https:\/\/preprod.optimix-software.com\/fr\/#website\"},\"datePublished\":\"2023-08-07T12:18:31+00:00\",\"dateModified\":\"2025-02-03T11:25:37+00:00\",\"description\":\"D\u00e9couvrez nos mentions l\u00e9gales et coordonn\u00e9es d'entreprise. Num\u00e9ro de t\u00e9l\u00e9phone, SIRET, statut etc...\",\"breadcrumb\":{\"@id\":\"https:\/\/preprod.optimix-software.com\/fr\/mentions-legales\/#breadcrumb\"},\"inLanguage\":\"fr-FR\",\"potentialAction\":[{\"@type\":\"ReadAction\",\"target\":[\"https:\/\/preprod.optimix-software.com\/fr\/mentions-legales\/\"]}]},{\"@type\":\"BreadcrumbList\",\"@id\":\"https:\/\/preprod.optimix-software.com\/fr\/mentions-legales\/#breadcrumb\",\"itemListElement\":[{\"@type\":\"ListItem\",\"position\":1,\"name\":\"Accueil\",\"item\":\"https:\/\/preprod.optimix-software.com\/fr\/\"},{\"@type\":\"ListItem\",\"position\":2,\"name\":\"Mentions l\u00e9gales optimiX\"}]},{\"@type\":\"WebSite\",\"@id\":\"https:\/\/preprod.optimix-software.com\/fr\/#website\",\"url\":\"https:\/\/preprod.optimix-software.com\/fr\/\",\"name\":\"Optimix Software\",\"description\":\"Solutions de Pricing et Supply chain d\u00e9di\u00e9es au retail\",\"publisher\":{\"@id\":\"https:\/\/preprod.optimix-software.com\/fr\/#organization\"},\"potentialAction\":[{\"@type\":\"SearchAction\",\"target\":{\"@type\":\"EntryPoint\",\"urlTemplate\":\"https:\/\/preprod.optimix-software.com\/fr\/?s={search_term_string}\"},\"query-input\":{\"@type\":\"PropertyValueSpecification\",\"valueRequired\":true,\"valueName\":\"search_term_string\"}}],\"inLanguage\":\"fr-FR\"},{\"@type\":\"Organization\",\"@id\":\"https:\/\/preprod.optimix-software.com\/fr\/#organization\",\"name\":\"Optimix Software\",\"url\":\"https:\/\/preprod.optimix-software.com\/fr\/\",\"logo\":{\"@type\":\"ImageObject\",\"inLanguage\":\"fr-FR\",\"@id\":\"https:\/\/preprod.optimix-software.com\/fr\/#\/schema\/logo\/image\/\",\"url\":\"https:\/\/preprod.optimix-software.com\/wp-content\/uploads\/logo-carre-optimix-RETAIL-PERFORMANCE-SOFTWARE.jpg\",\"contentUrl\":\"https:\/\/preprod.optimix-software.com\/wp-content\/uploads\/logo-carre-optimix-RETAIL-PERFORMANCE-SOFTWARE.jpg\",\"width\":2001,\"height\":2001,\"caption\":\"Optimix Software\"},\"image\":{\"@id\":\"https:\/\/preprod.optimix-software.com\/fr\/#\/schema\/logo\/image\/\"},\"sameAs\":[\"https:\/\/www.linkedin.com\/company\/optimix-ffr\/\"]}]}<\/script>\n<!-- \/ Yoast SEO Premium plugin. -->","yoast_head_json":{"title":"Mentions l\u00e9gales optimiX","description":"D\u00e9couvrez nos mentions l\u00e9gales et coordonn\u00e9es d'entreprise. Num\u00e9ro de t\u00e9l\u00e9phone, SIRET, statut etc...","robots":{"index":"noindex","follow":"follow","max-snippet":"max-snippet:-1","max-image-preview":"max-image-preview:large","max-video-preview":"max-video-preview:-1"},"og_locale":"fr_FR","og_type":"article","og_title":"Mentions l\u00e9gales optimiX","og_description":"D\u00e9couvrez nos mentions l\u00e9gales et coordonn\u00e9es d'entreprise. Num\u00e9ro de t\u00e9l\u00e9phone, SIRET, statut etc...","og_url":"https:\/\/preprod.optimix-software.com\/fr\/mentions-legales\/","og_site_name":"Optimix Software","article_modified_time":"2025-02-03T11:25:37+00:00","og_image":[{"width":1200,"height":675,"url":"https:\/\/preprod.optimix-software.com\/wp-content\/uploads\/logo-optimix-yoast.png","type":"image\/png"}],"twitter_card":"summary_large_image","twitter_misc":{"Dur\u00e9e de lecture estim\u00e9e":"1 minute"},"schema":{"@context":"https:\/\/schema.org","@graph":[{"@type":"WebPage","@id":"https:\/\/preprod.optimix-software.com\/fr\/mentions-legales\/","url":"https:\/\/preprod.optimix-software.com\/fr\/mentions-legales\/","name":"Mentions l\u00e9gales optimiX","isPartOf":{"@id":"https:\/\/preprod.optimix-software.com\/fr\/#website"},"datePublished":"2023-08-07T12:18:31+00:00","dateModified":"2025-02-03T11:25:37+00:00","description":"D\u00e9couvrez nos mentions l\u00e9gales et coordonn\u00e9es d'entreprise. Num\u00e9ro de t\u00e9l\u00e9phone, SIRET, statut etc...","breadcrumb":{"@id":"https:\/\/preprod.optimix-software.com\/fr\/mentions-legales\/#breadcrumb"},"inLanguage":"fr-FR","potentialAction":[{"@type":"ReadAction","target":["https:\/\/preprod.optimix-software.com\/fr\/mentions-legales\/"]}]},{"@type":"BreadcrumbList","@id":"https:\/\/preprod.optimix-software.com\/fr\/mentions-legales\/#breadcrumb","itemListElement":[{"@type":"ListItem","position":1,"name":"Accueil","item":"https:\/\/preprod.optimix-software.com\/fr\/"},{"@type":"ListItem","position":2,"name":"Mentions l\u00e9gales optimiX"}]},{"@type":"WebSite","@id":"https:\/\/preprod.optimix-software.com\/fr\/#website","url":"https:\/\/preprod.optimix-software.com\/fr\/","name":"Optimix Software","description":"Solutions de Pricing et Supply chain d\u00e9di\u00e9es au retail","publisher":{"@id":"https:\/\/preprod.optimix-software.com\/fr\/#organization"},"potentialAction":[{"@type":"SearchAction","target":{"@type":"EntryPoint","urlTemplate":"https:\/\/preprod.optimix-software.com\/fr\/?s={search_term_string}"},"query-input":{"@type":"PropertyValueSpecification","valueRequired":true,"valueName":"search_term_string"}}],"inLanguage":"fr-FR"},{"@type":"Organization","@id":"https:\/\/preprod.optimix-software.com\/fr\/#organization","name":"Optimix Software","url":"https:\/\/preprod.optimix-software.com\/fr\/","logo":{"@type":"ImageObject","inLanguage":"fr-FR","@id":"https:\/\/preprod.optimix-software.com\/fr\/#\/schema\/logo\/image\/","url":"https:\/\/preprod.optimix-software.com\/wp-content\/uploads\/logo-carre-optimix-RETAIL-PERFORMANCE-SOFTWARE.jpg","contentUrl":"https:\/\/preprod.optimix-software.com\/wp-content\/uploads\/logo-carre-optimix-RETAIL-PERFORMANCE-SOFTWARE.jpg","width":2001,"height":2001,"caption":"Optimix Software"},"image":{"@id":"https:\/\/preprod.optimix-software.com\/fr\/#\/schema\/logo\/image\/"},"sameAs":["https:\/\/www.linkedin.com\/company\/optimix-ffr\/"]}]}},"_links":{"self":[{"href":"https:\/\/preprod.optimix-software.com\/fr\/wp-json\/wp\/v2\/pages\/12247","targetHints":{"allow":["GET"]}}],"collection":[{"href":"https:\/\/preprod.optimix-software.com\/fr\/wp-json\/wp\/v2\/pages"}],"about":[{"href":"https:\/\/preprod.optimix-software.com\/fr\/wp-json\/wp\/v2\/types\/page"}],"author":[{"embeddable":true,"href":"https:\/\/preprod.optimix-software.com\/fr\/wp-json\/wp\/v2\/users\/3"}],"replies":[{"embeddable":true,"href":"https:\/\/preprod.optimix-software.com\/fr\/wp-json\/wp\/v2\/comments?post=12247"}],"version-history":[{"count":6,"href":"https:\/\/preprod.optimix-software.com\/fr\/wp-json\/wp\/v2\/pages\/12247\/revisions"}],"predecessor-version":[{"id":41253,"href":"https:\/\/preprod.optimix-software.com\/fr\/wp-json\/wp\/v2\/pages\/12247\/revisions\/41253"}],"wp:attachment":[{"href":"https:\/\/preprod.optimix-software.com\/fr\/wp-json\/wp\/v2\/media?parent=12247"}],"curies":[{"name":"wp","href":"https:\/\/api.w.org\/{rel}","templated":true}]}}