{"id":12864,"date":"2023-08-09T12:45:31","date_gmt":"2023-08-09T10:45:31","guid":{"rendered":"https:\/\/optimix.fr\/?page_id=12864"},"modified":"2025-02-03T12:11:38","modified_gmt":"2025-02-03T11:11:38","slug":"livre-blanc-green-supply-chain-enjeux-et-defis","status":"publish","type":"page","link":"https:\/\/preprod.optimix-software.com\/fr\/livre-blanc-green-supply-chain-enjeux-et-defis\/","title":{"rendered":"Livre blanc Green Supply Chain enjeux et d\u00e9fis"},"content":{"rendered":"\t\t<div data-elementor-type=\"wp-page\" data-elementor-id=\"12864\" class=\"elementor elementor-12864\" data-elementor-post-type=\"page\">\n\t\t\t\t<div class=\"elementor-element elementor-element-71ca8177 e-flex e-con-boxed e-con e-parent\" data-id=\"71ca8177\" data-element_type=\"container\">\n\t\t\t\t\t<div class=\"e-con-inner\">\n\t\t<div class=\"elementor-element elementor-element-4846d75a e-con-full e-flex e-con e-child\" data-id=\"4846d75a\" data-element_type=\"container\">\n\t\t<div class=\"elementor-element elementor-element-d34bfa5 e-flex e-con-boxed e-con e-child\" data-id=\"d34bfa5\" data-element_type=\"container\">\n\t\t\t\t\t<div class=\"e-con-inner\">\n\t\t\t\t<div class=\"elementor-element elementor-element-27d3b08 elementor-widget elementor-widget-heading\" data-id=\"27d3b08\" data-element_type=\"widget\" data-widget_type=\"heading.default\">\n\t\t\t\t<div class=\"elementor-widget-container\">\n\t\t\t\t\t<h1 class=\"elementor-heading-title elementor-size-default\">Livre blanc <\/h1>\t\t\t\t<\/div>\n\t\t\t\t<\/div>\n\t\t\t\t<div class=\"elementor-element elementor-element-6537df2 elementor-widget elementor-widget-heading\" data-id=\"6537df2\" data-element_type=\"widget\" data-widget_type=\"heading.default\">\n\t\t\t\t<div class=\"elementor-widget-container\">\n\t\t\t\t\t<h2 class=\"elementor-heading-title elementor-size-default\">Une Supply Chain plus verte et responsable !<\/h2>\t\t\t\t<\/div>\n\t\t\t\t<\/div>\n\t\t\t\t\t<\/div>\n\t\t\t\t<\/div>\n\t\t\t\t<div class=\"elementor-element elementor-element-b47d66f elementor-widget elementor-widget-heading\" data-id=\"b47d66f\" data-element_type=\"widget\" data-widget_type=\"heading.default\">\n\t\t\t\t<div class=\"elementor-widget-container\">\n\t\t\t\t\t<h2 class=\"elementor-heading-title elementor-size-default\">Enjeux &amp; D\u00e9fis<\/h2>\t\t\t\t<\/div>\n\t\t\t\t<\/div>\n\t\t\t\t<div class=\"elementor-element elementor-element-4834e77a elementor-widget elementor-widget-text-editor\" data-id=\"4834e77a\" data-element_type=\"widget\" data-widget_type=\"text-editor.default\">\n\t\t\t\t<div class=\"elementor-widget-container\">\n\t\t\t\t\t\t\t\t\t<p>Dans un contexte o\u00f9 la lutte contre le changement climatique est devenue une priorit\u00e9 mondiale, il est essentiel pour les entreprises de comprendre et d&rsquo;agir face aux enjeux li\u00e9s aux \u00e9missions de gaz \u00e0 effet de serre.<\/p><p>Notre <strong>livre blanc<\/strong> offre une analyse approfondie des <strong>d\u00e9fis environnementaux<\/strong> actuels et met en lumi\u00e8re les opportunit\u00e9s \u00e9conomiques qui d\u00e9coulent de la mise en place d&rsquo;une supply chain plus durable.<\/p><p>Au travers d\u2019une d\u00e9marche de d\u00e9veloppement durable, <strong>la logistique verte<\/strong> vise la r\u00e9duction des \u00e9missions de gaz \u00e0 effet de serre.<\/p>\t\t\t\t\t\t\t\t<\/div>\n\t\t\t\t<\/div>\n\t\t\t\t<\/div>\n\t\t<div class=\"elementor-element elementor-element-c0c1650 e-flex e-con-boxed e-con e-child\" data-id=\"c0c1650\" data-element_type=\"container\" data-settings=\"{&quot;background_background&quot;:&quot;classic&quot;}\">\n\t\t\t\t\t<div class=\"e-con-inner\">\n\t\t\t\t<div class=\"elementor-element elementor-element-000f33e elementor-hidden-tablet elementor-hidden-mobile elementor-widget elementor-widget-image\" data-id=\"000f33e\" data-element_type=\"widget\" data-widget_type=\"image.default\">\n\t\t\t\t<div class=\"elementor-widget-container\">\n\t\t\t\t\t\t\t\t\t\t\t\t\t\t\t<img fetchpriority=\"high\" decoding=\"async\" width=\"800\" height=\"333\" src=\"https:\/\/preprod.optimix-software.com\/wp-content\/uploads\/banniere-livre-green-supply-chain.webp\" class=\"attachment-large size-large wp-image-26433\" alt=\"livre-blanc-green-supply-chain\" srcset=\"https:\/\/preprod.optimix-software.com\/wp-content\/uploads\/banniere-livre-green-supply-chain.webp 1000w, https:\/\/preprod.optimix-software.com\/wp-content\/uploads\/banniere-livre-green-supply-chain-600x250.webp 600w, https:\/\/preprod.optimix-software.com\/wp-content\/uploads\/banniere-livre-green-supply-chain-768x319.webp 768w\" sizes=\"(max-width: 800px) 100vw, 800px\" \/>\t\t\t\t\t\t\t\t\t\t\t\t\t\t\t<\/div>\n\t\t\t\t<\/div>\n\t\t\t\t<div class=\"elementor-element elementor-element-ea8f820 elementor-hidden-desktop elementor-hidden-tablet elementor-hidden-mobile elementor-widget elementor-widget-html\" data-id=\"ea8f820\" data-element_type=\"widget\" data-widget_type=\"html.default\">\n\t\t\t\t<div class=\"elementor-widget-container\">\n\t\t\t\t\t<div class=\"pipedriveWebForms\" data-pd-webforms=\"https:\/\/webforms.pipedrive.com\/f\/6iz23oMA53rXMZxVfRakXnKfCpWMWyudLr1zjSTjHD9eyR4biU6czOrq37Xj2aW8an\"><script src=\"https:\/\/webforms.pipedrive.com\/f\/loader\"><\/script><\/div>\t\t\t\t<\/div>\n\t\t\t\t<\/div>\n\t\t\t\t<div class=\"elementor-element elementor-element-1a0262b elementor-widget elementor-widget-html\" data-id=\"1a0262b\" data-element_type=\"widget\" data-widget_type=\"html.default\">\n\t\t\t\t<div class=\"elementor-widget-container\">\n\t\t\t\t\t<script charset=\"utf-8\" type=\"text\/javascript\" src=\"\/\/js-eu1.hsforms.net\/forms\/embed\/v2.js\"><\/script>\r\n<script>\r\n  hbspt.forms.create({\r\n    region: \"eu1\",\r\n    portalId: \"144414462\",\r\n    formId: \"65360fa6-19f8-4a93-85bb-db61705c75ad\"\r\n  });\r\n<\/script>\r\n\t\t\t\t<\/div>\n\t\t\t\t<\/div>\n\t\t\t\t\t<\/div>\n\t\t\t\t<\/div>\n\t\t\t\t\t<\/div>\n\t\t\t\t<\/div>\n\t\t\t\t<\/div>\n\t\t","protected":false},"excerpt":{"rendered":"<p>Livre blanc Une Supply Chain plus verte et responsable ! Enjeux &#038; D\u00e9fis Dans un contexte o\u00f9 la lutte contre le changement climatique est devenue une priorit\u00e9 mondiale, il est essentiel pour les entreprises de comprendre et d&rsquo;agir face aux enjeux li\u00e9s aux \u00e9missions de gaz \u00e0 effet de serre. Notre livre blanc offre une [&hellip;]<\/p>\n","protected":false},"author":3,"featured_media":0,"parent":0,"menu_order":0,"comment_status":"closed","ping_status":"closed","template":"","meta":{"inline_featured_image":false,"footnotes":""},"class_list":["post-12864","page","type-page","status-publish","hentry"],"yoast_head":"<!-- This site is optimized with the Yoast SEO Premium plugin v22.8 (Yoast SEO v25.1) - https:\/\/yoast.com\/wordpress\/plugins\/seo\/ -->\n<title>Livre blanc Green Supply Chain enjeux et d\u00e9fis<\/title>\n<meta name=\"description\" content=\"T\u00e9l\u00e9charger d\u00e8s \u00e0 pr\u00e9sent notre nouveau livre blanc sur la green supply chain enjeux et d\u00e9fis. Apprenez en d&#039;avantage sur ce domaine.\" \/>\n<meta name=\"robots\" content=\"noindex, follow, max-snippet:-1, max-image-preview:large, max-video-preview:-1\" \/>\n<meta property=\"og:locale\" content=\"fr_FR\" \/>\n<meta property=\"og:type\" content=\"article\" \/>\n<meta property=\"og:title\" content=\"Livre blanc Green Supply Chain enjeux et d\u00e9fis\" \/>\n<meta property=\"og:description\" content=\"T\u00e9l\u00e9charger d\u00e8s \u00e0 pr\u00e9sent notre nouveau livre blanc sur la green supply chain enjeux et d\u00e9fis. Apprenez en d&#039;avantage sur ce domaine.\" \/>\n<meta property=\"og:url\" content=\"https:\/\/preprod.optimix-software.com\/fr\/livre-blanc-green-supply-chain-enjeux-et-defis\/\" \/>\n<meta property=\"og:site_name\" content=\"Optimix Software\" \/>\n<meta property=\"article:modified_time\" content=\"2025-02-03T11:11:38+00:00\" \/>\n<meta property=\"og:image\" content=\"https:\/\/optimix.fr\/wp-content\/uploads\/banniere-livre-green-supply-chain.webp\" \/>\n<meta name=\"twitter:card\" content=\"summary_large_image\" \/>\n<meta name=\"twitter:label1\" content=\"Dur\u00e9e de lecture estim\u00e9e\" \/>\n\t<meta name=\"twitter:data1\" content=\"1 minute\" \/>\n<script type=\"application\/ld+json\" class=\"yoast-schema-graph\">{\"@context\":\"https:\/\/schema.org\",\"@graph\":[{\"@type\":\"WebPage\",\"@id\":\"https:\/\/preprod.optimix-software.com\/fr\/livre-blanc-green-supply-chain-enjeux-et-defis\/\",\"url\":\"https:\/\/preprod.optimix-software.com\/fr\/livre-blanc-green-supply-chain-enjeux-et-defis\/\",\"name\":\"Livre blanc Green Supply Chain enjeux et d\u00e9fis\",\"isPartOf\":{\"@id\":\"https:\/\/preprod.optimix-software.com\/fr\/#website\"},\"primaryImageOfPage\":{\"@id\":\"https:\/\/preprod.optimix-software.com\/fr\/livre-blanc-green-supply-chain-enjeux-et-defis\/#primaryimage\"},\"image\":{\"@id\":\"https:\/\/preprod.optimix-software.com\/fr\/livre-blanc-green-supply-chain-enjeux-et-defis\/#primaryimage\"},\"thumbnailUrl\":\"https:\/\/optimix.fr\/wp-content\/uploads\/banniere-livre-green-supply-chain.webp\",\"datePublished\":\"2023-08-09T10:45:31+00:00\",\"dateModified\":\"2025-02-03T11:11:38+00:00\",\"description\":\"T\u00e9l\u00e9charger d\u00e8s \u00e0 pr\u00e9sent notre nouveau livre blanc sur la green supply chain enjeux et d\u00e9fis. Apprenez en d'avantage sur ce domaine.\",\"breadcrumb\":{\"@id\":\"https:\/\/preprod.optimix-software.com\/fr\/livre-blanc-green-supply-chain-enjeux-et-defis\/#breadcrumb\"},\"inLanguage\":\"fr-FR\",\"potentialAction\":[{\"@type\":\"ReadAction\",\"target\":[\"https:\/\/preprod.optimix-software.com\/fr\/livre-blanc-green-supply-chain-enjeux-et-defis\/\"]}]},{\"@type\":\"ImageObject\",\"inLanguage\":\"fr-FR\",\"@id\":\"https:\/\/preprod.optimix-software.com\/fr\/livre-blanc-green-supply-chain-enjeux-et-defis\/#primaryimage\",\"url\":\"https:\/\/optimix.fr\/wp-content\/uploads\/banniere-livre-green-supply-chain.webp\",\"contentUrl\":\"https:\/\/optimix.fr\/wp-content\/uploads\/banniere-livre-green-supply-chain.webp\"},{\"@type\":\"BreadcrumbList\",\"@id\":\"https:\/\/preprod.optimix-software.com\/fr\/livre-blanc-green-supply-chain-enjeux-et-defis\/#breadcrumb\",\"itemListElement\":[{\"@type\":\"ListItem\",\"position\":1,\"name\":\"Accueil\",\"item\":\"https:\/\/preprod.optimix-software.com\/fr\/\"},{\"@type\":\"ListItem\",\"position\":2,\"name\":\"Livre blanc Green Supply Chain enjeux et d\u00e9fis\"}]},{\"@type\":\"WebSite\",\"@id\":\"https:\/\/preprod.optimix-software.com\/fr\/#website\",\"url\":\"https:\/\/preprod.optimix-software.com\/fr\/\",\"name\":\"Optimix Software\",\"description\":\"Solutions de Pricing et Supply chain d\u00e9di\u00e9es au retail\",\"publisher\":{\"@id\":\"https:\/\/preprod.optimix-software.com\/fr\/#organization\"},\"potentialAction\":[{\"@type\":\"SearchAction\",\"target\":{\"@type\":\"EntryPoint\",\"urlTemplate\":\"https:\/\/preprod.optimix-software.com\/fr\/?s={search_term_string}\"},\"query-input\":{\"@type\":\"PropertyValueSpecification\",\"valueRequired\":true,\"valueName\":\"search_term_string\"}}],\"inLanguage\":\"fr-FR\"},{\"@type\":\"Organization\",\"@id\":\"https:\/\/preprod.optimix-software.com\/fr\/#organization\",\"name\":\"Optimix Software\",\"url\":\"https:\/\/preprod.optimix-software.com\/fr\/\",\"logo\":{\"@type\":\"ImageObject\",\"inLanguage\":\"fr-FR\",\"@id\":\"https:\/\/preprod.optimix-software.com\/fr\/#\/schema\/logo\/image\/\",\"url\":\"https:\/\/preprod.optimix-software.com\/wp-content\/uploads\/logo-carre-optimix-RETAIL-PERFORMANCE-SOFTWARE.jpg\",\"contentUrl\":\"https:\/\/preprod.optimix-software.com\/wp-content\/uploads\/logo-carre-optimix-RETAIL-PERFORMANCE-SOFTWARE.jpg\",\"width\":2001,\"height\":2001,\"caption\":\"Optimix Software\"},\"image\":{\"@id\":\"https:\/\/preprod.optimix-software.com\/fr\/#\/schema\/logo\/image\/\"},\"sameAs\":[\"https:\/\/www.linkedin.com\/company\/optimix-ffr\/\"]}]}<\/script>\n<!-- \/ Yoast SEO Premium plugin. -->","yoast_head_json":{"title":"Livre blanc Green Supply Chain enjeux et d\u00e9fis","description":"T\u00e9l\u00e9charger d\u00e8s \u00e0 pr\u00e9sent notre nouveau livre blanc sur la green supply chain enjeux et d\u00e9fis. Apprenez en d'avantage sur ce domaine.","robots":{"index":"noindex","follow":"follow","max-snippet":"max-snippet:-1","max-image-preview":"max-image-preview:large","max-video-preview":"max-video-preview:-1"},"og_locale":"fr_FR","og_type":"article","og_title":"Livre blanc Green Supply Chain enjeux et d\u00e9fis","og_description":"T\u00e9l\u00e9charger d\u00e8s \u00e0 pr\u00e9sent notre nouveau livre blanc sur la green supply chain enjeux et d\u00e9fis. Apprenez en d'avantage sur ce domaine.","og_url":"https:\/\/preprod.optimix-software.com\/fr\/livre-blanc-green-supply-chain-enjeux-et-defis\/","og_site_name":"Optimix Software","article_modified_time":"2025-02-03T11:11:38+00:00","og_image":[{"url":"https:\/\/optimix.fr\/wp-content\/uploads\/banniere-livre-green-supply-chain.webp","type":"","width":"","height":""}],"twitter_card":"summary_large_image","twitter_misc":{"Dur\u00e9e de lecture estim\u00e9e":"1 minute"},"schema":{"@context":"https:\/\/schema.org","@graph":[{"@type":"WebPage","@id":"https:\/\/preprod.optimix-software.com\/fr\/livre-blanc-green-supply-chain-enjeux-et-defis\/","url":"https:\/\/preprod.optimix-software.com\/fr\/livre-blanc-green-supply-chain-enjeux-et-defis\/","name":"Livre blanc Green Supply Chain enjeux et d\u00e9fis","isPartOf":{"@id":"https:\/\/preprod.optimix-software.com\/fr\/#website"},"primaryImageOfPage":{"@id":"https:\/\/preprod.optimix-software.com\/fr\/livre-blanc-green-supply-chain-enjeux-et-defis\/#primaryimage"},"image":{"@id":"https:\/\/preprod.optimix-software.com\/fr\/livre-blanc-green-supply-chain-enjeux-et-defis\/#primaryimage"},"thumbnailUrl":"https:\/\/optimix.fr\/wp-content\/uploads\/banniere-livre-green-supply-chain.webp","datePublished":"2023-08-09T10:45:31+00:00","dateModified":"2025-02-03T11:11:38+00:00","description":"T\u00e9l\u00e9charger d\u00e8s \u00e0 pr\u00e9sent notre nouveau livre blanc sur la green supply chain enjeux et d\u00e9fis. Apprenez en d'avantage sur ce domaine.","breadcrumb":{"@id":"https:\/\/preprod.optimix-software.com\/fr\/livre-blanc-green-supply-chain-enjeux-et-defis\/#breadcrumb"},"inLanguage":"fr-FR","potentialAction":[{"@type":"ReadAction","target":["https:\/\/preprod.optimix-software.com\/fr\/livre-blanc-green-supply-chain-enjeux-et-defis\/"]}]},{"@type":"ImageObject","inLanguage":"fr-FR","@id":"https:\/\/preprod.optimix-software.com\/fr\/livre-blanc-green-supply-chain-enjeux-et-defis\/#primaryimage","url":"https:\/\/optimix.fr\/wp-content\/uploads\/banniere-livre-green-supply-chain.webp","contentUrl":"https:\/\/optimix.fr\/wp-content\/uploads\/banniere-livre-green-supply-chain.webp"},{"@type":"BreadcrumbList","@id":"https:\/\/preprod.optimix-software.com\/fr\/livre-blanc-green-supply-chain-enjeux-et-defis\/#breadcrumb","itemListElement":[{"@type":"ListItem","position":1,"name":"Accueil","item":"https:\/\/preprod.optimix-software.com\/fr\/"},{"@type":"ListItem","position":2,"name":"Livre blanc Green Supply Chain enjeux et d\u00e9fis"}]},{"@type":"WebSite","@id":"https:\/\/preprod.optimix-software.com\/fr\/#website","url":"https:\/\/preprod.optimix-software.com\/fr\/","name":"Optimix Software","description":"Solutions de Pricing et Supply chain d\u00e9di\u00e9es au retail","publisher":{"@id":"https:\/\/preprod.optimix-software.com\/fr\/#organization"},"potentialAction":[{"@type":"SearchAction","target":{"@type":"EntryPoint","urlTemplate":"https:\/\/preprod.optimix-software.com\/fr\/?s={search_term_string}"},"query-input":{"@type":"PropertyValueSpecification","valueRequired":true,"valueName":"search_term_string"}}],"inLanguage":"fr-FR"},{"@type":"Organization","@id":"https:\/\/preprod.optimix-software.com\/fr\/#organization","name":"Optimix Software","url":"https:\/\/preprod.optimix-software.com\/fr\/","logo":{"@type":"ImageObject","inLanguage":"fr-FR","@id":"https:\/\/preprod.optimix-software.com\/fr\/#\/schema\/logo\/image\/","url":"https:\/\/preprod.optimix-software.com\/wp-content\/uploads\/logo-carre-optimix-RETAIL-PERFORMANCE-SOFTWARE.jpg","contentUrl":"https:\/\/preprod.optimix-software.com\/wp-content\/uploads\/logo-carre-optimix-RETAIL-PERFORMANCE-SOFTWARE.jpg","width":2001,"height":2001,"caption":"Optimix Software"},"image":{"@id":"https:\/\/preprod.optimix-software.com\/fr\/#\/schema\/logo\/image\/"},"sameAs":["https:\/\/www.linkedin.com\/company\/optimix-ffr\/"]}]}},"_links":{"self":[{"href":"https:\/\/preprod.optimix-software.com\/fr\/wp-json\/wp\/v2\/pages\/12864","targetHints":{"allow":["GET"]}}],"collection":[{"href":"https:\/\/preprod.optimix-software.com\/fr\/wp-json\/wp\/v2\/pages"}],"about":[{"href":"https:\/\/preprod.optimix-software.com\/fr\/wp-json\/wp\/v2\/types\/page"}],"author":[{"embeddable":true,"href":"https:\/\/preprod.optimix-software.com\/fr\/wp-json\/wp\/v2\/users\/3"}],"replies":[{"embeddable":true,"href":"https:\/\/preprod.optimix-software.com\/fr\/wp-json\/wp\/v2\/comments?post=12864"}],"version-history":[{"count":32,"href":"https:\/\/preprod.optimix-software.com\/fr\/wp-json\/wp\/v2\/pages\/12864\/revisions"}],"predecessor-version":[{"id":26754,"href":"https:\/\/preprod.optimix-software.com\/fr\/wp-json\/wp\/v2\/pages\/12864\/revisions\/26754"}],"wp:attachment":[{"href":"https:\/\/preprod.optimix-software.com\/fr\/wp-json\/wp\/v2\/media?parent=12864"}],"curies":[{"name":"wp","href":"https:\/\/api.w.org\/{rel}","templated":true}]}}