{"id":18614,"date":"2023-10-26T09:29:32","date_gmt":"2023-10-26T07:29:32","guid":{"rendered":"https:\/\/optimix.fr\/?page_id=18614"},"modified":"2023-10-26T14:55:07","modified_gmt":"2023-10-26T12:55:07","slug":"varsovie-retail-days-2023","status":"publish","type":"page","link":"https:\/\/preprod.optimix-software.com\/fr\/varsovie-retail-days-2023\/","title":{"rendered":"Varsovie retail days 2023"},"content":{"rendered":"\t\t<div data-elementor-type=\"wp-page\" data-elementor-id=\"18614\" class=\"elementor elementor-18614\" data-elementor-post-type=\"page\">\n\t\t\t\t<div class=\"elementor-element elementor-element-71ca8177 e-flex e-con-boxed e-con e-parent\" data-id=\"71ca8177\" data-element_type=\"container\">\n\t\t\t\t\t<div class=\"e-con-inner\">\n\t\t<div class=\"elementor-element elementor-element-4846d75a e-con-full e-flex e-con e-child\" data-id=\"4846d75a\" data-element_type=\"container\">\n\t\t<div class=\"elementor-element elementor-element-d34bfa5 e-flex e-con-boxed e-con e-child\" data-id=\"d34bfa5\" data-element_type=\"container\">\n\t\t\t\t\t<div class=\"e-con-inner\">\n\t\t\t\t<div class=\"elementor-element elementor-element-6537df2 elementor-widget elementor-widget-heading\" data-id=\"6537df2\" data-element_type=\"widget\" data-widget_type=\"heading.default\">\n\t\t\t\t<div class=\"elementor-widget-container\">\n\t\t\t\t\t<h1 class=\"elementor-heading-title elementor-size-default\">Varsovie retail days 2023<\/h1>\t\t\t\t<\/div>\n\t\t\t\t<\/div>\n\t\t\t\t\t<\/div>\n\t\t\t\t<\/div>\n\t\t\t\t<div class=\"elementor-element elementor-element-4834e77a elementor-widget elementor-widget-text-editor\" data-id=\"4834e77a\" data-element_type=\"widget\" data-widget_type=\"text-editor.default\">\n\t\t\t\t<div class=\"elementor-widget-container\">\n\t\t\t\t\t\t\t\t\t<p><span style=\"font-size: 19.3528px;\">Nous sommes ravis de vous annoncer que nous serons pr\u00e9sents au <b>Varsovie retail days<\/b>\u00a0qui se tiendra les 22 et 23 novembre 2023 \u00e0 Varsovie en Pologne.<\/span><\/p><p><span style=\"font-size: 19.3528px;\">Vous pourrez nous retrouver au <b>stand B7<\/b>, o\u00f9 nous serons heureux de vous pr\u00e9senter nos derni\u00e8res innovations en mati\u00e8re de pricing et supply chain<\/span><\/p><p><span style=\"font-size: 19.3528px;\">Venez nous rendre visite et d\u00e9couvrez comment notre expertise peut vous aider \u00e0 am\u00e9liorer votre efficacit\u00e9 op\u00e9rationnelle.\u00a0<\/span><\/p><p><span style=\"font-family: var( --e-global-typography-text-font-family ), Sans-serif; font-size: var( --e-global-typography-text-font-size ); font-weight: var( --e-global-typography-text-font-weight ); text-align: var(--text-align); color: var( --e-global-color-text );\" role=\"image\" aria-label=\"\ud83d\uddd3\">\ud83d\uddd3<\/span><span style=\"font-family: var( --e-global-typography-text-font-family ), Sans-serif; font-size: var( --e-global-typography-text-font-size ); font-weight: var( --e-global-typography-text-font-weight ); text-align: var(--text-align); color: var( --e-global-color-text );\">\u00a0<\/span><span style=\"font-family: var( --e-global-typography-text-font-family ), Sans-serif; font-size: var( --e-global-typography-text-font-size ); font-weight: var( --e-global-typography-text-font-weight ); text-align: var(--text-align); color: #ff6600;\"><strong>Mercredi 22 et Jeudi 23 Novembre<\/strong><\/span><\/p><p><span role=\"image\" aria-label=\"\ud83d\udccd\">\ud83d\udccd Varsovie &#8211; Pologne\u00a0\u00a0<\/span><\/p><p>\u23f0 Stand B7<\/p><p style=\"margin-bottom: 1em;\">Nous avons h\u00e2te de vous rencontrer et de discuter de vos besoins en pricing et supply chain. \u00c0 bient\u00f4t \u00e0 Varsovie !<\/p>\t\t\t\t\t\t\t\t<\/div>\n\t\t\t\t<\/div>\n\t\t\t\t<\/div>\n\t\t<div class=\"elementor-element elementor-element-c0c1650 e-flex e-con-boxed e-con e-child\" data-id=\"c0c1650\" data-element_type=\"container\" data-settings=\"{&quot;background_background&quot;:&quot;classic&quot;}\">\n\t\t\t\t\t<div class=\"e-con-inner\">\n\t\t\t\t<div class=\"elementor-element elementor-element-ea8f820 elementor-widget elementor-widget-html\" data-id=\"ea8f820\" data-element_type=\"widget\" data-widget_type=\"html.default\">\n\t\t\t\t<div class=\"elementor-widget-container\">\n\t\t\t\t\t<div class=\"pipedriveWebForms\" data-pd-webforms=\"https:\/\/webforms.pipedrive.com\/f\/6aXAE8znY0NAkfQgQ7jYN4sIMtNGTnO92FG3S8p41boiLG4WbmEEdAALmpYJBzfC27\"><script src=\"https:\/\/webforms.pipedrive.com\/f\/loader\"><\/script><\/div>\t\t\t\t<\/div>\n\t\t\t\t<\/div>\n\t\t<div class=\"elementor-element elementor-element-478ff3eb e-con-full e-flex e-con e-child\" data-id=\"478ff3eb\" data-element_type=\"container\">\n\t\t\t\t<div class=\"elementor-element elementor-element-c5494cc elementor-widget elementor-widget-image\" data-id=\"c5494cc\" data-element_type=\"widget\" data-widget_type=\"image.default\">\n\t\t\t\t<div class=\"elementor-widget-container\">\n\t\t\t\t\t\t\t\t\t\t\t\t\t\t\t<img fetchpriority=\"high\" decoding=\"async\" width=\"768\" height=\"177\" src=\"https:\/\/preprod.optimix-software.com\/wp-content\/uploads\/logo-varsovie-retail-days-768x177.webp\" class=\"attachment-medium_large size-medium_large wp-image-18665\" alt=\"logo-varsovie-retail-days\" srcset=\"https:\/\/preprod.optimix-software.com\/wp-content\/uploads\/logo-varsovie-retail-days-768x177.webp 768w, https:\/\/preprod.optimix-software.com\/wp-content\/uploads\/logo-varsovie-retail-days-600x138.webp 600w, https:\/\/preprod.optimix-software.com\/wp-content\/uploads\/logo-varsovie-retail-days.webp 1016w\" sizes=\"(max-width: 768px) 100vw, 768px\" \/>\t\t\t\t\t\t\t\t\t\t\t\t\t\t\t<\/div>\n\t\t\t\t<\/div>\n\t\t\t\t<\/div>\n\t\t\t\t\t<\/div>\n\t\t\t\t<\/div>\n\t\t\t\t\t<\/div>\n\t\t\t\t<\/div>\n\t\t\t\t<\/div>\n\t\t","protected":false},"excerpt":{"rendered":"<p>D\u00e9couvrez l&rsquo;avenir du Retail lors du Varsovie Retail Days les 22-23 novembre ! Retrouvez-nous sur le stand B7. <\/p>\n","protected":false},"author":3,"featured_media":0,"parent":0,"menu_order":0,"comment_status":"closed","ping_status":"closed","template":"","meta":{"inline_featured_image":false,"footnotes":""},"class_list":["post-18614","page","type-page","status-publish","hentry"],"yoast_head":"<!-- This site is optimized with the Yoast SEO Premium plugin v22.8 (Yoast SEO v25.1) - https:\/\/yoast.com\/wordpress\/plugins\/seo\/ -->\n<title>Varsovie Retail Days 2023<\/title>\n<meta name=\"description\" content=\"D\u00e9couvrez l&#039;avenir du Retail lors du Varsovie Retail Days les 22-23 novembre ! Retrouvez-nous sur le stand B7.\" \/>\n<meta name=\"robots\" content=\"noindex, follow, max-snippet:-1, max-image-preview:large, max-video-preview:-1\" \/>\n<meta property=\"og:locale\" content=\"fr_FR\" \/>\n<meta property=\"og:type\" content=\"article\" \/>\n<meta property=\"og:title\" content=\"Varsovie retail days 2023\" \/>\n<meta property=\"og:description\" content=\"D\u00e9couvrez l&#039;avenir du Retail lors du Varsovie Retail Days les 22-23 novembre ! Retrouvez-nous sur le stand B7.\" \/>\n<meta property=\"og:url\" content=\"https:\/\/preprod.optimix-software.com\/fr\/varsovie-retail-days-2023\/\" \/>\n<meta property=\"og:site_name\" content=\"Optimix Software\" \/>\n<meta property=\"article:modified_time\" content=\"2023-10-26T12:55:07+00:00\" \/>\n<meta property=\"og:image\" content=\"https:\/\/preprod.optimix-software.com\/wp-content\/uploads\/logo-varsovie-retail-days.webp\" \/>\n\t<meta property=\"og:image:width\" content=\"1016\" \/>\n\t<meta property=\"og:image:height\" content=\"234\" \/>\n\t<meta property=\"og:image:type\" content=\"image\/webp\" \/>\n<meta name=\"twitter:card\" content=\"summary_large_image\" \/>\n<meta name=\"twitter:label1\" content=\"Dur\u00e9e de lecture estim\u00e9e\" \/>\n\t<meta name=\"twitter:data1\" content=\"1 minute\" \/>\n<script type=\"application\/ld+json\" class=\"yoast-schema-graph\">{\"@context\":\"https:\/\/schema.org\",\"@graph\":[{\"@type\":\"WebPage\",\"@id\":\"https:\/\/preprod.optimix-software.com\/fr\/varsovie-retail-days-2023\/\",\"url\":\"https:\/\/preprod.optimix-software.com\/fr\/varsovie-retail-days-2023\/\",\"name\":\"Varsovie Retail Days 2023\",\"isPartOf\":{\"@id\":\"https:\/\/preprod.optimix-software.com\/fr\/#website\"},\"primaryImageOfPage\":{\"@id\":\"https:\/\/preprod.optimix-software.com\/fr\/varsovie-retail-days-2023\/#primaryimage\"},\"image\":{\"@id\":\"https:\/\/preprod.optimix-software.com\/fr\/varsovie-retail-days-2023\/#primaryimage\"},\"thumbnailUrl\":\"https:\/\/optimix.fr\/wp-content\/uploads\/logo-varsovie-retail-days-768x177.webp\",\"datePublished\":\"2023-10-26T07:29:32+00:00\",\"dateModified\":\"2023-10-26T12:55:07+00:00\",\"description\":\"D\u00e9couvrez l'avenir du Retail lors du Varsovie Retail Days les 22-23 novembre ! Retrouvez-nous sur le stand B7.\",\"breadcrumb\":{\"@id\":\"https:\/\/preprod.optimix-software.com\/fr\/varsovie-retail-days-2023\/#breadcrumb\"},\"inLanguage\":\"fr-FR\",\"potentialAction\":[{\"@type\":\"ReadAction\",\"target\":[\"https:\/\/preprod.optimix-software.com\/fr\/varsovie-retail-days-2023\/\"]}]},{\"@type\":\"ImageObject\",\"inLanguage\":\"fr-FR\",\"@id\":\"https:\/\/preprod.optimix-software.com\/fr\/varsovie-retail-days-2023\/#primaryimage\",\"url\":\"https:\/\/optimix.fr\/wp-content\/uploads\/logo-varsovie-retail-days-768x177.webp\",\"contentUrl\":\"https:\/\/optimix.fr\/wp-content\/uploads\/logo-varsovie-retail-days-768x177.webp\"},{\"@type\":\"BreadcrumbList\",\"@id\":\"https:\/\/preprod.optimix-software.com\/fr\/varsovie-retail-days-2023\/#breadcrumb\",\"itemListElement\":[{\"@type\":\"ListItem\",\"position\":1,\"name\":\"Accueil\",\"item\":\"https:\/\/preprod.optimix-software.com\/fr\/\"},{\"@type\":\"ListItem\",\"position\":2,\"name\":\"Varsovie retail days 2023\"}]},{\"@type\":\"WebSite\",\"@id\":\"https:\/\/preprod.optimix-software.com\/fr\/#website\",\"url\":\"https:\/\/preprod.optimix-software.com\/fr\/\",\"name\":\"Optimix Software\",\"description\":\"Solutions de Pricing et Supply chain d\u00e9di\u00e9es au retail\",\"publisher\":{\"@id\":\"https:\/\/preprod.optimix-software.com\/fr\/#organization\"},\"potentialAction\":[{\"@type\":\"SearchAction\",\"target\":{\"@type\":\"EntryPoint\",\"urlTemplate\":\"https:\/\/preprod.optimix-software.com\/fr\/?s={search_term_string}\"},\"query-input\":{\"@type\":\"PropertyValueSpecification\",\"valueRequired\":true,\"valueName\":\"search_term_string\"}}],\"inLanguage\":\"fr-FR\"},{\"@type\":\"Organization\",\"@id\":\"https:\/\/preprod.optimix-software.com\/fr\/#organization\",\"name\":\"Optimix Software\",\"url\":\"https:\/\/preprod.optimix-software.com\/fr\/\",\"logo\":{\"@type\":\"ImageObject\",\"inLanguage\":\"fr-FR\",\"@id\":\"https:\/\/preprod.optimix-software.com\/fr\/#\/schema\/logo\/image\/\",\"url\":\"https:\/\/preprod.optimix-software.com\/wp-content\/uploads\/logo-carre-optimix-RETAIL-PERFORMANCE-SOFTWARE.jpg\",\"contentUrl\":\"https:\/\/preprod.optimix-software.com\/wp-content\/uploads\/logo-carre-optimix-RETAIL-PERFORMANCE-SOFTWARE.jpg\",\"width\":2001,\"height\":2001,\"caption\":\"Optimix Software\"},\"image\":{\"@id\":\"https:\/\/preprod.optimix-software.com\/fr\/#\/schema\/logo\/image\/\"},\"sameAs\":[\"https:\/\/www.linkedin.com\/company\/optimix-ffr\/\"]}]}<\/script>\n<!-- \/ Yoast SEO Premium plugin. -->","yoast_head_json":{"title":"Varsovie Retail Days 2023","description":"D\u00e9couvrez l'avenir du Retail lors du Varsovie Retail Days les 22-23 novembre ! Retrouvez-nous sur le stand B7.","robots":{"index":"noindex","follow":"follow","max-snippet":"max-snippet:-1","max-image-preview":"max-image-preview:large","max-video-preview":"max-video-preview:-1"},"og_locale":"fr_FR","og_type":"article","og_title":"Varsovie retail days 2023","og_description":"D\u00e9couvrez l'avenir du Retail lors du Varsovie Retail Days les 22-23 novembre ! Retrouvez-nous sur le stand B7.","og_url":"https:\/\/preprod.optimix-software.com\/fr\/varsovie-retail-days-2023\/","og_site_name":"Optimix Software","article_modified_time":"2023-10-26T12:55:07+00:00","og_image":[{"width":1016,"height":234,"url":"https:\/\/preprod.optimix-software.com\/wp-content\/uploads\/logo-varsovie-retail-days.webp","type":"image\/webp"}],"twitter_card":"summary_large_image","twitter_misc":{"Dur\u00e9e de lecture estim\u00e9e":"1 minute"},"schema":{"@context":"https:\/\/schema.org","@graph":[{"@type":"WebPage","@id":"https:\/\/preprod.optimix-software.com\/fr\/varsovie-retail-days-2023\/","url":"https:\/\/preprod.optimix-software.com\/fr\/varsovie-retail-days-2023\/","name":"Varsovie Retail Days 2023","isPartOf":{"@id":"https:\/\/preprod.optimix-software.com\/fr\/#website"},"primaryImageOfPage":{"@id":"https:\/\/preprod.optimix-software.com\/fr\/varsovie-retail-days-2023\/#primaryimage"},"image":{"@id":"https:\/\/preprod.optimix-software.com\/fr\/varsovie-retail-days-2023\/#primaryimage"},"thumbnailUrl":"https:\/\/optimix.fr\/wp-content\/uploads\/logo-varsovie-retail-days-768x177.webp","datePublished":"2023-10-26T07:29:32+00:00","dateModified":"2023-10-26T12:55:07+00:00","description":"D\u00e9couvrez l'avenir du Retail lors du Varsovie Retail Days les 22-23 novembre ! Retrouvez-nous sur le stand B7.","breadcrumb":{"@id":"https:\/\/preprod.optimix-software.com\/fr\/varsovie-retail-days-2023\/#breadcrumb"},"inLanguage":"fr-FR","potentialAction":[{"@type":"ReadAction","target":["https:\/\/preprod.optimix-software.com\/fr\/varsovie-retail-days-2023\/"]}]},{"@type":"ImageObject","inLanguage":"fr-FR","@id":"https:\/\/preprod.optimix-software.com\/fr\/varsovie-retail-days-2023\/#primaryimage","url":"https:\/\/optimix.fr\/wp-content\/uploads\/logo-varsovie-retail-days-768x177.webp","contentUrl":"https:\/\/optimix.fr\/wp-content\/uploads\/logo-varsovie-retail-days-768x177.webp"},{"@type":"BreadcrumbList","@id":"https:\/\/preprod.optimix-software.com\/fr\/varsovie-retail-days-2023\/#breadcrumb","itemListElement":[{"@type":"ListItem","position":1,"name":"Accueil","item":"https:\/\/preprod.optimix-software.com\/fr\/"},{"@type":"ListItem","position":2,"name":"Varsovie retail days 2023"}]},{"@type":"WebSite","@id":"https:\/\/preprod.optimix-software.com\/fr\/#website","url":"https:\/\/preprod.optimix-software.com\/fr\/","name":"Optimix Software","description":"Solutions de Pricing et Supply chain d\u00e9di\u00e9es au retail","publisher":{"@id":"https:\/\/preprod.optimix-software.com\/fr\/#organization"},"potentialAction":[{"@type":"SearchAction","target":{"@type":"EntryPoint","urlTemplate":"https:\/\/preprod.optimix-software.com\/fr\/?s={search_term_string}"},"query-input":{"@type":"PropertyValueSpecification","valueRequired":true,"valueName":"search_term_string"}}],"inLanguage":"fr-FR"},{"@type":"Organization","@id":"https:\/\/preprod.optimix-software.com\/fr\/#organization","name":"Optimix Software","url":"https:\/\/preprod.optimix-software.com\/fr\/","logo":{"@type":"ImageObject","inLanguage":"fr-FR","@id":"https:\/\/preprod.optimix-software.com\/fr\/#\/schema\/logo\/image\/","url":"https:\/\/preprod.optimix-software.com\/wp-content\/uploads\/logo-carre-optimix-RETAIL-PERFORMANCE-SOFTWARE.jpg","contentUrl":"https:\/\/preprod.optimix-software.com\/wp-content\/uploads\/logo-carre-optimix-RETAIL-PERFORMANCE-SOFTWARE.jpg","width":2001,"height":2001,"caption":"Optimix Software"},"image":{"@id":"https:\/\/preprod.optimix-software.com\/fr\/#\/schema\/logo\/image\/"},"sameAs":["https:\/\/www.linkedin.com\/company\/optimix-ffr\/"]}]}},"_links":{"self":[{"href":"https:\/\/preprod.optimix-software.com\/fr\/wp-json\/wp\/v2\/pages\/18614","targetHints":{"allow":["GET"]}}],"collection":[{"href":"https:\/\/preprod.optimix-software.com\/fr\/wp-json\/wp\/v2\/pages"}],"about":[{"href":"https:\/\/preprod.optimix-software.com\/fr\/wp-json\/wp\/v2\/types\/page"}],"author":[{"embeddable":true,"href":"https:\/\/preprod.optimix-software.com\/fr\/wp-json\/wp\/v2\/users\/3"}],"replies":[{"embeddable":true,"href":"https:\/\/preprod.optimix-software.com\/fr\/wp-json\/wp\/v2\/comments?post=18614"}],"version-history":[{"count":21,"href":"https:\/\/preprod.optimix-software.com\/fr\/wp-json\/wp\/v2\/pages\/18614\/revisions"}],"predecessor-version":[{"id":27532,"href":"https:\/\/preprod.optimix-software.com\/fr\/wp-json\/wp\/v2\/pages\/18614\/revisions\/27532"}],"wp:attachment":[{"href":"https:\/\/preprod.optimix-software.com\/fr\/wp-json\/wp\/v2\/media?parent=18614"}],"curies":[{"name":"wp","href":"https:\/\/api.w.org\/{rel}","templated":true}]}}