{"id":198,"date":"2023-07-31T17:12:46","date_gmt":"2023-07-31T15:12:46","guid":{"rendered":"https:\/\/optimix.fr\/?page_id=198"},"modified":"2025-02-26T09:08:14","modified_gmt":"2025-02-26T08:08:14","slug":"pourquoi-nous-choisir","status":"publish","type":"page","link":"https:\/\/preprod.optimix-software.com\/fr\/pourquoi-nous-choisir\/","title":{"rendered":"Pourquoi choisir optimiX Solutions ?"},"content":{"rendered":"\t\t<div data-elementor-type=\"wp-page\" data-elementor-id=\"198\" class=\"elementor elementor-198\" data-elementor-post-type=\"page\">\n\t\t\t\t<div class=\"elementor-element elementor-element-68aa6808 e-con-full elementor-hidden-mobile elementor-hidden-tablet e-flex e-con e-parent\" data-id=\"68aa6808\" data-element_type=\"container\" data-settings=\"{&quot;background_background&quot;:&quot;classic&quot;}\">\n\t\t<div class=\"elementor-element elementor-element-540af1e1 e-con-full e-flex e-con e-child\" data-id=\"540af1e1\" data-element_type=\"container\" data-settings=\"{&quot;background_background&quot;:&quot;classic&quot;}\">\n\t\t<div class=\"elementor-element elementor-element-7f501ce e-flex e-con-boxed e-con e-child\" data-id=\"7f501ce\" data-element_type=\"container\">\n\t\t\t\t\t<div class=\"e-con-inner\">\n\t\t\t\t<div class=\"elementor-element elementor-element-8b17eee elementor-widget elementor-widget-heading\" data-id=\"8b17eee\" data-element_type=\"widget\" data-widget_type=\"heading.default\">\n\t\t\t\t<div class=\"elementor-widget-container\">\n\t\t\t\t\t<h1 class=\"elementor-heading-title elementor-size-default\">Pourquoi choisir Optimix ?<\/h1>\t\t\t\t<\/div>\n\t\t\t\t<\/div>\n\t\t\t\t\t<\/div>\n\t\t\t\t<\/div>\n\t\t\t\t<\/div>\n\t\t\t\t<\/div>\n\t\t<div class=\"elementor-element elementor-element-7b9be142 e-flex e-con-boxed e-con e-parent\" data-id=\"7b9be142\" data-element_type=\"container\">\n\t\t\t\t\t<div class=\"e-con-inner\">\n\t\t\t\t<div class=\"elementor-element elementor-element-78fc5e69 elementor-widget elementor-widget-text-editor\" data-id=\"78fc5e69\" data-element_type=\"widget\" data-widget_type=\"text-editor.default\">\n\t\t\t\t<div class=\"elementor-widget-container\">\n\t\t\t\t\t\t\t\t\t<p>La robustesse, la facilit\u00e9 d&rsquo;utilisation et l\u2019adaptabilit\u00e9 sont les piliers sur lesquels nos solutions ont \u00e9t\u00e9 d\u00e9velopp\u00e9es. D\u00e9couvrez ci-dessous en d\u00e9tail ce qui nous a permis d&rsquo;\u00e9tablir des relations durables avec nos clients et pourquoi vous devriez \u00e9galement nous rejoindre.<\/p>\t\t\t\t\t\t\t\t<\/div>\n\t\t\t\t<\/div>\n\t\t\t\t\t<\/div>\n\t\t\t\t<\/div>\n\t\t<div class=\"elementor-element elementor-element-03141ac e-flex e-con-boxed e-con e-parent\" data-id=\"03141ac\" data-element_type=\"container\" data-settings=\"{&quot;background_background&quot;:&quot;classic&quot;}\">\n\t\t\t\t\t<div class=\"e-con-inner\">\n\t\t<div class=\"elementor-element elementor-element-fcf2444 e-con-full e-flex e-con e-child\" data-id=\"fcf2444\" data-element_type=\"container\">\n\t\t<div class=\"elementor-element elementor-element-d1afb13 e-con-full e-flex e-con e-child\" data-id=\"d1afb13\" data-element_type=\"container\" data-settings=\"{&quot;background_background&quot;:&quot;classic&quot;}\">\n\t\t\t\t<div class=\"elementor-element elementor-element-131de77 elementor-widget elementor-widget-image\" data-id=\"131de77\" data-element_type=\"widget\" data-widget_type=\"image.default\">\n\t\t\t\t<div class=\"elementor-widget-container\">\n\t\t\t\t\t\t\t\t\t\t\t\t\t\t\t<img fetchpriority=\"high\" decoding=\"async\" width=\"800\" height=\"769\" src=\"https:\/\/preprod.optimix-software.com\/wp-content\/uploads\/picto-panier.svg\" class=\"attachment-large size-large wp-image-219\" alt=\"Picto panier\" \/>\t\t\t\t\t\t\t\t\t\t\t\t\t\t\t<\/div>\n\t\t\t\t<\/div>\n\t\t\t\t<\/div>\n\t\t<div class=\"elementor-element elementor-element-d1813e8 e-con-full e-flex e-con e-child\" data-id=\"d1813e8\" data-element_type=\"container\">\n\t\t\t\t<div class=\"elementor-element elementor-element-e353e8e elementor-widget elementor-widget-heading\" data-id=\"e353e8e\" data-element_type=\"widget\" data-widget_type=\"heading.default\">\n\t\t\t\t<div class=\"elementor-widget-container\">\n\t\t\t\t\t<h2 class=\"elementor-heading-title elementor-size-default\">Hyper sp\u00e9cialisation : 100% Retail<\/h2>\t\t\t\t<\/div>\n\t\t\t\t<\/div>\n\t\t\t\t<div class=\"elementor-element elementor-element-8a5835a elementor-widget elementor-widget-text-editor\" data-id=\"8a5835a\" data-element_type=\"widget\" data-widget_type=\"text-editor.default\">\n\t\t\t\t<div class=\"elementor-widget-container\">\n\t\t\t\t\t\t\t\t\t<ul><li>Forte l\u00e9gitimit\u00e9 interne dans le retail, la majorit\u00e9 de nos collaborateurs ont travaill\u00e9 toute leur carri\u00e8re dans le retail. Nous ma\u00eetrisons tous les m\u00e9canismes et probl\u00e9matiques m\u00e9tiers du secteur.<\/li><li>Plus de 10 ans d\u2019exp\u00e9rience dans le Pricing : Notre entreprise a une vision claire et ambitieuse pour les cinq prochaines ann\u00e9es. Nous aspirons \u00e0 devenir un leader en Europe des solutions de pricing pour les Retailers en offrant des produits et des services innovants qui r\u00e9pondent aux besoins de nos clients.<\/li><li>Effet de levier imm\u00e9diat sur les KPI vitaux (CA, marge, indice, PDM, etc.).<\/li><li>Gestion multi format int\u00e9gr\u00e9e : format de magasins, int\u00e9gr\u00e9s, franchis\u00e9s\u2026<\/li><\/ul>\t\t\t\t\t\t\t\t<\/div>\n\t\t\t\t<\/div>\n\t\t\t\t<\/div>\n\t\t\t\t<\/div>\n\t\t<div class=\"elementor-element elementor-element-e148693 e-con-full e-flex e-con e-child\" data-id=\"e148693\" data-element_type=\"container\">\n\t\t<div class=\"elementor-element elementor-element-12947d8 e-con-full e-flex e-con e-child\" data-id=\"12947d8\" data-element_type=\"container\">\n\t\t\t\t<div class=\"elementor-element elementor-element-ab647c6 elementor-widget elementor-widget-heading\" data-id=\"ab647c6\" data-element_type=\"widget\" data-widget_type=\"heading.default\">\n\t\t\t\t<div class=\"elementor-widget-container\">\n\t\t\t\t\t<h2 class=\"elementor-heading-title elementor-size-default\">Innovation<\/h2>\t\t\t\t<\/div>\n\t\t\t\t<\/div>\n\t\t\t\t<div class=\"elementor-element elementor-element-8113143 elementor-widget elementor-widget-text-editor\" data-id=\"8113143\" data-element_type=\"widget\" data-widget_type=\"text-editor.default\">\n\t\t\t\t<div class=\"elementor-widget-container\">\n\t\t\t\t\t\t\t\t\t<ul><li>Utilisation des derni\u00e8res technologies et des derni\u00e8res avanc\u00e9es dans le domaine du Machine Learning. Nos solutions sont standardis\u00e9es et int\u00e8gre des mod\u00e8les de Best Practice. L\u2019ensemble des processus sont adaptatifs, personnalisables et \u00e9volutifs.<\/li><li>Nous pr\u00e9voyons d&rsquo;\u00e9largir notre portefeuille de produits et de services en investissant dans la recherche et le d\u00e9veloppement, ainsi qu&rsquo;en nouant des partenariats strat\u00e9giques avec des entreprises de pointe.<\/li><li>Nous sommes \u00e9galement d\u00e9termin\u00e9s \u00e0 int\u00e9grer les technologies les plus avanc\u00e9es dans nos op\u00e9rations, afin d&rsquo;am\u00e9liorer l&rsquo;efficacit\u00e9 de notre entreprise et de mieux r\u00e9pondre aux besoins de nos clients.<\/li><\/ul>\t\t\t\t\t\t\t\t<\/div>\n\t\t\t\t<\/div>\n\t\t\t\t<\/div>\n\t\t<div class=\"elementor-element elementor-element-f041439 e-con-full e-flex e-con e-child\" data-id=\"f041439\" data-element_type=\"container\" data-settings=\"{&quot;background_background&quot;:&quot;classic&quot;}\">\n\t\t\t\t<div class=\"elementor-element elementor-element-3055346 elementor-widget elementor-widget-image\" data-id=\"3055346\" data-element_type=\"widget\" data-widget_type=\"image.default\">\n\t\t\t\t<div class=\"elementor-widget-container\">\n\t\t\t\t\t\t\t\t\t\t\t\t\t\t\t<img decoding=\"async\" width=\"800\" height=\"800\" src=\"https:\/\/preprod.optimix-software.com\/wp-content\/uploads\/picto-ia.svg\" class=\"attachment-large size-large wp-image-220\" alt=\"Picto IA\" \/>\t\t\t\t\t\t\t\t\t\t\t\t\t\t\t<\/div>\n\t\t\t\t<\/div>\n\t\t\t\t<\/div>\n\t\t\t\t<\/div>\n\t\t<div class=\"elementor-element elementor-element-8e5334e e-con-full e-flex e-con e-child\" data-id=\"8e5334e\" data-element_type=\"container\">\n\t\t<div class=\"elementor-element elementor-element-b366644 e-con-full e-flex e-con e-child\" data-id=\"b366644\" data-element_type=\"container\" data-settings=\"{&quot;background_background&quot;:&quot;classic&quot;}\">\n\t\t\t\t<div class=\"elementor-element elementor-element-b17c6ae elementor-widget elementor-widget-image\" data-id=\"b17c6ae\" data-element_type=\"widget\" data-widget_type=\"image.default\">\n\t\t\t\t<div class=\"elementor-widget-container\">\n\t\t\t\t\t\t\t\t\t\t\t\t\t\t\t<img decoding=\"async\" width=\"800\" height=\"952\" src=\"https:\/\/preprod.optimix-software.com\/wp-content\/uploads\/picto-checklist.svg\" class=\"attachment-large size-large wp-image-221\" alt=\"Picto check list\" \/>\t\t\t\t\t\t\t\t\t\t\t\t\t\t\t<\/div>\n\t\t\t\t<\/div>\n\t\t\t\t<\/div>\n\t\t<div class=\"elementor-element elementor-element-3cb6db9 e-con-full e-flex e-con e-child\" data-id=\"3cb6db9\" data-element_type=\"container\">\n\t\t\t\t<div class=\"elementor-element elementor-element-027d21e elementor-widget elementor-widget-heading\" data-id=\"027d21e\" data-element_type=\"widget\" data-widget_type=\"heading.default\">\n\t\t\t\t<div class=\"elementor-widget-container\">\n\t\t\t\t\t<h2 class=\"elementor-heading-title elementor-size-default\">L\u2019engagement qualit\u00e9<\/h2>\t\t\t\t<\/div>\n\t\t\t\t<\/div>\n\t\t\t\t<div class=\"elementor-element elementor-element-f9f89b5 elementor-widget elementor-widget-text-editor\" data-id=\"f9f89b5\" data-element_type=\"widget\" data-widget_type=\"text-editor.default\">\n\t\t\t\t<div class=\"elementor-widget-container\">\n\t\t\t\t\t\t\t\t\t<ul><li>Nos logiciels sont fiables, performants et s\u00e9curis\u00e9s. Notre ADN est d\u2019assurer une flexibilit\u00e9 de nos solutions afin de\u00a0 garantir une r\u00e9ponse \u00e0 des processus complexes.<\/li><li>Nous nous engageons \u00e0 offrir une qualit\u00e9 de service exceptionnelle \u00e0 nos clients et \u00e0 \u00e9tablir des relations solides et durables avec eux.<\/li><li>Nous sommes r\u00e9ellement d\u00e9vou\u00e9s \u00e0 la satisfaction de nos clients \u00e0 travers un service client de qualit\u00e9 et notre r\u00e9activit\u00e9.<\/li><\/ul>\t\t\t\t\t\t\t\t<\/div>\n\t\t\t\t<\/div>\n\t\t\t\t<\/div>\n\t\t\t\t<\/div>\n\t\t<div class=\"elementor-element elementor-element-7ddd336 e-con-full e-flex e-con e-child\" data-id=\"7ddd336\" data-element_type=\"container\">\n\t\t<div class=\"elementor-element elementor-element-90758d3 e-con-full e-flex e-con e-child\" data-id=\"90758d3\" data-element_type=\"container\">\n\t\t\t\t<div class=\"elementor-element elementor-element-3f9b3a5 elementor-widget elementor-widget-heading\" data-id=\"3f9b3a5\" data-element_type=\"widget\" data-widget_type=\"heading.default\">\n\t\t\t\t<div class=\"elementor-widget-container\">\n\t\t\t\t\t<h2 class=\"elementor-heading-title elementor-size-default\">Responsabilit\u00e9 Soci\u00e9tale et Environnementale<\/h2>\t\t\t\t<\/div>\n\t\t\t\t<\/div>\n\t\t\t\t<div class=\"elementor-element elementor-element-1732459 elementor-widget elementor-widget-text-editor\" data-id=\"1732459\" data-element_type=\"widget\" data-widget_type=\"text-editor.default\">\n\t\t\t\t<div class=\"elementor-widget-container\">\n\t\t\t\t\t\t\t\t\t<ul><li>\u00c0 travers nos outils, notamment de Supply Chain, nous aidons \u00e0 la\u00a0 r\u00e9duction de l\u2019empreinte environnementale.<\/li><li>Nous sommes convaincus que notre engagement en faveur du d\u00e9veloppement durable et de la responsabilit\u00e9 sociale des entreprises nous permettra de renforcer notre positionnement sur le march\u00e9 et de gagner la confiance de nos clients.<\/li><\/ul>\t\t\t\t\t\t\t\t<\/div>\n\t\t\t\t<\/div>\n\t\t\t\t<\/div>\n\t\t<div class=\"elementor-element elementor-element-fbeb83b e-con-full e-flex e-con e-child\" data-id=\"fbeb83b\" data-element_type=\"container\" data-settings=\"{&quot;background_background&quot;:&quot;classic&quot;}\">\n\t\t\t\t<div class=\"elementor-element elementor-element-1fed603 elementor-widget elementor-widget-image\" data-id=\"1fed603\" data-element_type=\"widget\" data-widget_type=\"image.default\">\n\t\t\t\t<div class=\"elementor-widget-container\">\n\t\t\t\t\t\t\t\t\t\t\t\t\t\t\t<img loading=\"lazy\" decoding=\"async\" width=\"800\" height=\"840\" src=\"https:\/\/preprod.optimix-software.com\/wp-content\/uploads\/picto-leaf.svg\" class=\"attachment-large size-large wp-image-222\" alt=\"Picto feuillage\" \/>\t\t\t\t\t\t\t\t\t\t\t\t\t\t\t<\/div>\n\t\t\t\t<\/div>\n\t\t\t\t<\/div>\n\t\t\t\t<\/div>\n\t\t\t\t\t<\/div>\n\t\t\t\t<\/div>\n\t\t\t\t<\/div>\n\t\t","protected":false},"excerpt":{"rendered":"<p>Pourquoi choisir Optimix ? La robustesse, la facilit\u00e9 d&rsquo;utilisation et l\u2019adaptabilit\u00e9 sont les piliers sur lesquels nos solutions ont \u00e9t\u00e9 d\u00e9velopp\u00e9es. D\u00e9couvrez ci-dessous en d\u00e9tail ce qui nous a permis d&rsquo;\u00e9tablir des relations durables avec nos clients et pourquoi vous devriez \u00e9galement nous rejoindre. Hyper sp\u00e9cialisation : 100% Retail Forte l\u00e9gitimit\u00e9 interne dans le retail, [&hellip;]<\/p>\n","protected":false},"author":3,"featured_media":0,"parent":0,"menu_order":0,"comment_status":"closed","ping_status":"closed","template":"","meta":{"inline_featured_image":false,"footnotes":""},"class_list":["post-198","page","type-page","status-publish","hentry"],"yoast_head":"<!-- This site is optimized with the Yoast SEO Premium plugin v22.8 (Yoast SEO v25.1) - https:\/\/yoast.com\/wordpress\/plugins\/seo\/ -->\n<title>Pourquoi choisir optimiX Solutions ?<\/title>\n<meta name=\"description\" content=\"D\u00e9couvrez pourquoi optimiX Solutions est le partenaire id\u00e9al pour vous accompagner dans la mise en oeuvre de votre strat\u00e9gie de pricing et supply chain.\" \/>\n<meta name=\"robots\" content=\"noindex, follow, max-snippet:-1, max-image-preview:large, max-video-preview:-1\" \/>\n<meta property=\"og:locale\" content=\"fr_FR\" \/>\n<meta property=\"og:type\" content=\"article\" \/>\n<meta property=\"og:title\" content=\"Pourquoi choisir optimiX Solutions ?\" \/>\n<meta property=\"og:description\" content=\"D\u00e9couvrez pourquoi optimiX Solutions est le partenaire id\u00e9al pour vous accompagner dans la mise en oeuvre de votre strat\u00e9gie de pricing et supply chain.\" \/>\n<meta property=\"og:url\" content=\"https:\/\/preprod.optimix-software.com\/fr\/pourquoi-nous-choisir\/\" \/>\n<meta property=\"og:site_name\" content=\"Optimix Software\" \/>\n<meta property=\"article:modified_time\" content=\"2025-02-26T08:08:14+00:00\" \/>\n<meta property=\"og:image\" content=\"https:\/\/preprod.optimix-software.com\/wp-content\/uploads\/logo-optimix-yoast.png\" \/>\n\t<meta property=\"og:image:width\" content=\"1200\" \/>\n\t<meta property=\"og:image:height\" content=\"675\" \/>\n\t<meta property=\"og:image:type\" content=\"image\/png\" \/>\n<meta name=\"twitter:card\" content=\"summary_large_image\" \/>\n<meta name=\"twitter:label1\" content=\"Dur\u00e9e de lecture estim\u00e9e\" \/>\n\t<meta name=\"twitter:data1\" content=\"3 minutes\" \/>\n<script type=\"application\/ld+json\" class=\"yoast-schema-graph\">{\"@context\":\"https:\/\/schema.org\",\"@graph\":[{\"@type\":\"WebPage\",\"@id\":\"https:\/\/preprod.optimix-software.com\/fr\/pourquoi-nous-choisir\/\",\"url\":\"https:\/\/preprod.optimix-software.com\/fr\/pourquoi-nous-choisir\/\",\"name\":\"Pourquoi choisir optimiX Solutions ?\",\"isPartOf\":{\"@id\":\"https:\/\/preprod.optimix-software.com\/fr\/#website\"},\"primaryImageOfPage\":{\"@id\":\"https:\/\/preprod.optimix-software.com\/fr\/pourquoi-nous-choisir\/#primaryimage\"},\"image\":{\"@id\":\"https:\/\/preprod.optimix-software.com\/fr\/pourquoi-nous-choisir\/#primaryimage\"},\"thumbnailUrl\":\"https:\/\/preprod.optimix-software.com\/wp-content\/uploads\/picto-panier.svg\",\"datePublished\":\"2023-07-31T15:12:46+00:00\",\"dateModified\":\"2025-02-26T08:08:14+00:00\",\"description\":\"D\u00e9couvrez pourquoi optimiX Solutions est le partenaire id\u00e9al pour vous accompagner dans la mise en oeuvre de votre strat\u00e9gie de pricing et supply chain.\",\"breadcrumb\":{\"@id\":\"https:\/\/preprod.optimix-software.com\/fr\/pourquoi-nous-choisir\/#breadcrumb\"},\"inLanguage\":\"fr-FR\",\"potentialAction\":[{\"@type\":\"ReadAction\",\"target\":[\"https:\/\/preprod.optimix-software.com\/fr\/pourquoi-nous-choisir\/\"]}]},{\"@type\":\"ImageObject\",\"inLanguage\":\"fr-FR\",\"@id\":\"https:\/\/preprod.optimix-software.com\/fr\/pourquoi-nous-choisir\/#primaryimage\",\"url\":\"https:\/\/preprod.optimix-software.com\/wp-content\/uploads\/picto-panier.svg\",\"contentUrl\":\"https:\/\/preprod.optimix-software.com\/wp-content\/uploads\/picto-panier.svg\"},{\"@type\":\"BreadcrumbList\",\"@id\":\"https:\/\/preprod.optimix-software.com\/fr\/pourquoi-nous-choisir\/#breadcrumb\",\"itemListElement\":[{\"@type\":\"ListItem\",\"position\":1,\"name\":\"Accueil\",\"item\":\"https:\/\/preprod.optimix-software.com\/fr\/\"},{\"@type\":\"ListItem\",\"position\":2,\"name\":\"Pourquoi choisir optimiX Solutions ?\"}]},{\"@type\":\"WebSite\",\"@id\":\"https:\/\/preprod.optimix-software.com\/fr\/#website\",\"url\":\"https:\/\/preprod.optimix-software.com\/fr\/\",\"name\":\"Optimix Software\",\"description\":\"Solutions de Pricing et Supply chain d\u00e9di\u00e9es au retail\",\"publisher\":{\"@id\":\"https:\/\/preprod.optimix-software.com\/fr\/#organization\"},\"potentialAction\":[{\"@type\":\"SearchAction\",\"target\":{\"@type\":\"EntryPoint\",\"urlTemplate\":\"https:\/\/preprod.optimix-software.com\/fr\/?s={search_term_string}\"},\"query-input\":{\"@type\":\"PropertyValueSpecification\",\"valueRequired\":true,\"valueName\":\"search_term_string\"}}],\"inLanguage\":\"fr-FR\"},{\"@type\":\"Organization\",\"@id\":\"https:\/\/preprod.optimix-software.com\/fr\/#organization\",\"name\":\"Optimix Software\",\"url\":\"https:\/\/preprod.optimix-software.com\/fr\/\",\"logo\":{\"@type\":\"ImageObject\",\"inLanguage\":\"fr-FR\",\"@id\":\"https:\/\/preprod.optimix-software.com\/fr\/#\/schema\/logo\/image\/\",\"url\":\"https:\/\/preprod.optimix-software.com\/wp-content\/uploads\/logo-carre-optimix-RETAIL-PERFORMANCE-SOFTWARE.jpg\",\"contentUrl\":\"https:\/\/preprod.optimix-software.com\/wp-content\/uploads\/logo-carre-optimix-RETAIL-PERFORMANCE-SOFTWARE.jpg\",\"width\":2001,\"height\":2001,\"caption\":\"Optimix Software\"},\"image\":{\"@id\":\"https:\/\/preprod.optimix-software.com\/fr\/#\/schema\/logo\/image\/\"},\"sameAs\":[\"https:\/\/www.linkedin.com\/company\/optimix-ffr\/\"]}]}<\/script>\n<!-- \/ Yoast SEO Premium plugin. -->","yoast_head_json":{"title":"Pourquoi choisir optimiX Solutions ?","description":"D\u00e9couvrez pourquoi optimiX Solutions est le partenaire id\u00e9al pour vous accompagner dans la mise en oeuvre de votre strat\u00e9gie de pricing et supply chain.","robots":{"index":"noindex","follow":"follow","max-snippet":"max-snippet:-1","max-image-preview":"max-image-preview:large","max-video-preview":"max-video-preview:-1"},"og_locale":"fr_FR","og_type":"article","og_title":"Pourquoi choisir optimiX Solutions ?","og_description":"D\u00e9couvrez pourquoi optimiX Solutions est le partenaire id\u00e9al pour vous accompagner dans la mise en oeuvre de votre strat\u00e9gie de pricing et supply chain.","og_url":"https:\/\/preprod.optimix-software.com\/fr\/pourquoi-nous-choisir\/","og_site_name":"Optimix Software","article_modified_time":"2025-02-26T08:08:14+00:00","og_image":[{"width":1200,"height":675,"url":"https:\/\/preprod.optimix-software.com\/wp-content\/uploads\/logo-optimix-yoast.png","type":"image\/png"}],"twitter_card":"summary_large_image","twitter_misc":{"Dur\u00e9e de lecture estim\u00e9e":"3 minutes"},"schema":{"@context":"https:\/\/schema.org","@graph":[{"@type":"WebPage","@id":"https:\/\/preprod.optimix-software.com\/fr\/pourquoi-nous-choisir\/","url":"https:\/\/preprod.optimix-software.com\/fr\/pourquoi-nous-choisir\/","name":"Pourquoi choisir optimiX Solutions ?","isPartOf":{"@id":"https:\/\/preprod.optimix-software.com\/fr\/#website"},"primaryImageOfPage":{"@id":"https:\/\/preprod.optimix-software.com\/fr\/pourquoi-nous-choisir\/#primaryimage"},"image":{"@id":"https:\/\/preprod.optimix-software.com\/fr\/pourquoi-nous-choisir\/#primaryimage"},"thumbnailUrl":"https:\/\/preprod.optimix-software.com\/wp-content\/uploads\/picto-panier.svg","datePublished":"2023-07-31T15:12:46+00:00","dateModified":"2025-02-26T08:08:14+00:00","description":"D\u00e9couvrez pourquoi optimiX Solutions est le partenaire id\u00e9al pour vous accompagner dans la mise en oeuvre de votre strat\u00e9gie de pricing et supply chain.","breadcrumb":{"@id":"https:\/\/preprod.optimix-software.com\/fr\/pourquoi-nous-choisir\/#breadcrumb"},"inLanguage":"fr-FR","potentialAction":[{"@type":"ReadAction","target":["https:\/\/preprod.optimix-software.com\/fr\/pourquoi-nous-choisir\/"]}]},{"@type":"ImageObject","inLanguage":"fr-FR","@id":"https:\/\/preprod.optimix-software.com\/fr\/pourquoi-nous-choisir\/#primaryimage","url":"https:\/\/preprod.optimix-software.com\/wp-content\/uploads\/picto-panier.svg","contentUrl":"https:\/\/preprod.optimix-software.com\/wp-content\/uploads\/picto-panier.svg"},{"@type":"BreadcrumbList","@id":"https:\/\/preprod.optimix-software.com\/fr\/pourquoi-nous-choisir\/#breadcrumb","itemListElement":[{"@type":"ListItem","position":1,"name":"Accueil","item":"https:\/\/preprod.optimix-software.com\/fr\/"},{"@type":"ListItem","position":2,"name":"Pourquoi choisir optimiX Solutions ?"}]},{"@type":"WebSite","@id":"https:\/\/preprod.optimix-software.com\/fr\/#website","url":"https:\/\/preprod.optimix-software.com\/fr\/","name":"Optimix Software","description":"Solutions de Pricing et Supply chain d\u00e9di\u00e9es au retail","publisher":{"@id":"https:\/\/preprod.optimix-software.com\/fr\/#organization"},"potentialAction":[{"@type":"SearchAction","target":{"@type":"EntryPoint","urlTemplate":"https:\/\/preprod.optimix-software.com\/fr\/?s={search_term_string}"},"query-input":{"@type":"PropertyValueSpecification","valueRequired":true,"valueName":"search_term_string"}}],"inLanguage":"fr-FR"},{"@type":"Organization","@id":"https:\/\/preprod.optimix-software.com\/fr\/#organization","name":"Optimix Software","url":"https:\/\/preprod.optimix-software.com\/fr\/","logo":{"@type":"ImageObject","inLanguage":"fr-FR","@id":"https:\/\/preprod.optimix-software.com\/fr\/#\/schema\/logo\/image\/","url":"https:\/\/preprod.optimix-software.com\/wp-content\/uploads\/logo-carre-optimix-RETAIL-PERFORMANCE-SOFTWARE.jpg","contentUrl":"https:\/\/preprod.optimix-software.com\/wp-content\/uploads\/logo-carre-optimix-RETAIL-PERFORMANCE-SOFTWARE.jpg","width":2001,"height":2001,"caption":"Optimix Software"},"image":{"@id":"https:\/\/preprod.optimix-software.com\/fr\/#\/schema\/logo\/image\/"},"sameAs":["https:\/\/www.linkedin.com\/company\/optimix-ffr\/"]}]}},"_links":{"self":[{"href":"https:\/\/preprod.optimix-software.com\/fr\/wp-json\/wp\/v2\/pages\/198","targetHints":{"allow":["GET"]}}],"collection":[{"href":"https:\/\/preprod.optimix-software.com\/fr\/wp-json\/wp\/v2\/pages"}],"about":[{"href":"https:\/\/preprod.optimix-software.com\/fr\/wp-json\/wp\/v2\/types\/page"}],"author":[{"embeddable":true,"href":"https:\/\/preprod.optimix-software.com\/fr\/wp-json\/wp\/v2\/users\/3"}],"replies":[{"embeddable":true,"href":"https:\/\/preprod.optimix-software.com\/fr\/wp-json\/wp\/v2\/comments?post=198"}],"version-history":[{"count":36,"href":"https:\/\/preprod.optimix-software.com\/fr\/wp-json\/wp\/v2\/pages\/198\/revisions"}],"predecessor-version":[{"id":43975,"href":"https:\/\/preprod.optimix-software.com\/fr\/wp-json\/wp\/v2\/pages\/198\/revisions\/43975"}],"wp:attachment":[{"href":"https:\/\/preprod.optimix-software.com\/fr\/wp-json\/wp\/v2\/media?parent=198"}],"curies":[{"name":"wp","href":"https:\/\/api.w.org\/{rel}","templated":true}]}}