{"id":24524,"date":"2024-04-03T15:55:46","date_gmt":"2024-04-03T13:55:46","guid":{"rendered":"https:\/\/optimix.fr\/?page_id=24524"},"modified":"2024-05-30T10:56:28","modified_gmt":"2024-05-30T08:56:28","slug":"newsletter-optimix","status":"publish","type":"page","link":"https:\/\/preprod.optimix-software.com\/fr\/newsletter-optimix\/","title":{"rendered":"Newsletter Optimix"},"content":{"rendered":"\t\t<div data-elementor-type=\"wp-page\" data-elementor-id=\"24524\" class=\"elementor elementor-24524\" data-elementor-post-type=\"page\">\n\t\t\t\t<div class=\"elementor-element elementor-element-65937d9 e-flex e-con-boxed e-con e-parent\" data-id=\"65937d9\" data-element_type=\"container\" data-settings=\"{&quot;background_background&quot;:&quot;classic&quot;}\">\n\t\t\t\t\t<div class=\"e-con-inner\">\n\t\t<div class=\"elementor-element elementor-element-a1cff0c e-con-full e-flex e-con e-child\" data-id=\"a1cff0c\" data-element_type=\"container\">\n\t\t\t\t<div class=\"elementor-element elementor-element-b47d66f elementor-widget elementor-widget-heading\" data-id=\"b47d66f\" data-element_type=\"widget\" data-widget_type=\"heading.default\">\n\t\t\t\t<div class=\"elementor-widget-container\">\n\t\t\t\t\t<h2 class=\"elementor-heading-title elementor-size-default\">Actualit\u00e9s Pricing et Supply Chain : Bulletin Mensuel<\/h2>\t\t\t\t<\/div>\n\t\t\t\t<\/div>\n\t\t\t\t<div class=\"elementor-element elementor-element-4834e77a elementor-widget__width-initial elementor-widget elementor-widget-text-editor\" data-id=\"4834e77a\" data-element_type=\"widget\" data-widget_type=\"text-editor.default\">\n\t\t\t\t<div class=\"elementor-widget-container\">\n\t\t\t\t\t\t\t\t\t<p>Que vous soyez un professionnel chevronn\u00e9 \u00e0 la recherche de nouvelles id\u00e9es ou un d\u00e9butant d\u00e9sireux d&rsquo;approfondir vos connaissances, notre newsletter saura r\u00e9pondre \u00e0 vos besoins.<\/p><p>Plongez au c\u0153ur de l&rsquo;actualit\u00e9 \u00e9conomique et d\u00e9couvrez des analyses qui vous permettront de comprendre les rouages essentiels du Pricing et de la Supply Chain.<\/p><p>Quelques exemples d&rsquo;articles :<\/p><p><strong>Pricing :<\/strong><\/p><ul><li>Comment d\u00e9finir sa concurrence dans sa strat\u00e9gie de Pricing ?<\/li><li>Les MDD : Cl\u00e9 de l\u2019adaptation aux nouveaux d\u00e9fis de la distribution ?<\/li><li>Le \u00ab pricing \u00bb \u00e9co-responsable<\/li><\/ul><p><strong>Supply Chain :<\/strong><\/p><ul><li>Quels KPIs pour mesurer les performances de votre supply chain?<\/li><li>Comment Am\u00e9liorer son BFR par un meilleur pilotage de ses stocks\u202f?<\/li><li>Rebondir apr\u00e8s une rupture de stock: De la crise \u00e0 l\u2019opportunit\u00e9<\/li><\/ul>\t\t\t\t\t\t\t\t<\/div>\n\t\t\t\t<\/div>\n\t\t\t\t<\/div>\n\t\t<div class=\"elementor-element elementor-element-5bae97b e-con-full e-flex e-con e-child\" data-id=\"5bae97b\" data-element_type=\"container\">\n\t\t\t\t<div class=\"elementor-element elementor-element-f8a9311 elementor-widget__width-initial elementor-hidden-desktop elementor-hidden-tablet elementor-hidden-mobile elementor-widget elementor-widget-html\" data-id=\"f8a9311\" data-element_type=\"widget\" data-widget_type=\"html.default\">\n\t\t\t\t<div class=\"elementor-widget-container\">\n\t\t\t\t\t<div class=\"pipedriveWebForms\" data-pd-webforms=\"https:\/\/webforms.pipedrive.com\/f\/6Fz0vpyUrZSRa4lAo9iyZu6Ue403o3okQqYbETtz0qrGnMVGLtC9b8b8DKC06YtzfJ\"><script src=\"https:\/\/webforms.pipedrive.com\/f\/loader\"><\/script><\/div>\t\t\t\t<\/div>\n\t\t\t\t<\/div>\n\t\t\t\t<div class=\"elementor-element elementor-element-4f8cec6 elementor-widget__width-initial elementor-widget elementor-widget-html\" data-id=\"4f8cec6\" data-element_type=\"widget\" data-widget_type=\"html.default\">\n\t\t\t\t<div class=\"elementor-widget-container\">\n\t\t\t\t\t<script charset=\"utf-8\" type=\"text\/javascript\" src=\"\/\/js-eu1.hsforms.net\/forms\/embed\/v2.js\"><\/script>\r\n<script>\r\n  hbspt.forms.create({\r\n    region: \"eu1\",\r\n    portalId: \"144414462\",\r\n    formId: \"bd54772c-c95e-4471-ae54-d63a0c4a3f80\"\r\n  });\r\n<\/script>\r\n\t\t\t\t<\/div>\n\t\t\t\t<\/div>\n\t\t\t\t<div class=\"elementor-element elementor-element-321d30a elementor-hidden-tablet elementor-hidden-mobile elementor-widget elementor-widget-image\" data-id=\"321d30a\" data-element_type=\"widget\" data-widget_type=\"image.default\">\n\t\t\t\t<div class=\"elementor-widget-container\">\n\t\t\t\t\t\t\t\t\t\t\t\t\t\t\t<img fetchpriority=\"high\" decoding=\"async\" width=\"300\" height=\"300\" src=\"https:\/\/preprod.optimix-software.com\/wp-content\/uploads\/news-1-copie.webp\" class=\"attachment-full size-full wp-image-24534\" alt=\"\" \/>\t\t\t\t\t\t\t\t\t\t\t\t\t\t\t<\/div>\n\t\t\t\t<\/div>\n\t\t\t\t<\/div>\n\t\t\t\t\t<\/div>\n\t\t\t\t<\/div>\n\t\t\t\t<\/div>\n\t\t","protected":false},"excerpt":{"rendered":"<p>Que vous soyez un professionnel chevronn\u00e9 \u00e0 la recherche de nouvelles id\u00e9es ou un d\u00e9butant d\u00e9sireux d\u2019approfondir vos connaissances, notre newsletter saura r\u00e9pondre \u00e0 vos besoins.<\/p>\n","protected":false},"author":3,"featured_media":24534,"parent":0,"menu_order":0,"comment_status":"closed","ping_status":"closed","template":"","meta":{"inline_featured_image":false,"footnotes":""},"class_list":["post-24524","page","type-page","status-publish","has-post-thumbnail","hentry"],"yoast_head":"<!-- This site is optimized with the Yoast SEO Premium plugin v22.8 (Yoast SEO v25.1) - https:\/\/yoast.com\/wordpress\/plugins\/seo\/ -->\n<title>Newsletter Optimix<\/title>\n<meta name=\"description\" content=\"Que vous soyez un professionnel chevronn\u00e9 \u00e0 la recherche de nouvelles id\u00e9es ou un d\u00e9butant d\u00e9sireux d\u2019approfondir vos connaissances, notre newsletter saura r\u00e9pondre \u00e0 vos besoins.\" \/>\n<meta name=\"robots\" content=\"noindex, follow, max-snippet:-1, max-image-preview:large, max-video-preview:-1\" \/>\n<meta property=\"og:locale\" content=\"fr_FR\" \/>\n<meta property=\"og:type\" content=\"article\" \/>\n<meta property=\"og:title\" content=\"Newsletter Optimix\" \/>\n<meta property=\"og:description\" content=\"Que vous soyez un professionnel chevronn\u00e9 \u00e0 la recherche de nouvelles id\u00e9es ou un d\u00e9butant d\u00e9sireux d\u2019approfondir vos connaissances, notre newsletter saura r\u00e9pondre \u00e0 vos besoins.\" \/>\n<meta property=\"og:url\" content=\"https:\/\/preprod.optimix-software.com\/fr\/newsletter-optimix\/\" \/>\n<meta property=\"og:site_name\" content=\"Optimix Software\" \/>\n<meta property=\"article:modified_time\" content=\"2024-05-30T08:56:28+00:00\" \/>\n<meta property=\"og:image\" content=\"https:\/\/preprod.optimix-software.com\/wp-content\/uploads\/Livre-blanc-pricing-LinkedIn-Post-LinkedIn-Single-Image-Ad.png\" \/>\n\t<meta property=\"og:image:width\" content=\"1200\" \/>\n\t<meta property=\"og:image:height\" content=\"627\" \/>\n\t<meta property=\"og:image:type\" content=\"image\/png\" \/>\n<meta name=\"twitter:card\" content=\"summary_large_image\" \/>\n<meta name=\"twitter:label1\" content=\"Dur\u00e9e de lecture estim\u00e9e\" \/>\n\t<meta name=\"twitter:data1\" content=\"1 minute\" \/>\n<script type=\"application\/ld+json\" class=\"yoast-schema-graph\">{\"@context\":\"https:\/\/schema.org\",\"@graph\":[{\"@type\":\"WebPage\",\"@id\":\"https:\/\/preprod.optimix-software.com\/fr\/newsletter-optimix\/\",\"url\":\"https:\/\/preprod.optimix-software.com\/fr\/newsletter-optimix\/\",\"name\":\"Newsletter Optimix\",\"isPartOf\":{\"@id\":\"https:\/\/preprod.optimix-software.com\/fr\/#website\"},\"primaryImageOfPage\":{\"@id\":\"https:\/\/preprod.optimix-software.com\/fr\/newsletter-optimix\/#primaryimage\"},\"image\":{\"@id\":\"https:\/\/preprod.optimix-software.com\/fr\/newsletter-optimix\/#primaryimage\"},\"thumbnailUrl\":\"https:\/\/preprod.optimix-software.com\/wp-content\/uploads\/news-1-copie.webp\",\"datePublished\":\"2024-04-03T13:55:46+00:00\",\"dateModified\":\"2024-05-30T08:56:28+00:00\",\"description\":\"Que vous soyez un professionnel chevronn\u00e9 \u00e0 la recherche de nouvelles id\u00e9es ou un d\u00e9butant d\u00e9sireux d\u2019approfondir vos connaissances, notre newsletter saura r\u00e9pondre \u00e0 vos besoins.\",\"breadcrumb\":{\"@id\":\"https:\/\/preprod.optimix-software.com\/fr\/newsletter-optimix\/#breadcrumb\"},\"inLanguage\":\"fr-FR\",\"potentialAction\":[{\"@type\":\"ReadAction\",\"target\":[\"https:\/\/preprod.optimix-software.com\/fr\/newsletter-optimix\/\"]}]},{\"@type\":\"ImageObject\",\"inLanguage\":\"fr-FR\",\"@id\":\"https:\/\/preprod.optimix-software.com\/fr\/newsletter-optimix\/#primaryimage\",\"url\":\"https:\/\/preprod.optimix-software.com\/wp-content\/uploads\/news-1-copie.webp\",\"contentUrl\":\"https:\/\/preprod.optimix-software.com\/wp-content\/uploads\/news-1-copie.webp\",\"width\":300,\"height\":300},{\"@type\":\"BreadcrumbList\",\"@id\":\"https:\/\/preprod.optimix-software.com\/fr\/newsletter-optimix\/#breadcrumb\",\"itemListElement\":[{\"@type\":\"ListItem\",\"position\":1,\"name\":\"Accueil\",\"item\":\"https:\/\/preprod.optimix-software.com\/fr\/\"},{\"@type\":\"ListItem\",\"position\":2,\"name\":\"Newsletter Optimix\"}]},{\"@type\":\"WebSite\",\"@id\":\"https:\/\/preprod.optimix-software.com\/fr\/#website\",\"url\":\"https:\/\/preprod.optimix-software.com\/fr\/\",\"name\":\"Optimix Software\",\"description\":\"Solutions de Pricing et Supply chain d\u00e9di\u00e9es au retail\",\"publisher\":{\"@id\":\"https:\/\/preprod.optimix-software.com\/fr\/#organization\"},\"potentialAction\":[{\"@type\":\"SearchAction\",\"target\":{\"@type\":\"EntryPoint\",\"urlTemplate\":\"https:\/\/preprod.optimix-software.com\/fr\/?s={search_term_string}\"},\"query-input\":{\"@type\":\"PropertyValueSpecification\",\"valueRequired\":true,\"valueName\":\"search_term_string\"}}],\"inLanguage\":\"fr-FR\"},{\"@type\":\"Organization\",\"@id\":\"https:\/\/preprod.optimix-software.com\/fr\/#organization\",\"name\":\"Optimix Software\",\"url\":\"https:\/\/preprod.optimix-software.com\/fr\/\",\"logo\":{\"@type\":\"ImageObject\",\"inLanguage\":\"fr-FR\",\"@id\":\"https:\/\/preprod.optimix-software.com\/fr\/#\/schema\/logo\/image\/\",\"url\":\"https:\/\/preprod.optimix-software.com\/wp-content\/uploads\/logo-carre-optimix-RETAIL-PERFORMANCE-SOFTWARE.jpg\",\"contentUrl\":\"https:\/\/preprod.optimix-software.com\/wp-content\/uploads\/logo-carre-optimix-RETAIL-PERFORMANCE-SOFTWARE.jpg\",\"width\":2001,\"height\":2001,\"caption\":\"Optimix Software\"},\"image\":{\"@id\":\"https:\/\/preprod.optimix-software.com\/fr\/#\/schema\/logo\/image\/\"},\"sameAs\":[\"https:\/\/www.linkedin.com\/company\/optimix-ffr\/\"]}]}<\/script>\n<!-- \/ Yoast SEO Premium plugin. -->","yoast_head_json":{"title":"Newsletter Optimix","description":"Que vous soyez un professionnel chevronn\u00e9 \u00e0 la recherche de nouvelles id\u00e9es ou un d\u00e9butant d\u00e9sireux d\u2019approfondir vos connaissances, notre newsletter saura r\u00e9pondre \u00e0 vos besoins.","robots":{"index":"noindex","follow":"follow","max-snippet":"max-snippet:-1","max-image-preview":"max-image-preview:large","max-video-preview":"max-video-preview:-1"},"og_locale":"fr_FR","og_type":"article","og_title":"Newsletter Optimix","og_description":"Que vous soyez un professionnel chevronn\u00e9 \u00e0 la recherche de nouvelles id\u00e9es ou un d\u00e9butant d\u00e9sireux d\u2019approfondir vos connaissances, notre newsletter saura r\u00e9pondre \u00e0 vos besoins.","og_url":"https:\/\/preprod.optimix-software.com\/fr\/newsletter-optimix\/","og_site_name":"Optimix Software","article_modified_time":"2024-05-30T08:56:28+00:00","og_image":[{"width":1200,"height":627,"url":"https:\/\/preprod.optimix-software.com\/wp-content\/uploads\/Livre-blanc-pricing-LinkedIn-Post-LinkedIn-Single-Image-Ad.png","type":"image\/png"}],"twitter_card":"summary_large_image","twitter_misc":{"Dur\u00e9e de lecture estim\u00e9e":"1 minute"},"schema":{"@context":"https:\/\/schema.org","@graph":[{"@type":"WebPage","@id":"https:\/\/preprod.optimix-software.com\/fr\/newsletter-optimix\/","url":"https:\/\/preprod.optimix-software.com\/fr\/newsletter-optimix\/","name":"Newsletter Optimix","isPartOf":{"@id":"https:\/\/preprod.optimix-software.com\/fr\/#website"},"primaryImageOfPage":{"@id":"https:\/\/preprod.optimix-software.com\/fr\/newsletter-optimix\/#primaryimage"},"image":{"@id":"https:\/\/preprod.optimix-software.com\/fr\/newsletter-optimix\/#primaryimage"},"thumbnailUrl":"https:\/\/preprod.optimix-software.com\/wp-content\/uploads\/news-1-copie.webp","datePublished":"2024-04-03T13:55:46+00:00","dateModified":"2024-05-30T08:56:28+00:00","description":"Que vous soyez un professionnel chevronn\u00e9 \u00e0 la recherche de nouvelles id\u00e9es ou un d\u00e9butant d\u00e9sireux d\u2019approfondir vos connaissances, notre newsletter saura r\u00e9pondre \u00e0 vos besoins.","breadcrumb":{"@id":"https:\/\/preprod.optimix-software.com\/fr\/newsletter-optimix\/#breadcrumb"},"inLanguage":"fr-FR","potentialAction":[{"@type":"ReadAction","target":["https:\/\/preprod.optimix-software.com\/fr\/newsletter-optimix\/"]}]},{"@type":"ImageObject","inLanguage":"fr-FR","@id":"https:\/\/preprod.optimix-software.com\/fr\/newsletter-optimix\/#primaryimage","url":"https:\/\/preprod.optimix-software.com\/wp-content\/uploads\/news-1-copie.webp","contentUrl":"https:\/\/preprod.optimix-software.com\/wp-content\/uploads\/news-1-copie.webp","width":300,"height":300},{"@type":"BreadcrumbList","@id":"https:\/\/preprod.optimix-software.com\/fr\/newsletter-optimix\/#breadcrumb","itemListElement":[{"@type":"ListItem","position":1,"name":"Accueil","item":"https:\/\/preprod.optimix-software.com\/fr\/"},{"@type":"ListItem","position":2,"name":"Newsletter Optimix"}]},{"@type":"WebSite","@id":"https:\/\/preprod.optimix-software.com\/fr\/#website","url":"https:\/\/preprod.optimix-software.com\/fr\/","name":"Optimix Software","description":"Solutions de Pricing et Supply chain d\u00e9di\u00e9es au retail","publisher":{"@id":"https:\/\/preprod.optimix-software.com\/fr\/#organization"},"potentialAction":[{"@type":"SearchAction","target":{"@type":"EntryPoint","urlTemplate":"https:\/\/preprod.optimix-software.com\/fr\/?s={search_term_string}"},"query-input":{"@type":"PropertyValueSpecification","valueRequired":true,"valueName":"search_term_string"}}],"inLanguage":"fr-FR"},{"@type":"Organization","@id":"https:\/\/preprod.optimix-software.com\/fr\/#organization","name":"Optimix Software","url":"https:\/\/preprod.optimix-software.com\/fr\/","logo":{"@type":"ImageObject","inLanguage":"fr-FR","@id":"https:\/\/preprod.optimix-software.com\/fr\/#\/schema\/logo\/image\/","url":"https:\/\/preprod.optimix-software.com\/wp-content\/uploads\/logo-carre-optimix-RETAIL-PERFORMANCE-SOFTWARE.jpg","contentUrl":"https:\/\/preprod.optimix-software.com\/wp-content\/uploads\/logo-carre-optimix-RETAIL-PERFORMANCE-SOFTWARE.jpg","width":2001,"height":2001,"caption":"Optimix Software"},"image":{"@id":"https:\/\/preprod.optimix-software.com\/fr\/#\/schema\/logo\/image\/"},"sameAs":["https:\/\/www.linkedin.com\/company\/optimix-ffr\/"]}]}},"_links":{"self":[{"href":"https:\/\/preprod.optimix-software.com\/fr\/wp-json\/wp\/v2\/pages\/24524","targetHints":{"allow":["GET"]}}],"collection":[{"href":"https:\/\/preprod.optimix-software.com\/fr\/wp-json\/wp\/v2\/pages"}],"about":[{"href":"https:\/\/preprod.optimix-software.com\/fr\/wp-json\/wp\/v2\/types\/page"}],"author":[{"embeddable":true,"href":"https:\/\/preprod.optimix-software.com\/fr\/wp-json\/wp\/v2\/users\/3"}],"replies":[{"embeddable":true,"href":"https:\/\/preprod.optimix-software.com\/fr\/wp-json\/wp\/v2\/comments?post=24524"}],"version-history":[{"count":18,"href":"https:\/\/preprod.optimix-software.com\/fr\/wp-json\/wp\/v2\/pages\/24524\/revisions"}],"predecessor-version":[{"id":26742,"href":"https:\/\/preprod.optimix-software.com\/fr\/wp-json\/wp\/v2\/pages\/24524\/revisions\/26742"}],"wp:featuredmedia":[{"embeddable":true,"href":"https:\/\/preprod.optimix-software.com\/fr\/wp-json\/wp\/v2\/media\/24534"}],"wp:attachment":[{"href":"https:\/\/preprod.optimix-software.com\/fr\/wp-json\/wp\/v2\/media?parent=24524"}],"curies":[{"name":"wp","href":"https:\/\/api.w.org\/{rel}","templated":true}]}}