{"id":25832,"date":"2024-04-24T14:47:33","date_gmt":"2024-04-24T12:47:33","guid":{"rendered":"https:\/\/optimix.fr\/?page_id=25832"},"modified":"2025-02-03T12:09:57","modified_gmt":"2025-02-03T11:09:57","slug":"livre-blanc-comment-definir-une-strategie-de-pricing-en-periode-inflationniste","status":"publish","type":"page","link":"https:\/\/preprod.optimix-software.com\/fr\/livre-blanc-comment-definir-une-strategie-de-pricing-en-periode-inflationniste\/","title":{"rendered":"Livre blanc : Comment d\u00e9finir une strat\u00e9gie de pricing en p\u00e9riode inflationniste"},"content":{"rendered":"\t\t<div data-elementor-type=\"wp-page\" data-elementor-id=\"25832\" class=\"elementor elementor-25832\" data-elementor-post-type=\"page\">\n\t\t\t\t<div class=\"elementor-element elementor-element-65937d9 e-flex e-con-boxed e-con e-parent\" data-id=\"65937d9\" data-element_type=\"container\" data-settings=\"{&quot;background_background&quot;:&quot;classic&quot;}\">\n\t\t\t\t\t<div class=\"e-con-inner\">\n\t\t<div class=\"elementor-element elementor-element-a1cff0c e-con-full e-flex e-con e-child\" data-id=\"a1cff0c\" data-element_type=\"container\">\n\t\t\t\t<div class=\"elementor-element elementor-element-6537df2 elementor-widget elementor-widget-heading\" data-id=\"6537df2\" data-element_type=\"widget\" data-widget_type=\"heading.default\">\n\t\t\t\t<div class=\"elementor-widget-container\">\n\t\t\t\t\t<h1 class=\"elementor-heading-title elementor-size-default\">Livre Blanc<\/h1>\t\t\t\t<\/div>\n\t\t\t\t<\/div>\n\t\t\t\t<div class=\"elementor-element elementor-element-b47d66f elementor-widget elementor-widget-heading\" data-id=\"b47d66f\" data-element_type=\"widget\" data-widget_type=\"heading.default\">\n\t\t\t\t<div class=\"elementor-widget-container\">\n\t\t\t\t\t<h2 class=\"elementor-heading-title elementor-size-default\">Quelles strat\u00e9gies de tarification en p\u00e9riode inflationniste ?<\/h2>\t\t\t\t<\/div>\n\t\t\t\t<\/div>\n\t\t\t\t<div class=\"elementor-element elementor-element-4834e77a elementor-widget__width-initial elementor-widget elementor-widget-text-editor\" data-id=\"4834e77a\" data-element_type=\"widget\" data-widget_type=\"text-editor.default\">\n\t\t\t\t<div class=\"elementor-widget-container\">\n\t\t\t\t\t\t\t\t\t<p><span style=\"font-weight: 400;\">Alors que l&rsquo;Europe traverse une phase persistante d&rsquo;inflation, le secteur du retail est confront\u00e9 \u00e0 des d\u00e9fis \u00e9conomiques sans pr\u00e9c\u00e9dent. <\/span><span style=\"font-weight: 400;\">Face \u00e0 cette r\u00e9alit\u00e9, une question cruciale \u00e9merge :<\/span><\/p><p><b>Comment adapter sa strat\u00e9gie de tarification en p\u00e9riode inflationniste ?<\/b><\/p><p><span style=\"font-weight: 400;\">\u00c0 travers des analyses approfondies, ce livre blanc explore comment les entreprises de retail <\/span><b>peuvent s&rsquo;adapter et prosp\u00e9rer<\/b><span style=\"font-weight: 400;\"> malgr\u00e9 les d\u00e9fis \u00e9conomiques actuels.<\/span><\/p>\t\t\t\t\t\t\t\t<\/div>\n\t\t\t\t<\/div>\n\t\t\t\t<div class=\"elementor-element elementor-element-a51ea3d elementor-widget elementor-widget-heading\" data-id=\"a51ea3d\" data-element_type=\"widget\" data-widget_type=\"heading.default\">\n\t\t\t\t<div class=\"elementor-widget-container\">\n\t\t\t\t\t<h3 class=\"elementor-heading-title elementor-size-default\">Points cl\u00e9s du Livre Blanc<\/h3>\t\t\t\t<\/div>\n\t\t\t\t<\/div>\n\t\t\t\t<div class=\"elementor-element elementor-element-7f1fb02 elementor-widget elementor-widget-text-editor\" data-id=\"7f1fb02\" data-element_type=\"widget\" data-widget_type=\"text-editor.default\">\n\t\t\t\t<div class=\"elementor-widget-container\">\n\t\t\t\t\t\t\t\t\t<ul><li style=\"font-weight: 400;\" aria-level=\"1\"><span style=\"font-weight: 400;\">Des analyses \u00e9clair\u00e9es sur<\/span><b> les strat\u00e9gies de tarification<\/b><span style=\"font-weight: 400;\"> les plus efficaces en p\u00e9riode inflationniste.<\/span><\/li><li style=\"font-weight: 400;\" aria-level=\"1\"><b>L&rsquo;impact des nouvelles technologies et de l&rsquo;IA<\/b><span style=\"font-weight: 400;\"> sur la d\u00e9finition des prix, vous offrant un avantage concurrentiel crucial.<\/span><\/li><li style=\"font-weight: 400;\" aria-level=\"1\"><b>5 conseils pratiques <\/b><span>pour optimiser votre positionnement sur le march\u00e9 et naviguer avec assurance dans ces temps incertains.<\/span><\/li><\/ul>\t\t\t\t\t\t\t\t<\/div>\n\t\t\t\t<\/div>\n\t\t\t\t<\/div>\n\t\t<div class=\"elementor-element elementor-element-5bae97b e-con-full e-flex e-con e-child\" data-id=\"5bae97b\" data-element_type=\"container\">\n\t\t\t\t<div class=\"elementor-element elementor-element-05efd48 elementor-hidden-tablet elementor-hidden-mobile elementor-widget elementor-widget-image\" data-id=\"05efd48\" data-element_type=\"widget\" data-widget_type=\"image.default\">\n\t\t\t\t<div class=\"elementor-widget-container\">\n\t\t\t\t\t\t\t\t\t\t\t\t\t\t\t<img fetchpriority=\"high\" decoding=\"async\" width=\"768\" height=\"401\" src=\"https:\/\/preprod.optimix-software.com\/wp-content\/uploads\/Quelles-strategies-de-tarification-en-periode-inflationniste-768x401.webp\" class=\"attachment-medium_large size-medium_large wp-image-26039\" alt=\"Quelles-strat\u00e9gies-de-tarification-en-p\u00e9riode-inflationniste\" srcset=\"https:\/\/preprod.optimix-software.com\/wp-content\/uploads\/Quelles-strategies-de-tarification-en-periode-inflationniste-768x401.webp 768w, https:\/\/preprod.optimix-software.com\/wp-content\/uploads\/Quelles-strategies-de-tarification-en-periode-inflationniste-600x314.webp 600w, https:\/\/preprod.optimix-software.com\/wp-content\/uploads\/Quelles-strategies-de-tarification-en-periode-inflationniste.webp 1200w\" sizes=\"(max-width: 768px) 100vw, 768px\" \/>\t\t\t\t\t\t\t\t\t\t\t\t\t\t\t<\/div>\n\t\t\t\t<\/div>\n\t\t\t\t<div class=\"elementor-element elementor-element-f8a9311 elementor-widget__width-initial elementor-hidden-desktop elementor-hidden-tablet elementor-hidden-mobile elementor-widget elementor-widget-html\" data-id=\"f8a9311\" data-element_type=\"widget\" data-widget_type=\"html.default\">\n\t\t\t\t<div class=\"elementor-widget-container\">\n\t\t\t\t\t<div class=\"pipedriveWebForms\" data-pd-webforms=\"https:\/\/webforms.pipedrive.com\/f\/6ckA12V7tT6HxoZ7WjKjNHslcA5A811wxqcmZRL6vBe25gBH7pmOl9uKx9TejbL5v5\"><script src=\"https:\/\/webforms.pipedrive.com\/f\/loader\"><\/script><\/div>\t\t\t\t<\/div>\n\t\t\t\t<\/div>\n\t\t\t\t<div class=\"elementor-element elementor-element-bf0849f elementor-widget__width-initial elementor-widget elementor-widget-html\" data-id=\"bf0849f\" data-element_type=\"widget\" data-widget_type=\"html.default\">\n\t\t\t\t<div class=\"elementor-widget-container\">\n\t\t\t\t\t<script charset=\"utf-8\" type=\"text\/javascript\" src=\"\/\/js-eu1.hsforms.net\/forms\/embed\/v2.js\"><\/script>\r\n<script>\r\n  hbspt.forms.create({\r\n    region: \"eu1\",\r\n    portalId: \"144414462\",\r\n    formId: \"599e9804-c16d-4ca3-ad92-263dcaadc042\"\r\n  });\r\n<\/script>\r\n\t\t\t\t<\/div>\n\t\t\t\t<\/div>\n\t\t\t\t<\/div>\n\t\t\t\t\t<\/div>\n\t\t\t\t<\/div>\n\t\t\t\t<\/div>\n\t\t","protected":false},"excerpt":{"rendered":"<p>D\u00e9couvrez des strat\u00e9gies de tarification efficaces pour le retail en p\u00e9riode d&rsquo;inflation avec ce livre blanc. Adaptez-vous et prosp\u00e9rez malgr\u00e9 les d\u00e9fis \u00e9conomiques.<\/p>\n","protected":false},"author":3,"featured_media":26039,"parent":0,"menu_order":0,"comment_status":"closed","ping_status":"closed","template":"","meta":{"inline_featured_image":false,"footnotes":""},"class_list":["post-25832","page","type-page","status-publish","has-post-thumbnail","hentry"],"yoast_head":"<!-- This site is optimized with the Yoast SEO Premium plugin v22.8 (Yoast SEO v25.1) - https:\/\/yoast.com\/wordpress\/plugins\/seo\/ -->\n<title>Strat\u00e9gie de pricing et Inflation - optimix XPA<\/title>\n<meta name=\"description\" content=\"D\u00e9couvrez comment prosp\u00e9rer en retail malgr\u00e9 l&#039;inflation avec notre livre blanc sur les strat\u00e9gies de pricing et de tarification.\" \/>\n<meta name=\"robots\" content=\"noindex, follow, max-snippet:-1, max-image-preview:large, max-video-preview:-1\" \/>\n<meta property=\"og:locale\" content=\"fr_FR\" \/>\n<meta property=\"og:type\" content=\"article\" \/>\n<meta property=\"og:title\" content=\"Livre blanc : Comment d\u00e9finir une strat\u00e9gie de pricing en p\u00e9riode inflationniste\" \/>\n<meta property=\"og:description\" content=\"D\u00e9couvrez comment prosp\u00e9rer en retail malgr\u00e9 l&#039;inflation avec notre livre blanc sur les strat\u00e9gies de pricing et de tarification.\" \/>\n<meta property=\"og:url\" content=\"https:\/\/preprod.optimix-software.com\/fr\/livre-blanc-comment-definir-une-strategie-de-pricing-en-periode-inflationniste\/\" \/>\n<meta property=\"og:site_name\" content=\"Optimix Software\" \/>\n<meta property=\"article:modified_time\" content=\"2025-02-03T11:09:57+00:00\" \/>\n<meta property=\"og:image\" content=\"https:\/\/preprod.optimix-software.com\/wp-content\/uploads\/Quelles-strategies-de-tarification-en-periode-inflationniste.webp\" \/>\n\t<meta property=\"og:image:width\" content=\"1200\" \/>\n\t<meta property=\"og:image:height\" content=\"627\" \/>\n\t<meta property=\"og:image:type\" content=\"image\/webp\" \/>\n<meta name=\"twitter:card\" content=\"summary_large_image\" \/>\n<meta name=\"twitter:label1\" content=\"Dur\u00e9e de lecture estim\u00e9e\" \/>\n\t<meta name=\"twitter:data1\" content=\"1 minute\" \/>\n<script type=\"application\/ld+json\" class=\"yoast-schema-graph\">{\"@context\":\"https:\/\/schema.org\",\"@graph\":[{\"@type\":\"WebPage\",\"@id\":\"https:\/\/preprod.optimix-software.com\/fr\/livre-blanc-comment-definir-une-strategie-de-pricing-en-periode-inflationniste\/\",\"url\":\"https:\/\/preprod.optimix-software.com\/fr\/livre-blanc-comment-definir-une-strategie-de-pricing-en-periode-inflationniste\/\",\"name\":\"Strat\u00e9gie de pricing et Inflation - optimix XPA\",\"isPartOf\":{\"@id\":\"https:\/\/preprod.optimix-software.com\/fr\/#website\"},\"primaryImageOfPage\":{\"@id\":\"https:\/\/preprod.optimix-software.com\/fr\/livre-blanc-comment-definir-une-strategie-de-pricing-en-periode-inflationniste\/#primaryimage\"},\"image\":{\"@id\":\"https:\/\/preprod.optimix-software.com\/fr\/livre-blanc-comment-definir-une-strategie-de-pricing-en-periode-inflationniste\/#primaryimage\"},\"thumbnailUrl\":\"https:\/\/preprod.optimix-software.com\/wp-content\/uploads\/Quelles-strategies-de-tarification-en-periode-inflationniste.webp\",\"datePublished\":\"2024-04-24T12:47:33+00:00\",\"dateModified\":\"2025-02-03T11:09:57+00:00\",\"description\":\"D\u00e9couvrez comment prosp\u00e9rer en retail malgr\u00e9 l'inflation avec notre livre blanc sur les strat\u00e9gies de pricing et de tarification.\",\"breadcrumb\":{\"@id\":\"https:\/\/preprod.optimix-software.com\/fr\/livre-blanc-comment-definir-une-strategie-de-pricing-en-periode-inflationniste\/#breadcrumb\"},\"inLanguage\":\"fr-FR\",\"potentialAction\":[{\"@type\":\"ReadAction\",\"target\":[\"https:\/\/preprod.optimix-software.com\/fr\/livre-blanc-comment-definir-une-strategie-de-pricing-en-periode-inflationniste\/\"]}]},{\"@type\":\"ImageObject\",\"inLanguage\":\"fr-FR\",\"@id\":\"https:\/\/preprod.optimix-software.com\/fr\/livre-blanc-comment-definir-une-strategie-de-pricing-en-periode-inflationniste\/#primaryimage\",\"url\":\"https:\/\/preprod.optimix-software.com\/wp-content\/uploads\/Quelles-strategies-de-tarification-en-periode-inflationniste.webp\",\"contentUrl\":\"https:\/\/preprod.optimix-software.com\/wp-content\/uploads\/Quelles-strategies-de-tarification-en-periode-inflationniste.webp\",\"width\":1200,\"height\":627,\"caption\":\"Quelles-strat\u00e9gies-de-tarification-en-p\u00e9riode-inflationniste\"},{\"@type\":\"BreadcrumbList\",\"@id\":\"https:\/\/preprod.optimix-software.com\/fr\/livre-blanc-comment-definir-une-strategie-de-pricing-en-periode-inflationniste\/#breadcrumb\",\"itemListElement\":[{\"@type\":\"ListItem\",\"position\":1,\"name\":\"Accueil\",\"item\":\"https:\/\/preprod.optimix-software.com\/fr\/\"},{\"@type\":\"ListItem\",\"position\":2,\"name\":\"Livre blanc : Comment d\u00e9finir une strat\u00e9gie de pricing en p\u00e9riode inflationniste\"}]},{\"@type\":\"WebSite\",\"@id\":\"https:\/\/preprod.optimix-software.com\/fr\/#website\",\"url\":\"https:\/\/preprod.optimix-software.com\/fr\/\",\"name\":\"Optimix Software\",\"description\":\"Solutions de Pricing et Supply chain d\u00e9di\u00e9es au retail\",\"publisher\":{\"@id\":\"https:\/\/preprod.optimix-software.com\/fr\/#organization\"},\"potentialAction\":[{\"@type\":\"SearchAction\",\"target\":{\"@type\":\"EntryPoint\",\"urlTemplate\":\"https:\/\/preprod.optimix-software.com\/fr\/?s={search_term_string}\"},\"query-input\":{\"@type\":\"PropertyValueSpecification\",\"valueRequired\":true,\"valueName\":\"search_term_string\"}}],\"inLanguage\":\"fr-FR\"},{\"@type\":\"Organization\",\"@id\":\"https:\/\/preprod.optimix-software.com\/fr\/#organization\",\"name\":\"Optimix Software\",\"url\":\"https:\/\/preprod.optimix-software.com\/fr\/\",\"logo\":{\"@type\":\"ImageObject\",\"inLanguage\":\"fr-FR\",\"@id\":\"https:\/\/preprod.optimix-software.com\/fr\/#\/schema\/logo\/image\/\",\"url\":\"https:\/\/preprod.optimix-software.com\/wp-content\/uploads\/logo-carre-optimix-RETAIL-PERFORMANCE-SOFTWARE.jpg\",\"contentUrl\":\"https:\/\/preprod.optimix-software.com\/wp-content\/uploads\/logo-carre-optimix-RETAIL-PERFORMANCE-SOFTWARE.jpg\",\"width\":2001,\"height\":2001,\"caption\":\"Optimix Software\"},\"image\":{\"@id\":\"https:\/\/preprod.optimix-software.com\/fr\/#\/schema\/logo\/image\/\"},\"sameAs\":[\"https:\/\/www.linkedin.com\/company\/optimix-ffr\/\"]}]}<\/script>\n<!-- \/ Yoast SEO Premium plugin. -->","yoast_head_json":{"title":"Strat\u00e9gie de pricing et Inflation - optimix XPA","description":"D\u00e9couvrez comment prosp\u00e9rer en retail malgr\u00e9 l'inflation avec notre livre blanc sur les strat\u00e9gies de pricing et de tarification.","robots":{"index":"noindex","follow":"follow","max-snippet":"max-snippet:-1","max-image-preview":"max-image-preview:large","max-video-preview":"max-video-preview:-1"},"og_locale":"fr_FR","og_type":"article","og_title":"Livre blanc : Comment d\u00e9finir une strat\u00e9gie de pricing en p\u00e9riode inflationniste","og_description":"D\u00e9couvrez comment prosp\u00e9rer en retail malgr\u00e9 l'inflation avec notre livre blanc sur les strat\u00e9gies de pricing et de tarification.","og_url":"https:\/\/preprod.optimix-software.com\/fr\/livre-blanc-comment-definir-une-strategie-de-pricing-en-periode-inflationniste\/","og_site_name":"Optimix Software","article_modified_time":"2025-02-03T11:09:57+00:00","og_image":[{"width":1200,"height":627,"url":"https:\/\/preprod.optimix-software.com\/wp-content\/uploads\/Quelles-strategies-de-tarification-en-periode-inflationniste.webp","type":"image\/webp"}],"twitter_card":"summary_large_image","twitter_misc":{"Dur\u00e9e de lecture estim\u00e9e":"1 minute"},"schema":{"@context":"https:\/\/schema.org","@graph":[{"@type":"WebPage","@id":"https:\/\/preprod.optimix-software.com\/fr\/livre-blanc-comment-definir-une-strategie-de-pricing-en-periode-inflationniste\/","url":"https:\/\/preprod.optimix-software.com\/fr\/livre-blanc-comment-definir-une-strategie-de-pricing-en-periode-inflationniste\/","name":"Strat\u00e9gie de pricing et Inflation - optimix XPA","isPartOf":{"@id":"https:\/\/preprod.optimix-software.com\/fr\/#website"},"primaryImageOfPage":{"@id":"https:\/\/preprod.optimix-software.com\/fr\/livre-blanc-comment-definir-une-strategie-de-pricing-en-periode-inflationniste\/#primaryimage"},"image":{"@id":"https:\/\/preprod.optimix-software.com\/fr\/livre-blanc-comment-definir-une-strategie-de-pricing-en-periode-inflationniste\/#primaryimage"},"thumbnailUrl":"https:\/\/preprod.optimix-software.com\/wp-content\/uploads\/Quelles-strategies-de-tarification-en-periode-inflationniste.webp","datePublished":"2024-04-24T12:47:33+00:00","dateModified":"2025-02-03T11:09:57+00:00","description":"D\u00e9couvrez comment prosp\u00e9rer en retail malgr\u00e9 l'inflation avec notre livre blanc sur les strat\u00e9gies de pricing et de tarification.","breadcrumb":{"@id":"https:\/\/preprod.optimix-software.com\/fr\/livre-blanc-comment-definir-une-strategie-de-pricing-en-periode-inflationniste\/#breadcrumb"},"inLanguage":"fr-FR","potentialAction":[{"@type":"ReadAction","target":["https:\/\/preprod.optimix-software.com\/fr\/livre-blanc-comment-definir-une-strategie-de-pricing-en-periode-inflationniste\/"]}]},{"@type":"ImageObject","inLanguage":"fr-FR","@id":"https:\/\/preprod.optimix-software.com\/fr\/livre-blanc-comment-definir-une-strategie-de-pricing-en-periode-inflationniste\/#primaryimage","url":"https:\/\/preprod.optimix-software.com\/wp-content\/uploads\/Quelles-strategies-de-tarification-en-periode-inflationniste.webp","contentUrl":"https:\/\/preprod.optimix-software.com\/wp-content\/uploads\/Quelles-strategies-de-tarification-en-periode-inflationniste.webp","width":1200,"height":627,"caption":"Quelles-strat\u00e9gies-de-tarification-en-p\u00e9riode-inflationniste"},{"@type":"BreadcrumbList","@id":"https:\/\/preprod.optimix-software.com\/fr\/livre-blanc-comment-definir-une-strategie-de-pricing-en-periode-inflationniste\/#breadcrumb","itemListElement":[{"@type":"ListItem","position":1,"name":"Accueil","item":"https:\/\/preprod.optimix-software.com\/fr\/"},{"@type":"ListItem","position":2,"name":"Livre blanc : Comment d\u00e9finir une strat\u00e9gie de pricing en p\u00e9riode inflationniste"}]},{"@type":"WebSite","@id":"https:\/\/preprod.optimix-software.com\/fr\/#website","url":"https:\/\/preprod.optimix-software.com\/fr\/","name":"Optimix Software","description":"Solutions de Pricing et Supply chain d\u00e9di\u00e9es au retail","publisher":{"@id":"https:\/\/preprod.optimix-software.com\/fr\/#organization"},"potentialAction":[{"@type":"SearchAction","target":{"@type":"EntryPoint","urlTemplate":"https:\/\/preprod.optimix-software.com\/fr\/?s={search_term_string}"},"query-input":{"@type":"PropertyValueSpecification","valueRequired":true,"valueName":"search_term_string"}}],"inLanguage":"fr-FR"},{"@type":"Organization","@id":"https:\/\/preprod.optimix-software.com\/fr\/#organization","name":"Optimix Software","url":"https:\/\/preprod.optimix-software.com\/fr\/","logo":{"@type":"ImageObject","inLanguage":"fr-FR","@id":"https:\/\/preprod.optimix-software.com\/fr\/#\/schema\/logo\/image\/","url":"https:\/\/preprod.optimix-software.com\/wp-content\/uploads\/logo-carre-optimix-RETAIL-PERFORMANCE-SOFTWARE.jpg","contentUrl":"https:\/\/preprod.optimix-software.com\/wp-content\/uploads\/logo-carre-optimix-RETAIL-PERFORMANCE-SOFTWARE.jpg","width":2001,"height":2001,"caption":"Optimix Software"},"image":{"@id":"https:\/\/preprod.optimix-software.com\/fr\/#\/schema\/logo\/image\/"},"sameAs":["https:\/\/www.linkedin.com\/company\/optimix-ffr\/"]}]}},"_links":{"self":[{"href":"https:\/\/preprod.optimix-software.com\/fr\/wp-json\/wp\/v2\/pages\/25832","targetHints":{"allow":["GET"]}}],"collection":[{"href":"https:\/\/preprod.optimix-software.com\/fr\/wp-json\/wp\/v2\/pages"}],"about":[{"href":"https:\/\/preprod.optimix-software.com\/fr\/wp-json\/wp\/v2\/types\/page"}],"author":[{"embeddable":true,"href":"https:\/\/preprod.optimix-software.com\/fr\/wp-json\/wp\/v2\/users\/3"}],"replies":[{"embeddable":true,"href":"https:\/\/preprod.optimix-software.com\/fr\/wp-json\/wp\/v2\/comments?post=25832"}],"version-history":[{"count":33,"href":"https:\/\/preprod.optimix-software.com\/fr\/wp-json\/wp\/v2\/pages\/25832\/revisions"}],"predecessor-version":[{"id":26781,"href":"https:\/\/preprod.optimix-software.com\/fr\/wp-json\/wp\/v2\/pages\/25832\/revisions\/26781"}],"wp:featuredmedia":[{"embeddable":true,"href":"https:\/\/preprod.optimix-software.com\/fr\/wp-json\/wp\/v2\/media\/26039"}],"wp:attachment":[{"href":"https:\/\/preprod.optimix-software.com\/fr\/wp-json\/wp\/v2\/media?parent=25832"}],"curies":[{"name":"wp","href":"https:\/\/api.w.org\/{rel}","templated":true}]}}