{"id":26261,"date":"2024-05-07T16:17:20","date_gmt":"2024-05-07T14:17:20","guid":{"rendered":"https:\/\/optimix.fr\/?page_id=26261"},"modified":"2024-05-22T18:24:02","modified_gmt":"2024-05-22T16:24:02","slug":"livre-blanc-supply-chain-et-demand-planning-fr","status":"publish","type":"page","link":"https:\/\/preprod.optimix-software.com\/fr\/livre-blanc-supply-chain-et-demand-planning-fr\/","title":{"rendered":"Livre blanc Supply Chain &#038; Demand Planning"},"content":{"rendered":"\t\t<div data-elementor-type=\"wp-page\" data-elementor-id=\"26261\" class=\"elementor elementor-26261\" data-elementor-post-type=\"page\">\n\t\t\t\t<div class=\"elementor-element elementor-element-7b6d080 e-flex e-con-boxed e-con e-parent\" data-id=\"7b6d080\" data-element_type=\"container\">\n\t\t\t\t\t<div class=\"e-con-inner\">\n\t\t<div class=\"elementor-element elementor-element-8883b93 e-con-full e-flex e-con e-child\" data-id=\"8883b93\" data-element_type=\"container\">\n\t\t\t\t<div class=\"elementor-element elementor-element-76a26de elementor-widget elementor-widget-heading\" data-id=\"76a26de\" data-element_type=\"widget\" data-widget_type=\"heading.default\">\n\t\t\t\t<div class=\"elementor-widget-container\">\n\t\t\t\t\t<h1 class=\"elementor-heading-title elementor-size-default\">Livre blanc <\/h1>\t\t\t\t<\/div>\n\t\t\t\t<\/div>\n\t\t\t\t<div class=\"elementor-element elementor-element-d2a355e elementor-widget elementor-widget-heading\" data-id=\"d2a355e\" data-element_type=\"widget\" data-widget_type=\"heading.default\">\n\t\t\t\t<div class=\"elementor-widget-container\">\n\t\t\t\t\t<h2 class=\"elementor-heading-title elementor-size-default\">Supply chain &amp; Demand Planning : Les cl\u00e9s d'une planification r\u00e9ussie <\/h2>\t\t\t\t<\/div>\n\t\t\t\t<\/div>\n\t\t\t\t<div class=\"elementor-element elementor-element-752b682 elementor-widget elementor-widget-text-editor\" data-id=\"752b682\" data-element_type=\"widget\" data-widget_type=\"text-editor.default\">\n\t\t\t\t<div class=\"elementor-widget-container\">\n\t\t\t\t\t\t\t\t\t<p><span style=\"font-weight: 400;\">Dans ce nouveau guide, d\u00e9couvrez l&rsquo;importance de la pr\u00e9vision de la demande et de la planification de la supply chain. <\/span><\/p><p><span style=\"font-weight: 400;\">Explorez les strat\u00e9gies cl\u00e9s pour<\/span><b> am\u00e9liorer la pr\u00e9cision de vos pr\u00e9visions et optimiser votre gestion des stocks<\/b><span style=\"font-weight: 400;\">.<\/span><\/p>\t\t\t\t\t\t\t\t<\/div>\n\t\t\t\t<\/div>\n\t\t\t\t<div class=\"elementor-element elementor-element-fa05927 elementor-widget elementor-widget-text-editor\" data-id=\"fa05927\" data-element_type=\"widget\" data-widget_type=\"text-editor.default\">\n\t\t\t\t<div class=\"elementor-widget-container\">\n\t\t\t\t\t\t\t\t\t<ul><li>D\u00e9couvrez les strat\u00e9gies essentielles pour ma\u00eetriser la pr\u00e9vision de la demande,<\/li><li>Relevez les d\u00e9fis de la pr\u00e9diction pr\u00e9cise,<\/li><li>Evaluez la qualit\u00e9 des pr\u00e9visions et<\/li><li>Mettez en place des mesures pour r\u00e9duire les risques d&rsquo;erreurs.<\/li><\/ul>\t\t\t\t\t\t\t\t<\/div>\n\t\t\t\t<\/div>\n\t\t\t\t<\/div>\n\t\t<div class=\"elementor-element elementor-element-26064cd e-con-full e-flex e-con e-child\" data-id=\"26064cd\" data-element_type=\"container\">\n\t\t\t\t<div class=\"elementor-element elementor-element-501393f elementor-widget elementor-widget-image\" data-id=\"501393f\" data-element_type=\"widget\" data-widget_type=\"image.default\">\n\t\t\t\t<div class=\"elementor-widget-container\">\n\t\t\t\t\t\t\t\t\t\t\t\t\t\t\t<img fetchpriority=\"high\" decoding=\"async\" width=\"800\" height=\"333\" src=\"https:\/\/preprod.optimix-software.com\/wp-content\/uploads\/banniere-livre-blanc-demand-planning.webp\" class=\"attachment-large size-large wp-image-26142\" alt=\"Livre Blanc Supply Demand Planning Les cl\u00e9s d\u2019une planification r\u00e9ussie\" srcset=\"https:\/\/preprod.optimix-software.com\/wp-content\/uploads\/banniere-livre-blanc-demand-planning.webp 1000w, https:\/\/preprod.optimix-software.com\/wp-content\/uploads\/banniere-livre-blanc-demand-planning-600x250.webp 600w, https:\/\/preprod.optimix-software.com\/wp-content\/uploads\/banniere-livre-blanc-demand-planning-768x319.webp 768w\" sizes=\"(max-width: 800px) 100vw, 800px\" \/>\t\t\t\t\t\t\t\t\t\t\t\t\t\t\t<\/div>\n\t\t\t\t<\/div>\n\t\t\t\t<div class=\"elementor-element elementor-element-50858c5 elementor-widget elementor-widget-html\" data-id=\"50858c5\" data-element_type=\"widget\" data-widget_type=\"html.default\">\n\t\t\t\t<div class=\"elementor-widget-container\">\n\t\t\t\t\t<script charset=\"utf-8\" type=\"text\/javascript\" src=\"\/\/js-eu1.hsforms.net\/forms\/embed\/v2.js\"><\/script>\r\n<script>\r\n  hbspt.forms.create({\r\n    region: \"eu1\",\r\n    portalId: \"144414462\",\r\n    formId: \"7d45e08e-3f93-4c2d-9af7-40acc63a0889\"\r\n  });\r\n<\/script>\r\n\t\t\t\t<\/div>\n\t\t\t\t<\/div>\n\t\t\t\t<\/div>\n\t\t\t\t\t<\/div>\n\t\t\t\t<\/div>\n\t\t\t\t<\/div>\n\t\t","protected":false},"excerpt":{"rendered":"<p>D\u00e9couvrez les cl\u00e9s pour anticiper la demande client et optimiser la cha\u00eene d&rsquo;approvisionnement dans notre livre blanc sur la gestion pr\u00e9visionnelle.<\/p>\n","protected":false},"author":3,"featured_media":26142,"parent":0,"menu_order":0,"comment_status":"closed","ping_status":"closed","template":"","meta":{"inline_featured_image":false,"footnotes":""},"class_list":["post-26261","page","type-page","status-publish","has-post-thumbnail","hentry"],"yoast_head":"<!-- This site is optimized with the Yoast SEO Premium plugin v22.8 (Yoast SEO v25.1) - https:\/\/yoast.com\/wordpress\/plugins\/seo\/ -->\n<title>Livre Blanc Demand Planning<\/title>\n<meta name=\"description\" content=\"D\u00e9couvrez les cl\u00e9s pour anticiper la demande client et optimiser la cha\u00eene d&#039;approvisionnement dans notre livre blanc sur la gestion pr\u00e9visionnelle.\" \/>\n<meta name=\"robots\" content=\"noindex, follow, max-snippet:-1, max-image-preview:large, max-video-preview:-1\" \/>\n<meta property=\"og:locale\" content=\"fr_FR\" \/>\n<meta property=\"og:type\" content=\"article\" \/>\n<meta property=\"og:title\" content=\"Livre blanc Supply Chain &amp; Demand Planning\" \/>\n<meta property=\"og:description\" content=\"D\u00e9couvrez les cl\u00e9s pour anticiper la demande client et optimiser la cha\u00eene d&#039;approvisionnement dans notre livre blanc sur la gestion pr\u00e9visionnelle.\" \/>\n<meta property=\"og:url\" content=\"https:\/\/preprod.optimix-software.com\/fr\/livre-blanc-supply-chain-et-demand-planning-fr\/\" \/>\n<meta property=\"og:site_name\" content=\"Optimix Software\" \/>\n<meta property=\"article:modified_time\" content=\"2024-05-22T16:24:02+00:00\" \/>\n<meta property=\"og:image\" content=\"https:\/\/preprod.optimix-software.com\/wp-content\/uploads\/banniere-livre-blanc-demand-planning.webp\" \/>\n\t<meta property=\"og:image:width\" content=\"1000\" \/>\n\t<meta property=\"og:image:height\" content=\"416\" \/>\n\t<meta property=\"og:image:type\" content=\"image\/webp\" \/>\n<meta name=\"twitter:card\" content=\"summary_large_image\" \/>\n<meta name=\"twitter:label1\" content=\"Dur\u00e9e de lecture estim\u00e9e\" \/>\n\t<meta name=\"twitter:data1\" content=\"1 minute\" \/>\n<script type=\"application\/ld+json\" class=\"yoast-schema-graph\">{\"@context\":\"https:\/\/schema.org\",\"@graph\":[{\"@type\":\"WebPage\",\"@id\":\"https:\/\/preprod.optimix-software.com\/fr\/livre-blanc-supply-chain-et-demand-planning-fr\/\",\"url\":\"https:\/\/preprod.optimix-software.com\/fr\/livre-blanc-supply-chain-et-demand-planning-fr\/\",\"name\":\"Livre Blanc Demand Planning\",\"isPartOf\":{\"@id\":\"https:\/\/preprod.optimix-software.com\/fr\/#website\"},\"primaryImageOfPage\":{\"@id\":\"https:\/\/preprod.optimix-software.com\/fr\/livre-blanc-supply-chain-et-demand-planning-fr\/#primaryimage\"},\"image\":{\"@id\":\"https:\/\/preprod.optimix-software.com\/fr\/livre-blanc-supply-chain-et-demand-planning-fr\/#primaryimage\"},\"thumbnailUrl\":\"https:\/\/preprod.optimix-software.com\/wp-content\/uploads\/banniere-livre-blanc-demand-planning.webp\",\"datePublished\":\"2024-05-07T14:17:20+00:00\",\"dateModified\":\"2024-05-22T16:24:02+00:00\",\"description\":\"D\u00e9couvrez les cl\u00e9s pour anticiper la demande client et optimiser la cha\u00eene d'approvisionnement dans notre livre blanc sur la gestion pr\u00e9visionnelle.\",\"breadcrumb\":{\"@id\":\"https:\/\/preprod.optimix-software.com\/fr\/livre-blanc-supply-chain-et-demand-planning-fr\/#breadcrumb\"},\"inLanguage\":\"fr-FR\",\"potentialAction\":[{\"@type\":\"ReadAction\",\"target\":[\"https:\/\/preprod.optimix-software.com\/fr\/livre-blanc-supply-chain-et-demand-planning-fr\/\"]}]},{\"@type\":\"ImageObject\",\"inLanguage\":\"fr-FR\",\"@id\":\"https:\/\/preprod.optimix-software.com\/fr\/livre-blanc-supply-chain-et-demand-planning-fr\/#primaryimage\",\"url\":\"https:\/\/preprod.optimix-software.com\/wp-content\/uploads\/banniere-livre-blanc-demand-planning.webp\",\"contentUrl\":\"https:\/\/preprod.optimix-software.com\/wp-content\/uploads\/banniere-livre-blanc-demand-planning.webp\",\"width\":1000,\"height\":416,\"caption\":\"Livre Blanc Supply Demand Planning Les cl\u00e9s d\u2019une planification r\u00e9ussie\"},{\"@type\":\"BreadcrumbList\",\"@id\":\"https:\/\/preprod.optimix-software.com\/fr\/livre-blanc-supply-chain-et-demand-planning-fr\/#breadcrumb\",\"itemListElement\":[{\"@type\":\"ListItem\",\"position\":1,\"name\":\"Accueil\",\"item\":\"https:\/\/preprod.optimix-software.com\/fr\/\"},{\"@type\":\"ListItem\",\"position\":2,\"name\":\"Livre blanc Supply Chain &#038; Demand Planning\"}]},{\"@type\":\"WebSite\",\"@id\":\"https:\/\/preprod.optimix-software.com\/fr\/#website\",\"url\":\"https:\/\/preprod.optimix-software.com\/fr\/\",\"name\":\"Optimix Software\",\"description\":\"Solutions de Pricing et Supply chain d\u00e9di\u00e9es au retail\",\"publisher\":{\"@id\":\"https:\/\/preprod.optimix-software.com\/fr\/#organization\"},\"potentialAction\":[{\"@type\":\"SearchAction\",\"target\":{\"@type\":\"EntryPoint\",\"urlTemplate\":\"https:\/\/preprod.optimix-software.com\/fr\/?s={search_term_string}\"},\"query-input\":{\"@type\":\"PropertyValueSpecification\",\"valueRequired\":true,\"valueName\":\"search_term_string\"}}],\"inLanguage\":\"fr-FR\"},{\"@type\":\"Organization\",\"@id\":\"https:\/\/preprod.optimix-software.com\/fr\/#organization\",\"name\":\"Optimix Software\",\"url\":\"https:\/\/preprod.optimix-software.com\/fr\/\",\"logo\":{\"@type\":\"ImageObject\",\"inLanguage\":\"fr-FR\",\"@id\":\"https:\/\/preprod.optimix-software.com\/fr\/#\/schema\/logo\/image\/\",\"url\":\"https:\/\/preprod.optimix-software.com\/wp-content\/uploads\/logo-carre-optimix-RETAIL-PERFORMANCE-SOFTWARE.jpg\",\"contentUrl\":\"https:\/\/preprod.optimix-software.com\/wp-content\/uploads\/logo-carre-optimix-RETAIL-PERFORMANCE-SOFTWARE.jpg\",\"width\":2001,\"height\":2001,\"caption\":\"Optimix Software\"},\"image\":{\"@id\":\"https:\/\/preprod.optimix-software.com\/fr\/#\/schema\/logo\/image\/\"},\"sameAs\":[\"https:\/\/www.linkedin.com\/company\/optimix-ffr\/\"]}]}<\/script>\n<!-- \/ Yoast SEO Premium plugin. -->","yoast_head_json":{"title":"Livre Blanc Demand Planning","description":"D\u00e9couvrez les cl\u00e9s pour anticiper la demande client et optimiser la cha\u00eene d'approvisionnement dans notre livre blanc sur la gestion pr\u00e9visionnelle.","robots":{"index":"noindex","follow":"follow","max-snippet":"max-snippet:-1","max-image-preview":"max-image-preview:large","max-video-preview":"max-video-preview:-1"},"og_locale":"fr_FR","og_type":"article","og_title":"Livre blanc Supply Chain & Demand Planning","og_description":"D\u00e9couvrez les cl\u00e9s pour anticiper la demande client et optimiser la cha\u00eene d'approvisionnement dans notre livre blanc sur la gestion pr\u00e9visionnelle.","og_url":"https:\/\/preprod.optimix-software.com\/fr\/livre-blanc-supply-chain-et-demand-planning-fr\/","og_site_name":"Optimix Software","article_modified_time":"2024-05-22T16:24:02+00:00","og_image":[{"width":1000,"height":416,"url":"https:\/\/preprod.optimix-software.com\/wp-content\/uploads\/banniere-livre-blanc-demand-planning.webp","type":"image\/webp"}],"twitter_card":"summary_large_image","twitter_misc":{"Dur\u00e9e de lecture estim\u00e9e":"1 minute"},"schema":{"@context":"https:\/\/schema.org","@graph":[{"@type":"WebPage","@id":"https:\/\/preprod.optimix-software.com\/fr\/livre-blanc-supply-chain-et-demand-planning-fr\/","url":"https:\/\/preprod.optimix-software.com\/fr\/livre-blanc-supply-chain-et-demand-planning-fr\/","name":"Livre Blanc Demand Planning","isPartOf":{"@id":"https:\/\/preprod.optimix-software.com\/fr\/#website"},"primaryImageOfPage":{"@id":"https:\/\/preprod.optimix-software.com\/fr\/livre-blanc-supply-chain-et-demand-planning-fr\/#primaryimage"},"image":{"@id":"https:\/\/preprod.optimix-software.com\/fr\/livre-blanc-supply-chain-et-demand-planning-fr\/#primaryimage"},"thumbnailUrl":"https:\/\/preprod.optimix-software.com\/wp-content\/uploads\/banniere-livre-blanc-demand-planning.webp","datePublished":"2024-05-07T14:17:20+00:00","dateModified":"2024-05-22T16:24:02+00:00","description":"D\u00e9couvrez les cl\u00e9s pour anticiper la demande client et optimiser la cha\u00eene d'approvisionnement dans notre livre blanc sur la gestion pr\u00e9visionnelle.","breadcrumb":{"@id":"https:\/\/preprod.optimix-software.com\/fr\/livre-blanc-supply-chain-et-demand-planning-fr\/#breadcrumb"},"inLanguage":"fr-FR","potentialAction":[{"@type":"ReadAction","target":["https:\/\/preprod.optimix-software.com\/fr\/livre-blanc-supply-chain-et-demand-planning-fr\/"]}]},{"@type":"ImageObject","inLanguage":"fr-FR","@id":"https:\/\/preprod.optimix-software.com\/fr\/livre-blanc-supply-chain-et-demand-planning-fr\/#primaryimage","url":"https:\/\/preprod.optimix-software.com\/wp-content\/uploads\/banniere-livre-blanc-demand-planning.webp","contentUrl":"https:\/\/preprod.optimix-software.com\/wp-content\/uploads\/banniere-livre-blanc-demand-planning.webp","width":1000,"height":416,"caption":"Livre Blanc Supply Demand Planning Les cl\u00e9s d\u2019une planification r\u00e9ussie"},{"@type":"BreadcrumbList","@id":"https:\/\/preprod.optimix-software.com\/fr\/livre-blanc-supply-chain-et-demand-planning-fr\/#breadcrumb","itemListElement":[{"@type":"ListItem","position":1,"name":"Accueil","item":"https:\/\/preprod.optimix-software.com\/fr\/"},{"@type":"ListItem","position":2,"name":"Livre blanc Supply Chain &#038; Demand Planning"}]},{"@type":"WebSite","@id":"https:\/\/preprod.optimix-software.com\/fr\/#website","url":"https:\/\/preprod.optimix-software.com\/fr\/","name":"Optimix Software","description":"Solutions de Pricing et Supply chain d\u00e9di\u00e9es au retail","publisher":{"@id":"https:\/\/preprod.optimix-software.com\/fr\/#organization"},"potentialAction":[{"@type":"SearchAction","target":{"@type":"EntryPoint","urlTemplate":"https:\/\/preprod.optimix-software.com\/fr\/?s={search_term_string}"},"query-input":{"@type":"PropertyValueSpecification","valueRequired":true,"valueName":"search_term_string"}}],"inLanguage":"fr-FR"},{"@type":"Organization","@id":"https:\/\/preprod.optimix-software.com\/fr\/#organization","name":"Optimix Software","url":"https:\/\/preprod.optimix-software.com\/fr\/","logo":{"@type":"ImageObject","inLanguage":"fr-FR","@id":"https:\/\/preprod.optimix-software.com\/fr\/#\/schema\/logo\/image\/","url":"https:\/\/preprod.optimix-software.com\/wp-content\/uploads\/logo-carre-optimix-RETAIL-PERFORMANCE-SOFTWARE.jpg","contentUrl":"https:\/\/preprod.optimix-software.com\/wp-content\/uploads\/logo-carre-optimix-RETAIL-PERFORMANCE-SOFTWARE.jpg","width":2001,"height":2001,"caption":"Optimix Software"},"image":{"@id":"https:\/\/preprod.optimix-software.com\/fr\/#\/schema\/logo\/image\/"},"sameAs":["https:\/\/www.linkedin.com\/company\/optimix-ffr\/"]}]}},"_links":{"self":[{"href":"https:\/\/preprod.optimix-software.com\/fr\/wp-json\/wp\/v2\/pages\/26261","targetHints":{"allow":["GET"]}}],"collection":[{"href":"https:\/\/preprod.optimix-software.com\/fr\/wp-json\/wp\/v2\/pages"}],"about":[{"href":"https:\/\/preprod.optimix-software.com\/fr\/wp-json\/wp\/v2\/types\/page"}],"author":[{"embeddable":true,"href":"https:\/\/preprod.optimix-software.com\/fr\/wp-json\/wp\/v2\/users\/3"}],"replies":[{"embeddable":true,"href":"https:\/\/preprod.optimix-software.com\/fr\/wp-json\/wp\/v2\/comments?post=26261"}],"version-history":[{"count":54,"href":"https:\/\/preprod.optimix-software.com\/fr\/wp-json\/wp\/v2\/pages\/26261\/revisions"}],"predecessor-version":[{"id":26452,"href":"https:\/\/preprod.optimix-software.com\/fr\/wp-json\/wp\/v2\/pages\/26261\/revisions\/26452"}],"wp:featuredmedia":[{"embeddable":true,"href":"https:\/\/preprod.optimix-software.com\/fr\/wp-json\/wp\/v2\/media\/26142"}],"wp:attachment":[{"href":"https:\/\/preprod.optimix-software.com\/fr\/wp-json\/wp\/v2\/media?parent=26261"}],"curies":[{"name":"wp","href":"https:\/\/api.w.org\/{rel}","templated":true}]}}