{"id":26811,"date":"2024-06-04T10:59:47","date_gmt":"2024-06-04T08:59:47","guid":{"rendered":"https:\/\/optimix.fr\/?page_id=26811"},"modified":"2025-02-03T12:10:38","modified_gmt":"2025-02-03T11:10:38","slug":"livre-blanc-les-defis-du-pricing-dans-le-bio-2","status":"publish","type":"page","link":"https:\/\/preprod.optimix-software.com\/fr\/livre-blanc-les-defis-du-pricing-dans-le-bio-2\/","title":{"rendered":"Livre blanc : Les d\u00e9fis du pricing dans le bio"},"content":{"rendered":"\t\t<div data-elementor-type=\"wp-page\" data-elementor-id=\"26811\" class=\"elementor elementor-26811\" data-elementor-post-type=\"page\">\n\t\t\t\t<div class=\"elementor-element elementor-element-65937d9 e-flex e-con-boxed e-con e-parent\" data-id=\"65937d9\" data-element_type=\"container\" data-settings=\"{&quot;background_background&quot;:&quot;classic&quot;}\">\n\t\t\t\t\t<div class=\"e-con-inner\">\n\t\t<div class=\"elementor-element elementor-element-a1cff0c e-con-full e-flex e-con e-child\" data-id=\"a1cff0c\" data-element_type=\"container\">\n\t\t\t\t<div class=\"elementor-element elementor-element-6537df2 elementor-widget elementor-widget-heading\" data-id=\"6537df2\" data-element_type=\"widget\" data-widget_type=\"heading.default\">\n\t\t\t\t<div class=\"elementor-widget-container\">\n\t\t\t\t\t<h1 class=\"elementor-heading-title elementor-size-default\">Livre Blanc<\/h1>\t\t\t\t<\/div>\n\t\t\t\t<\/div>\n\t\t\t\t<div class=\"elementor-element elementor-element-b47d66f elementor-widget elementor-widget-heading\" data-id=\"b47d66f\" data-element_type=\"widget\" data-widget_type=\"heading.default\">\n\t\t\t\t<div class=\"elementor-widget-container\">\n\t\t\t\t\t<h2 class=\"elementor-heading-title elementor-size-default\">Les d\u00e9fis du pricing dans le Bio<\/h2>\t\t\t\t<\/div>\n\t\t\t\t<\/div>\n\t\t\t\t<div class=\"elementor-element elementor-element-4834e77a elementor-widget__width-initial elementor-widget elementor-widget-text-editor\" data-id=\"4834e77a\" data-element_type=\"widget\" data-widget_type=\"text-editor.default\">\n\t\t\t\t<div class=\"elementor-widget-container\">\n\t\t\t\t\t\t\t\t\t<p>Le passage au bio, bien que porteur de promesses en termes de durabilit\u00e9, de sant\u00e9 et de respect de l&rsquo;environnement, pr\u00e9sente \u00e9galement des d\u00e9fis \u00e9conomiques significatifs.<\/p><p>Les co\u00fbts de production peuvent \u00eatre plus \u00e9lev\u00e9s en raison des m\u00e9thodes agricoles sp\u00e9cifiques, des exigences de certification et de la gestion des intrants biologiques.\u00a0<\/p><p>Ces co\u00fbts accrus exigent une analyse minutieuse pour d\u00e9terminer les prix de vente appropri\u00e9s, une t\u00e2che d&rsquo;autant plus cruciale dans un environnement concurrentiel en constante \u00e9volution.<\/p><p>T\u00e9l\u00e9chargez d\u00e8s maintenant notre Ebook.<\/p>\t\t\t\t\t\t\t\t<\/div>\n\t\t\t\t<\/div>\n\t\t\t\t<div class=\"elementor-element elementor-element-a51ea3d elementor-widget elementor-widget-heading\" data-id=\"a51ea3d\" data-element_type=\"widget\" data-widget_type=\"heading.default\">\n\t\t\t\t<div class=\"elementor-widget-container\">\n\t\t\t\t\t<h3 class=\"elementor-heading-title elementor-size-default\">Points cl\u00e9s du Livre Blanc<\/h3>\t\t\t\t<\/div>\n\t\t\t\t<\/div>\n\t\t\t\t<div class=\"elementor-element elementor-element-7f1fb02 elementor-widget elementor-widget-text-editor\" data-id=\"7f1fb02\" data-element_type=\"widget\" data-widget_type=\"text-editor.default\">\n\t\t\t\t<div class=\"elementor-widget-container\">\n\t\t\t\t\t\t\t\t\t<ul><li><strong>L&rsquo;importance de bien segmenter son march\u00e9<\/strong> : Identifiez et ciblez efficacement vos segments de consommateurs pour une strat\u00e9gie marketing percutante.<\/li><li><strong>Une forte Concurrence et un positionnement de niche :<\/strong> D\u00e9cryptez les strat\u00e9gies de vos concurrents et positionnez-vous avantageusement sur le march\u00e9.<\/li><li><strong>Les Co\u00fbts de production dans le bio<\/strong> : Comprenez les facteurs influen\u00e7ant les co\u00fbts et comment les optimiser.<\/li><li><strong>La Sensibilit\u00e9 aux prix :<\/strong> D\u00e9couvrez comment les fluctuations des prix des mati\u00e8res premi\u00e8res peuvent affecter votre rentabilit\u00e9 et comment vous adapter.<\/li><li><strong>L&rsquo;\u00c9lasticit\u00e9 de la demande<\/strong> : Apprenez \u00e0 ajuster vos prix pour maximiser la demande et fid\u00e9liser vos clients.<\/li><\/ul>\t\t\t\t\t\t\t\t<\/div>\n\t\t\t\t<\/div>\n\t\t\t\t<\/div>\n\t\t<div class=\"elementor-element elementor-element-5bae97b e-con-full e-flex e-con e-child\" data-id=\"5bae97b\" data-element_type=\"container\">\n\t\t\t\t<div class=\"elementor-element elementor-element-05efd48 elementor-hidden-tablet elementor-hidden-mobile elementor-widget elementor-widget-image\" data-id=\"05efd48\" data-element_type=\"widget\" data-widget_type=\"image.default\">\n\t\t\t\t<div class=\"elementor-widget-container\">\n\t\t\t\t\t\t\t\t\t\t\t\t\t\t\t<img fetchpriority=\"high\" decoding=\"async\" width=\"768\" height=\"401\" src=\"https:\/\/preprod.optimix-software.com\/wp-content\/uploads\/les-defis-du-pricing-bio-768x401.webp\" class=\"attachment-medium_large size-medium_large wp-image-26815\" alt=\"Les d\u00e9fis du pricing dans le bio\" srcset=\"https:\/\/preprod.optimix-software.com\/wp-content\/uploads\/les-defis-du-pricing-bio-768x401.webp 768w, https:\/\/preprod.optimix-software.com\/wp-content\/uploads\/les-defis-du-pricing-bio-600x314.webp 600w, https:\/\/preprod.optimix-software.com\/wp-content\/uploads\/les-defis-du-pricing-bio.webp 1200w\" sizes=\"(max-width: 768px) 100vw, 768px\" \/>\t\t\t\t\t\t\t\t\t\t\t\t\t\t\t<\/div>\n\t\t\t\t<\/div>\n\t\t\t\t<div class=\"elementor-element elementor-element-f8a9311 elementor-widget__width-initial elementor-hidden-desktop elementor-hidden-tablet elementor-hidden-mobile elementor-widget elementor-widget-html\" data-id=\"f8a9311\" data-element_type=\"widget\" data-widget_type=\"html.default\">\n\t\t\t\t<div class=\"elementor-widget-container\">\n\t\t\t\t\t<div class=\"pipedriveWebForms\" data-pd-webforms=\"https:\/\/webforms.pipedrive.com\/f\/6ckA12V7tT6HxoZ7WjKjNHslcA5A811wxqcmZRL6vBe25gBH7pmOl9uKx9TejbL5v5\"><script src=\"https:\/\/webforms.pipedrive.com\/f\/loader\"><\/script><\/div>\t\t\t\t<\/div>\n\t\t\t\t<\/div>\n\t\t\t\t<div class=\"elementor-element elementor-element-bf0849f elementor-widget__width-initial elementor-widget elementor-widget-html\" data-id=\"bf0849f\" data-element_type=\"widget\" data-widget_type=\"html.default\">\n\t\t\t\t<div class=\"elementor-widget-container\">\n\t\t\t\t\t<script charset=\"utf-8\" type=\"text\/javascript\" src=\"\/\/js-eu1.hsforms.net\/forms\/embed\/v2.js\"><\/script>\n<script>\n  hbspt.forms.create({\n    region: \"eu1\",\n    portalId: \"144414462\",\n    formId: \"6a64d4eb-ffb3-4b6a-ba48-c47dfa88e1ee\"\n  });\n<\/script>\t\t\t\t<\/div>\n\t\t\t\t<\/div>\n\t\t\t\t<\/div>\n\t\t\t\t\t<\/div>\n\t\t\t\t<\/div>\n\t\t\t\t<\/div>\n\t\t","protected":false},"excerpt":{"rendered":"<p>D\u00e9couvrez notre livre blanc \u00ab\u00a0Les d\u00e9fis du pricing dans le bio\u00a0\u00bb et optimisez votre strat\u00e9gie tarifaire avec des insights sur co\u00fbts, demande, segmentation et concurrence.<\/p>\n","protected":false},"author":3,"featured_media":26815,"parent":0,"menu_order":0,"comment_status":"closed","ping_status":"closed","template":"","meta":{"inline_featured_image":false,"footnotes":""},"class_list":["post-26811","page","type-page","status-publish","has-post-thumbnail","hentry"],"yoast_head":"<!-- This site is optimized with the Yoast SEO Premium plugin v22.8 (Yoast SEO v25.1) - https:\/\/yoast.com\/wordpress\/plugins\/seo\/ -->\n<title>Livre blanc : Les d\u00e9fis du pricing dans le bio<\/title>\n<meta name=\"description\" content=\"D\u00e9couvrez notre livre blanc &quot;Les d\u00e9fis du pricing dans le bio&quot; et optimisez votre strat\u00e9gie tarifaire avec des insights sur co\u00fbts, demande, segmentation et concurrence.\" \/>\n<meta name=\"robots\" content=\"noindex, follow, max-snippet:-1, max-image-preview:large, max-video-preview:-1\" \/>\n<meta property=\"og:locale\" content=\"fr_FR\" \/>\n<meta property=\"og:type\" content=\"article\" \/>\n<meta property=\"og:title\" content=\"Livre blanc : Les d\u00e9fis du pricing dans le bio\" \/>\n<meta property=\"og:description\" content=\"D\u00e9couvrez notre livre blanc &quot;Les d\u00e9fis du pricing dans le bio&quot; et optimisez votre strat\u00e9gie tarifaire avec des insights sur co\u00fbts, demande, segmentation et concurrence.\" \/>\n<meta property=\"og:url\" content=\"https:\/\/preprod.optimix-software.com\/fr\/livre-blanc-les-defis-du-pricing-dans-le-bio-2\/\" \/>\n<meta property=\"og:site_name\" content=\"Optimix Software\" \/>\n<meta property=\"article:modified_time\" content=\"2025-02-03T11:10:38+00:00\" \/>\n<meta property=\"og:image\" content=\"https:\/\/preprod.optimix-software.com\/wp-content\/uploads\/les-defis-du-pricing-bio.webp\" \/>\n\t<meta property=\"og:image:width\" content=\"1200\" \/>\n\t<meta property=\"og:image:height\" content=\"627\" \/>\n\t<meta property=\"og:image:type\" content=\"image\/webp\" \/>\n<meta name=\"twitter:card\" content=\"summary_large_image\" \/>\n<meta name=\"twitter:label1\" content=\"Dur\u00e9e de lecture estim\u00e9e\" \/>\n\t<meta name=\"twitter:data1\" content=\"2 minutes\" \/>\n<script type=\"application\/ld+json\" class=\"yoast-schema-graph\">{\"@context\":\"https:\/\/schema.org\",\"@graph\":[{\"@type\":\"WebPage\",\"@id\":\"https:\/\/preprod.optimix-software.com\/fr\/livre-blanc-les-defis-du-pricing-dans-le-bio-2\/\",\"url\":\"https:\/\/preprod.optimix-software.com\/fr\/livre-blanc-les-defis-du-pricing-dans-le-bio-2\/\",\"name\":\"Livre blanc : Les d\u00e9fis du pricing dans le bio\",\"isPartOf\":{\"@id\":\"https:\/\/preprod.optimix-software.com\/fr\/#website\"},\"primaryImageOfPage\":{\"@id\":\"https:\/\/preprod.optimix-software.com\/fr\/livre-blanc-les-defis-du-pricing-dans-le-bio-2\/#primaryimage\"},\"image\":{\"@id\":\"https:\/\/preprod.optimix-software.com\/fr\/livre-blanc-les-defis-du-pricing-dans-le-bio-2\/#primaryimage\"},\"thumbnailUrl\":\"https:\/\/preprod.optimix-software.com\/wp-content\/uploads\/les-defis-du-pricing-bio.webp\",\"datePublished\":\"2024-06-04T08:59:47+00:00\",\"dateModified\":\"2025-02-03T11:10:38+00:00\",\"description\":\"D\u00e9couvrez notre livre blanc \\\"Les d\u00e9fis du pricing dans le bio\\\" et optimisez votre strat\u00e9gie tarifaire avec des insights sur co\u00fbts, demande, segmentation et concurrence.\",\"breadcrumb\":{\"@id\":\"https:\/\/preprod.optimix-software.com\/fr\/livre-blanc-les-defis-du-pricing-dans-le-bio-2\/#breadcrumb\"},\"inLanguage\":\"fr-FR\",\"potentialAction\":[{\"@type\":\"ReadAction\",\"target\":[\"https:\/\/preprod.optimix-software.com\/fr\/livre-blanc-les-defis-du-pricing-dans-le-bio-2\/\"]}]},{\"@type\":\"ImageObject\",\"inLanguage\":\"fr-FR\",\"@id\":\"https:\/\/preprod.optimix-software.com\/fr\/livre-blanc-les-defis-du-pricing-dans-le-bio-2\/#primaryimage\",\"url\":\"https:\/\/preprod.optimix-software.com\/wp-content\/uploads\/les-defis-du-pricing-bio.webp\",\"contentUrl\":\"https:\/\/preprod.optimix-software.com\/wp-content\/uploads\/les-defis-du-pricing-bio.webp\",\"width\":1200,\"height\":627,\"caption\":\"Les d\u00e9fis du pricing dans le bio\"},{\"@type\":\"BreadcrumbList\",\"@id\":\"https:\/\/preprod.optimix-software.com\/fr\/livre-blanc-les-defis-du-pricing-dans-le-bio-2\/#breadcrumb\",\"itemListElement\":[{\"@type\":\"ListItem\",\"position\":1,\"name\":\"Accueil\",\"item\":\"https:\/\/preprod.optimix-software.com\/fr\/\"},{\"@type\":\"ListItem\",\"position\":2,\"name\":\"Livre blanc : Les d\u00e9fis du pricing dans le bio\"}]},{\"@type\":\"WebSite\",\"@id\":\"https:\/\/preprod.optimix-software.com\/fr\/#website\",\"url\":\"https:\/\/preprod.optimix-software.com\/fr\/\",\"name\":\"Optimix Software\",\"description\":\"Solutions de Pricing et Supply chain d\u00e9di\u00e9es au retail\",\"publisher\":{\"@id\":\"https:\/\/preprod.optimix-software.com\/fr\/#organization\"},\"potentialAction\":[{\"@type\":\"SearchAction\",\"target\":{\"@type\":\"EntryPoint\",\"urlTemplate\":\"https:\/\/preprod.optimix-software.com\/fr\/?s={search_term_string}\"},\"query-input\":{\"@type\":\"PropertyValueSpecification\",\"valueRequired\":true,\"valueName\":\"search_term_string\"}}],\"inLanguage\":\"fr-FR\"},{\"@type\":\"Organization\",\"@id\":\"https:\/\/preprod.optimix-software.com\/fr\/#organization\",\"name\":\"Optimix Software\",\"url\":\"https:\/\/preprod.optimix-software.com\/fr\/\",\"logo\":{\"@type\":\"ImageObject\",\"inLanguage\":\"fr-FR\",\"@id\":\"https:\/\/preprod.optimix-software.com\/fr\/#\/schema\/logo\/image\/\",\"url\":\"https:\/\/preprod.optimix-software.com\/wp-content\/uploads\/logo-carre-optimix-RETAIL-PERFORMANCE-SOFTWARE.jpg\",\"contentUrl\":\"https:\/\/preprod.optimix-software.com\/wp-content\/uploads\/logo-carre-optimix-RETAIL-PERFORMANCE-SOFTWARE.jpg\",\"width\":2001,\"height\":2001,\"caption\":\"Optimix Software\"},\"image\":{\"@id\":\"https:\/\/preprod.optimix-software.com\/fr\/#\/schema\/logo\/image\/\"},\"sameAs\":[\"https:\/\/www.linkedin.com\/company\/optimix-ffr\/\"]}]}<\/script>\n<!-- \/ Yoast SEO Premium plugin. -->","yoast_head_json":{"title":"Livre blanc : Les d\u00e9fis du pricing dans le bio","description":"D\u00e9couvrez notre livre blanc \"Les d\u00e9fis du pricing dans le bio\" et optimisez votre strat\u00e9gie tarifaire avec des insights sur co\u00fbts, demande, segmentation et concurrence.","robots":{"index":"noindex","follow":"follow","max-snippet":"max-snippet:-1","max-image-preview":"max-image-preview:large","max-video-preview":"max-video-preview:-1"},"og_locale":"fr_FR","og_type":"article","og_title":"Livre blanc : Les d\u00e9fis du pricing dans le bio","og_description":"D\u00e9couvrez notre livre blanc \"Les d\u00e9fis du pricing dans le bio\" et optimisez votre strat\u00e9gie tarifaire avec des insights sur co\u00fbts, demande, segmentation et concurrence.","og_url":"https:\/\/preprod.optimix-software.com\/fr\/livre-blanc-les-defis-du-pricing-dans-le-bio-2\/","og_site_name":"Optimix Software","article_modified_time":"2025-02-03T11:10:38+00:00","og_image":[{"width":1200,"height":627,"url":"https:\/\/preprod.optimix-software.com\/wp-content\/uploads\/les-defis-du-pricing-bio.webp","type":"image\/webp"}],"twitter_card":"summary_large_image","twitter_misc":{"Dur\u00e9e de lecture estim\u00e9e":"2 minutes"},"schema":{"@context":"https:\/\/schema.org","@graph":[{"@type":"WebPage","@id":"https:\/\/preprod.optimix-software.com\/fr\/livre-blanc-les-defis-du-pricing-dans-le-bio-2\/","url":"https:\/\/preprod.optimix-software.com\/fr\/livre-blanc-les-defis-du-pricing-dans-le-bio-2\/","name":"Livre blanc : Les d\u00e9fis du pricing dans le bio","isPartOf":{"@id":"https:\/\/preprod.optimix-software.com\/fr\/#website"},"primaryImageOfPage":{"@id":"https:\/\/preprod.optimix-software.com\/fr\/livre-blanc-les-defis-du-pricing-dans-le-bio-2\/#primaryimage"},"image":{"@id":"https:\/\/preprod.optimix-software.com\/fr\/livre-blanc-les-defis-du-pricing-dans-le-bio-2\/#primaryimage"},"thumbnailUrl":"https:\/\/preprod.optimix-software.com\/wp-content\/uploads\/les-defis-du-pricing-bio.webp","datePublished":"2024-06-04T08:59:47+00:00","dateModified":"2025-02-03T11:10:38+00:00","description":"D\u00e9couvrez notre livre blanc \"Les d\u00e9fis du pricing dans le bio\" et optimisez votre strat\u00e9gie tarifaire avec des insights sur co\u00fbts, demande, segmentation et concurrence.","breadcrumb":{"@id":"https:\/\/preprod.optimix-software.com\/fr\/livre-blanc-les-defis-du-pricing-dans-le-bio-2\/#breadcrumb"},"inLanguage":"fr-FR","potentialAction":[{"@type":"ReadAction","target":["https:\/\/preprod.optimix-software.com\/fr\/livre-blanc-les-defis-du-pricing-dans-le-bio-2\/"]}]},{"@type":"ImageObject","inLanguage":"fr-FR","@id":"https:\/\/preprod.optimix-software.com\/fr\/livre-blanc-les-defis-du-pricing-dans-le-bio-2\/#primaryimage","url":"https:\/\/preprod.optimix-software.com\/wp-content\/uploads\/les-defis-du-pricing-bio.webp","contentUrl":"https:\/\/preprod.optimix-software.com\/wp-content\/uploads\/les-defis-du-pricing-bio.webp","width":1200,"height":627,"caption":"Les d\u00e9fis du pricing dans le bio"},{"@type":"BreadcrumbList","@id":"https:\/\/preprod.optimix-software.com\/fr\/livre-blanc-les-defis-du-pricing-dans-le-bio-2\/#breadcrumb","itemListElement":[{"@type":"ListItem","position":1,"name":"Accueil","item":"https:\/\/preprod.optimix-software.com\/fr\/"},{"@type":"ListItem","position":2,"name":"Livre blanc : Les d\u00e9fis du pricing dans le bio"}]},{"@type":"WebSite","@id":"https:\/\/preprod.optimix-software.com\/fr\/#website","url":"https:\/\/preprod.optimix-software.com\/fr\/","name":"Optimix Software","description":"Solutions de Pricing et Supply chain d\u00e9di\u00e9es au retail","publisher":{"@id":"https:\/\/preprod.optimix-software.com\/fr\/#organization"},"potentialAction":[{"@type":"SearchAction","target":{"@type":"EntryPoint","urlTemplate":"https:\/\/preprod.optimix-software.com\/fr\/?s={search_term_string}"},"query-input":{"@type":"PropertyValueSpecification","valueRequired":true,"valueName":"search_term_string"}}],"inLanguage":"fr-FR"},{"@type":"Organization","@id":"https:\/\/preprod.optimix-software.com\/fr\/#organization","name":"Optimix Software","url":"https:\/\/preprod.optimix-software.com\/fr\/","logo":{"@type":"ImageObject","inLanguage":"fr-FR","@id":"https:\/\/preprod.optimix-software.com\/fr\/#\/schema\/logo\/image\/","url":"https:\/\/preprod.optimix-software.com\/wp-content\/uploads\/logo-carre-optimix-RETAIL-PERFORMANCE-SOFTWARE.jpg","contentUrl":"https:\/\/preprod.optimix-software.com\/wp-content\/uploads\/logo-carre-optimix-RETAIL-PERFORMANCE-SOFTWARE.jpg","width":2001,"height":2001,"caption":"Optimix Software"},"image":{"@id":"https:\/\/preprod.optimix-software.com\/fr\/#\/schema\/logo\/image\/"},"sameAs":["https:\/\/www.linkedin.com\/company\/optimix-ffr\/"]}]}},"_links":{"self":[{"href":"https:\/\/preprod.optimix-software.com\/fr\/wp-json\/wp\/v2\/pages\/26811","targetHints":{"allow":["GET"]}}],"collection":[{"href":"https:\/\/preprod.optimix-software.com\/fr\/wp-json\/wp\/v2\/pages"}],"about":[{"href":"https:\/\/preprod.optimix-software.com\/fr\/wp-json\/wp\/v2\/types\/page"}],"author":[{"embeddable":true,"href":"https:\/\/preprod.optimix-software.com\/fr\/wp-json\/wp\/v2\/users\/3"}],"replies":[{"embeddable":true,"href":"https:\/\/preprod.optimix-software.com\/fr\/wp-json\/wp\/v2\/comments?post=26811"}],"version-history":[{"count":12,"href":"https:\/\/preprod.optimix-software.com\/fr\/wp-json\/wp\/v2\/pages\/26811\/revisions"}],"predecessor-version":[{"id":26948,"href":"https:\/\/preprod.optimix-software.com\/fr\/wp-json\/wp\/v2\/pages\/26811\/revisions\/26948"}],"wp:featuredmedia":[{"embeddable":true,"href":"https:\/\/preprod.optimix-software.com\/fr\/wp-json\/wp\/v2\/media\/26815"}],"wp:attachment":[{"href":"https:\/\/preprod.optimix-software.com\/fr\/wp-json\/wp\/v2\/media?parent=26811"}],"curies":[{"name":"wp","href":"https:\/\/api.w.org\/{rel}","templated":true}]}}