{"id":26822,"date":"2024-06-04T10:58:23","date_gmt":"2024-06-04T08:58:23","guid":{"rendered":"https:\/\/optimix.fr\/?page_id=26822"},"modified":"2025-02-03T12:11:04","modified_gmt":"2025-02-03T11:11:04","slug":"livre-blanc-supply-chain-et-ia-6-tendances-majeures-dici-2030","status":"publish","type":"page","link":"https:\/\/preprod.optimix-software.com\/fr\/livre-blanc-supply-chain-et-ia-6-tendances-majeures-dici-2030\/","title":{"rendered":"Livre blanc : Supply Chain et IA &#8211; 6 tendances majeures d&rsquo;ici 2030"},"content":{"rendered":"\t\t<div data-elementor-type=\"wp-page\" data-elementor-id=\"26822\" class=\"elementor elementor-26822\" data-elementor-post-type=\"page\">\n\t\t\t\t<div class=\"elementor-element elementor-element-65937d9 e-flex e-con-boxed e-con e-parent\" data-id=\"65937d9\" data-element_type=\"container\" data-settings=\"{&quot;background_background&quot;:&quot;classic&quot;}\">\n\t\t\t\t\t<div class=\"e-con-inner\">\n\t\t<div class=\"elementor-element elementor-element-a1cff0c e-con-full e-flex e-con e-child\" data-id=\"a1cff0c\" data-element_type=\"container\">\n\t\t\t\t<div class=\"elementor-element elementor-element-6537df2 elementor-widget elementor-widget-heading\" data-id=\"6537df2\" data-element_type=\"widget\" data-widget_type=\"heading.default\">\n\t\t\t\t<div class=\"elementor-widget-container\">\n\t\t\t\t\t<h1 class=\"elementor-heading-title elementor-size-default\">Livre Blanc<\/h1>\t\t\t\t<\/div>\n\t\t\t\t<\/div>\n\t\t\t\t<div class=\"elementor-element elementor-element-b47d66f elementor-widget elementor-widget-heading\" data-id=\"b47d66f\" data-element_type=\"widget\" data-widget_type=\"heading.default\">\n\t\t\t\t<div class=\"elementor-widget-container\">\n\t\t\t\t\t<h2 class=\"elementor-heading-title elementor-size-default\">Supply Chain et IA : 6 tendances majeures d'ici 2030.<\/h2>\t\t\t\t<\/div>\n\t\t\t\t<\/div>\n\t\t\t\t<div class=\"elementor-element elementor-element-4834e77a elementor-widget__width-initial elementor-widget elementor-widget-text-editor\" data-id=\"4834e77a\" data-element_type=\"widget\" data-widget_type=\"text-editor.default\">\n\t\t\t\t<div class=\"elementor-widget-container\">\n\t\t\t\t\t\t\t\t\t<p>Depuis les ann\u00e9es 2000, la technologie red\u00e9finit continuellement les normes et les pratiques commerciales, l&rsquo;int\u00e9gration de l&rsquo;IA dans la gestion de la Supply Chain repr\u00e9sente une \u00e9volution majeure.<\/p><p>\u00c0 l&rsquo;horizon 2030, les entreprises du monde entier se pr\u00e9parent \u00e0 un paysage commercial fa\u00e7onn\u00e9 par des avanc\u00e9es r\u00e9volutionnaires en mati\u00e8re d&rsquo;IA.<\/p><p>Ce livre Blanc explore les tendances cl\u00e9s qui \u00e9mergent de cette convergence.<\/p><p>T\u00e9l\u00e9chargez d\u00e8s maintenant notre E-book !<\/p>\t\t\t\t\t\t\t\t<\/div>\n\t\t\t\t<\/div>\n\t\t\t\t<div class=\"elementor-element elementor-element-a51ea3d elementor-widget elementor-widget-heading\" data-id=\"a51ea3d\" data-element_type=\"widget\" data-widget_type=\"heading.default\">\n\t\t\t\t<div class=\"elementor-widget-container\">\n\t\t\t\t\t<h3 class=\"elementor-heading-title elementor-size-default\">Points cl\u00e9s du Livre Blanc<\/h3>\t\t\t\t<\/div>\n\t\t\t\t<\/div>\n\t\t\t\t<div class=\"elementor-element elementor-element-7f1fb02 elementor-widget elementor-widget-text-editor\" data-id=\"7f1fb02\" data-element_type=\"widget\" data-widget_type=\"text-editor.default\">\n\t\t\t\t<div class=\"elementor-widget-container\">\n\t\t\t\t\t\t\t\t\t<p class=\"p1\">A la lecture de notre Livre Blanc, vous y d\u00e9couvrirez comment :<br \/><br \/><\/p><ul class=\"ul1\"><li class=\"li1\">une <strong>collaboration automatis\u00e9e<\/strong> peut r\u00e9volutionner vos processus,<\/li><li class=\"li1\">comment des technologies avanc\u00e9es optimisent la <strong>planification de la production<\/strong> et,<\/li><li class=\"li1\">comment assurer une transparence\u00a0gr\u00e2ce \u00e0 une <strong>tra\u00e7abilit\u00e9 renforc\u00e9e<\/strong>.<\/li><li class=\"li1\">En adoptant des pratiques <strong>logistiques \u00e9coresponsables<\/strong> et en int\u00e9grant la responsabilit\u00e9 sociale et environnementale, vous serez pr\u00eat \u00e0 relever les d\u00e9fis futurs de la Supply Chain.<\/li><\/ul>\t\t\t\t\t\t\t\t<\/div>\n\t\t\t\t<\/div>\n\t\t\t\t<\/div>\n\t\t<div class=\"elementor-element elementor-element-5bae97b e-con-full e-flex e-con e-child\" data-id=\"5bae97b\" data-element_type=\"container\">\n\t\t\t\t<div class=\"elementor-element elementor-element-05efd48 elementor-hidden-tablet elementor-hidden-mobile elementor-widget elementor-widget-image\" data-id=\"05efd48\" data-element_type=\"widget\" data-widget_type=\"image.default\">\n\t\t\t\t<div class=\"elementor-widget-container\">\n\t\t\t\t\t\t\t\t\t\t\t\t\t\t\t<img fetchpriority=\"high\" decoding=\"async\" width=\"768\" height=\"401\" src=\"https:\/\/preprod.optimix-software.com\/wp-content\/uploads\/Supply-Chain-et-IA-6-tendances-majeures-2030-768x401.webp\" class=\"attachment-medium_large size-medium_large wp-image-26826\" alt=\"Livre blanc : Supply Chain et IA - 6 tendances majeures d&#039;ici 2030\" srcset=\"https:\/\/preprod.optimix-software.com\/wp-content\/uploads\/Supply-Chain-et-IA-6-tendances-majeures-2030-768x401.webp 768w, https:\/\/preprod.optimix-software.com\/wp-content\/uploads\/Supply-Chain-et-IA-6-tendances-majeures-2030-600x314.webp 600w, https:\/\/preprod.optimix-software.com\/wp-content\/uploads\/Supply-Chain-et-IA-6-tendances-majeures-2030.webp 1200w\" sizes=\"(max-width: 768px) 100vw, 768px\" \/>\t\t\t\t\t\t\t\t\t\t\t\t\t\t\t<\/div>\n\t\t\t\t<\/div>\n\t\t\t\t<div class=\"elementor-element elementor-element-f8a9311 elementor-widget__width-initial elementor-hidden-desktop elementor-hidden-tablet elementor-hidden-mobile elementor-widget elementor-widget-html\" data-id=\"f8a9311\" data-element_type=\"widget\" data-widget_type=\"html.default\">\n\t\t\t\t<div class=\"elementor-widget-container\">\n\t\t\t\t\t<div class=\"pipedriveWebForms\" data-pd-webforms=\"https:\/\/webforms.pipedrive.com\/f\/6ckA12V7tT6HxoZ7WjKjNHslcA5A811wxqcmZRL6vBe25gBH7pmOl9uKx9TejbL5v5\"><script src=\"https:\/\/webforms.pipedrive.com\/f\/loader\"><\/script><\/div>\t\t\t\t<\/div>\n\t\t\t\t<\/div>\n\t\t\t\t<div class=\"elementor-element elementor-element-bf0849f elementor-widget__width-initial elementor-widget elementor-widget-html\" data-id=\"bf0849f\" data-element_type=\"widget\" data-widget_type=\"html.default\">\n\t\t\t\t<div class=\"elementor-widget-container\">\n\t\t\t\t\t<script charset=\"utf-8\" type=\"text\/javascript\" src=\"\/\/js-eu1.hsforms.net\/forms\/embed\/v2.js\"><\/script>\n<script>\n  hbspt.forms.create({\n    region: \"eu1\",\n    portalId: \"144414462\",\n    formId: \"471405a2-872e-495e-af1b-ddfd8b7cae63\"\n  });\n<\/script>\t\t\t\t<\/div>\n\t\t\t\t<\/div>\n\t\t\t\t<\/div>\n\t\t\t\t\t<\/div>\n\t\t\t\t<\/div>\n\t\t\t\t<\/div>\n\t\t","protected":false},"excerpt":{"rendered":"<p>T\u00e9l\u00e9chargez notre livre blanc \u00ab\u00a0Supply Chain &#038; IA : 6 tendances majeures d\u2019ici 2030 !\u00a0\u00bb et d\u00e9couvrez comment anticiper les transformations technologiques de la supply chain.<\/p>\n","protected":false},"author":3,"featured_media":26826,"parent":0,"menu_order":0,"comment_status":"closed","ping_status":"closed","template":"","meta":{"inline_featured_image":false,"footnotes":""},"class_list":["post-26822","page","type-page","status-publish","has-post-thumbnail","hentry"],"yoast_head":"<!-- This site is optimized with the Yoast SEO Premium plugin v22.8 (Yoast SEO v25.1) - https:\/\/yoast.com\/wordpress\/plugins\/seo\/ -->\n<title>Livre blanc : Supply Chain et IA - 6 tendances majeures d&#039;ici 2030<\/title>\n<meta name=\"description\" content=\"T\u00e9l\u00e9chargez notre livre blanc &quot;Supply Chain &amp; IA : 6 tendances majeures d\u2019ici 2030 !&quot; et d\u00e9couvrez comment anticiper les transformations technologiques de la supply chain.\" \/>\n<meta name=\"robots\" content=\"noindex, follow, max-snippet:-1, max-image-preview:large, max-video-preview:-1\" \/>\n<meta property=\"og:locale\" content=\"fr_FR\" \/>\n<meta property=\"og:type\" content=\"article\" \/>\n<meta property=\"og:title\" content=\"Livre blanc : Supply Chain et IA - 6 tendances majeures d&#039;ici 2030\" \/>\n<meta property=\"og:description\" content=\"T\u00e9l\u00e9chargez notre livre blanc &quot;Supply Chain &amp; IA : 6 tendances majeures d\u2019ici 2030 !&quot; et d\u00e9couvrez comment anticiper les transformations technologiques de la supply chain.\" \/>\n<meta property=\"og:url\" content=\"https:\/\/preprod.optimix-software.com\/fr\/livre-blanc-supply-chain-et-ia-6-tendances-majeures-dici-2030\/\" \/>\n<meta property=\"og:site_name\" content=\"Optimix Software\" \/>\n<meta property=\"article:modified_time\" content=\"2025-02-03T11:11:04+00:00\" \/>\n<meta property=\"og:image\" content=\"https:\/\/preprod.optimix-software.com\/wp-content\/uploads\/Quelles-strategies-de-tarification-en-periode-inflationniste.webp\" \/>\n\t<meta property=\"og:image:width\" content=\"1200\" \/>\n\t<meta property=\"og:image:height\" content=\"627\" \/>\n\t<meta property=\"og:image:type\" content=\"image\/webp\" \/>\n<meta name=\"twitter:card\" content=\"summary_large_image\" \/>\n<meta name=\"twitter:label1\" content=\"Dur\u00e9e de lecture estim\u00e9e\" \/>\n\t<meta name=\"twitter:data1\" content=\"2 minutes\" \/>\n<script type=\"application\/ld+json\" class=\"yoast-schema-graph\">{\"@context\":\"https:\/\/schema.org\",\"@graph\":[{\"@type\":\"WebPage\",\"@id\":\"https:\/\/preprod.optimix-software.com\/fr\/livre-blanc-supply-chain-et-ia-6-tendances-majeures-dici-2030\/\",\"url\":\"https:\/\/preprod.optimix-software.com\/fr\/livre-blanc-supply-chain-et-ia-6-tendances-majeures-dici-2030\/\",\"name\":\"Livre blanc : Supply Chain et IA - 6 tendances majeures d'ici 2030\",\"isPartOf\":{\"@id\":\"https:\/\/preprod.optimix-software.com\/fr\/#website\"},\"primaryImageOfPage\":{\"@id\":\"https:\/\/preprod.optimix-software.com\/fr\/livre-blanc-supply-chain-et-ia-6-tendances-majeures-dici-2030\/#primaryimage\"},\"image\":{\"@id\":\"https:\/\/preprod.optimix-software.com\/fr\/livre-blanc-supply-chain-et-ia-6-tendances-majeures-dici-2030\/#primaryimage\"},\"thumbnailUrl\":\"https:\/\/preprod.optimix-software.com\/wp-content\/uploads\/Supply-Chain-et-IA-6-tendances-majeures-2030.webp\",\"datePublished\":\"2024-06-04T08:58:23+00:00\",\"dateModified\":\"2025-02-03T11:11:04+00:00\",\"description\":\"T\u00e9l\u00e9chargez notre livre blanc \\\"Supply Chain & IA : 6 tendances majeures d\u2019ici 2030 !\\\" et d\u00e9couvrez comment anticiper les transformations technologiques de la supply chain.\",\"breadcrumb\":{\"@id\":\"https:\/\/preprod.optimix-software.com\/fr\/livre-blanc-supply-chain-et-ia-6-tendances-majeures-dici-2030\/#breadcrumb\"},\"inLanguage\":\"fr-FR\",\"potentialAction\":[{\"@type\":\"ReadAction\",\"target\":[\"https:\/\/preprod.optimix-software.com\/fr\/livre-blanc-supply-chain-et-ia-6-tendances-majeures-dici-2030\/\"]}]},{\"@type\":\"ImageObject\",\"inLanguage\":\"fr-FR\",\"@id\":\"https:\/\/preprod.optimix-software.com\/fr\/livre-blanc-supply-chain-et-ia-6-tendances-majeures-dici-2030\/#primaryimage\",\"url\":\"https:\/\/preprod.optimix-software.com\/wp-content\/uploads\/Supply-Chain-et-IA-6-tendances-majeures-2030.webp\",\"contentUrl\":\"https:\/\/preprod.optimix-software.com\/wp-content\/uploads\/Supply-Chain-et-IA-6-tendances-majeures-2030.webp\",\"width\":1200,\"height\":627,\"caption\":\"Livre blanc : Supply Chain et IA - 6 tendances majeures d'ici 2030\"},{\"@type\":\"BreadcrumbList\",\"@id\":\"https:\/\/preprod.optimix-software.com\/fr\/livre-blanc-supply-chain-et-ia-6-tendances-majeures-dici-2030\/#breadcrumb\",\"itemListElement\":[{\"@type\":\"ListItem\",\"position\":1,\"name\":\"Accueil\",\"item\":\"https:\/\/preprod.optimix-software.com\/fr\/\"},{\"@type\":\"ListItem\",\"position\":2,\"name\":\"Livre blanc : Supply Chain et IA &#8211; 6 tendances majeures d&#8217;ici 2030\"}]},{\"@type\":\"WebSite\",\"@id\":\"https:\/\/preprod.optimix-software.com\/fr\/#website\",\"url\":\"https:\/\/preprod.optimix-software.com\/fr\/\",\"name\":\"Optimix Software\",\"description\":\"Solutions de Pricing et Supply chain d\u00e9di\u00e9es au retail\",\"publisher\":{\"@id\":\"https:\/\/preprod.optimix-software.com\/fr\/#organization\"},\"potentialAction\":[{\"@type\":\"SearchAction\",\"target\":{\"@type\":\"EntryPoint\",\"urlTemplate\":\"https:\/\/preprod.optimix-software.com\/fr\/?s={search_term_string}\"},\"query-input\":{\"@type\":\"PropertyValueSpecification\",\"valueRequired\":true,\"valueName\":\"search_term_string\"}}],\"inLanguage\":\"fr-FR\"},{\"@type\":\"Organization\",\"@id\":\"https:\/\/preprod.optimix-software.com\/fr\/#organization\",\"name\":\"Optimix Software\",\"url\":\"https:\/\/preprod.optimix-software.com\/fr\/\",\"logo\":{\"@type\":\"ImageObject\",\"inLanguage\":\"fr-FR\",\"@id\":\"https:\/\/preprod.optimix-software.com\/fr\/#\/schema\/logo\/image\/\",\"url\":\"https:\/\/preprod.optimix-software.com\/wp-content\/uploads\/logo-carre-optimix-RETAIL-PERFORMANCE-SOFTWARE.jpg\",\"contentUrl\":\"https:\/\/preprod.optimix-software.com\/wp-content\/uploads\/logo-carre-optimix-RETAIL-PERFORMANCE-SOFTWARE.jpg\",\"width\":2001,\"height\":2001,\"caption\":\"Optimix Software\"},\"image\":{\"@id\":\"https:\/\/preprod.optimix-software.com\/fr\/#\/schema\/logo\/image\/\"},\"sameAs\":[\"https:\/\/www.linkedin.com\/company\/optimix-ffr\/\"]}]}<\/script>\n<!-- \/ Yoast SEO Premium plugin. -->","yoast_head_json":{"title":"Livre blanc : Supply Chain et IA - 6 tendances majeures d'ici 2030","description":"T\u00e9l\u00e9chargez notre livre blanc \"Supply Chain & IA : 6 tendances majeures d\u2019ici 2030 !\" et d\u00e9couvrez comment anticiper les transformations technologiques de la supply chain.","robots":{"index":"noindex","follow":"follow","max-snippet":"max-snippet:-1","max-image-preview":"max-image-preview:large","max-video-preview":"max-video-preview:-1"},"og_locale":"fr_FR","og_type":"article","og_title":"Livre blanc : Supply Chain et IA - 6 tendances majeures d'ici 2030","og_description":"T\u00e9l\u00e9chargez notre livre blanc \"Supply Chain & IA : 6 tendances majeures d\u2019ici 2030 !\" et d\u00e9couvrez comment anticiper les transformations technologiques de la supply chain.","og_url":"https:\/\/preprod.optimix-software.com\/fr\/livre-blanc-supply-chain-et-ia-6-tendances-majeures-dici-2030\/","og_site_name":"Optimix Software","article_modified_time":"2025-02-03T11:11:04+00:00","og_image":[{"width":1200,"height":627,"url":"https:\/\/preprod.optimix-software.com\/wp-content\/uploads\/Quelles-strategies-de-tarification-en-periode-inflationniste.webp","type":"image\/webp"}],"twitter_card":"summary_large_image","twitter_misc":{"Dur\u00e9e de lecture estim\u00e9e":"2 minutes"},"schema":{"@context":"https:\/\/schema.org","@graph":[{"@type":"WebPage","@id":"https:\/\/preprod.optimix-software.com\/fr\/livre-blanc-supply-chain-et-ia-6-tendances-majeures-dici-2030\/","url":"https:\/\/preprod.optimix-software.com\/fr\/livre-blanc-supply-chain-et-ia-6-tendances-majeures-dici-2030\/","name":"Livre blanc : Supply Chain et IA - 6 tendances majeures d'ici 2030","isPartOf":{"@id":"https:\/\/preprod.optimix-software.com\/fr\/#website"},"primaryImageOfPage":{"@id":"https:\/\/preprod.optimix-software.com\/fr\/livre-blanc-supply-chain-et-ia-6-tendances-majeures-dici-2030\/#primaryimage"},"image":{"@id":"https:\/\/preprod.optimix-software.com\/fr\/livre-blanc-supply-chain-et-ia-6-tendances-majeures-dici-2030\/#primaryimage"},"thumbnailUrl":"https:\/\/preprod.optimix-software.com\/wp-content\/uploads\/Supply-Chain-et-IA-6-tendances-majeures-2030.webp","datePublished":"2024-06-04T08:58:23+00:00","dateModified":"2025-02-03T11:11:04+00:00","description":"T\u00e9l\u00e9chargez notre livre blanc \"Supply Chain & IA : 6 tendances majeures d\u2019ici 2030 !\" et d\u00e9couvrez comment anticiper les transformations technologiques de la supply chain.","breadcrumb":{"@id":"https:\/\/preprod.optimix-software.com\/fr\/livre-blanc-supply-chain-et-ia-6-tendances-majeures-dici-2030\/#breadcrumb"},"inLanguage":"fr-FR","potentialAction":[{"@type":"ReadAction","target":["https:\/\/preprod.optimix-software.com\/fr\/livre-blanc-supply-chain-et-ia-6-tendances-majeures-dici-2030\/"]}]},{"@type":"ImageObject","inLanguage":"fr-FR","@id":"https:\/\/preprod.optimix-software.com\/fr\/livre-blanc-supply-chain-et-ia-6-tendances-majeures-dici-2030\/#primaryimage","url":"https:\/\/preprod.optimix-software.com\/wp-content\/uploads\/Supply-Chain-et-IA-6-tendances-majeures-2030.webp","contentUrl":"https:\/\/preprod.optimix-software.com\/wp-content\/uploads\/Supply-Chain-et-IA-6-tendances-majeures-2030.webp","width":1200,"height":627,"caption":"Livre blanc : Supply Chain et IA - 6 tendances majeures d'ici 2030"},{"@type":"BreadcrumbList","@id":"https:\/\/preprod.optimix-software.com\/fr\/livre-blanc-supply-chain-et-ia-6-tendances-majeures-dici-2030\/#breadcrumb","itemListElement":[{"@type":"ListItem","position":1,"name":"Accueil","item":"https:\/\/preprod.optimix-software.com\/fr\/"},{"@type":"ListItem","position":2,"name":"Livre blanc : Supply Chain et IA &#8211; 6 tendances majeures d&#8217;ici 2030"}]},{"@type":"WebSite","@id":"https:\/\/preprod.optimix-software.com\/fr\/#website","url":"https:\/\/preprod.optimix-software.com\/fr\/","name":"Optimix Software","description":"Solutions de Pricing et Supply chain d\u00e9di\u00e9es au retail","publisher":{"@id":"https:\/\/preprod.optimix-software.com\/fr\/#organization"},"potentialAction":[{"@type":"SearchAction","target":{"@type":"EntryPoint","urlTemplate":"https:\/\/preprod.optimix-software.com\/fr\/?s={search_term_string}"},"query-input":{"@type":"PropertyValueSpecification","valueRequired":true,"valueName":"search_term_string"}}],"inLanguage":"fr-FR"},{"@type":"Organization","@id":"https:\/\/preprod.optimix-software.com\/fr\/#organization","name":"Optimix Software","url":"https:\/\/preprod.optimix-software.com\/fr\/","logo":{"@type":"ImageObject","inLanguage":"fr-FR","@id":"https:\/\/preprod.optimix-software.com\/fr\/#\/schema\/logo\/image\/","url":"https:\/\/preprod.optimix-software.com\/wp-content\/uploads\/logo-carre-optimix-RETAIL-PERFORMANCE-SOFTWARE.jpg","contentUrl":"https:\/\/preprod.optimix-software.com\/wp-content\/uploads\/logo-carre-optimix-RETAIL-PERFORMANCE-SOFTWARE.jpg","width":2001,"height":2001,"caption":"Optimix Software"},"image":{"@id":"https:\/\/preprod.optimix-software.com\/fr\/#\/schema\/logo\/image\/"},"sameAs":["https:\/\/www.linkedin.com\/company\/optimix-ffr\/"]}]}},"_links":{"self":[{"href":"https:\/\/preprod.optimix-software.com\/fr\/wp-json\/wp\/v2\/pages\/26822","targetHints":{"allow":["GET"]}}],"collection":[{"href":"https:\/\/preprod.optimix-software.com\/fr\/wp-json\/wp\/v2\/pages"}],"about":[{"href":"https:\/\/preprod.optimix-software.com\/fr\/wp-json\/wp\/v2\/types\/page"}],"author":[{"embeddable":true,"href":"https:\/\/preprod.optimix-software.com\/fr\/wp-json\/wp\/v2\/users\/3"}],"replies":[{"embeddable":true,"href":"https:\/\/preprod.optimix-software.com\/fr\/wp-json\/wp\/v2\/comments?post=26822"}],"version-history":[{"count":9,"href":"https:\/\/preprod.optimix-software.com\/fr\/wp-json\/wp\/v2\/pages\/26822\/revisions"}],"predecessor-version":[{"id":26952,"href":"https:\/\/preprod.optimix-software.com\/fr\/wp-json\/wp\/v2\/pages\/26822\/revisions\/26952"}],"wp:featuredmedia":[{"embeddable":true,"href":"https:\/\/preprod.optimix-software.com\/fr\/wp-json\/wp\/v2\/media\/26826"}],"wp:attachment":[{"href":"https:\/\/preprod.optimix-software.com\/fr\/wp-json\/wp\/v2\/media?parent=26822"}],"curies":[{"name":"wp","href":"https:\/\/api.w.org\/{rel}","templated":true}]}}