{"id":27522,"date":"2024-07-09T16:51:11","date_gmt":"2024-07-09T14:51:11","guid":{"rendered":"https:\/\/optimix.fr\/?page_id=27522"},"modified":"2024-08-01T16:58:24","modified_gmt":"2024-08-01T14:58:24","slug":"inscription-supply-chain-event-2024","status":"publish","type":"page","link":"https:\/\/preprod.optimix-software.com\/fr\/inscription-supply-chain-event-2024\/","title":{"rendered":"Inscription Supply Chain Event 2024"},"content":{"rendered":"\t\t<div data-elementor-type=\"wp-page\" data-elementor-id=\"27522\" class=\"elementor elementor-27522\" data-elementor-post-type=\"page\">\n\t\t\t\t<div class=\"elementor-element elementor-element-05a42b5 e-flex e-con-boxed e-con e-parent\" data-id=\"05a42b5\" data-element_type=\"container\">\n\t\t\t\t\t<div class=\"e-con-inner\">\n\t\t<div class=\"elementor-element elementor-element-73ffb24 e-con-full e-flex e-con e-child\" data-id=\"73ffb24\" data-element_type=\"container\">\n\t\t<div class=\"elementor-element elementor-element-9f2a8ca e-con-full e-flex e-con e-child\" data-id=\"9f2a8ca\" data-element_type=\"container\">\n\t\t\t\t<div class=\"elementor-element elementor-element-93d56ee elementor-widget elementor-widget-heading\" data-id=\"93d56ee\" data-element_type=\"widget\" data-widget_type=\"heading.default\">\n\t\t\t\t<div class=\"elementor-widget-container\">\n\t\t\t\t\t<h1 class=\"elementor-heading-title elementor-size-default\">Supply Chain Event 2024<\/h1>\t\t\t\t<\/div>\n\t\t\t\t<\/div>\n\t\t\t\t<div class=\"elementor-element elementor-element-de1b70e elementor-widget__width-initial elementor-widget elementor-widget-text-editor\" data-id=\"de1b70e\" data-element_type=\"widget\" data-widget_type=\"text-editor.default\">\n\t\t\t\t<div class=\"elementor-widget-container\">\n\t\t\t\t\t\t\t\t\t<p>Optimix est ravi de vous annoncer sa participation au <strong>Supply Chain Event 2024<\/strong> qui se tiendra les 12 et 13 novembre \u00e0 Paris.<\/p>\n<p>Retrouvez nos experts sur le <b><span style=\"color: #33cccc;\">stand F22<\/span><\/b>, ils vous pr\u00e9senteront nos derni\u00e8res innovations en mati\u00e8re de supply chain et d&rsquo;IA.<\/p>\n<p><span style=\"font-weight: 400;\">\u27a5 Assistez au retour d&rsquo;exp\u00e9rience de&nbsp;notre client <span style=\"color: #000000;\"><strong>Buffalo Grill,<\/strong>&nbsp;<\/span>le<strong> 12 novembre<\/strong> <strong>\u00e0 15h00<\/strong>, sur le th\u00e8me : <\/span><\/p>\n<h4 style=\"text-align: center;\"><em><span style=\"color: #33cccc;\"><strong>\u00ab\u00a0Buffalo Grill place l\u2019IA d\u2019OptimiX au c\u0153ur de sa strat\u00e9gie Supply Chain pour optimiser ses pr\u00e9visions et stocks\u00a0\u00bb<\/strong><\/span><\/em><\/h4>\n<p>Inscrivez-vous vite !<\/p>\t\t\t\t\t\t\t\t<\/div>\n\t\t\t\t<\/div>\n\t\t\t\t<\/div>\n\t\t\t\t<\/div>\n\t\t<div class=\"elementor-element elementor-element-7eb5624 e-con-full e-flex e-con e-child\" data-id=\"7eb5624\" data-element_type=\"container\">\n\t\t\t\t<div class=\"elementor-element elementor-element-90e2110 elementor-widget elementor-widget-html\" data-id=\"90e2110\" data-element_type=\"widget\" data-widget_type=\"html.default\">\n\t\t\t\t<div class=\"elementor-widget-container\">\n\t\t\t\t\t<div class=\"pipedriveWebForms\" data-pd-webforms=\"https:\/\/webforms.pipedrive.com\/f\/6FrY9AHYFIRZwf62pu1MOF19mz0xEkol819N894m0mjYsqy2TCdUSzKn7rP3yVd8BR\"><script src=\"https:\/\/webforms.pipedrive.com\/f\/loader\"><\/script><\/div>\t\t\t\t<\/div>\n\t\t\t\t<\/div>\n\t\t\t\t<\/div>\n\t\t\t\t\t<\/div>\n\t\t\t\t<\/div>\n\t\t\t\t<\/div>\n\t\t","protected":false},"excerpt":{"rendered":"<p>D\u00e9couvrez Optimix au Supply Chain Event 2024 les 12-13 nov \u00e0 Paris, stand F22. Venez explorer nos solutions innovantes pour optimiser votre cha\u00eene d&rsquo;approvisionnement.<\/p>\n","protected":false},"author":8,"featured_media":28868,"parent":0,"menu_order":0,"comment_status":"closed","ping_status":"closed","template":"","meta":{"inline_featured_image":false,"footnotes":""},"class_list":["post-27522","page","type-page","status-publish","has-post-thumbnail","hentry"],"yoast_head":"<!-- This site is optimized with the Yoast SEO Premium plugin v22.8 (Yoast SEO v25.1) - https:\/\/yoast.com\/wordpress\/plugins\/seo\/ -->\n<title>Inscription Supply Chain Event 2024<\/title>\n<meta name=\"description\" content=\"D\u00e9couvrez Optimix au Supply Chain Event 2024 les 12-13 nov \u00e0 Paris, stand F22. Venez explorer nos solutions innovantes pour optimiser votre cha\u00eene d&#039;approvisionnement.\" \/>\n<meta name=\"robots\" content=\"noindex, follow, max-snippet:-1, max-image-preview:large, max-video-preview:-1\" \/>\n<meta property=\"og:locale\" content=\"fr_FR\" \/>\n<meta property=\"og:type\" content=\"article\" \/>\n<meta property=\"og:title\" content=\"Inscription Supply Chain Event 2024\" \/>\n<meta property=\"og:description\" content=\"D\u00e9couvrez Optimix au Supply Chain Event 2024 les 12-13 nov \u00e0 Paris, stand F22. Venez explorer nos solutions innovantes pour optimiser votre cha\u00eene d&#039;approvisionnement.\" \/>\n<meta property=\"og:url\" content=\"https:\/\/preprod.optimix-software.com\/fr\/inscription-supply-chain-event-2024\/\" \/>\n<meta property=\"og:site_name\" content=\"Optimix Software\" \/>\n<meta property=\"article:modified_time\" content=\"2024-08-01T14:58:24+00:00\" \/>\n<meta property=\"og:image\" content=\"https:\/\/preprod.optimix-software.com\/wp-content\/uploads\/conference-buffalo-grill-supply-chain-event-2024-optimix-xfr-1200x675.png\" \/>\n\t<meta property=\"og:image:width\" content=\"1200\" \/>\n\t<meta property=\"og:image:height\" content=\"675\" \/>\n\t<meta property=\"og:image:type\" content=\"image\/png\" \/>\n<meta name=\"twitter:card\" content=\"summary_large_image\" \/>\n<meta name=\"twitter:label1\" content=\"Dur\u00e9e de lecture estim\u00e9e\" \/>\n\t<meta name=\"twitter:data1\" content=\"1 minute\" \/>\n<script type=\"application\/ld+json\" class=\"yoast-schema-graph\">{\"@context\":\"https:\/\/schema.org\",\"@graph\":[{\"@type\":\"WebPage\",\"@id\":\"https:\/\/preprod.optimix-software.com\/fr\/inscription-supply-chain-event-2024\/\",\"url\":\"https:\/\/preprod.optimix-software.com\/fr\/inscription-supply-chain-event-2024\/\",\"name\":\"Inscription Supply Chain Event 2024\",\"isPartOf\":{\"@id\":\"https:\/\/preprod.optimix-software.com\/fr\/#website\"},\"primaryImageOfPage\":{\"@id\":\"https:\/\/preprod.optimix-software.com\/fr\/inscription-supply-chain-event-2024\/#primaryimage\"},\"image\":{\"@id\":\"https:\/\/preprod.optimix-software.com\/fr\/inscription-supply-chain-event-2024\/#primaryimage\"},\"thumbnailUrl\":\"https:\/\/preprod.optimix-software.com\/wp-content\/uploads\/conference-buffalo-grill-supply-chain-event-2024-optimix-xfr.png\",\"datePublished\":\"2024-07-09T14:51:11+00:00\",\"dateModified\":\"2024-08-01T14:58:24+00:00\",\"description\":\"D\u00e9couvrez Optimix au Supply Chain Event 2024 les 12-13 nov \u00e0 Paris, stand F22. Venez explorer nos solutions innovantes pour optimiser votre cha\u00eene d'approvisionnement.\",\"breadcrumb\":{\"@id\":\"https:\/\/preprod.optimix-software.com\/fr\/inscription-supply-chain-event-2024\/#breadcrumb\"},\"inLanguage\":\"fr-FR\",\"potentialAction\":[{\"@type\":\"ReadAction\",\"target\":[\"https:\/\/preprod.optimix-software.com\/fr\/inscription-supply-chain-event-2024\/\"]}]},{\"@type\":\"ImageObject\",\"inLanguage\":\"fr-FR\",\"@id\":\"https:\/\/preprod.optimix-software.com\/fr\/inscription-supply-chain-event-2024\/#primaryimage\",\"url\":\"https:\/\/preprod.optimix-software.com\/wp-content\/uploads\/conference-buffalo-grill-supply-chain-event-2024-optimix-xfr.png\",\"contentUrl\":\"https:\/\/preprod.optimix-software.com\/wp-content\/uploads\/conference-buffalo-grill-supply-chain-event-2024-optimix-xfr.png\",\"width\":1600,\"height\":900,\"caption\":\"conference-buffalo-grill-supply-chain-event-2024\"},{\"@type\":\"BreadcrumbList\",\"@id\":\"https:\/\/preprod.optimix-software.com\/fr\/inscription-supply-chain-event-2024\/#breadcrumb\",\"itemListElement\":[{\"@type\":\"ListItem\",\"position\":1,\"name\":\"Accueil\",\"item\":\"https:\/\/preprod.optimix-software.com\/fr\/\"},{\"@type\":\"ListItem\",\"position\":2,\"name\":\"Inscription Supply Chain Event 2024\"}]},{\"@type\":\"WebSite\",\"@id\":\"https:\/\/preprod.optimix-software.com\/fr\/#website\",\"url\":\"https:\/\/preprod.optimix-software.com\/fr\/\",\"name\":\"Optimix Software\",\"description\":\"Solutions de Pricing et Supply chain d\u00e9di\u00e9es au retail\",\"publisher\":{\"@id\":\"https:\/\/preprod.optimix-software.com\/fr\/#organization\"},\"potentialAction\":[{\"@type\":\"SearchAction\",\"target\":{\"@type\":\"EntryPoint\",\"urlTemplate\":\"https:\/\/preprod.optimix-software.com\/fr\/?s={search_term_string}\"},\"query-input\":{\"@type\":\"PropertyValueSpecification\",\"valueRequired\":true,\"valueName\":\"search_term_string\"}}],\"inLanguage\":\"fr-FR\"},{\"@type\":\"Organization\",\"@id\":\"https:\/\/preprod.optimix-software.com\/fr\/#organization\",\"name\":\"Optimix Software\",\"url\":\"https:\/\/preprod.optimix-software.com\/fr\/\",\"logo\":{\"@type\":\"ImageObject\",\"inLanguage\":\"fr-FR\",\"@id\":\"https:\/\/preprod.optimix-software.com\/fr\/#\/schema\/logo\/image\/\",\"url\":\"https:\/\/preprod.optimix-software.com\/wp-content\/uploads\/logo-carre-optimix-RETAIL-PERFORMANCE-SOFTWARE.jpg\",\"contentUrl\":\"https:\/\/preprod.optimix-software.com\/wp-content\/uploads\/logo-carre-optimix-RETAIL-PERFORMANCE-SOFTWARE.jpg\",\"width\":2001,\"height\":2001,\"caption\":\"Optimix Software\"},\"image\":{\"@id\":\"https:\/\/preprod.optimix-software.com\/fr\/#\/schema\/logo\/image\/\"},\"sameAs\":[\"https:\/\/www.linkedin.com\/company\/optimix-ffr\/\"]}]}<\/script>\n<!-- \/ Yoast SEO Premium plugin. -->","yoast_head_json":{"title":"Inscription Supply Chain Event 2024","description":"D\u00e9couvrez Optimix au Supply Chain Event 2024 les 12-13 nov \u00e0 Paris, stand F22. Venez explorer nos solutions innovantes pour optimiser votre cha\u00eene d'approvisionnement.","robots":{"index":"noindex","follow":"follow","max-snippet":"max-snippet:-1","max-image-preview":"max-image-preview:large","max-video-preview":"max-video-preview:-1"},"og_locale":"fr_FR","og_type":"article","og_title":"Inscription Supply Chain Event 2024","og_description":"D\u00e9couvrez Optimix au Supply Chain Event 2024 les 12-13 nov \u00e0 Paris, stand F22. Venez explorer nos solutions innovantes pour optimiser votre cha\u00eene d'approvisionnement.","og_url":"https:\/\/preprod.optimix-software.com\/fr\/inscription-supply-chain-event-2024\/","og_site_name":"Optimix Software","article_modified_time":"2024-08-01T14:58:24+00:00","og_image":[{"width":1200,"height":675,"url":"https:\/\/preprod.optimix-software.com\/wp-content\/uploads\/conference-buffalo-grill-supply-chain-event-2024-optimix-xfr-1200x675.png","type":"image\/png"}],"twitter_card":"summary_large_image","twitter_misc":{"Dur\u00e9e de lecture estim\u00e9e":"1 minute"},"schema":{"@context":"https:\/\/schema.org","@graph":[{"@type":"WebPage","@id":"https:\/\/preprod.optimix-software.com\/fr\/inscription-supply-chain-event-2024\/","url":"https:\/\/preprod.optimix-software.com\/fr\/inscription-supply-chain-event-2024\/","name":"Inscription Supply Chain Event 2024","isPartOf":{"@id":"https:\/\/preprod.optimix-software.com\/fr\/#website"},"primaryImageOfPage":{"@id":"https:\/\/preprod.optimix-software.com\/fr\/inscription-supply-chain-event-2024\/#primaryimage"},"image":{"@id":"https:\/\/preprod.optimix-software.com\/fr\/inscription-supply-chain-event-2024\/#primaryimage"},"thumbnailUrl":"https:\/\/preprod.optimix-software.com\/wp-content\/uploads\/conference-buffalo-grill-supply-chain-event-2024-optimix-xfr.png","datePublished":"2024-07-09T14:51:11+00:00","dateModified":"2024-08-01T14:58:24+00:00","description":"D\u00e9couvrez Optimix au Supply Chain Event 2024 les 12-13 nov \u00e0 Paris, stand F22. Venez explorer nos solutions innovantes pour optimiser votre cha\u00eene d'approvisionnement.","breadcrumb":{"@id":"https:\/\/preprod.optimix-software.com\/fr\/inscription-supply-chain-event-2024\/#breadcrumb"},"inLanguage":"fr-FR","potentialAction":[{"@type":"ReadAction","target":["https:\/\/preprod.optimix-software.com\/fr\/inscription-supply-chain-event-2024\/"]}]},{"@type":"ImageObject","inLanguage":"fr-FR","@id":"https:\/\/preprod.optimix-software.com\/fr\/inscription-supply-chain-event-2024\/#primaryimage","url":"https:\/\/preprod.optimix-software.com\/wp-content\/uploads\/conference-buffalo-grill-supply-chain-event-2024-optimix-xfr.png","contentUrl":"https:\/\/preprod.optimix-software.com\/wp-content\/uploads\/conference-buffalo-grill-supply-chain-event-2024-optimix-xfr.png","width":1600,"height":900,"caption":"conference-buffalo-grill-supply-chain-event-2024"},{"@type":"BreadcrumbList","@id":"https:\/\/preprod.optimix-software.com\/fr\/inscription-supply-chain-event-2024\/#breadcrumb","itemListElement":[{"@type":"ListItem","position":1,"name":"Accueil","item":"https:\/\/preprod.optimix-software.com\/fr\/"},{"@type":"ListItem","position":2,"name":"Inscription Supply Chain Event 2024"}]},{"@type":"WebSite","@id":"https:\/\/preprod.optimix-software.com\/fr\/#website","url":"https:\/\/preprod.optimix-software.com\/fr\/","name":"Optimix Software","description":"Solutions de Pricing et Supply chain d\u00e9di\u00e9es au retail","publisher":{"@id":"https:\/\/preprod.optimix-software.com\/fr\/#organization"},"potentialAction":[{"@type":"SearchAction","target":{"@type":"EntryPoint","urlTemplate":"https:\/\/preprod.optimix-software.com\/fr\/?s={search_term_string}"},"query-input":{"@type":"PropertyValueSpecification","valueRequired":true,"valueName":"search_term_string"}}],"inLanguage":"fr-FR"},{"@type":"Organization","@id":"https:\/\/preprod.optimix-software.com\/fr\/#organization","name":"Optimix Software","url":"https:\/\/preprod.optimix-software.com\/fr\/","logo":{"@type":"ImageObject","inLanguage":"fr-FR","@id":"https:\/\/preprod.optimix-software.com\/fr\/#\/schema\/logo\/image\/","url":"https:\/\/preprod.optimix-software.com\/wp-content\/uploads\/logo-carre-optimix-RETAIL-PERFORMANCE-SOFTWARE.jpg","contentUrl":"https:\/\/preprod.optimix-software.com\/wp-content\/uploads\/logo-carre-optimix-RETAIL-PERFORMANCE-SOFTWARE.jpg","width":2001,"height":2001,"caption":"Optimix Software"},"image":{"@id":"https:\/\/preprod.optimix-software.com\/fr\/#\/schema\/logo\/image\/"},"sameAs":["https:\/\/www.linkedin.com\/company\/optimix-ffr\/"]}]}},"_links":{"self":[{"href":"https:\/\/preprod.optimix-software.com\/fr\/wp-json\/wp\/v2\/pages\/27522","targetHints":{"allow":["GET"]}}],"collection":[{"href":"https:\/\/preprod.optimix-software.com\/fr\/wp-json\/wp\/v2\/pages"}],"about":[{"href":"https:\/\/preprod.optimix-software.com\/fr\/wp-json\/wp\/v2\/types\/page"}],"author":[{"embeddable":true,"href":"https:\/\/preprod.optimix-software.com\/fr\/wp-json\/wp\/v2\/users\/8"}],"replies":[{"embeddable":true,"href":"https:\/\/preprod.optimix-software.com\/fr\/wp-json\/wp\/v2\/comments?post=27522"}],"version-history":[{"count":55,"href":"https:\/\/preprod.optimix-software.com\/fr\/wp-json\/wp\/v2\/pages\/27522\/revisions"}],"predecessor-version":[{"id":30552,"href":"https:\/\/preprod.optimix-software.com\/fr\/wp-json\/wp\/v2\/pages\/27522\/revisions\/30552"}],"wp:featuredmedia":[{"embeddable":true,"href":"https:\/\/preprod.optimix-software.com\/fr\/wp-json\/wp\/v2\/media\/28868"}],"wp:attachment":[{"href":"https:\/\/preprod.optimix-software.com\/fr\/wp-json\/wp\/v2\/media?parent=27522"}],"curies":[{"name":"wp","href":"https:\/\/api.w.org\/{rel}","templated":true}]}}