{"id":28204,"date":"2024-06-28T12:44:51","date_gmt":"2024-06-28T10:44:51","guid":{"rendered":"https:\/\/optimix.fr\/?page_id=28204"},"modified":"2024-11-25T15:02:22","modified_gmt":"2024-11-25T14:02:22","slug":"candidature-spontanee","status":"publish","type":"page","link":"https:\/\/preprod.optimix-software.com\/fr\/candidature-spontanee\/","title":{"rendered":"Candidature spontan\u00e9e"},"content":{"rendered":"\t\t<div data-elementor-type=\"wp-page\" data-elementor-id=\"28204\" class=\"elementor elementor-28204\" data-elementor-post-type=\"page\">\n\t\t\t\t<div class=\"elementor-element elementor-element-05a42b5 e-flex e-con-boxed e-con e-parent\" data-id=\"05a42b5\" data-element_type=\"container\">\n\t\t\t\t\t<div class=\"e-con-inner\">\n\t\t<div class=\"elementor-element elementor-element-73ffb24 e-con-full e-flex e-con e-child\" data-id=\"73ffb24\" data-element_type=\"container\">\n\t\t<div class=\"elementor-element elementor-element-9f2a8ca e-con-full e-flex e-con e-child\" data-id=\"9f2a8ca\" data-element_type=\"container\">\n\t\t\t\t<div class=\"elementor-element elementor-element-93d56ee elementor-widget elementor-widget-heading\" data-id=\"93d56ee\" data-element_type=\"widget\" data-widget_type=\"heading.default\">\n\t\t\t\t<div class=\"elementor-widget-container\">\n\t\t\t\t\t<h1 class=\"elementor-heading-title elementor-size-default\">Rejoignez Optimix<\/h1>\t\t\t\t<\/div>\n\t\t\t\t<\/div>\n\t\t\t\t<div class=\"elementor-element elementor-element-de1b70e elementor-widget__width-initial elementor-widget elementor-widget-text-editor\" data-id=\"de1b70e\" data-element_type=\"widget\" data-widget_type=\"text-editor.default\">\n\t\t\t\t<div class=\"elementor-widget-container\">\n\t\t\t\t\t\t\t\t\t<p>Vous \u00eates passionn\u00e9 par la technologie, l&rsquo;optimisation et la recherche de nouvelles solutions pour des d\u00e9fis complexes ?<\/p><p>Vous avez envie de faire partie d&rsquo;une \u00e9quipe dynamique et visionnaire qui valorise l&rsquo;innovation et la collaboration ?<\/p><p><strong>N&rsquo;attendez plus !<\/strong><\/p><p>Envoyez-nous votre CV et laissez-nous d\u00e9couvrir ce que vous pouvez apporter \u00e0 notre aventure.<\/p><p>Chez Optimix, nous croyons en votre potentiel et nous sommes impatients de vous rencontrer !<\/p>\t\t\t\t\t\t\t\t<\/div>\n\t\t\t\t<\/div>\n\t\t\t\t<\/div>\n\t\t\t\t<div class=\"elementor-element elementor-element-419363e elementor-widget elementor-widget-image\" data-id=\"419363e\" data-element_type=\"widget\" data-widget_type=\"image.default\">\n\t\t\t\t<div class=\"elementor-widget-container\">\n\t\t\t\t\t\t\t\t\t\t\t\t\t\t\t<img fetchpriority=\"high\" decoding=\"async\" width=\"800\" height=\"533\" src=\"https:\/\/preprod.optimix-software.com\/wp-content\/uploads\/photo-collaborateurs-Optimix-1200x800.webp\" class=\"attachment-large size-large wp-image-28186\" alt=\"\" srcset=\"https:\/\/preprod.optimix-software.com\/wp-content\/uploads\/photo-collaborateurs-Optimix-1200x800.webp 1200w, https:\/\/preprod.optimix-software.com\/wp-content\/uploads\/photo-collaborateurs-Optimix-900x600.webp 900w, https:\/\/preprod.optimix-software.com\/wp-content\/uploads\/photo-collaborateurs-Optimix-768x512.webp 768w, https:\/\/preprod.optimix-software.com\/wp-content\/uploads\/photo-collaborateurs-Optimix.webp 1500w\" sizes=\"(max-width: 800px) 100vw, 800px\" \/>\t\t\t\t\t\t\t\t\t\t\t\t\t\t\t<\/div>\n\t\t\t\t<\/div>\n\t\t\t\t<\/div>\n\t\t<div class=\"elementor-element elementor-element-7eb5624 e-con-full e-flex e-con e-child\" data-id=\"7eb5624\" data-element_type=\"container\">\n\t\t\t\t<div class=\"elementor-element elementor-element-90e2110 elementor-widget elementor-widget-html\" data-id=\"90e2110\" data-element_type=\"widget\" data-widget_type=\"html.default\">\n\t\t\t\t<div class=\"elementor-widget-container\">\n\t\t\t\t\t<div class=\"pipedriveWebForms\" data-pd-webforms=\"https:\/\/webforms.pipedrive.com\/f\/5X6t5PHCsgSjejMhJtaqIzHqCCbRfMtWNiuRMwPRz6er1EeKtEWofY9Mypqq3YOR5p\"><script src=\"https:\/\/webforms.pipedrive.com\/f\/loader\"><\/script><\/div>\t\t\t\t<\/div>\n\t\t\t\t<\/div>\n\t\t\t\t<\/div>\n\t\t\t\t\t<\/div>\n\t\t\t\t<\/div>\n\t\t\t\t<\/div>\n\t\t","protected":false},"excerpt":{"rendered":"<p>Rejoignez Optimix, \u00e9diteur de logiciels innovants en Pricing et Supply Chain. Envoyez votre CV pour des opportunit\u00e9s passionnantes et fa\u00e7onnez l&rsquo;avenir avec nous !<\/p>\n","protected":false},"author":3,"featured_media":0,"parent":0,"menu_order":0,"comment_status":"closed","ping_status":"closed","template":"","meta":{"inline_featured_image":false,"footnotes":""},"class_list":["post-28204","page","type-page","status-publish","hentry"],"yoast_head":"<!-- This site is optimized with the Yoast SEO Premium plugin v22.8 (Yoast SEO v25.1) - https:\/\/yoast.com\/wordpress\/plugins\/seo\/ -->\n<title>Candidature spontan\u00e9e - Optimix Software<\/title>\n<meta name=\"description\" content=\"Rejoignez Optimix, \u00e9diteur de logiciels innovants en Pricing et Supply Chain. Postulez en candidature spontan\u00e9e et envoyez votre CV pour des opportunit\u00e9s passionnantes !\" \/>\n<meta name=\"robots\" content=\"noindex, follow, max-snippet:-1, max-image-preview:large, max-video-preview:-1\" \/>\n<meta property=\"og:locale\" content=\"fr_FR\" \/>\n<meta property=\"og:type\" content=\"article\" \/>\n<meta property=\"og:title\" content=\"Candidature spontan\u00e9e\" \/>\n<meta property=\"og:description\" content=\"Rejoignez Optimix, \u00e9diteur de logiciels innovants en Pricing et Supply Chain. Postulez en candidature spontan\u00e9e et envoyez votre CV pour des opportunit\u00e9s passionnantes !\" \/>\n<meta property=\"og:url\" content=\"https:\/\/preprod.optimix-software.com\/fr\/candidature-spontanee\/\" \/>\n<meta property=\"og:site_name\" content=\"Optimix Software\" \/>\n<meta property=\"article:modified_time\" content=\"2024-11-25T14:02:22+00:00\" \/>\n<meta property=\"og:image\" content=\"https:\/\/preprod.optimix-software.com\/wp-content\/uploads\/clubpricing3-copie.webp\" \/>\n\t<meta property=\"og:image:width\" content=\"1600\" \/>\n\t<meta property=\"og:image:height\" content=\"479\" \/>\n\t<meta property=\"og:image:type\" content=\"image\/webp\" \/>\n<meta name=\"twitter:card\" content=\"summary_large_image\" \/>\n<meta name=\"twitter:label1\" content=\"Dur\u00e9e de lecture estim\u00e9e\" \/>\n\t<meta name=\"twitter:data1\" content=\"1 minute\" \/>\n<script type=\"application\/ld+json\" class=\"yoast-schema-graph\">{\"@context\":\"https:\/\/schema.org\",\"@graph\":[{\"@type\":\"WebPage\",\"@id\":\"https:\/\/preprod.optimix-software.com\/fr\/candidature-spontanee\/\",\"url\":\"https:\/\/preprod.optimix-software.com\/fr\/candidature-spontanee\/\",\"name\":\"Candidature spontan\u00e9e - Optimix Software\",\"isPartOf\":{\"@id\":\"https:\/\/preprod.optimix-software.com\/fr\/#website\"},\"primaryImageOfPage\":{\"@id\":\"https:\/\/preprod.optimix-software.com\/fr\/candidature-spontanee\/#primaryimage\"},\"image\":{\"@id\":\"https:\/\/preprod.optimix-software.com\/fr\/candidature-spontanee\/#primaryimage\"},\"thumbnailUrl\":\"https:\/\/preprod.optimix-software.com\/wp-content\/uploads\/photo-collaborateurs-Optimix-1200x800.webp\",\"datePublished\":\"2024-06-28T10:44:51+00:00\",\"dateModified\":\"2024-11-25T14:02:22+00:00\",\"description\":\"Rejoignez Optimix, \u00e9diteur de logiciels innovants en Pricing et Supply Chain. Postulez en candidature spontan\u00e9e et envoyez votre CV pour des opportunit\u00e9s passionnantes !\",\"breadcrumb\":{\"@id\":\"https:\/\/preprod.optimix-software.com\/fr\/candidature-spontanee\/#breadcrumb\"},\"inLanguage\":\"fr-FR\",\"potentialAction\":[{\"@type\":\"ReadAction\",\"target\":[\"https:\/\/preprod.optimix-software.com\/fr\/candidature-spontanee\/\"]}]},{\"@type\":\"ImageObject\",\"inLanguage\":\"fr-FR\",\"@id\":\"https:\/\/preprod.optimix-software.com\/fr\/candidature-spontanee\/#primaryimage\",\"url\":\"https:\/\/preprod.optimix-software.com\/wp-content\/uploads\/photo-collaborateurs-Optimix-1200x800.webp\",\"contentUrl\":\"https:\/\/preprod.optimix-software.com\/wp-content\/uploads\/photo-collaborateurs-Optimix-1200x800.webp\"},{\"@type\":\"BreadcrumbList\",\"@id\":\"https:\/\/preprod.optimix-software.com\/fr\/candidature-spontanee\/#breadcrumb\",\"itemListElement\":[{\"@type\":\"ListItem\",\"position\":1,\"name\":\"Accueil\",\"item\":\"https:\/\/preprod.optimix-software.com\/fr\/\"},{\"@type\":\"ListItem\",\"position\":2,\"name\":\"Candidature spontan\u00e9e\"}]},{\"@type\":\"WebSite\",\"@id\":\"https:\/\/preprod.optimix-software.com\/fr\/#website\",\"url\":\"https:\/\/preprod.optimix-software.com\/fr\/\",\"name\":\"Optimix Software\",\"description\":\"Solutions de Pricing et Supply chain d\u00e9di\u00e9es au retail\",\"publisher\":{\"@id\":\"https:\/\/preprod.optimix-software.com\/fr\/#organization\"},\"potentialAction\":[{\"@type\":\"SearchAction\",\"target\":{\"@type\":\"EntryPoint\",\"urlTemplate\":\"https:\/\/preprod.optimix-software.com\/fr\/?s={search_term_string}\"},\"query-input\":{\"@type\":\"PropertyValueSpecification\",\"valueRequired\":true,\"valueName\":\"search_term_string\"}}],\"inLanguage\":\"fr-FR\"},{\"@type\":\"Organization\",\"@id\":\"https:\/\/preprod.optimix-software.com\/fr\/#organization\",\"name\":\"Optimix Software\",\"url\":\"https:\/\/preprod.optimix-software.com\/fr\/\",\"logo\":{\"@type\":\"ImageObject\",\"inLanguage\":\"fr-FR\",\"@id\":\"https:\/\/preprod.optimix-software.com\/fr\/#\/schema\/logo\/image\/\",\"url\":\"https:\/\/preprod.optimix-software.com\/wp-content\/uploads\/logo-carre-optimix-RETAIL-PERFORMANCE-SOFTWARE.jpg\",\"contentUrl\":\"https:\/\/preprod.optimix-software.com\/wp-content\/uploads\/logo-carre-optimix-RETAIL-PERFORMANCE-SOFTWARE.jpg\",\"width\":2001,\"height\":2001,\"caption\":\"Optimix Software\"},\"image\":{\"@id\":\"https:\/\/preprod.optimix-software.com\/fr\/#\/schema\/logo\/image\/\"},\"sameAs\":[\"https:\/\/www.linkedin.com\/company\/optimix-ffr\/\"]}]}<\/script>\n<!-- \/ Yoast SEO Premium plugin. -->","yoast_head_json":{"title":"Candidature spontan\u00e9e - Optimix Software","description":"Rejoignez Optimix, \u00e9diteur de logiciels innovants en Pricing et Supply Chain. Postulez en candidature spontan\u00e9e et envoyez votre CV pour des opportunit\u00e9s passionnantes !","robots":{"index":"noindex","follow":"follow","max-snippet":"max-snippet:-1","max-image-preview":"max-image-preview:large","max-video-preview":"max-video-preview:-1"},"og_locale":"fr_FR","og_type":"article","og_title":"Candidature spontan\u00e9e","og_description":"Rejoignez Optimix, \u00e9diteur de logiciels innovants en Pricing et Supply Chain. Postulez en candidature spontan\u00e9e et envoyez votre CV pour des opportunit\u00e9s passionnantes !","og_url":"https:\/\/preprod.optimix-software.com\/fr\/candidature-spontanee\/","og_site_name":"Optimix Software","article_modified_time":"2024-11-25T14:02:22+00:00","og_image":[{"width":1600,"height":479,"url":"https:\/\/preprod.optimix-software.com\/wp-content\/uploads\/clubpricing3-copie.webp","type":"image\/webp"}],"twitter_card":"summary_large_image","twitter_misc":{"Dur\u00e9e de lecture estim\u00e9e":"1 minute"},"schema":{"@context":"https:\/\/schema.org","@graph":[{"@type":"WebPage","@id":"https:\/\/preprod.optimix-software.com\/fr\/candidature-spontanee\/","url":"https:\/\/preprod.optimix-software.com\/fr\/candidature-spontanee\/","name":"Candidature spontan\u00e9e - Optimix Software","isPartOf":{"@id":"https:\/\/preprod.optimix-software.com\/fr\/#website"},"primaryImageOfPage":{"@id":"https:\/\/preprod.optimix-software.com\/fr\/candidature-spontanee\/#primaryimage"},"image":{"@id":"https:\/\/preprod.optimix-software.com\/fr\/candidature-spontanee\/#primaryimage"},"thumbnailUrl":"https:\/\/preprod.optimix-software.com\/wp-content\/uploads\/photo-collaborateurs-Optimix-1200x800.webp","datePublished":"2024-06-28T10:44:51+00:00","dateModified":"2024-11-25T14:02:22+00:00","description":"Rejoignez Optimix, \u00e9diteur de logiciels innovants en Pricing et Supply Chain. Postulez en candidature spontan\u00e9e et envoyez votre CV pour des opportunit\u00e9s passionnantes !","breadcrumb":{"@id":"https:\/\/preprod.optimix-software.com\/fr\/candidature-spontanee\/#breadcrumb"},"inLanguage":"fr-FR","potentialAction":[{"@type":"ReadAction","target":["https:\/\/preprod.optimix-software.com\/fr\/candidature-spontanee\/"]}]},{"@type":"ImageObject","inLanguage":"fr-FR","@id":"https:\/\/preprod.optimix-software.com\/fr\/candidature-spontanee\/#primaryimage","url":"https:\/\/preprod.optimix-software.com\/wp-content\/uploads\/photo-collaborateurs-Optimix-1200x800.webp","contentUrl":"https:\/\/preprod.optimix-software.com\/wp-content\/uploads\/photo-collaborateurs-Optimix-1200x800.webp"},{"@type":"BreadcrumbList","@id":"https:\/\/preprod.optimix-software.com\/fr\/candidature-spontanee\/#breadcrumb","itemListElement":[{"@type":"ListItem","position":1,"name":"Accueil","item":"https:\/\/preprod.optimix-software.com\/fr\/"},{"@type":"ListItem","position":2,"name":"Candidature spontan\u00e9e"}]},{"@type":"WebSite","@id":"https:\/\/preprod.optimix-software.com\/fr\/#website","url":"https:\/\/preprod.optimix-software.com\/fr\/","name":"Optimix Software","description":"Solutions de Pricing et Supply chain d\u00e9di\u00e9es au retail","publisher":{"@id":"https:\/\/preprod.optimix-software.com\/fr\/#organization"},"potentialAction":[{"@type":"SearchAction","target":{"@type":"EntryPoint","urlTemplate":"https:\/\/preprod.optimix-software.com\/fr\/?s={search_term_string}"},"query-input":{"@type":"PropertyValueSpecification","valueRequired":true,"valueName":"search_term_string"}}],"inLanguage":"fr-FR"},{"@type":"Organization","@id":"https:\/\/preprod.optimix-software.com\/fr\/#organization","name":"Optimix Software","url":"https:\/\/preprod.optimix-software.com\/fr\/","logo":{"@type":"ImageObject","inLanguage":"fr-FR","@id":"https:\/\/preprod.optimix-software.com\/fr\/#\/schema\/logo\/image\/","url":"https:\/\/preprod.optimix-software.com\/wp-content\/uploads\/logo-carre-optimix-RETAIL-PERFORMANCE-SOFTWARE.jpg","contentUrl":"https:\/\/preprod.optimix-software.com\/wp-content\/uploads\/logo-carre-optimix-RETAIL-PERFORMANCE-SOFTWARE.jpg","width":2001,"height":2001,"caption":"Optimix Software"},"image":{"@id":"https:\/\/preprod.optimix-software.com\/fr\/#\/schema\/logo\/image\/"},"sameAs":["https:\/\/www.linkedin.com\/company\/optimix-ffr\/"]}]}},"_links":{"self":[{"href":"https:\/\/preprod.optimix-software.com\/fr\/wp-json\/wp\/v2\/pages\/28204","targetHints":{"allow":["GET"]}}],"collection":[{"href":"https:\/\/preprod.optimix-software.com\/fr\/wp-json\/wp\/v2\/pages"}],"about":[{"href":"https:\/\/preprod.optimix-software.com\/fr\/wp-json\/wp\/v2\/types\/page"}],"author":[{"embeddable":true,"href":"https:\/\/preprod.optimix-software.com\/fr\/wp-json\/wp\/v2\/users\/3"}],"replies":[{"embeddable":true,"href":"https:\/\/preprod.optimix-software.com\/fr\/wp-json\/wp\/v2\/comments?post=28204"}],"version-history":[{"count":15,"href":"https:\/\/preprod.optimix-software.com\/fr\/wp-json\/wp\/v2\/pages\/28204\/revisions"}],"predecessor-version":[{"id":34863,"href":"https:\/\/preprod.optimix-software.com\/fr\/wp-json\/wp\/v2\/pages\/28204\/revisions\/34863"}],"wp:attachment":[{"href":"https:\/\/preprod.optimix-software.com\/fr\/wp-json\/wp\/v2\/media?parent=28204"}],"curies":[{"name":"wp","href":"https:\/\/api.w.org\/{rel}","templated":true}]}}