{"id":30935,"date":"2024-08-12T10:03:14","date_gmt":"2024-08-12T08:03:14","guid":{"rendered":"https:\/\/optimix.fr\/?page_id=30935"},"modified":"2025-02-17T11:20:56","modified_gmt":"2025-02-17T10:20:56","slug":"livre-blanc-la-gestion-des-prix-des-produits-perissables","status":"publish","type":"page","link":"https:\/\/preprod.optimix-software.com\/fr\/livre-blanc-la-gestion-des-prix-des-produits-perissables\/","title":{"rendered":"La gestion des prix des produits p\u00e9rissables"},"content":{"rendered":"\t\t<div data-elementor-type=\"wp-page\" data-elementor-id=\"30935\" class=\"elementor elementor-30935\" data-elementor-post-type=\"page\">\n\t\t\t\t<div class=\"elementor-element elementor-element-65937d9 e-flex e-con-boxed e-con e-parent\" data-id=\"65937d9\" data-element_type=\"container\" data-settings=\"{&quot;background_background&quot;:&quot;classic&quot;}\">\n\t\t\t\t\t<div class=\"e-con-inner\">\n\t\t<div class=\"elementor-element elementor-element-a1cff0c e-con-full e-flex e-con e-child\" data-id=\"a1cff0c\" data-element_type=\"container\">\n\t\t\t\t<div class=\"elementor-element elementor-element-b47d66f elementor-widget elementor-widget-heading\" data-id=\"b47d66f\" data-element_type=\"widget\" data-widget_type=\"heading.default\">\n\t\t\t\t<div class=\"elementor-widget-container\">\n\t\t\t\t\t<h2 class=\"elementor-heading-title elementor-size-default\">Livre Blanc: La gestion des prix des produits p\u00e9rissables<\/h2>\t\t\t\t<\/div>\n\t\t\t\t<\/div>\n\t\t\t\t<div class=\"elementor-element elementor-element-4a05b0f elementor-widget elementor-widget-text-editor\" data-id=\"4a05b0f\" data-element_type=\"widget\" data-widget_type=\"text-editor.default\">\n\t\t\t\t<div class=\"elementor-widget-container\">\n\t\t\t\t\t\t\t\t\t<h3>1. <strong>Optimisation des marges et des revenus :<\/strong><\/h3><ul><li><strong>Maximisez les profits<\/strong> : Apprenez \u00e0 ajuster vos prix en fonction de la dur\u00e9e de vie des produits pour maximiser vos marges et limiter les pertes.<\/li><\/ul><h3>2. <strong>R\u00e9duction des pertes et gaspillage :<\/strong><\/h3><ul><li><strong>Diminuer le gaspillage<\/strong> : Impl\u00e9mentez des strat\u00e9gies pour vendre les produits avant qu&rsquo;ils ne p\u00e9riment, r\u00e9duisant ainsi le gaspillage alimentaire.<\/li><li><strong>Gestion intelligente des stocks<\/strong> : Apprenez \u00e0 g\u00e9rer vos stocks de mani\u00e8re proactive pour \u00e9viter les invendus.<\/li><\/ul><h3>3. <strong>Analyse des donn\u00e9es et pr\u00e9visions :<\/strong><\/h3><ul><li><strong>Utilisation de l&rsquo;intelligence artificielle et du big data<\/strong> : Apprenez \u00e0 utiliser des outils avanc\u00e9s pour analyser les tendances de vente et pr\u00e9voir les besoins en approvisionnement.<\/li><li><strong>D\u00e9cisions bas\u00e9es sur les donn\u00e9es<\/strong> : Exploitez les donn\u00e9es pour prendre des d\u00e9cisions \u00e9clair\u00e9es sur la tarification et la gestion des stocks.<\/li><\/ul>\t\t\t\t\t\t\t\t<\/div>\n\t\t\t\t<\/div>\n\t\t\t\t<\/div>\n\t\t<div class=\"elementor-element elementor-element-5bae97b e-con-full e-flex e-con e-child\" data-id=\"5bae97b\" data-element_type=\"container\">\n\t\t\t\t<div class=\"elementor-element elementor-element-05efd48 elementor-hidden-tablet elementor-hidden-mobile elementor-widget elementor-widget-image\" data-id=\"05efd48\" data-element_type=\"widget\" data-widget_type=\"image.default\">\n\t\t\t\t<div class=\"elementor-widget-container\">\n\t\t\t\t\t\t\t\t\t\t\t\t\t\t\t<img fetchpriority=\"high\" decoding=\"async\" width=\"768\" height=\"401\" src=\"https:\/\/preprod.optimix-software.com\/wp-content\/uploads\/livre-blanc-gestion-des-prix-des-produits-perissables-optimix-xpa-768x401.webp\" class=\"attachment-medium_large size-medium_large wp-image-30940\" alt=\"livre-blanc-gestion-des-prix-des-produits-perissables\" srcset=\"https:\/\/preprod.optimix-software.com\/wp-content\/uploads\/livre-blanc-gestion-des-prix-des-produits-perissables-optimix-xpa-768x401.webp 768w, https:\/\/preprod.optimix-software.com\/wp-content\/uploads\/livre-blanc-gestion-des-prix-des-produits-perissables-optimix-xpa-1148x600.webp 1148w, https:\/\/preprod.optimix-software.com\/wp-content\/uploads\/livre-blanc-gestion-des-prix-des-produits-perissables-optimix-xpa.webp 1200w\" sizes=\"(max-width: 768px) 100vw, 768px\" \/>\t\t\t\t\t\t\t\t\t\t\t\t\t\t\t<\/div>\n\t\t\t\t<\/div>\n\t\t\t\t<div class=\"elementor-element elementor-element-bf0849f elementor-widget__width-initial elementor-widget elementor-widget-html\" data-id=\"bf0849f\" data-element_type=\"widget\" data-widget_type=\"html.default\">\n\t\t\t\t<div class=\"elementor-widget-container\">\n\t\t\t\t\t<script charset=\"utf-8\" type=\"text\/javascript\" src=\"\/\/js-eu1.hsforms.net\/forms\/embed\/v2.js\"><\/script>\n<script>\n  hbspt.forms.create({\n    portalId: \"144414462\",\n    formId: \"630641cb-fa69-408f-9002-14941b85158a\",\n    region: \"eu1\"\n  });\n<\/script>\t\t\t\t<\/div>\n\t\t\t\t<\/div>\n\t\t\t\t<\/div>\n\t\t\t\t\t<\/div>\n\t\t\t\t<\/div>\n\t\t\t\t<\/div>\n\t\t","protected":false},"excerpt":{"rendered":"<p>Optimisez la gestion des prix des produits \u00e0 court terme dans la distribution alimentaire et d\u00e9couvrez des strat\u00e9gies et outils avanc\u00e9s pour maximiser rentabilit\u00e9 et satisfaction client.<\/p>\n","protected":false},"author":3,"featured_media":30940,"parent":0,"menu_order":0,"comment_status":"closed","ping_status":"closed","template":"","meta":{"inline_featured_image":false,"footnotes":""},"class_list":["post-30935","page","type-page","status-publish","has-post-thumbnail","hentry"],"yoast_head":"<!-- This site is optimized with the Yoast SEO Premium plugin v22.8 (Yoast SEO v25.1) - https:\/\/yoast.com\/wordpress\/plugins\/seo\/ -->\n<title>La gestion des prix des produits p\u00e9rissables<\/title>\n<meta name=\"description\" content=\"Optimisez la gestion des prix des produits \u00e0 court terme dans la distribution alimentaire et d\u00e9couvrez des strat\u00e9gies et outils avanc\u00e9s pour maximiser rentabilit\u00e9 et satisfaction client.\" \/>\n<meta name=\"robots\" content=\"noindex, follow, max-snippet:-1, max-image-preview:large, max-video-preview:-1\" \/>\n<meta property=\"og:locale\" content=\"fr_FR\" \/>\n<meta property=\"og:type\" content=\"article\" \/>\n<meta property=\"og:title\" content=\"La gestion des prix des produits p\u00e9rissables\" \/>\n<meta property=\"og:description\" content=\"Optimisez la gestion des prix des produits \u00e0 court terme dans la distribution alimentaire et d\u00e9couvrez des strat\u00e9gies et outils avanc\u00e9s pour maximiser rentabilit\u00e9 et satisfaction client.\" \/>\n<meta property=\"og:url\" content=\"https:\/\/preprod.optimix-software.com\/fr\/livre-blanc-la-gestion-des-prix-des-produits-perissables\/\" \/>\n<meta property=\"og:site_name\" content=\"Optimix Software\" \/>\n<meta property=\"article:modified_time\" content=\"2025-02-17T10:20:56+00:00\" \/>\n<meta property=\"og:image\" content=\"https:\/\/preprod.optimix-software.com\/wp-content\/uploads\/livre-blanc-gestion-des-prix-des-produits-perissables-optimix-xpa.webp\" \/>\n\t<meta property=\"og:image:width\" content=\"1200\" \/>\n\t<meta property=\"og:image:height\" content=\"627\" \/>\n\t<meta property=\"og:image:type\" content=\"image\/webp\" \/>\n<meta name=\"twitter:card\" content=\"summary_large_image\" \/>\n<meta name=\"twitter:label1\" content=\"Dur\u00e9e de lecture estim\u00e9e\" \/>\n\t<meta name=\"twitter:data1\" content=\"1 minute\" \/>\n<script type=\"application\/ld+json\" class=\"yoast-schema-graph\">{\"@context\":\"https:\/\/schema.org\",\"@graph\":[{\"@type\":\"WebPage\",\"@id\":\"https:\/\/preprod.optimix-software.com\/fr\/livre-blanc-la-gestion-des-prix-des-produits-perissables\/\",\"url\":\"https:\/\/preprod.optimix-software.com\/fr\/livre-blanc-la-gestion-des-prix-des-produits-perissables\/\",\"name\":\"La gestion des prix des produits p\u00e9rissables\",\"isPartOf\":{\"@id\":\"https:\/\/preprod.optimix-software.com\/fr\/#website\"},\"primaryImageOfPage\":{\"@id\":\"https:\/\/preprod.optimix-software.com\/fr\/livre-blanc-la-gestion-des-prix-des-produits-perissables\/#primaryimage\"},\"image\":{\"@id\":\"https:\/\/preprod.optimix-software.com\/fr\/livre-blanc-la-gestion-des-prix-des-produits-perissables\/#primaryimage\"},\"thumbnailUrl\":\"https:\/\/preprod.optimix-software.com\/wp-content\/uploads\/livre-blanc-gestion-des-prix-des-produits-perissables-optimix-xpa.webp\",\"datePublished\":\"2024-08-12T08:03:14+00:00\",\"dateModified\":\"2025-02-17T10:20:56+00:00\",\"description\":\"Optimisez la gestion des prix des produits \u00e0 court terme dans la distribution alimentaire et d\u00e9couvrez des strat\u00e9gies et outils avanc\u00e9s pour maximiser rentabilit\u00e9 et satisfaction client.\",\"breadcrumb\":{\"@id\":\"https:\/\/preprod.optimix-software.com\/fr\/livre-blanc-la-gestion-des-prix-des-produits-perissables\/#breadcrumb\"},\"inLanguage\":\"fr-FR\",\"potentialAction\":[{\"@type\":\"ReadAction\",\"target\":[\"https:\/\/preprod.optimix-software.com\/fr\/livre-blanc-la-gestion-des-prix-des-produits-perissables\/\"]}]},{\"@type\":\"ImageObject\",\"inLanguage\":\"fr-FR\",\"@id\":\"https:\/\/preprod.optimix-software.com\/fr\/livre-blanc-la-gestion-des-prix-des-produits-perissables\/#primaryimage\",\"url\":\"https:\/\/preprod.optimix-software.com\/wp-content\/uploads\/livre-blanc-gestion-des-prix-des-produits-perissables-optimix-xpa.webp\",\"contentUrl\":\"https:\/\/preprod.optimix-software.com\/wp-content\/uploads\/livre-blanc-gestion-des-prix-des-produits-perissables-optimix-xpa.webp\",\"width\":1200,\"height\":627,\"caption\":\"livre-blanc-gestion-des-prix-des-produits-perissables\"},{\"@type\":\"BreadcrumbList\",\"@id\":\"https:\/\/preprod.optimix-software.com\/fr\/livre-blanc-la-gestion-des-prix-des-produits-perissables\/#breadcrumb\",\"itemListElement\":[{\"@type\":\"ListItem\",\"position\":1,\"name\":\"Accueil\",\"item\":\"https:\/\/preprod.optimix-software.com\/fr\/\"},{\"@type\":\"ListItem\",\"position\":2,\"name\":\"La gestion des prix des produits p\u00e9rissables\"}]},{\"@type\":\"WebSite\",\"@id\":\"https:\/\/preprod.optimix-software.com\/fr\/#website\",\"url\":\"https:\/\/preprod.optimix-software.com\/fr\/\",\"name\":\"Optimix Software\",\"description\":\"Solutions de Pricing et Supply chain d\u00e9di\u00e9es au retail\",\"publisher\":{\"@id\":\"https:\/\/preprod.optimix-software.com\/fr\/#organization\"},\"potentialAction\":[{\"@type\":\"SearchAction\",\"target\":{\"@type\":\"EntryPoint\",\"urlTemplate\":\"https:\/\/preprod.optimix-software.com\/fr\/?s={search_term_string}\"},\"query-input\":{\"@type\":\"PropertyValueSpecification\",\"valueRequired\":true,\"valueName\":\"search_term_string\"}}],\"inLanguage\":\"fr-FR\"},{\"@type\":\"Organization\",\"@id\":\"https:\/\/preprod.optimix-software.com\/fr\/#organization\",\"name\":\"Optimix Software\",\"url\":\"https:\/\/preprod.optimix-software.com\/fr\/\",\"logo\":{\"@type\":\"ImageObject\",\"inLanguage\":\"fr-FR\",\"@id\":\"https:\/\/preprod.optimix-software.com\/fr\/#\/schema\/logo\/image\/\",\"url\":\"https:\/\/preprod.optimix-software.com\/wp-content\/uploads\/logo-carre-optimix-RETAIL-PERFORMANCE-SOFTWARE.jpg\",\"contentUrl\":\"https:\/\/preprod.optimix-software.com\/wp-content\/uploads\/logo-carre-optimix-RETAIL-PERFORMANCE-SOFTWARE.jpg\",\"width\":2001,\"height\":2001,\"caption\":\"Optimix Software\"},\"image\":{\"@id\":\"https:\/\/preprod.optimix-software.com\/fr\/#\/schema\/logo\/image\/\"},\"sameAs\":[\"https:\/\/www.linkedin.com\/company\/optimix-ffr\/\"]}]}<\/script>\n<!-- \/ Yoast SEO Premium plugin. -->","yoast_head_json":{"title":"La gestion des prix des produits p\u00e9rissables","description":"Optimisez la gestion des prix des produits \u00e0 court terme dans la distribution alimentaire et d\u00e9couvrez des strat\u00e9gies et outils avanc\u00e9s pour maximiser rentabilit\u00e9 et satisfaction client.","robots":{"index":"noindex","follow":"follow","max-snippet":"max-snippet:-1","max-image-preview":"max-image-preview:large","max-video-preview":"max-video-preview:-1"},"og_locale":"fr_FR","og_type":"article","og_title":"La gestion des prix des produits p\u00e9rissables","og_description":"Optimisez la gestion des prix des produits \u00e0 court terme dans la distribution alimentaire et d\u00e9couvrez des strat\u00e9gies et outils avanc\u00e9s pour maximiser rentabilit\u00e9 et satisfaction client.","og_url":"https:\/\/preprod.optimix-software.com\/fr\/livre-blanc-la-gestion-des-prix-des-produits-perissables\/","og_site_name":"Optimix Software","article_modified_time":"2025-02-17T10:20:56+00:00","og_image":[{"width":1200,"height":627,"url":"https:\/\/preprod.optimix-software.com\/wp-content\/uploads\/livre-blanc-gestion-des-prix-des-produits-perissables-optimix-xpa.webp","type":"image\/webp"}],"twitter_card":"summary_large_image","twitter_misc":{"Dur\u00e9e de lecture estim\u00e9e":"1 minute"},"schema":{"@context":"https:\/\/schema.org","@graph":[{"@type":"WebPage","@id":"https:\/\/preprod.optimix-software.com\/fr\/livre-blanc-la-gestion-des-prix-des-produits-perissables\/","url":"https:\/\/preprod.optimix-software.com\/fr\/livre-blanc-la-gestion-des-prix-des-produits-perissables\/","name":"La gestion des prix des produits p\u00e9rissables","isPartOf":{"@id":"https:\/\/preprod.optimix-software.com\/fr\/#website"},"primaryImageOfPage":{"@id":"https:\/\/preprod.optimix-software.com\/fr\/livre-blanc-la-gestion-des-prix-des-produits-perissables\/#primaryimage"},"image":{"@id":"https:\/\/preprod.optimix-software.com\/fr\/livre-blanc-la-gestion-des-prix-des-produits-perissables\/#primaryimage"},"thumbnailUrl":"https:\/\/preprod.optimix-software.com\/wp-content\/uploads\/livre-blanc-gestion-des-prix-des-produits-perissables-optimix-xpa.webp","datePublished":"2024-08-12T08:03:14+00:00","dateModified":"2025-02-17T10:20:56+00:00","description":"Optimisez la gestion des prix des produits \u00e0 court terme dans la distribution alimentaire et d\u00e9couvrez des strat\u00e9gies et outils avanc\u00e9s pour maximiser rentabilit\u00e9 et satisfaction client.","breadcrumb":{"@id":"https:\/\/preprod.optimix-software.com\/fr\/livre-blanc-la-gestion-des-prix-des-produits-perissables\/#breadcrumb"},"inLanguage":"fr-FR","potentialAction":[{"@type":"ReadAction","target":["https:\/\/preprod.optimix-software.com\/fr\/livre-blanc-la-gestion-des-prix-des-produits-perissables\/"]}]},{"@type":"ImageObject","inLanguage":"fr-FR","@id":"https:\/\/preprod.optimix-software.com\/fr\/livre-blanc-la-gestion-des-prix-des-produits-perissables\/#primaryimage","url":"https:\/\/preprod.optimix-software.com\/wp-content\/uploads\/livre-blanc-gestion-des-prix-des-produits-perissables-optimix-xpa.webp","contentUrl":"https:\/\/preprod.optimix-software.com\/wp-content\/uploads\/livre-blanc-gestion-des-prix-des-produits-perissables-optimix-xpa.webp","width":1200,"height":627,"caption":"livre-blanc-gestion-des-prix-des-produits-perissables"},{"@type":"BreadcrumbList","@id":"https:\/\/preprod.optimix-software.com\/fr\/livre-blanc-la-gestion-des-prix-des-produits-perissables\/#breadcrumb","itemListElement":[{"@type":"ListItem","position":1,"name":"Accueil","item":"https:\/\/preprod.optimix-software.com\/fr\/"},{"@type":"ListItem","position":2,"name":"La gestion des prix des produits p\u00e9rissables"}]},{"@type":"WebSite","@id":"https:\/\/preprod.optimix-software.com\/fr\/#website","url":"https:\/\/preprod.optimix-software.com\/fr\/","name":"Optimix Software","description":"Solutions de Pricing et Supply chain d\u00e9di\u00e9es au retail","publisher":{"@id":"https:\/\/preprod.optimix-software.com\/fr\/#organization"},"potentialAction":[{"@type":"SearchAction","target":{"@type":"EntryPoint","urlTemplate":"https:\/\/preprod.optimix-software.com\/fr\/?s={search_term_string}"},"query-input":{"@type":"PropertyValueSpecification","valueRequired":true,"valueName":"search_term_string"}}],"inLanguage":"fr-FR"},{"@type":"Organization","@id":"https:\/\/preprod.optimix-software.com\/fr\/#organization","name":"Optimix Software","url":"https:\/\/preprod.optimix-software.com\/fr\/","logo":{"@type":"ImageObject","inLanguage":"fr-FR","@id":"https:\/\/preprod.optimix-software.com\/fr\/#\/schema\/logo\/image\/","url":"https:\/\/preprod.optimix-software.com\/wp-content\/uploads\/logo-carre-optimix-RETAIL-PERFORMANCE-SOFTWARE.jpg","contentUrl":"https:\/\/preprod.optimix-software.com\/wp-content\/uploads\/logo-carre-optimix-RETAIL-PERFORMANCE-SOFTWARE.jpg","width":2001,"height":2001,"caption":"Optimix Software"},"image":{"@id":"https:\/\/preprod.optimix-software.com\/fr\/#\/schema\/logo\/image\/"},"sameAs":["https:\/\/www.linkedin.com\/company\/optimix-ffr\/"]}]}},"_links":{"self":[{"href":"https:\/\/preprod.optimix-software.com\/fr\/wp-json\/wp\/v2\/pages\/30935","targetHints":{"allow":["GET"]}}],"collection":[{"href":"https:\/\/preprod.optimix-software.com\/fr\/wp-json\/wp\/v2\/pages"}],"about":[{"href":"https:\/\/preprod.optimix-software.com\/fr\/wp-json\/wp\/v2\/types\/page"}],"author":[{"embeddable":true,"href":"https:\/\/preprod.optimix-software.com\/fr\/wp-json\/wp\/v2\/users\/3"}],"replies":[{"embeddable":true,"href":"https:\/\/preprod.optimix-software.com\/fr\/wp-json\/wp\/v2\/comments?post=30935"}],"version-history":[{"count":33,"href":"https:\/\/preprod.optimix-software.com\/fr\/wp-json\/wp\/v2\/pages\/30935\/revisions"}],"predecessor-version":[{"id":42113,"href":"https:\/\/preprod.optimix-software.com\/fr\/wp-json\/wp\/v2\/pages\/30935\/revisions\/42113"}],"wp:featuredmedia":[{"embeddable":true,"href":"https:\/\/preprod.optimix-software.com\/fr\/wp-json\/wp\/v2\/media\/30940"}],"wp:attachment":[{"href":"https:\/\/preprod.optimix-software.com\/fr\/wp-json\/wp\/v2\/media?parent=30935"}],"curies":[{"name":"wp","href":"https:\/\/api.w.org\/{rel}","templated":true}]}}