{"id":31263,"date":"2024-10-11T11:36:28","date_gmt":"2024-10-11T09:36:28","guid":{"rendered":"https:\/\/optimix.fr\/?page_id=31263"},"modified":"2024-11-25T13:11:54","modified_gmt":"2024-11-25T12:11:54","slug":"inscription-tech-for-retail-2024","status":"publish","type":"page","link":"https:\/\/preprod.optimix-software.com\/fr\/inscription-tech-for-retail-2024\/","title":{"rendered":"Inscription Tech For Retail 2024"},"content":{"rendered":"\t\t<div data-elementor-type=\"wp-page\" data-elementor-id=\"31263\" class=\"elementor elementor-31263\" data-elementor-post-type=\"page\">\n\t\t\t\t<div class=\"elementor-element elementor-element-05a42b5 e-flex e-con-boxed e-con e-parent\" data-id=\"05a42b5\" data-element_type=\"container\">\n\t\t\t\t\t<div class=\"e-con-inner\">\n\t\t<div class=\"elementor-element elementor-element-73ffb24 e-con-full e-flex e-con e-child\" data-id=\"73ffb24\" data-element_type=\"container\">\n\t\t<div class=\"elementor-element elementor-element-9f2a8ca e-con-full e-flex e-con e-child\" data-id=\"9f2a8ca\" data-element_type=\"container\">\n\t\t\t\t<div class=\"elementor-element elementor-element-93d56ee elementor-widget elementor-widget-heading\" data-id=\"93d56ee\" data-element_type=\"widget\" data-widget_type=\"heading.default\">\n\t\t\t\t<div class=\"elementor-widget-container\">\n\t\t\t\t\t<h1 class=\"elementor-heading-title elementor-size-default\">Tech For Retail 2024<\/h1>\t\t\t\t<\/div>\n\t\t\t\t<\/div>\n\t\t\t\t<div class=\"elementor-element elementor-element-de1b70e elementor-widget__width-initial elementor-widget elementor-widget-text-editor\" data-id=\"de1b70e\" data-element_type=\"widget\" data-widget_type=\"text-editor.default\">\n\t\t\t\t<div class=\"elementor-widget-container\">\n\t\t\t\t\t\t\t\t\t<p>Retrouvez Optimix et son client Gifi le 26 novembre \u00e0 12h.<\/p><p>En 45 minutes, apprenez comment un projet bien pens\u00e9 et structur\u00e9 peut s\u00e9curiser vos marges, d\u00e9velopper votre comp\u00e9titivit\u00e9 et fid\u00e9liser vos clients.<\/p><p>Les th\u00e9matiques abord\u00e9es par Gifi :<\/p><ul><li>Pourquoi et Comment Repenser sa Strat\u00e9gie Prix ?<\/li><li>L&rsquo;importance de s&rsquo;outiller d&rsquo;une solution de Pricing ;<\/li><li>Les challenges rencontr\u00e9s dans la mise en place d&rsquo;une telle solution ;<\/li><li>Les \u00e9tapes d&rsquo;une impl\u00e9mentation r\u00e9ussie ;<\/li><li>Les b\u00e9n\u00e9fices et crit\u00e8res de r\u00e9ussite d&rsquo;un tel projet.<\/li><\/ul><p>Ne manquez pas cette opportunit\u00e9 d&rsquo;enrichir vos connaissances et d&rsquo;\u00e9changer avec des experts du Retail.<\/p><p>Inscrivez-vous d\u00e8s maintenant pour r\u00e9server votre place !<\/p>\t\t\t\t\t\t\t\t<\/div>\n\t\t\t\t<\/div>\n\t\t\t\t<\/div>\n\t\t\t\t<\/div>\n\t\t<div class=\"elementor-element elementor-element-7eb5624 e-con-full e-flex e-con e-child\" data-id=\"7eb5624\" data-element_type=\"container\">\n\t\t\t\t<div class=\"elementor-element elementor-element-90e2110 elementor-widget elementor-widget-html\" data-id=\"90e2110\" data-element_type=\"widget\" data-widget_type=\"html.default\">\n\t\t\t\t<div class=\"elementor-widget-container\">\n\t\t\t\t\t<div class=\"pipedriveWebForms\" data-pd-webforms=\"https:\/\/webforms.pipedrive.com\/f\/6OtMjpgfGJa29or4swmjiZkKuGx1MO16VBHrlh4bGT1IpXVNmqkUphSRDEa53w9VRx\"><script src=\"https:\/\/webforms.pipedrive.com\/f\/loader\"><\/script><\/div>\t\t\t\t<\/div>\n\t\t\t\t<\/div>\n\t\t\t\t<\/div>\n\t\t\t\t\t<\/div>\n\t\t\t\t<\/div>\n\t\t\t\t<\/div>\n\t\t","protected":false},"excerpt":{"rendered":"<p>Rencontrez Optimix au salon Tech For Retail 2024 \u00e0 Paris, les 26-27 novembre. D\u00e9couvrez nos solutions de Pricing d\u00e9di\u00e9es au Retail !<\/p>\n","protected":false},"author":3,"featured_media":0,"parent":0,"menu_order":0,"comment_status":"closed","ping_status":"closed","template":"","meta":{"inline_featured_image":false,"footnotes":""},"class_list":["post-31263","page","type-page","status-publish","hentry"],"yoast_head":"<!-- This site is optimized with the Yoast SEO Premium plugin v22.8 (Yoast SEO v25.1) - https:\/\/yoast.com\/wordpress\/plugins\/seo\/ -->\n<title>Inscription Tech For Retail 2024<\/title>\n<meta name=\"description\" content=\"Rencontrez Optimix au salon Tech For Retail 2024 \u00e0 Paris, les 26-27 novembre. D\u00e9couvrez nos solutions de Pricing d\u00e9di\u00e9es au Retail !\" \/>\n<meta name=\"robots\" content=\"noindex, follow, max-snippet:-1, max-image-preview:large, max-video-preview:-1\" \/>\n<meta property=\"og:locale\" content=\"fr_FR\" \/>\n<meta property=\"og:type\" content=\"article\" \/>\n<meta property=\"og:title\" content=\"Inscription Tech For Retail 2024\" \/>\n<meta property=\"og:description\" content=\"Rencontrez Optimix au salon Tech For Retail 2024 \u00e0 Paris, les 26-27 novembre. D\u00e9couvrez nos solutions de Pricing d\u00e9di\u00e9es au Retail !\" \/>\n<meta property=\"og:url\" content=\"https:\/\/preprod.optimix-software.com\/fr\/inscription-tech-for-retail-2024\/\" \/>\n<meta property=\"og:site_name\" content=\"Optimix Software\" \/>\n<meta property=\"article:modified_time\" content=\"2024-11-25T12:11:54+00:00\" \/>\n<meta property=\"og:image\" content=\"https:\/\/preprod.optimix-software.com\/wp-content\/uploads\/tech-for-retail-2024-optimix-conference-1200x675.png\" \/>\n\t<meta property=\"og:image:width\" content=\"1200\" \/>\n\t<meta property=\"og:image:height\" content=\"675\" \/>\n\t<meta property=\"og:image:type\" content=\"image\/png\" \/>\n<meta name=\"twitter:card\" content=\"summary_large_image\" \/>\n<meta name=\"twitter:label1\" content=\"Dur\u00e9e de lecture estim\u00e9e\" \/>\n\t<meta name=\"twitter:data1\" content=\"1 minute\" \/>\n<script type=\"application\/ld+json\" class=\"yoast-schema-graph\">{\"@context\":\"https:\/\/schema.org\",\"@graph\":[{\"@type\":\"WebPage\",\"@id\":\"https:\/\/preprod.optimix-software.com\/fr\/inscription-tech-for-retail-2024\/\",\"url\":\"https:\/\/preprod.optimix-software.com\/fr\/inscription-tech-for-retail-2024\/\",\"name\":\"Inscription Tech For Retail 2024\",\"isPartOf\":{\"@id\":\"https:\/\/preprod.optimix-software.com\/fr\/#website\"},\"datePublished\":\"2024-10-11T09:36:28+00:00\",\"dateModified\":\"2024-11-25T12:11:54+00:00\",\"description\":\"Rencontrez Optimix au salon Tech For Retail 2024 \u00e0 Paris, les 26-27 novembre. D\u00e9couvrez nos solutions de Pricing d\u00e9di\u00e9es au Retail !\",\"breadcrumb\":{\"@id\":\"https:\/\/preprod.optimix-software.com\/fr\/inscription-tech-for-retail-2024\/#breadcrumb\"},\"inLanguage\":\"fr-FR\",\"potentialAction\":[{\"@type\":\"ReadAction\",\"target\":[\"https:\/\/preprod.optimix-software.com\/fr\/inscription-tech-for-retail-2024\/\"]}]},{\"@type\":\"BreadcrumbList\",\"@id\":\"https:\/\/preprod.optimix-software.com\/fr\/inscription-tech-for-retail-2024\/#breadcrumb\",\"itemListElement\":[{\"@type\":\"ListItem\",\"position\":1,\"name\":\"Accueil\",\"item\":\"https:\/\/preprod.optimix-software.com\/fr\/\"},{\"@type\":\"ListItem\",\"position\":2,\"name\":\"Inscription Tech For Retail 2024\"}]},{\"@type\":\"WebSite\",\"@id\":\"https:\/\/preprod.optimix-software.com\/fr\/#website\",\"url\":\"https:\/\/preprod.optimix-software.com\/fr\/\",\"name\":\"Optimix Software\",\"description\":\"Solutions de Pricing et Supply chain d\u00e9di\u00e9es au retail\",\"publisher\":{\"@id\":\"https:\/\/preprod.optimix-software.com\/fr\/#organization\"},\"potentialAction\":[{\"@type\":\"SearchAction\",\"target\":{\"@type\":\"EntryPoint\",\"urlTemplate\":\"https:\/\/preprod.optimix-software.com\/fr\/?s={search_term_string}\"},\"query-input\":{\"@type\":\"PropertyValueSpecification\",\"valueRequired\":true,\"valueName\":\"search_term_string\"}}],\"inLanguage\":\"fr-FR\"},{\"@type\":\"Organization\",\"@id\":\"https:\/\/preprod.optimix-software.com\/fr\/#organization\",\"name\":\"Optimix Software\",\"url\":\"https:\/\/preprod.optimix-software.com\/fr\/\",\"logo\":{\"@type\":\"ImageObject\",\"inLanguage\":\"fr-FR\",\"@id\":\"https:\/\/preprod.optimix-software.com\/fr\/#\/schema\/logo\/image\/\",\"url\":\"https:\/\/preprod.optimix-software.com\/wp-content\/uploads\/logo-carre-optimix-RETAIL-PERFORMANCE-SOFTWARE.jpg\",\"contentUrl\":\"https:\/\/preprod.optimix-software.com\/wp-content\/uploads\/logo-carre-optimix-RETAIL-PERFORMANCE-SOFTWARE.jpg\",\"width\":2001,\"height\":2001,\"caption\":\"Optimix Software\"},\"image\":{\"@id\":\"https:\/\/preprod.optimix-software.com\/fr\/#\/schema\/logo\/image\/\"},\"sameAs\":[\"https:\/\/www.linkedin.com\/company\/optimix-ffr\/\"]}]}<\/script>\n<!-- \/ Yoast SEO Premium plugin. -->","yoast_head_json":{"title":"Inscription Tech For Retail 2024","description":"Rencontrez Optimix au salon Tech For Retail 2024 \u00e0 Paris, les 26-27 novembre. D\u00e9couvrez nos solutions de Pricing d\u00e9di\u00e9es au Retail !","robots":{"index":"noindex","follow":"follow","max-snippet":"max-snippet:-1","max-image-preview":"max-image-preview:large","max-video-preview":"max-video-preview:-1"},"og_locale":"fr_FR","og_type":"article","og_title":"Inscription Tech For Retail 2024","og_description":"Rencontrez Optimix au salon Tech For Retail 2024 \u00e0 Paris, les 26-27 novembre. D\u00e9couvrez nos solutions de Pricing d\u00e9di\u00e9es au Retail !","og_url":"https:\/\/preprod.optimix-software.com\/fr\/inscription-tech-for-retail-2024\/","og_site_name":"Optimix Software","article_modified_time":"2024-11-25T12:11:54+00:00","og_image":[{"width":1200,"height":675,"url":"https:\/\/preprod.optimix-software.com\/wp-content\/uploads\/tech-for-retail-2024-optimix-conference-1200x675.png","type":"image\/png"}],"twitter_card":"summary_large_image","twitter_misc":{"Dur\u00e9e de lecture estim\u00e9e":"1 minute"},"schema":{"@context":"https:\/\/schema.org","@graph":[{"@type":"WebPage","@id":"https:\/\/preprod.optimix-software.com\/fr\/inscription-tech-for-retail-2024\/","url":"https:\/\/preprod.optimix-software.com\/fr\/inscription-tech-for-retail-2024\/","name":"Inscription Tech For Retail 2024","isPartOf":{"@id":"https:\/\/preprod.optimix-software.com\/fr\/#website"},"datePublished":"2024-10-11T09:36:28+00:00","dateModified":"2024-11-25T12:11:54+00:00","description":"Rencontrez Optimix au salon Tech For Retail 2024 \u00e0 Paris, les 26-27 novembre. D\u00e9couvrez nos solutions de Pricing d\u00e9di\u00e9es au Retail !","breadcrumb":{"@id":"https:\/\/preprod.optimix-software.com\/fr\/inscription-tech-for-retail-2024\/#breadcrumb"},"inLanguage":"fr-FR","potentialAction":[{"@type":"ReadAction","target":["https:\/\/preprod.optimix-software.com\/fr\/inscription-tech-for-retail-2024\/"]}]},{"@type":"BreadcrumbList","@id":"https:\/\/preprod.optimix-software.com\/fr\/inscription-tech-for-retail-2024\/#breadcrumb","itemListElement":[{"@type":"ListItem","position":1,"name":"Accueil","item":"https:\/\/preprod.optimix-software.com\/fr\/"},{"@type":"ListItem","position":2,"name":"Inscription Tech For Retail 2024"}]},{"@type":"WebSite","@id":"https:\/\/preprod.optimix-software.com\/fr\/#website","url":"https:\/\/preprod.optimix-software.com\/fr\/","name":"Optimix Software","description":"Solutions de Pricing et Supply chain d\u00e9di\u00e9es au retail","publisher":{"@id":"https:\/\/preprod.optimix-software.com\/fr\/#organization"},"potentialAction":[{"@type":"SearchAction","target":{"@type":"EntryPoint","urlTemplate":"https:\/\/preprod.optimix-software.com\/fr\/?s={search_term_string}"},"query-input":{"@type":"PropertyValueSpecification","valueRequired":true,"valueName":"search_term_string"}}],"inLanguage":"fr-FR"},{"@type":"Organization","@id":"https:\/\/preprod.optimix-software.com\/fr\/#organization","name":"Optimix Software","url":"https:\/\/preprod.optimix-software.com\/fr\/","logo":{"@type":"ImageObject","inLanguage":"fr-FR","@id":"https:\/\/preprod.optimix-software.com\/fr\/#\/schema\/logo\/image\/","url":"https:\/\/preprod.optimix-software.com\/wp-content\/uploads\/logo-carre-optimix-RETAIL-PERFORMANCE-SOFTWARE.jpg","contentUrl":"https:\/\/preprod.optimix-software.com\/wp-content\/uploads\/logo-carre-optimix-RETAIL-PERFORMANCE-SOFTWARE.jpg","width":2001,"height":2001,"caption":"Optimix Software"},"image":{"@id":"https:\/\/preprod.optimix-software.com\/fr\/#\/schema\/logo\/image\/"},"sameAs":["https:\/\/www.linkedin.com\/company\/optimix-ffr\/"]}]}},"_links":{"self":[{"href":"https:\/\/preprod.optimix-software.com\/fr\/wp-json\/wp\/v2\/pages\/31263","targetHints":{"allow":["GET"]}}],"collection":[{"href":"https:\/\/preprod.optimix-software.com\/fr\/wp-json\/wp\/v2\/pages"}],"about":[{"href":"https:\/\/preprod.optimix-software.com\/fr\/wp-json\/wp\/v2\/types\/page"}],"author":[{"embeddable":true,"href":"https:\/\/preprod.optimix-software.com\/fr\/wp-json\/wp\/v2\/users\/3"}],"replies":[{"embeddable":true,"href":"https:\/\/preprod.optimix-software.com\/fr\/wp-json\/wp\/v2\/comments?post=31263"}],"version-history":[{"count":17,"href":"https:\/\/preprod.optimix-software.com\/fr\/wp-json\/wp\/v2\/pages\/31263\/revisions"}],"predecessor-version":[{"id":34809,"href":"https:\/\/preprod.optimix-software.com\/fr\/wp-json\/wp\/v2\/pages\/31263\/revisions\/34809"}],"wp:attachment":[{"href":"https:\/\/preprod.optimix-software.com\/fr\/wp-json\/wp\/v2\/media?parent=31263"}],"curies":[{"name":"wp","href":"https:\/\/api.w.org\/{rel}","templated":true}]}}