{"id":31411,"date":"2024-09-03T10:53:09","date_gmt":"2024-09-03T08:53:09","guid":{"rendered":"https:\/\/optimix.fr\/?page_id=31411"},"modified":"2024-09-03T10:53:23","modified_gmt":"2024-09-03T08:53:23","slug":"livre-blanc-comment-choisir-sa-solution-de-supply-chain","status":"publish","type":"page","link":"https:\/\/preprod.optimix-software.com\/fr\/livre-blanc-comment-choisir-sa-solution-de-supply-chain\/","title":{"rendered":"Livre blanc : Comment choisir sa solution de supply chain ?"},"content":{"rendered":"\t\t<div data-elementor-type=\"wp-page\" data-elementor-id=\"31411\" class=\"elementor elementor-31411\" data-elementor-post-type=\"page\">\n\t\t\t\t<div class=\"elementor-element elementor-element-65937d9 e-flex e-con-boxed e-con e-parent\" data-id=\"65937d9\" data-element_type=\"container\" data-settings=\"{&quot;background_background&quot;:&quot;classic&quot;}\">\n\t\t\t\t\t<div class=\"e-con-inner\">\n\t\t<div class=\"elementor-element elementor-element-a1cff0c e-con-full e-flex e-con e-child\" data-id=\"a1cff0c\" data-element_type=\"container\">\n\t\t\t\t<div class=\"elementor-element elementor-element-b47d66f elementor-widget elementor-widget-heading\" data-id=\"b47d66f\" data-element_type=\"widget\" data-widget_type=\"heading.default\">\n\t\t\t\t<div class=\"elementor-widget-container\">\n\t\t\t\t\t<h2 class=\"elementor-heading-title elementor-size-default\">Livre Blanc: Comment choisir sa solution Supply Chain ?<\/h2>\t\t\t\t<\/div>\n\t\t\t\t<\/div>\n\t\t\t\t<div class=\"elementor-element elementor-element-bbfa17e elementor-widget elementor-widget-text-editor\" data-id=\"bbfa17e\" data-element_type=\"widget\" data-widget_type=\"text-editor.default\">\n\t\t\t\t<div class=\"elementor-widget-container\">\n\t\t\t\t\t\t\t\t\t<p>Dans un contexte o\u00f9 la complexit\u00e9 et les d\u00e9fis de la supply chain ne cessent de cro\u00eetre, les distributeurs cherchent des solutions pour optimiser leurs op\u00e9rations et rester comp\u00e9titifs. Pour r\u00e9pondre \u00e0 ces nouveaux d\u00e9fis une question se pose :\u00a0<\/p><p><strong>Quelle solution de supply chain est la plus adapt\u00e9e \u00e0 votre structure ?<\/strong>\u00a0<\/p><p>Ce guide pratique vous offre des insights et une m\u00e9thodologie \u00e9prouv\u00e9e pour faire le meilleur choix. Explorez les strat\u00e9gies et les bonnes pratiques pour transformer votre supply chain <strong>en un atout strat\u00e9gique.<\/strong><\/p>\t\t\t\t\t\t\t\t<\/div>\n\t\t\t\t<\/div>\n\t\t\t\t<div class=\"elementor-element elementor-element-d63a304 elementor-widget elementor-widget-heading\" data-id=\"d63a304\" data-element_type=\"widget\" data-widget_type=\"heading.default\">\n\t\t\t\t<div class=\"elementor-widget-container\">\n\t\t\t\t\t<h2 class=\"elementor-heading-title elementor-size-default\">Points cl\u00e9s du Livre Blanc <\/h2>\t\t\t\t<\/div>\n\t\t\t\t<\/div>\n\t\t\t\t<div class=\"elementor-element elementor-element-65d1b25 elementor-widget elementor-widget-text-editor\" data-id=\"65d1b25\" data-element_type=\"widget\" data-widget_type=\"text-editor.default\">\n\t\t\t\t<div class=\"elementor-widget-container\">\n\t\t\t\t\t\t\t\t\t<ul><li>Un guide pratique en cinq \u00e9tapes pour <strong>choisir la solution de supply chain la plus adapt\u00e9e.<\/strong><\/li><li><strong>Comprendre les d\u00e9fis modernes de la supply chain<\/strong>, tels que les perturbations globales, les nouvelles attentes des consommateurs et les contraintes de durabilit\u00e9.<\/li><li>Un aper\u00e7u des fonctionnalit\u00e9s cl\u00e9s <strong>d&rsquo;une solution performante<\/strong> qui permettent une visibilit\u00e9 en temps r\u00e9el et une optimisation des processus.<\/li><\/ul>\t\t\t\t\t\t\t\t<\/div>\n\t\t\t\t<\/div>\n\t\t\t\t<\/div>\n\t\t<div class=\"elementor-element elementor-element-5bae97b e-con-full e-flex e-con e-child\" data-id=\"5bae97b\" data-element_type=\"container\">\n\t\t\t\t<div class=\"elementor-element elementor-element-05efd48 elementor-hidden-tablet elementor-hidden-mobile elementor-widget elementor-widget-image\" data-id=\"05efd48\" data-element_type=\"widget\" data-widget_type=\"image.default\">\n\t\t\t\t<div class=\"elementor-widget-container\">\n\t\t\t\t\t\t\t\t\t\t\t\t\t\t\t<img fetchpriority=\"high\" decoding=\"async\" width=\"768\" height=\"401\" src=\"https:\/\/preprod.optimix-software.com\/wp-content\/uploads\/livre-blanc-comment-choisir-sa-solution-de-supply-chain-768x401.webp\" class=\"attachment-medium_large size-medium_large wp-image-31437\" alt=\"\" srcset=\"https:\/\/preprod.optimix-software.com\/wp-content\/uploads\/livre-blanc-comment-choisir-sa-solution-de-supply-chain-768x401.webp 768w, https:\/\/preprod.optimix-software.com\/wp-content\/uploads\/livre-blanc-comment-choisir-sa-solution-de-supply-chain-1148x600.webp 1148w, https:\/\/preprod.optimix-software.com\/wp-content\/uploads\/livre-blanc-comment-choisir-sa-solution-de-supply-chain.webp 1200w\" sizes=\"(max-width: 768px) 100vw, 768px\" \/>\t\t\t\t\t\t\t\t\t\t\t\t\t\t\t<\/div>\n\t\t\t\t<\/div>\n\t\t\t\t<div class=\"elementor-element elementor-element-bf0849f elementor-widget__width-initial elementor-widget elementor-widget-html\" data-id=\"bf0849f\" data-element_type=\"widget\" data-widget_type=\"html.default\">\n\t\t\t\t<div class=\"elementor-widget-container\">\n\t\t\t\t\t<script charset=\"utf-8\" type=\"text\/javascript\" src=\"\/\/js-eu1.hsforms.net\/forms\/embed\/v2.js\"><\/script>\r\n<script>\r\n  hbspt.forms.create({\r\n    region: \"eu1\",\r\n    portalId: \"144414462\",\r\n    formId: \"6ed2255b-055e-4662-b27a-4cb6475f404b\"\r\n  });\r\n<\/script>\t\t\t\t<\/div>\n\t\t\t\t<\/div>\n\t\t\t\t<\/div>\n\t\t\t\t\t<\/div>\n\t\t\t\t<\/div>\n\t\t\t\t<\/div>\n\t\t","protected":false},"excerpt":{"rendered":"<p>D\u00e9couvrez notre livre blanc pour choisir la solution de supply chain id\u00e9ale. Guide pratique et crit\u00e8res cl\u00e9s pour optimiser votre logistique.<\/p>\n","protected":false},"author":3,"featured_media":31437,"parent":0,"menu_order":0,"comment_status":"closed","ping_status":"closed","template":"","meta":{"inline_featured_image":false,"footnotes":""},"class_list":["post-31411","page","type-page","status-publish","has-post-thumbnail","hentry"],"yoast_head":"<!-- This site is optimized with the Yoast SEO Premium plugin v22.8 (Yoast SEO v25.1) - https:\/\/yoast.com\/wordpress\/plugins\/seo\/ -->\n<title>Livre blanc : Comment choisir sa solution de supply chain ?<\/title>\n<meta name=\"description\" content=\"D\u00e9couvrez notre livre blanc pour choisir la solution de supply chain id\u00e9ale. Guide pratique et crit\u00e8res cl\u00e9s pour optimiser votre logistique.\" \/>\n<meta name=\"robots\" content=\"noindex, follow, max-snippet:-1, max-image-preview:large, max-video-preview:-1\" \/>\n<meta property=\"og:locale\" content=\"fr_FR\" \/>\n<meta property=\"og:type\" content=\"article\" \/>\n<meta property=\"og:title\" content=\"Livre blanc : Comment choisir sa solution de supply chain ?\" \/>\n<meta property=\"og:description\" content=\"D\u00e9couvrez notre livre blanc pour choisir la solution de supply chain id\u00e9ale. Guide pratique et crit\u00e8res cl\u00e9s pour optimiser votre logistique.\" \/>\n<meta property=\"og:url\" content=\"https:\/\/preprod.optimix-software.com\/fr\/livre-blanc-comment-choisir-sa-solution-de-supply-chain\/\" \/>\n<meta property=\"og:site_name\" content=\"Optimix Software\" \/>\n<meta property=\"article:modified_time\" content=\"2024-09-03T08:53:23+00:00\" \/>\n<meta property=\"og:image\" content=\"https:\/\/preprod.optimix-software.com\/wp-content\/uploads\/livre-blanc-comment-choisir-sa-solution-de-supply-chain.webp\" \/>\n\t<meta property=\"og:image:width\" content=\"1200\" \/>\n\t<meta property=\"og:image:height\" content=\"627\" \/>\n\t<meta property=\"og:image:type\" content=\"image\/webp\" \/>\n<meta name=\"twitter:card\" content=\"summary_large_image\" \/>\n<meta name=\"twitter:label1\" content=\"Dur\u00e9e de lecture estim\u00e9e\" \/>\n\t<meta name=\"twitter:data1\" content=\"1 minute\" \/>\n<script type=\"application\/ld+json\" class=\"yoast-schema-graph\">{\"@context\":\"https:\/\/schema.org\",\"@graph\":[{\"@type\":\"WebPage\",\"@id\":\"https:\/\/preprod.optimix-software.com\/fr\/livre-blanc-comment-choisir-sa-solution-de-supply-chain\/\",\"url\":\"https:\/\/preprod.optimix-software.com\/fr\/livre-blanc-comment-choisir-sa-solution-de-supply-chain\/\",\"name\":\"Livre blanc : Comment choisir sa solution de supply chain ?\",\"isPartOf\":{\"@id\":\"https:\/\/preprod.optimix-software.com\/fr\/#website\"},\"primaryImageOfPage\":{\"@id\":\"https:\/\/preprod.optimix-software.com\/fr\/livre-blanc-comment-choisir-sa-solution-de-supply-chain\/#primaryimage\"},\"image\":{\"@id\":\"https:\/\/preprod.optimix-software.com\/fr\/livre-blanc-comment-choisir-sa-solution-de-supply-chain\/#primaryimage\"},\"thumbnailUrl\":\"https:\/\/preprod.optimix-software.com\/wp-content\/uploads\/livre-blanc-comment-choisir-sa-solution-de-supply-chain.webp\",\"datePublished\":\"2024-09-03T08:53:09+00:00\",\"dateModified\":\"2024-09-03T08:53:23+00:00\",\"description\":\"D\u00e9couvrez notre livre blanc pour choisir la solution de supply chain id\u00e9ale. Guide pratique et crit\u00e8res cl\u00e9s pour optimiser votre logistique.\",\"breadcrumb\":{\"@id\":\"https:\/\/preprod.optimix-software.com\/fr\/livre-blanc-comment-choisir-sa-solution-de-supply-chain\/#breadcrumb\"},\"inLanguage\":\"fr-FR\",\"potentialAction\":[{\"@type\":\"ReadAction\",\"target\":[\"https:\/\/preprod.optimix-software.com\/fr\/livre-blanc-comment-choisir-sa-solution-de-supply-chain\/\"]}]},{\"@type\":\"ImageObject\",\"inLanguage\":\"fr-FR\",\"@id\":\"https:\/\/preprod.optimix-software.com\/fr\/livre-blanc-comment-choisir-sa-solution-de-supply-chain\/#primaryimage\",\"url\":\"https:\/\/preprod.optimix-software.com\/wp-content\/uploads\/livre-blanc-comment-choisir-sa-solution-de-supply-chain.webp\",\"contentUrl\":\"https:\/\/preprod.optimix-software.com\/wp-content\/uploads\/livre-blanc-comment-choisir-sa-solution-de-supply-chain.webp\",\"width\":1200,\"height\":627},{\"@type\":\"BreadcrumbList\",\"@id\":\"https:\/\/preprod.optimix-software.com\/fr\/livre-blanc-comment-choisir-sa-solution-de-supply-chain\/#breadcrumb\",\"itemListElement\":[{\"@type\":\"ListItem\",\"position\":1,\"name\":\"Accueil\",\"item\":\"https:\/\/preprod.optimix-software.com\/fr\/\"},{\"@type\":\"ListItem\",\"position\":2,\"name\":\"Livre blanc : Comment choisir sa solution de supply chain ?\"}]},{\"@type\":\"WebSite\",\"@id\":\"https:\/\/preprod.optimix-software.com\/fr\/#website\",\"url\":\"https:\/\/preprod.optimix-software.com\/fr\/\",\"name\":\"Optimix Software\",\"description\":\"Solutions de Pricing et Supply chain d\u00e9di\u00e9es au retail\",\"publisher\":{\"@id\":\"https:\/\/preprod.optimix-software.com\/fr\/#organization\"},\"potentialAction\":[{\"@type\":\"SearchAction\",\"target\":{\"@type\":\"EntryPoint\",\"urlTemplate\":\"https:\/\/preprod.optimix-software.com\/fr\/?s={search_term_string}\"},\"query-input\":{\"@type\":\"PropertyValueSpecification\",\"valueRequired\":true,\"valueName\":\"search_term_string\"}}],\"inLanguage\":\"fr-FR\"},{\"@type\":\"Organization\",\"@id\":\"https:\/\/preprod.optimix-software.com\/fr\/#organization\",\"name\":\"Optimix Software\",\"url\":\"https:\/\/preprod.optimix-software.com\/fr\/\",\"logo\":{\"@type\":\"ImageObject\",\"inLanguage\":\"fr-FR\",\"@id\":\"https:\/\/preprod.optimix-software.com\/fr\/#\/schema\/logo\/image\/\",\"url\":\"https:\/\/preprod.optimix-software.com\/wp-content\/uploads\/logo-carre-optimix-RETAIL-PERFORMANCE-SOFTWARE.jpg\",\"contentUrl\":\"https:\/\/preprod.optimix-software.com\/wp-content\/uploads\/logo-carre-optimix-RETAIL-PERFORMANCE-SOFTWARE.jpg\",\"width\":2001,\"height\":2001,\"caption\":\"Optimix Software\"},\"image\":{\"@id\":\"https:\/\/preprod.optimix-software.com\/fr\/#\/schema\/logo\/image\/\"},\"sameAs\":[\"https:\/\/www.linkedin.com\/company\/optimix-ffr\/\"]}]}<\/script>\n<!-- \/ Yoast SEO Premium plugin. -->","yoast_head_json":{"title":"Livre blanc : Comment choisir sa solution de supply chain ?","description":"D\u00e9couvrez notre livre blanc pour choisir la solution de supply chain id\u00e9ale. Guide pratique et crit\u00e8res cl\u00e9s pour optimiser votre logistique.","robots":{"index":"noindex","follow":"follow","max-snippet":"max-snippet:-1","max-image-preview":"max-image-preview:large","max-video-preview":"max-video-preview:-1"},"og_locale":"fr_FR","og_type":"article","og_title":"Livre blanc : Comment choisir sa solution de supply chain ?","og_description":"D\u00e9couvrez notre livre blanc pour choisir la solution de supply chain id\u00e9ale. Guide pratique et crit\u00e8res cl\u00e9s pour optimiser votre logistique.","og_url":"https:\/\/preprod.optimix-software.com\/fr\/livre-blanc-comment-choisir-sa-solution-de-supply-chain\/","og_site_name":"Optimix Software","article_modified_time":"2024-09-03T08:53:23+00:00","og_image":[{"width":1200,"height":627,"url":"https:\/\/preprod.optimix-software.com\/wp-content\/uploads\/livre-blanc-comment-choisir-sa-solution-de-supply-chain.webp","type":"image\/webp"}],"twitter_card":"summary_large_image","twitter_misc":{"Dur\u00e9e de lecture estim\u00e9e":"1 minute"},"schema":{"@context":"https:\/\/schema.org","@graph":[{"@type":"WebPage","@id":"https:\/\/preprod.optimix-software.com\/fr\/livre-blanc-comment-choisir-sa-solution-de-supply-chain\/","url":"https:\/\/preprod.optimix-software.com\/fr\/livre-blanc-comment-choisir-sa-solution-de-supply-chain\/","name":"Livre blanc : Comment choisir sa solution de supply chain ?","isPartOf":{"@id":"https:\/\/preprod.optimix-software.com\/fr\/#website"},"primaryImageOfPage":{"@id":"https:\/\/preprod.optimix-software.com\/fr\/livre-blanc-comment-choisir-sa-solution-de-supply-chain\/#primaryimage"},"image":{"@id":"https:\/\/preprod.optimix-software.com\/fr\/livre-blanc-comment-choisir-sa-solution-de-supply-chain\/#primaryimage"},"thumbnailUrl":"https:\/\/preprod.optimix-software.com\/wp-content\/uploads\/livre-blanc-comment-choisir-sa-solution-de-supply-chain.webp","datePublished":"2024-09-03T08:53:09+00:00","dateModified":"2024-09-03T08:53:23+00:00","description":"D\u00e9couvrez notre livre blanc pour choisir la solution de supply chain id\u00e9ale. Guide pratique et crit\u00e8res cl\u00e9s pour optimiser votre logistique.","breadcrumb":{"@id":"https:\/\/preprod.optimix-software.com\/fr\/livre-blanc-comment-choisir-sa-solution-de-supply-chain\/#breadcrumb"},"inLanguage":"fr-FR","potentialAction":[{"@type":"ReadAction","target":["https:\/\/preprod.optimix-software.com\/fr\/livre-blanc-comment-choisir-sa-solution-de-supply-chain\/"]}]},{"@type":"ImageObject","inLanguage":"fr-FR","@id":"https:\/\/preprod.optimix-software.com\/fr\/livre-blanc-comment-choisir-sa-solution-de-supply-chain\/#primaryimage","url":"https:\/\/preprod.optimix-software.com\/wp-content\/uploads\/livre-blanc-comment-choisir-sa-solution-de-supply-chain.webp","contentUrl":"https:\/\/preprod.optimix-software.com\/wp-content\/uploads\/livre-blanc-comment-choisir-sa-solution-de-supply-chain.webp","width":1200,"height":627},{"@type":"BreadcrumbList","@id":"https:\/\/preprod.optimix-software.com\/fr\/livre-blanc-comment-choisir-sa-solution-de-supply-chain\/#breadcrumb","itemListElement":[{"@type":"ListItem","position":1,"name":"Accueil","item":"https:\/\/preprod.optimix-software.com\/fr\/"},{"@type":"ListItem","position":2,"name":"Livre blanc : Comment choisir sa solution de supply chain ?"}]},{"@type":"WebSite","@id":"https:\/\/preprod.optimix-software.com\/fr\/#website","url":"https:\/\/preprod.optimix-software.com\/fr\/","name":"Optimix Software","description":"Solutions de Pricing et Supply chain d\u00e9di\u00e9es au retail","publisher":{"@id":"https:\/\/preprod.optimix-software.com\/fr\/#organization"},"potentialAction":[{"@type":"SearchAction","target":{"@type":"EntryPoint","urlTemplate":"https:\/\/preprod.optimix-software.com\/fr\/?s={search_term_string}"},"query-input":{"@type":"PropertyValueSpecification","valueRequired":true,"valueName":"search_term_string"}}],"inLanguage":"fr-FR"},{"@type":"Organization","@id":"https:\/\/preprod.optimix-software.com\/fr\/#organization","name":"Optimix Software","url":"https:\/\/preprod.optimix-software.com\/fr\/","logo":{"@type":"ImageObject","inLanguage":"fr-FR","@id":"https:\/\/preprod.optimix-software.com\/fr\/#\/schema\/logo\/image\/","url":"https:\/\/preprod.optimix-software.com\/wp-content\/uploads\/logo-carre-optimix-RETAIL-PERFORMANCE-SOFTWARE.jpg","contentUrl":"https:\/\/preprod.optimix-software.com\/wp-content\/uploads\/logo-carre-optimix-RETAIL-PERFORMANCE-SOFTWARE.jpg","width":2001,"height":2001,"caption":"Optimix Software"},"image":{"@id":"https:\/\/preprod.optimix-software.com\/fr\/#\/schema\/logo\/image\/"},"sameAs":["https:\/\/www.linkedin.com\/company\/optimix-ffr\/"]}]}},"_links":{"self":[{"href":"https:\/\/preprod.optimix-software.com\/fr\/wp-json\/wp\/v2\/pages\/31411","targetHints":{"allow":["GET"]}}],"collection":[{"href":"https:\/\/preprod.optimix-software.com\/fr\/wp-json\/wp\/v2\/pages"}],"about":[{"href":"https:\/\/preprod.optimix-software.com\/fr\/wp-json\/wp\/v2\/types\/page"}],"author":[{"embeddable":true,"href":"https:\/\/preprod.optimix-software.com\/fr\/wp-json\/wp\/v2\/users\/3"}],"replies":[{"embeddable":true,"href":"https:\/\/preprod.optimix-software.com\/fr\/wp-json\/wp\/v2\/comments?post=31411"}],"version-history":[{"count":37,"href":"https:\/\/preprod.optimix-software.com\/fr\/wp-json\/wp\/v2\/pages\/31411\/revisions"}],"predecessor-version":[{"id":31513,"href":"https:\/\/preprod.optimix-software.com\/fr\/wp-json\/wp\/v2\/pages\/31411\/revisions\/31513"}],"wp:featuredmedia":[{"embeddable":true,"href":"https:\/\/preprod.optimix-software.com\/fr\/wp-json\/wp\/v2\/media\/31437"}],"wp:attachment":[{"href":"https:\/\/preprod.optimix-software.com\/fr\/wp-json\/wp\/v2\/media?parent=31411"}],"curies":[{"name":"wp","href":"https:\/\/api.w.org\/{rel}","templated":true}]}}