{"id":39025,"date":"2024-12-19T10:26:59","date_gmt":"2024-12-19T09:26:59","guid":{"rendered":"https:\/\/preprod.optimix-software.com\/?page_id=39025"},"modified":"2024-12-19T10:45:49","modified_gmt":"2024-12-19T09:45:49","slug":"inscription-retail-data-day-2025","status":"publish","type":"page","link":"https:\/\/preprod.optimix-software.com\/fr\/inscription-retail-data-day-2025\/","title":{"rendered":"Inscription Retail Data Day 2025"},"content":{"rendered":"\t\t<div data-elementor-type=\"wp-page\" data-elementor-id=\"39025\" class=\"elementor elementor-39025\" data-elementor-post-type=\"page\">\n\t\t\t\t<div class=\"elementor-element elementor-element-05a42b5 e-flex e-con-boxed e-con e-parent\" data-id=\"05a42b5\" data-element_type=\"container\">\n\t\t\t\t\t<div class=\"e-con-inner\">\n\t\t<div class=\"elementor-element elementor-element-73ffb24 e-con-full e-flex e-con e-child\" data-id=\"73ffb24\" data-element_type=\"container\">\n\t\t<div class=\"elementor-element elementor-element-9f2a8ca e-con-full e-flex e-con e-child\" data-id=\"9f2a8ca\" data-element_type=\"container\">\n\t\t\t\t<div class=\"elementor-element elementor-element-93d56ee elementor-widget elementor-widget-heading\" data-id=\"93d56ee\" data-element_type=\"widget\" data-widget_type=\"heading.default\">\n\t\t\t\t<div class=\"elementor-widget-container\">\n\t\t\t\t\t<h1 class=\"elementor-heading-title elementor-size-default\">Retail Data Day 2025<\/h1>\t\t\t\t<\/div>\n\t\t\t\t<\/div>\n\t\t\t\t<div class=\"elementor-element elementor-element-de1b70e elementor-widget__width-initial elementor-widget elementor-widget-text-editor\" data-id=\"de1b70e\" data-element_type=\"widget\" data-widget_type=\"text-editor.default\">\n\t\t\t\t<div class=\"elementor-widget-container\">\n\t\t\t\t\t\t\t\t\t<p>Optimix est ravi de vous annoncer sa participation au <strong>Retail Data Day \u00e0 Paris le 6 F\u00e9vrier 2025<\/strong>.<\/p><p>La Table Ronde d&rsquo;Optimix d\u00e9voilera les cl\u00e9s pour : \u00ab <strong>Piloter les marges quand les volumes ET les prix baissent !<\/strong> \u00bb<\/p><p>Pendant les ann\u00e9es de forte inflation, les volumes ont souffert, mais passer les hausses de prix (et de marge) \u00e9tait relativement ais\u00e9.<\/p><p>Et maintenant ?<\/p><p>Comment pr\u00e9server les marges alors que les prix baissent, que la sensibilit\u00e9 aux prix et promotions est maximale, et que les volumes ne remontent pas ?<\/p><p><span style=\"text-decoration: underline;\">Avec 2 intervenants experts :<br \/><br \/><\/span><\/p><ul><li>Arnaud Grojean,<em>\u00a0Chief Data &amp; Analytics<\/em> de <strong>Carrefour<\/strong><\/li><li>St\u00e9phane Le Tellier, <em>Directeur Offre et Pricing<\/em> de <strong>TERACT<\/strong><\/li><\/ul><p>Inscrivez-vous vite !<\/p>\t\t\t\t\t\t\t\t<\/div>\n\t\t\t\t<\/div>\n\t\t\t\t<\/div>\n\t\t\t\t<\/div>\n\t\t<div class=\"elementor-element elementor-element-7eb5624 e-con-full e-flex e-con e-child\" data-id=\"7eb5624\" data-element_type=\"container\">\n\t\t\t\t<div class=\"elementor-element elementor-element-90e2110 elementor-widget elementor-widget-html\" data-id=\"90e2110\" data-element_type=\"widget\" data-widget_type=\"html.default\">\n\t\t\t\t<div class=\"elementor-widget-container\">\n\t\t\t\t\t<div class=\"pipedriveWebForms\" data-pd-webforms=\"https:\/\/webforms.pipedrive.com\/f\/6OyZiipFsQHvk5PSFlMZWmujVmeRTR5XBEqYnMkDJtF5Q7E5nY6YI10nGcDSK7PzEv\"><script src=\"https:\/\/webforms.pipedrive.com\/f\/loader\"><\/script><\/div>\t\t\t\t<\/div>\n\t\t\t\t<\/div>\n\t\t\t\t<\/div>\n\t\t\t\t\t<\/div>\n\t\t\t\t<\/div>\n\t\t\t\t<\/div>\n\t\t","protected":false},"excerpt":{"rendered":"<p>Retrouvez Optimix \u00e0 l&rsquo;\u00e9v\u00e9nement Retail Data Day le 6 F\u00e9vrier prochain \u00e0 Paris. Table ronde d\u00e9di\u00e9e au Pricing: \u00a0\u00bb Piloter les marges quand les volumes ET les prix baissent !\u00a0\u00bb<\/p>\n","protected":false},"author":3,"featured_media":0,"parent":0,"menu_order":0,"comment_status":"closed","ping_status":"closed","template":"","meta":{"inline_featured_image":false,"footnotes":""},"class_list":["post-39025","page","type-page","status-publish","hentry"],"yoast_head":"<!-- This site is optimized with the Yoast SEO Premium plugin v22.8 (Yoast SEO v25.1) - https:\/\/yoast.com\/wordpress\/plugins\/seo\/ -->\n<title>Retail Data Day 2025 - Optimix<\/title>\n<meta name=\"description\" content=\"Retrouvez Optimix \u00e0 l&#039;\u00e9v\u00e9nement Retail Data Day le 6 F\u00e9vrier prochain \u00e0 Paris. Table ronde d\u00e9di\u00e9e au Pricing: &quot; Piloter les marges quand les volumes ET les prix baissent !&quot;\" \/>\n<meta name=\"robots\" content=\"noindex, follow, max-snippet:-1, max-image-preview:large, max-video-preview:-1\" \/>\n<meta property=\"og:locale\" content=\"fr_FR\" \/>\n<meta property=\"og:type\" content=\"article\" \/>\n<meta property=\"og:title\" content=\"Inscription Retail Data Day 2025\" \/>\n<meta property=\"og:description\" content=\"Retrouvez Optimix \u00e0 l&#039;\u00e9v\u00e9nement Retail Data Day le 6 F\u00e9vrier prochain \u00e0 Paris. Table ronde d\u00e9di\u00e9e au Pricing: &quot; Piloter les marges quand les volumes ET les prix baissent !&quot;\" \/>\n<meta property=\"og:url\" content=\"https:\/\/preprod.optimix-software.com\/fr\/inscription-retail-data-day-2025\/\" \/>\n<meta property=\"og:site_name\" content=\"Optimix Software\" \/>\n<meta property=\"article:modified_time\" content=\"2024-12-19T09:45:49+00:00\" \/>\n<meta property=\"og:image\" content=\"https:\/\/preprod.optimix-software.com\/wp-content\/uploads\/Retail-Data-Day-2025-LK-FR-copie.webp\" \/>\n\t<meta property=\"og:image:width\" content=\"450\" \/>\n\t<meta property=\"og:image:height\" content=\"253\" \/>\n\t<meta property=\"og:image:type\" content=\"image\/webp\" \/>\n<meta name=\"twitter:card\" content=\"summary_large_image\" \/>\n<meta name=\"twitter:label1\" content=\"Dur\u00e9e de lecture estim\u00e9e\" \/>\n\t<meta name=\"twitter:data1\" content=\"1 minute\" \/>\n<script type=\"application\/ld+json\" class=\"yoast-schema-graph\">{\"@context\":\"https:\/\/schema.org\",\"@graph\":[{\"@type\":\"WebPage\",\"@id\":\"https:\/\/preprod.optimix-software.com\/fr\/inscription-retail-data-day-2025\/\",\"url\":\"https:\/\/preprod.optimix-software.com\/fr\/inscription-retail-data-day-2025\/\",\"name\":\"Retail Data Day 2025 - Optimix\",\"isPartOf\":{\"@id\":\"https:\/\/preprod.optimix-software.com\/fr\/#website\"},\"datePublished\":\"2024-12-19T09:26:59+00:00\",\"dateModified\":\"2024-12-19T09:45:49+00:00\",\"description\":\"Retrouvez Optimix \u00e0 l'\u00e9v\u00e9nement Retail Data Day le 6 F\u00e9vrier prochain \u00e0 Paris. Table ronde d\u00e9di\u00e9e au Pricing: \\\" Piloter les marges quand les volumes ET les prix baissent !\\\"\",\"breadcrumb\":{\"@id\":\"https:\/\/preprod.optimix-software.com\/fr\/inscription-retail-data-day-2025\/#breadcrumb\"},\"inLanguage\":\"fr-FR\",\"potentialAction\":[{\"@type\":\"ReadAction\",\"target\":[\"https:\/\/preprod.optimix-software.com\/fr\/inscription-retail-data-day-2025\/\"]}]},{\"@type\":\"BreadcrumbList\",\"@id\":\"https:\/\/preprod.optimix-software.com\/fr\/inscription-retail-data-day-2025\/#breadcrumb\",\"itemListElement\":[{\"@type\":\"ListItem\",\"position\":1,\"name\":\"Accueil\",\"item\":\"https:\/\/preprod.optimix-software.com\/fr\/\"},{\"@type\":\"ListItem\",\"position\":2,\"name\":\"Inscription Retail Data Day 2025\"}]},{\"@type\":\"WebSite\",\"@id\":\"https:\/\/preprod.optimix-software.com\/fr\/#website\",\"url\":\"https:\/\/preprod.optimix-software.com\/fr\/\",\"name\":\"Optimix Software\",\"description\":\"Solutions de Pricing et Supply chain d\u00e9di\u00e9es au retail\",\"publisher\":{\"@id\":\"https:\/\/preprod.optimix-software.com\/fr\/#organization\"},\"potentialAction\":[{\"@type\":\"SearchAction\",\"target\":{\"@type\":\"EntryPoint\",\"urlTemplate\":\"https:\/\/preprod.optimix-software.com\/fr\/?s={search_term_string}\"},\"query-input\":{\"@type\":\"PropertyValueSpecification\",\"valueRequired\":true,\"valueName\":\"search_term_string\"}}],\"inLanguage\":\"fr-FR\"},{\"@type\":\"Organization\",\"@id\":\"https:\/\/preprod.optimix-software.com\/fr\/#organization\",\"name\":\"Optimix Software\",\"url\":\"https:\/\/preprod.optimix-software.com\/fr\/\",\"logo\":{\"@type\":\"ImageObject\",\"inLanguage\":\"fr-FR\",\"@id\":\"https:\/\/preprod.optimix-software.com\/fr\/#\/schema\/logo\/image\/\",\"url\":\"https:\/\/preprod.optimix-software.com\/wp-content\/uploads\/logo-carre-optimix-RETAIL-PERFORMANCE-SOFTWARE.jpg\",\"contentUrl\":\"https:\/\/preprod.optimix-software.com\/wp-content\/uploads\/logo-carre-optimix-RETAIL-PERFORMANCE-SOFTWARE.jpg\",\"width\":2001,\"height\":2001,\"caption\":\"Optimix Software\"},\"image\":{\"@id\":\"https:\/\/preprod.optimix-software.com\/fr\/#\/schema\/logo\/image\/\"},\"sameAs\":[\"https:\/\/www.linkedin.com\/company\/optimix-ffr\/\"]}]}<\/script>\n<!-- \/ Yoast SEO Premium plugin. -->","yoast_head_json":{"title":"Retail Data Day 2025 - Optimix","description":"Retrouvez Optimix \u00e0 l'\u00e9v\u00e9nement Retail Data Day le 6 F\u00e9vrier prochain \u00e0 Paris. Table ronde d\u00e9di\u00e9e au Pricing: \" Piloter les marges quand les volumes ET les prix baissent !\"","robots":{"index":"noindex","follow":"follow","max-snippet":"max-snippet:-1","max-image-preview":"max-image-preview:large","max-video-preview":"max-video-preview:-1"},"og_locale":"fr_FR","og_type":"article","og_title":"Inscription Retail Data Day 2025","og_description":"Retrouvez Optimix \u00e0 l'\u00e9v\u00e9nement Retail Data Day le 6 F\u00e9vrier prochain \u00e0 Paris. Table ronde d\u00e9di\u00e9e au Pricing: \" Piloter les marges quand les volumes ET les prix baissent !\"","og_url":"https:\/\/preprod.optimix-software.com\/fr\/inscription-retail-data-day-2025\/","og_site_name":"Optimix Software","article_modified_time":"2024-12-19T09:45:49+00:00","og_image":[{"width":450,"height":253,"url":"https:\/\/preprod.optimix-software.com\/wp-content\/uploads\/Retail-Data-Day-2025-LK-FR-copie.webp","type":"image\/webp"}],"twitter_card":"summary_large_image","twitter_misc":{"Dur\u00e9e de lecture estim\u00e9e":"1 minute"},"schema":{"@context":"https:\/\/schema.org","@graph":[{"@type":"WebPage","@id":"https:\/\/preprod.optimix-software.com\/fr\/inscription-retail-data-day-2025\/","url":"https:\/\/preprod.optimix-software.com\/fr\/inscription-retail-data-day-2025\/","name":"Retail Data Day 2025 - Optimix","isPartOf":{"@id":"https:\/\/preprod.optimix-software.com\/fr\/#website"},"datePublished":"2024-12-19T09:26:59+00:00","dateModified":"2024-12-19T09:45:49+00:00","description":"Retrouvez Optimix \u00e0 l'\u00e9v\u00e9nement Retail Data Day le 6 F\u00e9vrier prochain \u00e0 Paris. Table ronde d\u00e9di\u00e9e au Pricing: \" Piloter les marges quand les volumes ET les prix baissent !\"","breadcrumb":{"@id":"https:\/\/preprod.optimix-software.com\/fr\/inscription-retail-data-day-2025\/#breadcrumb"},"inLanguage":"fr-FR","potentialAction":[{"@type":"ReadAction","target":["https:\/\/preprod.optimix-software.com\/fr\/inscription-retail-data-day-2025\/"]}]},{"@type":"BreadcrumbList","@id":"https:\/\/preprod.optimix-software.com\/fr\/inscription-retail-data-day-2025\/#breadcrumb","itemListElement":[{"@type":"ListItem","position":1,"name":"Accueil","item":"https:\/\/preprod.optimix-software.com\/fr\/"},{"@type":"ListItem","position":2,"name":"Inscription Retail Data Day 2025"}]},{"@type":"WebSite","@id":"https:\/\/preprod.optimix-software.com\/fr\/#website","url":"https:\/\/preprod.optimix-software.com\/fr\/","name":"Optimix Software","description":"Solutions de Pricing et Supply chain d\u00e9di\u00e9es au retail","publisher":{"@id":"https:\/\/preprod.optimix-software.com\/fr\/#organization"},"potentialAction":[{"@type":"SearchAction","target":{"@type":"EntryPoint","urlTemplate":"https:\/\/preprod.optimix-software.com\/fr\/?s={search_term_string}"},"query-input":{"@type":"PropertyValueSpecification","valueRequired":true,"valueName":"search_term_string"}}],"inLanguage":"fr-FR"},{"@type":"Organization","@id":"https:\/\/preprod.optimix-software.com\/fr\/#organization","name":"Optimix Software","url":"https:\/\/preprod.optimix-software.com\/fr\/","logo":{"@type":"ImageObject","inLanguage":"fr-FR","@id":"https:\/\/preprod.optimix-software.com\/fr\/#\/schema\/logo\/image\/","url":"https:\/\/preprod.optimix-software.com\/wp-content\/uploads\/logo-carre-optimix-RETAIL-PERFORMANCE-SOFTWARE.jpg","contentUrl":"https:\/\/preprod.optimix-software.com\/wp-content\/uploads\/logo-carre-optimix-RETAIL-PERFORMANCE-SOFTWARE.jpg","width":2001,"height":2001,"caption":"Optimix Software"},"image":{"@id":"https:\/\/preprod.optimix-software.com\/fr\/#\/schema\/logo\/image\/"},"sameAs":["https:\/\/www.linkedin.com\/company\/optimix-ffr\/"]}]}},"_links":{"self":[{"href":"https:\/\/preprod.optimix-software.com\/fr\/wp-json\/wp\/v2\/pages\/39025","targetHints":{"allow":["GET"]}}],"collection":[{"href":"https:\/\/preprod.optimix-software.com\/fr\/wp-json\/wp\/v2\/pages"}],"about":[{"href":"https:\/\/preprod.optimix-software.com\/fr\/wp-json\/wp\/v2\/types\/page"}],"author":[{"embeddable":true,"href":"https:\/\/preprod.optimix-software.com\/fr\/wp-json\/wp\/v2\/users\/3"}],"replies":[{"embeddable":true,"href":"https:\/\/preprod.optimix-software.com\/fr\/wp-json\/wp\/v2\/comments?post=39025"}],"version-history":[{"count":5,"href":"https:\/\/preprod.optimix-software.com\/fr\/wp-json\/wp\/v2\/pages\/39025\/revisions"}],"predecessor-version":[{"id":39034,"href":"https:\/\/preprod.optimix-software.com\/fr\/wp-json\/wp\/v2\/pages\/39025\/revisions\/39034"}],"wp:attachment":[{"href":"https:\/\/preprod.optimix-software.com\/fr\/wp-json\/wp\/v2\/media?parent=39025"}],"curies":[{"name":"wp","href":"https:\/\/api.w.org\/{rel}","templated":true}]}}