{"id":40591,"date":"2025-03-03T09:48:33","date_gmt":"2025-03-03T08:48:33","guid":{"rendered":"https:\/\/preprod.optimix-software.com\/?page_id=40591"},"modified":"2025-03-05T10:12:23","modified_gmt":"2025-03-05T09:12:23","slug":"responsable-marketing-digital","status":"publish","type":"page","link":"https:\/\/preprod.optimix-software.com\/fr\/responsable-marketing-digital\/","title":{"rendered":"Responsable Marketing Digital"},"content":{"rendered":"\t\t<div data-elementor-type=\"wp-page\" data-elementor-id=\"40591\" class=\"elementor elementor-40591\" data-elementor-post-type=\"page\">\n\t\t\t\t<div class=\"elementor-element elementor-element-05a42b5 e-flex e-con-boxed e-con e-parent\" data-id=\"05a42b5\" data-element_type=\"container\">\n\t\t\t\t\t<div class=\"e-con-inner\">\n\t\t<div class=\"elementor-element elementor-element-73ffb24 e-con-full e-flex e-con e-child\" data-id=\"73ffb24\" data-element_type=\"container\">\n\t\t<div class=\"elementor-element elementor-element-9f2a8ca e-con-full e-flex e-con e-child\" data-id=\"9f2a8ca\" data-element_type=\"container\">\n\t\t\t\t<div class=\"elementor-element elementor-element-93d56ee elementor-widget elementor-widget-heading\" data-id=\"93d56ee\" data-element_type=\"widget\" data-widget_type=\"heading.default\">\n\t\t\t\t<div class=\"elementor-widget-container\">\n\t\t\t\t\t<h1 class=\"elementor-heading-title elementor-size-default\">Responsable Marketing Digital (H\/F)<\/h1>\t\t\t\t<\/div>\n\t\t\t\t<\/div>\n\t\t\t\t<div class=\"elementor-element elementor-element-de1b70e elementor-widget__width-initial elementor-widget elementor-widget-text-editor\" data-id=\"de1b70e\" data-element_type=\"widget\" data-widget_type=\"text-editor.default\">\n\t\t\t\t<div class=\"elementor-widget-container\">\n\t\t\t\t\t\t\t\t\t<p>Rejoindre OptimiX Solutions, c\u2019est avoir la garantie de travailler avec les technologies les plus r\u00e9centes, et intervenir aupr\u00e8s des plus grandes enseignes de la distribution, en France comme partout dans le monde.<\/p><p>Pour faire face \u00e0 son d\u00e9veloppement et l\u2019acc\u00e9l\u00e9rer, OptimiX Solutions recrute un ou une responsable Marketing Digital qui sera rattach\u00e9e au Directeur Marketing et Communication.<\/p><p>Il aura pour mission\u00a0de l\u2019\u00e9pauler dans ses missions de d\u00e9veloppement de la notori\u00e9t\u00e9 et dans la g\u00e9n\u00e9ration de leads via les actions suivantes :<\/p><h3><strong>1. Strat\u00e9gie Marketing Digital &amp; Lead Generation<\/strong><\/h3><ul><li data-start=\"203\" data-end=\"415\"><strong data-start=\"203\" data-end=\"264\">D\u00e9finition et mise en \u0153uvre de la strat\u00e9gie marketing B2B<\/strong> : D\u00e9ployer la strat\u00e9gie marketing en collaboration avec la Direction Marketing et Commerciale pour garantir l&rsquo;alignement des objectifs et des actions.<\/li><li><strong>Garant du contenu<\/strong><strong> de notre site en FR \/ DE \/ UK<\/strong><\/li><li data-start=\"421\" data-end=\"724\"><strong data-start=\"421\" data-end=\"488\">D\u00e9veloppement de strat\u00e9gies multicanales d\u2019acquisition de leads<\/strong> : Optimiser les leviers d\u2019acquisition web (SEO, LinkedIn, YouTube, Inbound Marketing, etc.) afin de g\u00e9n\u00e9rer un maximum de demandes entrantes qualifi\u00e9es (MQL). D\u00e9ployer des strat\u00e9gies inbound et outbound adapt\u00e9es aux diff\u00e9rentes cibles.<\/li><li data-start=\"728\" data-end=\"904\"><strong data-start=\"728\" data-end=\"764\">Pilotage du funnel de conversion<\/strong> : Optimiser l&rsquo;ensemble du tunnel de conversion (SEO, SEA, nurturing, campagnes LinkedIn Ads) pour maximiser les opportunit\u00e9s d\u2019acquisition.<\/li><li data-start=\"908\" data-end=\"1217\"><strong data-start=\"908\" data-end=\"949\">Strat\u00e9gie de contenu organique et SEO<\/strong> : \u00c9laborer des strat\u00e9gies de contenu pour am\u00e9liorer la visibilit\u00e9 de l\u2019entreprise sur les moteurs de recherche (identification de groupes de mots-cl\u00e9s, r\u00e9daction de contenus, maillage interne). Partager du contenu sur les r\u00e9seaux sociaux pour engager les communaut\u00e9s.<\/li><li data-start=\"3132\" data-end=\"3331\"><strong data-start=\"3132\" data-end=\"3181\">Am\u00e9lioration de l&rsquo;exp\u00e9rience utilisateur (UX)<\/strong> : Concevoir et piloter des actions correctrices pour optimiser l\u2019exp\u00e9rience et le parcours clients, depuis la d\u00e9couverte jusqu\u2019\u00e0 la d\u00e9cision d\u2019achat.<\/li><li data-start=\"3335\" data-end=\"3552\"><strong data-start=\"3335\" data-end=\"3364\">Innovation et outils d&rsquo;IA<\/strong> : Proposer des solutions innovantes pour l\u2019industrialisation des actions marketing, en utilisant des outils d&rsquo;intelligence artificielle tels que ChatGPT, Generative SEO, Mid-Journey, etc.<\/li><\/ul><h3 data-start=\"1224\" data-end=\"1270\"><strong data-start=\"1228\" data-end=\"1270\">2. Acquisition, Visibilit\u00e9 &amp; Notori\u00e9t\u00e9<\/strong><\/h3><ul><li data-start=\"1274\" data-end=\"1515\"><strong data-start=\"1274\" data-end=\"1331\">Renforcement de la visibilit\u00e9 sur les r\u00e9seaux sociaux<\/strong> : D\u00e9velopper la pr\u00e9sence de l\u2019entreprise sur LinkedIn, YouTube et Google My Business (cr\u00e9ation de posts, commentaires, participation \u00e0 des groupes cibles, production de vid\u00e9os, etc.).<\/li><li data-start=\"1519\" data-end=\"1700\"><strong data-start=\"1519\" data-end=\"1565\">D\u00e9veloppement de la notori\u00e9t\u00e9 de la marque<\/strong> : Piloter la strat\u00e9gie Social Media et Influence (LinkedIn, Blog, YouTube, etc.) pour renforcer la visibilit\u00e9 d\u2019OptimiX sur le march\u00e9.<\/li><li data-start=\"1704\" data-end=\"1968\"><strong data-start=\"1704\" data-end=\"1751\">Cr\u00e9ation de contenus \u00e0 forte valeur ajout\u00e9e<\/strong> : Produire des contenus pour \u00e9duquer le march\u00e9 et g\u00e9n\u00e9rer de l&rsquo;engagement : White papers, \u00e9tudes de cas, webinars, vid\u00e9os, guides pratiques. Assurer la coh\u00e9rence \u00e9ditoriale \u00e0 travers tous les canaux de communication.<\/li><li data-start=\"1972\" data-end=\"2175\"><strong data-start=\"1972\" data-end=\"2008\">\u00c9v\u00e9nements physiques et digitaux<\/strong> : Organiser et animer des \u00e9v\u00e9nements \u00e0 forte valeur ajout\u00e9e (webinars, conf\u00e9rences, workshops) pour capter des leads qualifi\u00e9s et am\u00e9liorer la notori\u00e9t\u00e9 de la marque.<\/li><\/ul><h3 data-start=\"2182\" data-end=\"2219\"><strong data-start=\"2186\" data-end=\"2219\">3. Suivi, Analyse &amp; Reporting<\/strong><\/h3><ul><li data-start=\"2223\" data-end=\"2436\"><strong data-start=\"2223\" data-end=\"2260\">D\u00e9finition et suivi des KPIs cl\u00e9s<\/strong> : Identifier et suivre les KPIs essentiels pour mesurer l&rsquo;efficacit\u00e9 des actions marketing \u00e0 travers les diff\u00e9rents pays, et optimiser les investissements mensuels et annuels.<\/li><li data-start=\"2440\" data-end=\"2640\"><strong data-start=\"2440\" data-end=\"2485\">Analyse des performances et calcul du ROI<\/strong> : Analyser les performances des campagnes et \u00e9valuer leur retour sur investissement (ROI) afin d\u2019ajuster les actions et optimiser les ressources allou\u00e9es.<\/li><li data-start=\"2644\" data-end=\"2852\"><strong data-start=\"2644\" data-end=\"2680\">Reporting sur les leads entrants<\/strong> : Suivre de mani\u00e8re pr\u00e9cise les leads entrants g\u00e9n\u00e9r\u00e9s par chaque levier d&rsquo;acquisition, pour s&rsquo;assurer de leur qualit\u00e9 et du bon alignement avec les objectifs commerciaux.<\/li><\/ul><h3 data-start=\"3559\" data-end=\"3618\"><span style=\"color: #ff6600;\"><strong data-start=\"3563\" data-end=\"3618\">Indicateurs de Suivi &amp; KPIs de Succ\u00e8s :<\/strong><\/span><\/h3><ul><li style=\"list-style-type: none;\"><ul><li data-start=\"4169\" data-end=\"4215\">Nombre de leads marketing qualifi\u00e9s g\u00e9n\u00e9r\u00e9s.<\/li><li data-start=\"4218\" data-end=\"4270\">Taux de conversion des campagnes.<\/li><li data-start=\"4273\" data-end=\"4327\">Engagement et croissance des audiences sur LinkedIn.<\/li><li data-start=\"4330\" data-end=\"4389\">T\u00e9l\u00e9chargements et interactions sur les contenus premium.<\/li><li data-start=\"4392\" data-end=\"4457\">ROI des actions marketing et impact sur le pipeline commercial.<\/li><\/ul><\/li><\/ul><h2>Votre Profil :<\/h2><ul><li>Minimum 3-5 ans d\u2019exp\u00e9rience en marketing digital, id\u00e9alement en BtoB<\/li><li>Ma\u00eetrise des outils :\u00a0CRM, Pack Office, Canva, WordPress, emailing &amp; automatisation marketing.<\/li><li>Maitrise de l\u2019html<\/li><li>Expertise en\u00a0SEO, SEA\u00a0et en strat\u00e9gies digitales performantes.<\/li><li>Sensibilit\u00e9 aux\u00a0enjeux du Retail et de la Distribution<\/li><li>Forte capacit\u00e9 analytique, gestion de projet et leadership.<\/li><li>Tr\u00e8s bon niveau d\u2019anglais \u00e0 l\u2019oral comme \u00e0 l\u2019\u00e9crit, l\u2019allemand est un plus<\/li><\/ul>\t\t\t\t\t\t\t\t<\/div>\n\t\t\t\t<\/div>\n\t\t\t\t<\/div>\n\t\t\t\t<\/div>\n\t\t<div class=\"elementor-element elementor-element-7eb5624 e-con-full e-flex e-con e-child\" data-id=\"7eb5624\" data-element_type=\"container\">\n\t\t\t\t<div class=\"elementor-element elementor-element-90e2110 elementor-widget elementor-widget-html\" data-id=\"90e2110\" data-element_type=\"widget\" data-widget_type=\"html.default\">\n\t\t\t\t<div class=\"elementor-widget-container\">\n\t\t\t\t\t<div class=\"pipedriveWebForms\" data-pd-webforms=\"https:\/\/webforms.pipedrive.com\/f\/6k1eQh0R3Z085ra1uWR04AALfNKDrFmhhX7BDrwO12aDMj1ApZB0weSo3VlnoSahN1\"><script src=\"https:\/\/webforms.pipedrive.com\/f\/loader\"><\/script><\/div>\t\t\t\t<\/div>\n\t\t\t\t<\/div>\n\t\t\t\t<\/div>\n\t\t\t\t\t<\/div>\n\t\t\t\t<\/div>\n\t\t<div class=\"elementor-element elementor-element-862e1ab e-flex e-con-boxed e-con e-parent\" data-id=\"862e1ab\" data-element_type=\"container\">\n\t\t\t\t\t<div class=\"e-con-inner\">\n\t\t\t\t<div class=\"elementor-element elementor-element-419363e elementor-widget elementor-widget-image\" data-id=\"419363e\" data-element_type=\"widget\" data-widget_type=\"image.default\">\n\t\t\t\t<div class=\"elementor-widget-container\">\n\t\t\t\t\t\t\t\t\t\t\t\t\t\t\t<img fetchpriority=\"high\" decoding=\"async\" width=\"800\" height=\"533\" src=\"https:\/\/preprod.optimix-software.com\/wp-content\/uploads\/photo-collaborateurs-Optimix-1200x800.webp\" class=\"attachment-large size-large wp-image-28186\" alt=\"\" srcset=\"https:\/\/preprod.optimix-software.com\/wp-content\/uploads\/photo-collaborateurs-Optimix-1200x800.webp 1200w, https:\/\/preprod.optimix-software.com\/wp-content\/uploads\/photo-collaborateurs-Optimix-900x600.webp 900w, https:\/\/preprod.optimix-software.com\/wp-content\/uploads\/photo-collaborateurs-Optimix-768x512.webp 768w, https:\/\/preprod.optimix-software.com\/wp-content\/uploads\/photo-collaborateurs-Optimix.webp 1500w\" sizes=\"(max-width: 800px) 100vw, 800px\" \/>\t\t\t\t\t\t\t\t\t\t\t\t\t\t\t<\/div>\n\t\t\t\t<\/div>\n\t\t\t\t\t<\/div>\n\t\t\t\t<\/div>\n\t\t\t\t<\/div>\n\t\t","protected":false},"excerpt":{"rendered":"<p>Rejoignez Optimix, \u00e9diteur de logiciels innovants en Pricing et Supply Chain. Envoyez votre CV pour des opportunit\u00e9s passionnantes et fa\u00e7onnez l&rsquo;avenir avec nous !<\/p>\n","protected":false},"author":3,"featured_media":0,"parent":0,"menu_order":0,"comment_status":"closed","ping_status":"closed","template":"","meta":{"inline_featured_image":false,"footnotes":""},"class_list":["post-40591","page","type-page","status-publish","hentry"],"yoast_head":"<!-- This site is optimized with the Yoast SEO Premium plugin v22.8 (Yoast SEO v25.1) - https:\/\/yoast.com\/wordpress\/plugins\/seo\/ -->\n<title>Responsable Marketing Digital - Optimix Solutions<\/title>\n<meta name=\"description\" content=\"Rejoignez Optimix, \u00e9diteur de logiciels innovants en Pricing et Supply Chain. Postulez en tant que Responsable Marketing Digital et envoyez votre CV pour des opportunit\u00e9s passionnantes !\" \/>\n<meta name=\"robots\" content=\"noindex, follow, max-snippet:-1, max-image-preview:large, max-video-preview:-1\" \/>\n<meta property=\"og:locale\" content=\"fr_FR\" \/>\n<meta property=\"og:type\" content=\"article\" \/>\n<meta property=\"og:title\" content=\"Responsable Marketing Digital\" \/>\n<meta property=\"og:description\" content=\"Rejoignez Optimix, \u00e9diteur de logiciels innovants en Pricing et Supply Chain. Postulez en tant que Responsable Marketing Digital et envoyez votre CV pour des opportunit\u00e9s passionnantes !\" \/>\n<meta property=\"og:url\" content=\"https:\/\/preprod.optimix-software.com\/fr\/responsable-marketing-digital\/\" \/>\n<meta property=\"og:site_name\" content=\"Optimix Software\" \/>\n<meta property=\"article:modified_time\" content=\"2025-03-05T09:12:23+00:00\" \/>\n<meta property=\"og:image\" content=\"https:\/\/preprod.optimix-software.com\/wp-content\/uploads\/clubpricing3-copie.webp\" \/>\n\t<meta property=\"og:image:width\" content=\"1600\" \/>\n\t<meta property=\"og:image:height\" content=\"479\" \/>\n\t<meta property=\"og:image:type\" content=\"image\/webp\" \/>\n<meta name=\"twitter:card\" content=\"summary_large_image\" \/>\n<meta name=\"twitter:label1\" content=\"Dur\u00e9e de lecture estim\u00e9e\" \/>\n\t<meta name=\"twitter:data1\" content=\"4 minutes\" \/>\n<script type=\"application\/ld+json\" class=\"yoast-schema-graph\">{\"@context\":\"https:\/\/schema.org\",\"@graph\":[{\"@type\":\"WebPage\",\"@id\":\"https:\/\/preprod.optimix-software.com\/fr\/responsable-marketing-digital\/\",\"url\":\"https:\/\/preprod.optimix-software.com\/fr\/responsable-marketing-digital\/\",\"name\":\"Responsable Marketing Digital - Optimix Solutions\",\"isPartOf\":{\"@id\":\"https:\/\/preprod.optimix-software.com\/fr\/#website\"},\"primaryImageOfPage\":{\"@id\":\"https:\/\/preprod.optimix-software.com\/fr\/responsable-marketing-digital\/#primaryimage\"},\"image\":{\"@id\":\"https:\/\/preprod.optimix-software.com\/fr\/responsable-marketing-digital\/#primaryimage\"},\"thumbnailUrl\":\"https:\/\/preprod.optimix-software.com\/wp-content\/uploads\/photo-collaborateurs-Optimix-1200x800.webp\",\"datePublished\":\"2025-03-03T08:48:33+00:00\",\"dateModified\":\"2025-03-05T09:12:23+00:00\",\"description\":\"Rejoignez Optimix, \u00e9diteur de logiciels innovants en Pricing et Supply Chain. Postulez en tant que Responsable Marketing Digital et envoyez votre CV pour des opportunit\u00e9s passionnantes !\",\"breadcrumb\":{\"@id\":\"https:\/\/preprod.optimix-software.com\/fr\/responsable-marketing-digital\/#breadcrumb\"},\"inLanguage\":\"fr-FR\",\"potentialAction\":[{\"@type\":\"ReadAction\",\"target\":[\"https:\/\/preprod.optimix-software.com\/fr\/responsable-marketing-digital\/\"]}]},{\"@type\":\"ImageObject\",\"inLanguage\":\"fr-FR\",\"@id\":\"https:\/\/preprod.optimix-software.com\/fr\/responsable-marketing-digital\/#primaryimage\",\"url\":\"https:\/\/preprod.optimix-software.com\/wp-content\/uploads\/photo-collaborateurs-Optimix-1200x800.webp\",\"contentUrl\":\"https:\/\/preprod.optimix-software.com\/wp-content\/uploads\/photo-collaborateurs-Optimix-1200x800.webp\"},{\"@type\":\"BreadcrumbList\",\"@id\":\"https:\/\/preprod.optimix-software.com\/fr\/responsable-marketing-digital\/#breadcrumb\",\"itemListElement\":[{\"@type\":\"ListItem\",\"position\":1,\"name\":\"Accueil\",\"item\":\"https:\/\/preprod.optimix-software.com\/fr\/\"},{\"@type\":\"ListItem\",\"position\":2,\"name\":\"Responsable Marketing Digital\"}]},{\"@type\":\"WebSite\",\"@id\":\"https:\/\/preprod.optimix-software.com\/fr\/#website\",\"url\":\"https:\/\/preprod.optimix-software.com\/fr\/\",\"name\":\"Optimix Software\",\"description\":\"Solutions de Pricing et Supply chain d\u00e9di\u00e9es au retail\",\"publisher\":{\"@id\":\"https:\/\/preprod.optimix-software.com\/fr\/#organization\"},\"potentialAction\":[{\"@type\":\"SearchAction\",\"target\":{\"@type\":\"EntryPoint\",\"urlTemplate\":\"https:\/\/preprod.optimix-software.com\/fr\/?s={search_term_string}\"},\"query-input\":{\"@type\":\"PropertyValueSpecification\",\"valueRequired\":true,\"valueName\":\"search_term_string\"}}],\"inLanguage\":\"fr-FR\"},{\"@type\":\"Organization\",\"@id\":\"https:\/\/preprod.optimix-software.com\/fr\/#organization\",\"name\":\"Optimix Software\",\"url\":\"https:\/\/preprod.optimix-software.com\/fr\/\",\"logo\":{\"@type\":\"ImageObject\",\"inLanguage\":\"fr-FR\",\"@id\":\"https:\/\/preprod.optimix-software.com\/fr\/#\/schema\/logo\/image\/\",\"url\":\"https:\/\/preprod.optimix-software.com\/wp-content\/uploads\/logo-carre-optimix-RETAIL-PERFORMANCE-SOFTWARE.jpg\",\"contentUrl\":\"https:\/\/preprod.optimix-software.com\/wp-content\/uploads\/logo-carre-optimix-RETAIL-PERFORMANCE-SOFTWARE.jpg\",\"width\":2001,\"height\":2001,\"caption\":\"Optimix Software\"},\"image\":{\"@id\":\"https:\/\/preprod.optimix-software.com\/fr\/#\/schema\/logo\/image\/\"},\"sameAs\":[\"https:\/\/www.linkedin.com\/company\/optimix-ffr\/\"]}]}<\/script>\n<!-- \/ Yoast SEO Premium plugin. -->","yoast_head_json":{"title":"Responsable Marketing Digital - Optimix Solutions","description":"Rejoignez Optimix, \u00e9diteur de logiciels innovants en Pricing et Supply Chain. Postulez en tant que Responsable Marketing Digital et envoyez votre CV pour des opportunit\u00e9s passionnantes !","robots":{"index":"noindex","follow":"follow","max-snippet":"max-snippet:-1","max-image-preview":"max-image-preview:large","max-video-preview":"max-video-preview:-1"},"og_locale":"fr_FR","og_type":"article","og_title":"Responsable Marketing Digital","og_description":"Rejoignez Optimix, \u00e9diteur de logiciels innovants en Pricing et Supply Chain. Postulez en tant que Responsable Marketing Digital et envoyez votre CV pour des opportunit\u00e9s passionnantes !","og_url":"https:\/\/preprod.optimix-software.com\/fr\/responsable-marketing-digital\/","og_site_name":"Optimix Software","article_modified_time":"2025-03-05T09:12:23+00:00","og_image":[{"width":1600,"height":479,"url":"https:\/\/preprod.optimix-software.com\/wp-content\/uploads\/clubpricing3-copie.webp","type":"image\/webp"}],"twitter_card":"summary_large_image","twitter_misc":{"Dur\u00e9e de lecture estim\u00e9e":"4 minutes"},"schema":{"@context":"https:\/\/schema.org","@graph":[{"@type":"WebPage","@id":"https:\/\/preprod.optimix-software.com\/fr\/responsable-marketing-digital\/","url":"https:\/\/preprod.optimix-software.com\/fr\/responsable-marketing-digital\/","name":"Responsable Marketing Digital - Optimix Solutions","isPartOf":{"@id":"https:\/\/preprod.optimix-software.com\/fr\/#website"},"primaryImageOfPage":{"@id":"https:\/\/preprod.optimix-software.com\/fr\/responsable-marketing-digital\/#primaryimage"},"image":{"@id":"https:\/\/preprod.optimix-software.com\/fr\/responsable-marketing-digital\/#primaryimage"},"thumbnailUrl":"https:\/\/preprod.optimix-software.com\/wp-content\/uploads\/photo-collaborateurs-Optimix-1200x800.webp","datePublished":"2025-03-03T08:48:33+00:00","dateModified":"2025-03-05T09:12:23+00:00","description":"Rejoignez Optimix, \u00e9diteur de logiciels innovants en Pricing et Supply Chain. Postulez en tant que Responsable Marketing Digital et envoyez votre CV pour des opportunit\u00e9s passionnantes !","breadcrumb":{"@id":"https:\/\/preprod.optimix-software.com\/fr\/responsable-marketing-digital\/#breadcrumb"},"inLanguage":"fr-FR","potentialAction":[{"@type":"ReadAction","target":["https:\/\/preprod.optimix-software.com\/fr\/responsable-marketing-digital\/"]}]},{"@type":"ImageObject","inLanguage":"fr-FR","@id":"https:\/\/preprod.optimix-software.com\/fr\/responsable-marketing-digital\/#primaryimage","url":"https:\/\/preprod.optimix-software.com\/wp-content\/uploads\/photo-collaborateurs-Optimix-1200x800.webp","contentUrl":"https:\/\/preprod.optimix-software.com\/wp-content\/uploads\/photo-collaborateurs-Optimix-1200x800.webp"},{"@type":"BreadcrumbList","@id":"https:\/\/preprod.optimix-software.com\/fr\/responsable-marketing-digital\/#breadcrumb","itemListElement":[{"@type":"ListItem","position":1,"name":"Accueil","item":"https:\/\/preprod.optimix-software.com\/fr\/"},{"@type":"ListItem","position":2,"name":"Responsable Marketing Digital"}]},{"@type":"WebSite","@id":"https:\/\/preprod.optimix-software.com\/fr\/#website","url":"https:\/\/preprod.optimix-software.com\/fr\/","name":"Optimix Software","description":"Solutions de Pricing et Supply chain d\u00e9di\u00e9es au retail","publisher":{"@id":"https:\/\/preprod.optimix-software.com\/fr\/#organization"},"potentialAction":[{"@type":"SearchAction","target":{"@type":"EntryPoint","urlTemplate":"https:\/\/preprod.optimix-software.com\/fr\/?s={search_term_string}"},"query-input":{"@type":"PropertyValueSpecification","valueRequired":true,"valueName":"search_term_string"}}],"inLanguage":"fr-FR"},{"@type":"Organization","@id":"https:\/\/preprod.optimix-software.com\/fr\/#organization","name":"Optimix Software","url":"https:\/\/preprod.optimix-software.com\/fr\/","logo":{"@type":"ImageObject","inLanguage":"fr-FR","@id":"https:\/\/preprod.optimix-software.com\/fr\/#\/schema\/logo\/image\/","url":"https:\/\/preprod.optimix-software.com\/wp-content\/uploads\/logo-carre-optimix-RETAIL-PERFORMANCE-SOFTWARE.jpg","contentUrl":"https:\/\/preprod.optimix-software.com\/wp-content\/uploads\/logo-carre-optimix-RETAIL-PERFORMANCE-SOFTWARE.jpg","width":2001,"height":2001,"caption":"Optimix Software"},"image":{"@id":"https:\/\/preprod.optimix-software.com\/fr\/#\/schema\/logo\/image\/"},"sameAs":["https:\/\/www.linkedin.com\/company\/optimix-ffr\/"]}]}},"_links":{"self":[{"href":"https:\/\/preprod.optimix-software.com\/fr\/wp-json\/wp\/v2\/pages\/40591","targetHints":{"allow":["GET"]}}],"collection":[{"href":"https:\/\/preprod.optimix-software.com\/fr\/wp-json\/wp\/v2\/pages"}],"about":[{"href":"https:\/\/preprod.optimix-software.com\/fr\/wp-json\/wp\/v2\/types\/page"}],"author":[{"embeddable":true,"href":"https:\/\/preprod.optimix-software.com\/fr\/wp-json\/wp\/v2\/users\/3"}],"replies":[{"embeddable":true,"href":"https:\/\/preprod.optimix-software.com\/fr\/wp-json\/wp\/v2\/comments?post=40591"}],"version-history":[{"count":14,"href":"https:\/\/preprod.optimix-software.com\/fr\/wp-json\/wp\/v2\/pages\/40591\/revisions"}],"predecessor-version":[{"id":44710,"href":"https:\/\/preprod.optimix-software.com\/fr\/wp-json\/wp\/v2\/pages\/40591\/revisions\/44710"}],"wp:attachment":[{"href":"https:\/\/preprod.optimix-software.com\/fr\/wp-json\/wp\/v2\/media?parent=40591"}],"curies":[{"name":"wp","href":"https:\/\/api.w.org\/{rel}","templated":true}]}}