{"id":45452,"date":"2025-04-28T13:33:01","date_gmt":"2025-04-28T11:33:01","guid":{"rendered":"https:\/\/preprod.optimix-software.com\/?page_id=45452"},"modified":"2025-04-28T16:09:54","modified_gmt":"2025-04-28T14:09:54","slug":"chef-de-projet-pricing","status":"publish","type":"page","link":"https:\/\/preprod.optimix-software.com\/fr\/chef-de-projet-pricing\/","title":{"rendered":"Chef de projet Pricing"},"content":{"rendered":"\t\t<div data-elementor-type=\"wp-page\" data-elementor-id=\"45452\" class=\"elementor elementor-45452\" data-elementor-post-type=\"page\">\n\t\t\t\t<div class=\"elementor-element elementor-element-05a42b5 e-flex e-con-boxed e-con e-parent\" data-id=\"05a42b5\" data-element_type=\"container\">\n\t\t\t\t\t<div class=\"e-con-inner\">\n\t\t<div class=\"elementor-element elementor-element-73ffb24 e-con-full e-flex e-con e-child\" data-id=\"73ffb24\" data-element_type=\"container\">\n\t\t<div class=\"elementor-element elementor-element-9f2a8ca e-con-full e-flex e-con e-child\" data-id=\"9f2a8ca\" data-element_type=\"container\">\n\t\t\t\t<div class=\"elementor-element elementor-element-93d56ee elementor-widget elementor-widget-heading\" data-id=\"93d56ee\" data-element_type=\"widget\" data-widget_type=\"heading.default\">\n\t\t\t\t<div class=\"elementor-widget-container\">\n\t\t\t\t\t<h1 class=\"elementor-heading-title elementor-size-default\">Chef de projet Pricing<\/h1>\t\t\t\t<\/div>\n\t\t\t\t<\/div>\n\t\t\t\t<div class=\"elementor-element elementor-element-de1b70e elementor-widget__width-initial elementor-widget elementor-widget-text-editor\" data-id=\"de1b70e\" data-element_type=\"widget\" data-widget_type=\"text-editor.default\">\n\t\t\t\t<div class=\"elementor-widget-container\">\n\t\t\t\t\t\t\t\t\t<p class=\"\" data-start=\"187\" data-end=\"272\">\ud83d\ude80 <strong data-start=\"190\" data-end=\"269\">Rejoignez l\u2019aventure OptimiX Solutions en tant que Chef de Projet Pricing !<\/strong> \ud83d\ude80<\/p>\n<p class=\"\" data-start=\"274\" data-end=\"531\">Dans un contexte de forte croissance et d\u2019acc\u00e9l\u00e9ration de notre d\u00e9veloppement, <strong data-start=\"353\" data-end=\"374\">OptimiX Solutions<\/strong>, \u00e9diteur SaaS expert en pricing et gestion de la supply chain, recherche un(e) <strong data-start=\"454\" data-end=\"472\">Chef de Projet<\/strong> passionn\u00e9(e) par la data, l&rsquo;optimisation et l&rsquo;innovation !<\/p>\n<p class=\"\" data-start=\"533\" data-end=\"572\"><strong data-start=\"533\" data-end=\"572\">Votre mission, si vous l\u2019acceptez :<\/strong><\/p>\n<p class=\"\" data-start=\"574\" data-end=\"947\">\ud83c\udfaf R\u00e9aliser des \u00e9tudes d\u2019ad\u00e9quation fonctionnelle (m\u00e9tier et technique)<br data-start=\"645\" data-end=\"648\">\ud83c\udfaf Analyser, adapter et contr\u00f4ler les flux de donn\u00e9es<br data-start=\"701\" data-end=\"704\">\ud83c\udfaf Param\u00e9trer notre solution SaaS (via application ou base de donn\u00e9es)<br data-start=\"774\" data-end=\"777\">\ud83c\udfaf Assurer la qualification, la formation et l\u2019accompagnement des utilisateurs<br data-start=\"855\" data-end=\"858\">\ud83c\udfaf Piloter vos projets de bout en bout : planification, suivi budg\u00e9taire, relation client<\/p>\n<p class=\"\" data-start=\"949\" data-end=\"985\"><strong data-start=\"949\" data-end=\"985\">Le profil que nous recherchons :<\/strong><\/p>\n<p class=\"\" data-start=\"987\" data-end=\"1466\">\u2705 Dipl\u00f4m\u00e9(e) Bac +3 \u00e0 Bac +5 d&rsquo;une \u00c9cole d&rsquo;Informatique ou de Commerce<br data-start=\"1057\" data-end=\"1060\">\u2705 Minimum 5 ans d&rsquo;exp\u00e9rience en gestion de projet, id\u00e9alement en environnement technologique<br data-start=\"1152\" data-end=\"1155\">\u2705 Solides comp\u00e9tences en base de donn\u00e9es PostgreSQL (technique et fonctionnel)<br data-start=\"1233\" data-end=\"1236\">\u2705 Anglais technique indispensable pour nos projets internationaux<br data-start=\"1301\" data-end=\"1304\">\u2705 Curieux(se), autonome, avec une forte orientation satisfaction client<br data-start=\"1375\" data-end=\"1378\">\u2705 Un plus : connaissance du pricing, ma\u00eetrise des commandes Linux, PowerShell et\/ou Bash<\/p>\n<p class=\"\" data-start=\"1468\" data-end=\"1498\"><strong data-start=\"1468\" data-end=\"1498\">Ce que nous vous offrons :<\/strong><\/p>\n<p class=\"\" data-start=\"1500\" data-end=\"1822\">\ud83c\udf1f Un poste en CDI, statut cadre<br data-start=\"1532\" data-end=\"1535\">\ud83c\udf1f Une localisation pratique : Marcq-en-Bar\u0153ul (arr\u00eat tram Ch\u00e2teau Rouge)<br data-start=\"1608\" data-end=\"1611\">\ud83c\udf1f De r\u00e9els avantages : RTT, mutuelle, tickets restaurants<br data-start=\"1669\" data-end=\"1672\">\ud83c\udf1f Un environnement stimulant o\u00f9 vos d\u00e9cisions auront un impact direct<br data-start=\"1742\" data-end=\"1745\">\ud83c\udf1f L\u2019opportunit\u00e9 d\u2019\u00e9voluer dans une entreprise \u00e0 taille humaine et ambitieuse<\/p>\n<p class=\"\" data-start=\"1824\" data-end=\"1853\"><strong data-start=\"1824\" data-end=\"1853\">Pourquoi nous rejoindre ?<\/strong><\/p>\n<p class=\"\" data-start=\"1855\" data-end=\"2119\">Chez <strong data-start=\"1860\" data-end=\"1881\">OptimiX Solutions<\/strong>, nous croyons au potentiel de chacun. Nous vous donnons les moyens d\u2019agir avec autonomie, de piloter vos projets strat\u00e9giques, et de vous \u00e9panouir dans un secteur en pleine transformation gr\u00e2ce \u00e0 l\u2019Intelligence Artificielle et \u00e0 la data.<\/p>\n<p class=\"\" data-start=\"2121\" data-end=\"2247\"><strong data-start=\"2121\" data-end=\"2152\">Pr\u00eat(e) \u00e0 relever le d\u00e9fi ?<\/strong><br data-start=\"2152\" data-end=\"2155\">\ud83d\udc49 Envoyez-nous votre CV en remplissant le formulaire ci-contre !<\/p>\n<p class=\"\" data-start=\"2249\" data-end=\"2337\">#Recrutement #ChefDeProjet #SaaS #Data #Pricing #SupplyChain #Carri\u00e8re #OptimiXSolutions<\/p>\t\t\t\t\t\t\t\t<\/div>\n\t\t\t\t<\/div>\n\t\t\t\t<\/div>\n\t\t\t\t<\/div>\n\t\t<div class=\"elementor-element elementor-element-7eb5624 e-con-full e-flex e-con e-child\" data-id=\"7eb5624\" data-element_type=\"container\">\n\t\t\t\t<div class=\"elementor-element elementor-element-90e2110 elementor-widget elementor-widget-html\" data-id=\"90e2110\" data-element_type=\"widget\" data-widget_type=\"html.default\">\n\t\t\t\t<div class=\"elementor-widget-container\">\n\t\t\t\t\t<div class=\"pipedriveWebForms\" data-pd-webforms=\"https:\/\/webforms.pipedrive.com\/f\/64JrMPLe28PdKnDTXr1O8EKFAzEXWFZc8FK6mWmzBOnsIq871tvACYA1X6B4kK2gXp\"><script src=\"https:\/\/webforms.pipedrive.com\/f\/loader\"><\/script><\/div>\t\t\t\t<\/div>\n\t\t\t\t<\/div>\n\t\t\t\t<\/div>\n\t\t\t\t\t<\/div>\n\t\t\t\t<\/div>\n\t\t<div class=\"elementor-element elementor-element-862e1ab e-flex e-con-boxed e-con e-parent\" data-id=\"862e1ab\" data-element_type=\"container\">\n\t\t\t\t\t<div class=\"e-con-inner\">\n\t\t\t\t<div class=\"elementor-element elementor-element-419363e elementor-widget elementor-widget-image\" data-id=\"419363e\" data-element_type=\"widget\" data-widget_type=\"image.default\">\n\t\t\t\t<div class=\"elementor-widget-container\">\n\t\t\t\t\t\t\t\t\t\t\t\t\t\t\t<img fetchpriority=\"high\" decoding=\"async\" width=\"800\" height=\"533\" src=\"https:\/\/preprod.optimix-software.com\/wp-content\/uploads\/photo-collaborateurs-Optimix-1200x800.webp\" class=\"attachment-large size-large wp-image-28186\" alt=\"\" srcset=\"https:\/\/preprod.optimix-software.com\/wp-content\/uploads\/photo-collaborateurs-Optimix-1200x800.webp 1200w, https:\/\/preprod.optimix-software.com\/wp-content\/uploads\/photo-collaborateurs-Optimix-900x600.webp 900w, https:\/\/preprod.optimix-software.com\/wp-content\/uploads\/photo-collaborateurs-Optimix-768x512.webp 768w, https:\/\/preprod.optimix-software.com\/wp-content\/uploads\/photo-collaborateurs-Optimix.webp 1500w\" sizes=\"(max-width: 800px) 100vw, 800px\" \/>\t\t\t\t\t\t\t\t\t\t\t\t\t\t\t<\/div>\n\t\t\t\t<\/div>\n\t\t\t\t\t<\/div>\n\t\t\t\t<\/div>\n\t\t\t\t<\/div>\n\t\t","protected":false},"excerpt":{"rendered":"<p>Rejoignez Optimix, \u00e9diteur de logiciels innovants en Pricing et Supply Chain. Envoyez votre CV pour des opportunit\u00e9s passionnantes et fa\u00e7onnez l&rsquo;avenir avec nous !<\/p>\n","protected":false},"author":3,"featured_media":0,"parent":0,"menu_order":0,"comment_status":"closed","ping_status":"closed","template":"","meta":{"inline_featured_image":false,"footnotes":""},"class_list":["post-45452","page","type-page","status-publish","hentry"],"yoast_head":"<!-- This site is optimized with the Yoast SEO Premium plugin v22.8 (Yoast SEO v25.1) - https:\/\/yoast.com\/wordpress\/plugins\/seo\/ -->\n<title>Chef de Projet - Optimix Solutions<\/title>\n<meta name=\"description\" content=\"Rejoignez Optimix, \u00e9diteur de logiciels innovants en Pricing et Supply Chain. Postulez en candidature spontan\u00e9e et envoyez votre CV pour des opportunit\u00e9s passionnantes !\" \/>\n<meta name=\"robots\" content=\"noindex, follow, max-snippet:-1, max-image-preview:large, max-video-preview:-1\" \/>\n<meta property=\"og:locale\" content=\"fr_FR\" \/>\n<meta property=\"og:type\" content=\"article\" \/>\n<meta property=\"og:title\" content=\"Chef de projet Pricing\" \/>\n<meta property=\"og:description\" content=\"Rejoignez Optimix, \u00e9diteur de logiciels innovants en Pricing et Supply Chain. Postulez en candidature spontan\u00e9e et envoyez votre CV pour des opportunit\u00e9s passionnantes !\" \/>\n<meta property=\"og:url\" content=\"https:\/\/preprod.optimix-software.com\/fr\/chef-de-projet-pricing\/\" \/>\n<meta property=\"og:site_name\" content=\"Optimix Software\" \/>\n<meta property=\"article:modified_time\" content=\"2025-04-28T14:09:54+00:00\" \/>\n<meta property=\"og:image\" content=\"https:\/\/preprod.optimix-software.com\/wp-content\/uploads\/CP.png\" \/>\n\t<meta property=\"og:image:width\" content=\"1600\" \/>\n\t<meta property=\"og:image:height\" content=\"900\" \/>\n\t<meta property=\"og:image:type\" content=\"image\/png\" \/>\n<meta name=\"twitter:card\" content=\"summary_large_image\" \/>\n<meta name=\"twitter:label1\" content=\"Dur\u00e9e de lecture estim\u00e9e\" \/>\n\t<meta name=\"twitter:data1\" content=\"2 minutes\" \/>\n<script type=\"application\/ld+json\" class=\"yoast-schema-graph\">{\"@context\":\"https:\/\/schema.org\",\"@graph\":[{\"@type\":\"WebPage\",\"@id\":\"https:\/\/preprod.optimix-software.com\/fr\/chef-de-projet-pricing\/\",\"url\":\"https:\/\/preprod.optimix-software.com\/fr\/chef-de-projet-pricing\/\",\"name\":\"Chef de Projet - Optimix Solutions\",\"isPartOf\":{\"@id\":\"https:\/\/preprod.optimix-software.com\/fr\/#website\"},\"primaryImageOfPage\":{\"@id\":\"https:\/\/preprod.optimix-software.com\/fr\/chef-de-projet-pricing\/#primaryimage\"},\"image\":{\"@id\":\"https:\/\/preprod.optimix-software.com\/fr\/chef-de-projet-pricing\/#primaryimage\"},\"thumbnailUrl\":\"https:\/\/preprod.optimix-software.com\/wp-content\/uploads\/photo-collaborateurs-Optimix-1200x800.webp\",\"datePublished\":\"2025-04-28T11:33:01+00:00\",\"dateModified\":\"2025-04-28T14:09:54+00:00\",\"description\":\"Rejoignez Optimix, \u00e9diteur de logiciels innovants en Pricing et Supply Chain. Postulez en candidature spontan\u00e9e et envoyez votre CV pour des opportunit\u00e9s passionnantes !\",\"breadcrumb\":{\"@id\":\"https:\/\/preprod.optimix-software.com\/fr\/chef-de-projet-pricing\/#breadcrumb\"},\"inLanguage\":\"fr-FR\",\"potentialAction\":[{\"@type\":\"ReadAction\",\"target\":[\"https:\/\/preprod.optimix-software.com\/fr\/chef-de-projet-pricing\/\"]}]},{\"@type\":\"ImageObject\",\"inLanguage\":\"fr-FR\",\"@id\":\"https:\/\/preprod.optimix-software.com\/fr\/chef-de-projet-pricing\/#primaryimage\",\"url\":\"https:\/\/preprod.optimix-software.com\/wp-content\/uploads\/photo-collaborateurs-Optimix-1200x800.webp\",\"contentUrl\":\"https:\/\/preprod.optimix-software.com\/wp-content\/uploads\/photo-collaborateurs-Optimix-1200x800.webp\"},{\"@type\":\"BreadcrumbList\",\"@id\":\"https:\/\/preprod.optimix-software.com\/fr\/chef-de-projet-pricing\/#breadcrumb\",\"itemListElement\":[{\"@type\":\"ListItem\",\"position\":1,\"name\":\"Accueil\",\"item\":\"https:\/\/preprod.optimix-software.com\/fr\/\"},{\"@type\":\"ListItem\",\"position\":2,\"name\":\"Chef de projet Pricing\"}]},{\"@type\":\"WebSite\",\"@id\":\"https:\/\/preprod.optimix-software.com\/fr\/#website\",\"url\":\"https:\/\/preprod.optimix-software.com\/fr\/\",\"name\":\"Optimix Software\",\"description\":\"Solutions de Pricing et Supply chain d\u00e9di\u00e9es au retail\",\"publisher\":{\"@id\":\"https:\/\/preprod.optimix-software.com\/fr\/#organization\"},\"potentialAction\":[{\"@type\":\"SearchAction\",\"target\":{\"@type\":\"EntryPoint\",\"urlTemplate\":\"https:\/\/preprod.optimix-software.com\/fr\/?s={search_term_string}\"},\"query-input\":{\"@type\":\"PropertyValueSpecification\",\"valueRequired\":true,\"valueName\":\"search_term_string\"}}],\"inLanguage\":\"fr-FR\"},{\"@type\":\"Organization\",\"@id\":\"https:\/\/preprod.optimix-software.com\/fr\/#organization\",\"name\":\"Optimix Software\",\"url\":\"https:\/\/preprod.optimix-software.com\/fr\/\",\"logo\":{\"@type\":\"ImageObject\",\"inLanguage\":\"fr-FR\",\"@id\":\"https:\/\/preprod.optimix-software.com\/fr\/#\/schema\/logo\/image\/\",\"url\":\"https:\/\/preprod.optimix-software.com\/wp-content\/uploads\/logo-carre-optimix-RETAIL-PERFORMANCE-SOFTWARE.jpg\",\"contentUrl\":\"https:\/\/preprod.optimix-software.com\/wp-content\/uploads\/logo-carre-optimix-RETAIL-PERFORMANCE-SOFTWARE.jpg\",\"width\":2001,\"height\":2001,\"caption\":\"Optimix Software\"},\"image\":{\"@id\":\"https:\/\/preprod.optimix-software.com\/fr\/#\/schema\/logo\/image\/\"},\"sameAs\":[\"https:\/\/www.linkedin.com\/company\/optimix-ffr\/\"]}]}<\/script>\n<!-- \/ Yoast SEO Premium plugin. -->","yoast_head_json":{"title":"Chef de Projet - Optimix Solutions","description":"Rejoignez Optimix, \u00e9diteur de logiciels innovants en Pricing et Supply Chain. Postulez en candidature spontan\u00e9e et envoyez votre CV pour des opportunit\u00e9s passionnantes !","robots":{"index":"noindex","follow":"follow","max-snippet":"max-snippet:-1","max-image-preview":"max-image-preview:large","max-video-preview":"max-video-preview:-1"},"og_locale":"fr_FR","og_type":"article","og_title":"Chef de projet Pricing","og_description":"Rejoignez Optimix, \u00e9diteur de logiciels innovants en Pricing et Supply Chain. Postulez en candidature spontan\u00e9e et envoyez votre CV pour des opportunit\u00e9s passionnantes !","og_url":"https:\/\/preprod.optimix-software.com\/fr\/chef-de-projet-pricing\/","og_site_name":"Optimix Software","article_modified_time":"2025-04-28T14:09:54+00:00","og_image":[{"width":1600,"height":900,"url":"https:\/\/preprod.optimix-software.com\/wp-content\/uploads\/CP.png","type":"image\/png"}],"twitter_card":"summary_large_image","twitter_misc":{"Dur\u00e9e de lecture estim\u00e9e":"2 minutes"},"schema":{"@context":"https:\/\/schema.org","@graph":[{"@type":"WebPage","@id":"https:\/\/preprod.optimix-software.com\/fr\/chef-de-projet-pricing\/","url":"https:\/\/preprod.optimix-software.com\/fr\/chef-de-projet-pricing\/","name":"Chef de Projet - Optimix Solutions","isPartOf":{"@id":"https:\/\/preprod.optimix-software.com\/fr\/#website"},"primaryImageOfPage":{"@id":"https:\/\/preprod.optimix-software.com\/fr\/chef-de-projet-pricing\/#primaryimage"},"image":{"@id":"https:\/\/preprod.optimix-software.com\/fr\/chef-de-projet-pricing\/#primaryimage"},"thumbnailUrl":"https:\/\/preprod.optimix-software.com\/wp-content\/uploads\/photo-collaborateurs-Optimix-1200x800.webp","datePublished":"2025-04-28T11:33:01+00:00","dateModified":"2025-04-28T14:09:54+00:00","description":"Rejoignez Optimix, \u00e9diteur de logiciels innovants en Pricing et Supply Chain. Postulez en candidature spontan\u00e9e et envoyez votre CV pour des opportunit\u00e9s passionnantes !","breadcrumb":{"@id":"https:\/\/preprod.optimix-software.com\/fr\/chef-de-projet-pricing\/#breadcrumb"},"inLanguage":"fr-FR","potentialAction":[{"@type":"ReadAction","target":["https:\/\/preprod.optimix-software.com\/fr\/chef-de-projet-pricing\/"]}]},{"@type":"ImageObject","inLanguage":"fr-FR","@id":"https:\/\/preprod.optimix-software.com\/fr\/chef-de-projet-pricing\/#primaryimage","url":"https:\/\/preprod.optimix-software.com\/wp-content\/uploads\/photo-collaborateurs-Optimix-1200x800.webp","contentUrl":"https:\/\/preprod.optimix-software.com\/wp-content\/uploads\/photo-collaborateurs-Optimix-1200x800.webp"},{"@type":"BreadcrumbList","@id":"https:\/\/preprod.optimix-software.com\/fr\/chef-de-projet-pricing\/#breadcrumb","itemListElement":[{"@type":"ListItem","position":1,"name":"Accueil","item":"https:\/\/preprod.optimix-software.com\/fr\/"},{"@type":"ListItem","position":2,"name":"Chef de projet Pricing"}]},{"@type":"WebSite","@id":"https:\/\/preprod.optimix-software.com\/fr\/#website","url":"https:\/\/preprod.optimix-software.com\/fr\/","name":"Optimix Software","description":"Solutions de Pricing et Supply chain d\u00e9di\u00e9es au retail","publisher":{"@id":"https:\/\/preprod.optimix-software.com\/fr\/#organization"},"potentialAction":[{"@type":"SearchAction","target":{"@type":"EntryPoint","urlTemplate":"https:\/\/preprod.optimix-software.com\/fr\/?s={search_term_string}"},"query-input":{"@type":"PropertyValueSpecification","valueRequired":true,"valueName":"search_term_string"}}],"inLanguage":"fr-FR"},{"@type":"Organization","@id":"https:\/\/preprod.optimix-software.com\/fr\/#organization","name":"Optimix Software","url":"https:\/\/preprod.optimix-software.com\/fr\/","logo":{"@type":"ImageObject","inLanguage":"fr-FR","@id":"https:\/\/preprod.optimix-software.com\/fr\/#\/schema\/logo\/image\/","url":"https:\/\/preprod.optimix-software.com\/wp-content\/uploads\/logo-carre-optimix-RETAIL-PERFORMANCE-SOFTWARE.jpg","contentUrl":"https:\/\/preprod.optimix-software.com\/wp-content\/uploads\/logo-carre-optimix-RETAIL-PERFORMANCE-SOFTWARE.jpg","width":2001,"height":2001,"caption":"Optimix Software"},"image":{"@id":"https:\/\/preprod.optimix-software.com\/fr\/#\/schema\/logo\/image\/"},"sameAs":["https:\/\/www.linkedin.com\/company\/optimix-ffr\/"]}]}},"_links":{"self":[{"href":"https:\/\/preprod.optimix-software.com\/fr\/wp-json\/wp\/v2\/pages\/45452","targetHints":{"allow":["GET"]}}],"collection":[{"href":"https:\/\/preprod.optimix-software.com\/fr\/wp-json\/wp\/v2\/pages"}],"about":[{"href":"https:\/\/preprod.optimix-software.com\/fr\/wp-json\/wp\/v2\/types\/page"}],"author":[{"embeddable":true,"href":"https:\/\/preprod.optimix-software.com\/fr\/wp-json\/wp\/v2\/users\/3"}],"replies":[{"embeddable":true,"href":"https:\/\/preprod.optimix-software.com\/fr\/wp-json\/wp\/v2\/comments?post=45452"}],"version-history":[{"count":6,"href":"https:\/\/preprod.optimix-software.com\/fr\/wp-json\/wp\/v2\/pages\/45452\/revisions"}],"predecessor-version":[{"id":45525,"href":"https:\/\/preprod.optimix-software.com\/fr\/wp-json\/wp\/v2\/pages\/45452\/revisions\/45525"}],"wp:attachment":[{"href":"https:\/\/preprod.optimix-software.com\/fr\/wp-json\/wp\/v2\/media?parent=45452"}],"curies":[{"name":"wp","href":"https:\/\/api.w.org\/{rel}","templated":true}]}}