{"id":45456,"date":"2025-04-28T13:36:06","date_gmt":"2025-04-28T11:36:06","guid":{"rendered":"https:\/\/preprod.optimix-software.com\/?page_id=45456"},"modified":"2025-04-28T13:37:05","modified_gmt":"2025-04-28T11:37:05","slug":"technicien-support-tma","status":"publish","type":"page","link":"https:\/\/preprod.optimix-software.com\/fr\/technicien-support-tma\/","title":{"rendered":"Technicien Support TMA"},"content":{"rendered":"\t\t<div data-elementor-type=\"wp-page\" data-elementor-id=\"45456\" class=\"elementor elementor-45456\" data-elementor-post-type=\"page\">\n\t\t\t\t<div class=\"elementor-element elementor-element-05a42b5 e-flex e-con-boxed e-con e-parent\" data-id=\"05a42b5\" data-element_type=\"container\">\n\t\t\t\t\t<div class=\"e-con-inner\">\n\t\t<div class=\"elementor-element elementor-element-73ffb24 e-con-full e-flex e-con e-child\" data-id=\"73ffb24\" data-element_type=\"container\">\n\t\t<div class=\"elementor-element elementor-element-9f2a8ca e-con-full e-flex e-con e-child\" data-id=\"9f2a8ca\" data-element_type=\"container\">\n\t\t\t\t<div class=\"elementor-element elementor-element-93d56ee elementor-widget elementor-widget-heading\" data-id=\"93d56ee\" data-element_type=\"widget\" data-widget_type=\"heading.default\">\n\t\t\t\t<div class=\"elementor-widget-container\">\n\t\t\t\t\t<h1 class=\"elementor-heading-title elementor-size-default\">Technicien Support TMA<\/h1>\t\t\t\t<\/div>\n\t\t\t\t<\/div>\n\t\t\t\t<div class=\"elementor-element elementor-element-de1b70e elementor-widget__width-initial elementor-widget elementor-widget-text-editor\" data-id=\"de1b70e\" data-element_type=\"widget\" data-widget_type=\"text-editor.default\">\n\t\t\t\t<div class=\"elementor-widget-container\">\n\t\t\t\t\t\t\t\t\t<p class=\"\" data-start=\"160\" data-end=\"234\">\ud83d\ude80 <strong data-start=\"163\" data-end=\"231\">Rejoignez OptimiX Solutions en tant que Technicien Support TMA !<\/strong> \ud83d\ude80<\/p>\n<p class=\"\" data-start=\"236\" data-end=\"545\">Vous souhaitez \u00e9voluer dans une entreprise tech en pleine croissance, o\u00f9 l\u2019expertise et l\u2019innovation sont au c\u0153ur de chaque projet ? <strong data-start=\"369\" data-end=\"390\">OptimiX Solutions<\/strong>, \u00e9diteur SaaS sp\u00e9cialis\u00e9 dans le pricing et la gestion de la supply chain, recrute un(e) <strong data-start=\"480\" data-end=\"506\">Technicien Support TMA<\/strong> pour accompagner notre d\u00e9veloppement !<\/p>\n<p class=\"\" data-start=\"547\" data-end=\"563\"><strong data-start=\"547\" data-end=\"563\">Votre r\u00f4le :<\/strong><\/p>\n<p class=\"\" data-start=\"565\" data-end=\"930\">\ud83c\udfaf Assurer le suivi op\u00e9rationnel d&rsquo;un portefeuille clients (un ou plusieurs comptes selon la complexit\u00e9) en mode RUN<br data-start=\"681\" data-end=\"684\">\ud83c\udfaf Contr\u00f4ler les cha\u00eenes de traitement de nuit pour garantir la qualit\u00e9 de service<br data-start=\"766\" data-end=\"769\">\ud83c\udfaf R\u00e9pondre aux tickets clients et assurer leur suivi jusqu\u2019\u00e0 r\u00e9solution<br data-start=\"841\" data-end=\"844\">\ud83c\udfaf Animer les Comit\u00e9s Op\u00e9rationnels avec les clients pour un accompagnement de qualit\u00e9<\/p>\n<p class=\"\" data-start=\"932\" data-end=\"968\"><strong data-start=\"932\" data-end=\"968\">Le profil que nous recherchons :<\/strong><\/p>\n<p class=\"\" data-start=\"970\" data-end=\"1447\">\u2705 Bac +3 \u00e0 Bac +5 \u2013 \u00c9cole d&rsquo;Informatique ou de Commerce<br data-start=\"1025\" data-end=\"1028\">\u2705 Exp\u00e9rience d\u2019au moins 2 ans en Tierce Maintenance Applicative (TMA)<br data-start=\"1097\" data-end=\"1100\">\u2705 Ma\u00eetrise technico-fonctionnelle des bases de donn\u00e9es PostgreSQL<br data-start=\"1165\" data-end=\"1168\">\u2705 Bon niveau d&rsquo;anglais technique indispensable<br data-start=\"1214\" data-end=\"1217\">\u2705 Une connaissance du pricing est un plus appr\u00e9ciable<br data-start=\"1270\" data-end=\"1273\">\u2705 La ma\u00eetrise des commandes Linux, PowerShell et\/ou Bash est un atout<br data-start=\"1342\" data-end=\"1345\">\u2705 Curiosit\u00e9, autonomie, capacit\u00e9 \u00e0 engager des actions concr\u00e8tes et \u00e0 prendre des d\u00e9cisions rapidement<\/p>\n<p class=\"\" data-start=\"1449\" data-end=\"1479\"><strong data-start=\"1449\" data-end=\"1479\">Ce que nous vous offrons :<\/strong><\/p>\n<p class=\"\" data-start=\"1481\" data-end=\"1767\">\ud83c\udf1f Un CDI statut cadre \u00e0 Marcq-en-Bar\u0153ul (proche tramway Ch\u00e2teau Rouge)<br data-start=\"1552\" data-end=\"1555\">\ud83c\udf1f Disponibilit\u00e9 : d\u00e8s que possible<br data-start=\"1590\" data-end=\"1593\">\ud83c\udf1f R\u00e9mun\u00e9ration attractive \u00e0 n\u00e9gocier<br data-start=\"1630\" data-end=\"1633\">\ud83c\udf1f Avantages : RTT, mutuelle, tickets restaurants<br data-start=\"1682\" data-end=\"1685\">\ud83c\udf1f Un environnement dynamique \u00e0 taille humaine, o\u00f9 vos initiatives sont valoris\u00e9es<\/p>\n<p class=\"\" data-start=\"1769\" data-end=\"1798\"><strong data-start=\"1769\" data-end=\"1798\">Pourquoi nous rejoindre ?<\/strong><\/p>\n<p class=\"\" data-start=\"1800\" data-end=\"2081\">Int\u00e9grer <strong data-start=\"1809\" data-end=\"1830\">OptimiX Solutions<\/strong>, c&rsquo;est faire le choix d&rsquo;une entreprise tourn\u00e9e vers l&rsquo;avenir, o\u00f9 la satisfaction client, la qualit\u00e9 et l&rsquo;innovation technologique rythment notre quotidien. Venez construire avec nous la nouvelle g\u00e9n\u00e9ration de solutions de pricing et de supply chain !<\/p>\n<p class=\"\" data-start=\"2083\" data-end=\"2183\"><strong data-start=\"2083\" data-end=\"2119\">Pr\u00eat(e) \u00e0 rejoindre l&rsquo;aventure ?<\/strong><br data-start=\"2119\" data-end=\"2122\">\ud83d\udc49 Postulez d\u00e8s maintenant en envoyant votre CV en remplissant le formulaire ci-contre !<\/p>\n<p class=\"\" data-start=\"2185\" data-end=\"2280\">#Recrutement #SupportTMA #TechnicienSupport #SaaS #Data #Pricing #SupplyChain #OptimiXSolutions<\/p>\t\t\t\t\t\t\t\t<\/div>\n\t\t\t\t<\/div>\n\t\t\t\t<\/div>\n\t\t\t\t<\/div>\n\t\t<div class=\"elementor-element elementor-element-7eb5624 e-con-full e-flex e-con e-child\" data-id=\"7eb5624\" data-element_type=\"container\">\n\t\t\t\t<div class=\"elementor-element elementor-element-90e2110 elementor-widget elementor-widget-html\" data-id=\"90e2110\" data-element_type=\"widget\" data-widget_type=\"html.default\">\n\t\t\t\t<div class=\"elementor-widget-container\">\n\t\t\t\t\t<div class=\"pipedriveWebForms\" data-pd-webforms=\"https:\/\/webforms.pipedrive.com\/f\/ckxKDvp0jwu57pu9esKbm6BDVRTyifoUdsevxdLA8pleqMerQW9OW7j836hvLPfTz5\"><script src=\"https:\/\/webforms.pipedrive.com\/f\/loader\"><\/script><\/div>\t\t\t\t<\/div>\n\t\t\t\t<\/div>\n\t\t\t\t<\/div>\n\t\t\t\t\t<\/div>\n\t\t\t\t<\/div>\n\t\t<div class=\"elementor-element elementor-element-862e1ab e-flex e-con-boxed e-con e-parent\" data-id=\"862e1ab\" data-element_type=\"container\">\n\t\t\t\t\t<div class=\"e-con-inner\">\n\t\t\t\t<div class=\"elementor-element elementor-element-419363e elementor-widget elementor-widget-image\" data-id=\"419363e\" data-element_type=\"widget\" data-widget_type=\"image.default\">\n\t\t\t\t<div class=\"elementor-widget-container\">\n\t\t\t\t\t\t\t\t\t\t\t\t\t\t\t<img fetchpriority=\"high\" decoding=\"async\" width=\"800\" height=\"533\" src=\"https:\/\/preprod.optimix-software.com\/wp-content\/uploads\/photo-collaborateurs-Optimix-1200x800.webp\" class=\"attachment-large size-large wp-image-28186\" alt=\"\" srcset=\"https:\/\/preprod.optimix-software.com\/wp-content\/uploads\/photo-collaborateurs-Optimix-1200x800.webp 1200w, https:\/\/preprod.optimix-software.com\/wp-content\/uploads\/photo-collaborateurs-Optimix-900x600.webp 900w, https:\/\/preprod.optimix-software.com\/wp-content\/uploads\/photo-collaborateurs-Optimix-768x512.webp 768w, https:\/\/preprod.optimix-software.com\/wp-content\/uploads\/photo-collaborateurs-Optimix.webp 1500w\" sizes=\"(max-width: 800px) 100vw, 800px\" \/>\t\t\t\t\t\t\t\t\t\t\t\t\t\t\t<\/div>\n\t\t\t\t<\/div>\n\t\t\t\t\t<\/div>\n\t\t\t\t<\/div>\n\t\t\t\t<\/div>\n\t\t","protected":false},"excerpt":{"rendered":"<p>Rejoignez Optimix, \u00e9diteur de logiciels innovants en Pricing et Supply Chain. Envoyez votre CV pour des opportunit\u00e9s passionnantes et fa\u00e7onnez l&rsquo;avenir avec nous !<\/p>\n","protected":false},"author":3,"featured_media":0,"parent":0,"menu_order":0,"comment_status":"closed","ping_status":"closed","template":"","meta":{"inline_featured_image":false,"footnotes":""},"class_list":["post-45456","page","type-page","status-publish","hentry"],"yoast_head":"<!-- This site is optimized with the Yoast SEO Premium plugin v22.8 (Yoast SEO v25.1) - https:\/\/yoast.com\/wordpress\/plugins\/seo\/ -->\n<title>Technicien Support TMA - Optimix Solutions<\/title>\n<meta name=\"description\" content=\"Rejoignez Optimix, \u00e9diteur de logiciels innovants en Pricing et Supply Chain. Postulez en candidature spontan\u00e9e et envoyez votre CV pour des opportunit\u00e9s passionnantes !\" \/>\n<meta name=\"robots\" content=\"noindex, follow, max-snippet:-1, max-image-preview:large, max-video-preview:-1\" \/>\n<meta property=\"og:locale\" content=\"fr_FR\" \/>\n<meta property=\"og:type\" content=\"article\" \/>\n<meta property=\"og:title\" content=\"Technicien Support TMA\" \/>\n<meta property=\"og:description\" content=\"Rejoignez Optimix, \u00e9diteur de logiciels innovants en Pricing et Supply Chain. Postulez en candidature spontan\u00e9e et envoyez votre CV pour des opportunit\u00e9s passionnantes !\" \/>\n<meta property=\"og:url\" content=\"https:\/\/preprod.optimix-software.com\/fr\/technicien-support-tma\/\" \/>\n<meta property=\"og:site_name\" content=\"Optimix Software\" \/>\n<meta property=\"article:modified_time\" content=\"2025-04-28T11:37:05+00:00\" \/>\n<meta property=\"og:image\" content=\"https:\/\/preprod.optimix-software.com\/wp-content\/uploads\/TMA.png\" \/>\n\t<meta property=\"og:image:width\" content=\"1600\" \/>\n\t<meta property=\"og:image:height\" content=\"900\" \/>\n\t<meta property=\"og:image:type\" content=\"image\/png\" \/>\n<meta name=\"twitter:card\" content=\"summary_large_image\" \/>\n<meta name=\"twitter:label1\" content=\"Dur\u00e9e de lecture estim\u00e9e\" \/>\n\t<meta name=\"twitter:data1\" content=\"2 minutes\" \/>\n<script type=\"application\/ld+json\" class=\"yoast-schema-graph\">{\"@context\":\"https:\/\/schema.org\",\"@graph\":[{\"@type\":\"WebPage\",\"@id\":\"https:\/\/preprod.optimix-software.com\/fr\/technicien-support-tma\/\",\"url\":\"https:\/\/preprod.optimix-software.com\/fr\/technicien-support-tma\/\",\"name\":\"Technicien Support TMA - Optimix Solutions\",\"isPartOf\":{\"@id\":\"https:\/\/preprod.optimix-software.com\/fr\/#website\"},\"primaryImageOfPage\":{\"@id\":\"https:\/\/preprod.optimix-software.com\/fr\/technicien-support-tma\/#primaryimage\"},\"image\":{\"@id\":\"https:\/\/preprod.optimix-software.com\/fr\/technicien-support-tma\/#primaryimage\"},\"thumbnailUrl\":\"https:\/\/preprod.optimix-software.com\/wp-content\/uploads\/photo-collaborateurs-Optimix-1200x800.webp\",\"datePublished\":\"2025-04-28T11:36:06+00:00\",\"dateModified\":\"2025-04-28T11:37:05+00:00\",\"description\":\"Rejoignez Optimix, \u00e9diteur de logiciels innovants en Pricing et Supply Chain. Postulez en candidature spontan\u00e9e et envoyez votre CV pour des opportunit\u00e9s passionnantes !\",\"breadcrumb\":{\"@id\":\"https:\/\/preprod.optimix-software.com\/fr\/technicien-support-tma\/#breadcrumb\"},\"inLanguage\":\"fr-FR\",\"potentialAction\":[{\"@type\":\"ReadAction\",\"target\":[\"https:\/\/preprod.optimix-software.com\/fr\/technicien-support-tma\/\"]}]},{\"@type\":\"ImageObject\",\"inLanguage\":\"fr-FR\",\"@id\":\"https:\/\/preprod.optimix-software.com\/fr\/technicien-support-tma\/#primaryimage\",\"url\":\"https:\/\/preprod.optimix-software.com\/wp-content\/uploads\/photo-collaborateurs-Optimix-1200x800.webp\",\"contentUrl\":\"https:\/\/preprod.optimix-software.com\/wp-content\/uploads\/photo-collaborateurs-Optimix-1200x800.webp\"},{\"@type\":\"BreadcrumbList\",\"@id\":\"https:\/\/preprod.optimix-software.com\/fr\/technicien-support-tma\/#breadcrumb\",\"itemListElement\":[{\"@type\":\"ListItem\",\"position\":1,\"name\":\"Accueil\",\"item\":\"https:\/\/preprod.optimix-software.com\/fr\/\"},{\"@type\":\"ListItem\",\"position\":2,\"name\":\"Technicien Support TMA\"}]},{\"@type\":\"WebSite\",\"@id\":\"https:\/\/preprod.optimix-software.com\/fr\/#website\",\"url\":\"https:\/\/preprod.optimix-software.com\/fr\/\",\"name\":\"Optimix Software\",\"description\":\"Solutions de Pricing et Supply chain d\u00e9di\u00e9es au retail\",\"publisher\":{\"@id\":\"https:\/\/preprod.optimix-software.com\/fr\/#organization\"},\"potentialAction\":[{\"@type\":\"SearchAction\",\"target\":{\"@type\":\"EntryPoint\",\"urlTemplate\":\"https:\/\/preprod.optimix-software.com\/fr\/?s={search_term_string}\"},\"query-input\":{\"@type\":\"PropertyValueSpecification\",\"valueRequired\":true,\"valueName\":\"search_term_string\"}}],\"inLanguage\":\"fr-FR\"},{\"@type\":\"Organization\",\"@id\":\"https:\/\/preprod.optimix-software.com\/fr\/#organization\",\"name\":\"Optimix Software\",\"url\":\"https:\/\/preprod.optimix-software.com\/fr\/\",\"logo\":{\"@type\":\"ImageObject\",\"inLanguage\":\"fr-FR\",\"@id\":\"https:\/\/preprod.optimix-software.com\/fr\/#\/schema\/logo\/image\/\",\"url\":\"https:\/\/preprod.optimix-software.com\/wp-content\/uploads\/logo-carre-optimix-RETAIL-PERFORMANCE-SOFTWARE.jpg\",\"contentUrl\":\"https:\/\/preprod.optimix-software.com\/wp-content\/uploads\/logo-carre-optimix-RETAIL-PERFORMANCE-SOFTWARE.jpg\",\"width\":2001,\"height\":2001,\"caption\":\"Optimix Software\"},\"image\":{\"@id\":\"https:\/\/preprod.optimix-software.com\/fr\/#\/schema\/logo\/image\/\"},\"sameAs\":[\"https:\/\/www.linkedin.com\/company\/optimix-ffr\/\"]}]}<\/script>\n<!-- \/ Yoast SEO Premium plugin. -->","yoast_head_json":{"title":"Technicien Support TMA - Optimix Solutions","description":"Rejoignez Optimix, \u00e9diteur de logiciels innovants en Pricing et Supply Chain. Postulez en candidature spontan\u00e9e et envoyez votre CV pour des opportunit\u00e9s passionnantes !","robots":{"index":"noindex","follow":"follow","max-snippet":"max-snippet:-1","max-image-preview":"max-image-preview:large","max-video-preview":"max-video-preview:-1"},"og_locale":"fr_FR","og_type":"article","og_title":"Technicien Support TMA","og_description":"Rejoignez Optimix, \u00e9diteur de logiciels innovants en Pricing et Supply Chain. Postulez en candidature spontan\u00e9e et envoyez votre CV pour des opportunit\u00e9s passionnantes !","og_url":"https:\/\/preprod.optimix-software.com\/fr\/technicien-support-tma\/","og_site_name":"Optimix Software","article_modified_time":"2025-04-28T11:37:05+00:00","og_image":[{"width":1600,"height":900,"url":"https:\/\/preprod.optimix-software.com\/wp-content\/uploads\/TMA.png","type":"image\/png"}],"twitter_card":"summary_large_image","twitter_misc":{"Dur\u00e9e de lecture estim\u00e9e":"2 minutes"},"schema":{"@context":"https:\/\/schema.org","@graph":[{"@type":"WebPage","@id":"https:\/\/preprod.optimix-software.com\/fr\/technicien-support-tma\/","url":"https:\/\/preprod.optimix-software.com\/fr\/technicien-support-tma\/","name":"Technicien Support TMA - Optimix Solutions","isPartOf":{"@id":"https:\/\/preprod.optimix-software.com\/fr\/#website"},"primaryImageOfPage":{"@id":"https:\/\/preprod.optimix-software.com\/fr\/technicien-support-tma\/#primaryimage"},"image":{"@id":"https:\/\/preprod.optimix-software.com\/fr\/technicien-support-tma\/#primaryimage"},"thumbnailUrl":"https:\/\/preprod.optimix-software.com\/wp-content\/uploads\/photo-collaborateurs-Optimix-1200x800.webp","datePublished":"2025-04-28T11:36:06+00:00","dateModified":"2025-04-28T11:37:05+00:00","description":"Rejoignez Optimix, \u00e9diteur de logiciels innovants en Pricing et Supply Chain. Postulez en candidature spontan\u00e9e et envoyez votre CV pour des opportunit\u00e9s passionnantes !","breadcrumb":{"@id":"https:\/\/preprod.optimix-software.com\/fr\/technicien-support-tma\/#breadcrumb"},"inLanguage":"fr-FR","potentialAction":[{"@type":"ReadAction","target":["https:\/\/preprod.optimix-software.com\/fr\/technicien-support-tma\/"]}]},{"@type":"ImageObject","inLanguage":"fr-FR","@id":"https:\/\/preprod.optimix-software.com\/fr\/technicien-support-tma\/#primaryimage","url":"https:\/\/preprod.optimix-software.com\/wp-content\/uploads\/photo-collaborateurs-Optimix-1200x800.webp","contentUrl":"https:\/\/preprod.optimix-software.com\/wp-content\/uploads\/photo-collaborateurs-Optimix-1200x800.webp"},{"@type":"BreadcrumbList","@id":"https:\/\/preprod.optimix-software.com\/fr\/technicien-support-tma\/#breadcrumb","itemListElement":[{"@type":"ListItem","position":1,"name":"Accueil","item":"https:\/\/preprod.optimix-software.com\/fr\/"},{"@type":"ListItem","position":2,"name":"Technicien Support TMA"}]},{"@type":"WebSite","@id":"https:\/\/preprod.optimix-software.com\/fr\/#website","url":"https:\/\/preprod.optimix-software.com\/fr\/","name":"Optimix Software","description":"Solutions de Pricing et Supply chain d\u00e9di\u00e9es au retail","publisher":{"@id":"https:\/\/preprod.optimix-software.com\/fr\/#organization"},"potentialAction":[{"@type":"SearchAction","target":{"@type":"EntryPoint","urlTemplate":"https:\/\/preprod.optimix-software.com\/fr\/?s={search_term_string}"},"query-input":{"@type":"PropertyValueSpecification","valueRequired":true,"valueName":"search_term_string"}}],"inLanguage":"fr-FR"},{"@type":"Organization","@id":"https:\/\/preprod.optimix-software.com\/fr\/#organization","name":"Optimix Software","url":"https:\/\/preprod.optimix-software.com\/fr\/","logo":{"@type":"ImageObject","inLanguage":"fr-FR","@id":"https:\/\/preprod.optimix-software.com\/fr\/#\/schema\/logo\/image\/","url":"https:\/\/preprod.optimix-software.com\/wp-content\/uploads\/logo-carre-optimix-RETAIL-PERFORMANCE-SOFTWARE.jpg","contentUrl":"https:\/\/preprod.optimix-software.com\/wp-content\/uploads\/logo-carre-optimix-RETAIL-PERFORMANCE-SOFTWARE.jpg","width":2001,"height":2001,"caption":"Optimix Software"},"image":{"@id":"https:\/\/preprod.optimix-software.com\/fr\/#\/schema\/logo\/image\/"},"sameAs":["https:\/\/www.linkedin.com\/company\/optimix-ffr\/"]}]}},"_links":{"self":[{"href":"https:\/\/preprod.optimix-software.com\/fr\/wp-json\/wp\/v2\/pages\/45456","targetHints":{"allow":["GET"]}}],"collection":[{"href":"https:\/\/preprod.optimix-software.com\/fr\/wp-json\/wp\/v2\/pages"}],"about":[{"href":"https:\/\/preprod.optimix-software.com\/fr\/wp-json\/wp\/v2\/types\/page"}],"author":[{"embeddable":true,"href":"https:\/\/preprod.optimix-software.com\/fr\/wp-json\/wp\/v2\/users\/3"}],"replies":[{"embeddable":true,"href":"https:\/\/preprod.optimix-software.com\/fr\/wp-json\/wp\/v2\/comments?post=45456"}],"version-history":[{"count":4,"href":"https:\/\/preprod.optimix-software.com\/fr\/wp-json\/wp\/v2\/pages\/45456\/revisions"}],"predecessor-version":[{"id":45478,"href":"https:\/\/preprod.optimix-software.com\/fr\/wp-json\/wp\/v2\/pages\/45456\/revisions\/45478"}],"wp:attachment":[{"href":"https:\/\/preprod.optimix-software.com\/fr\/wp-json\/wp\/v2\/media?parent=45456"}],"curies":[{"name":"wp","href":"https:\/\/api.w.org\/{rel}","templated":true}]}}